{"id":4373,"date":"2023-11-13T12:44:58","date_gmt":"2023-11-13T12:44:58","guid":{"rendered":"https:\/\/uoogear.com\/product\/5m-canvas-tent-factory-manufacturer-bell-tent\/"},"modified":"2023-11-30T02:29:25","modified_gmt":"2023-11-30T02:29:25","slug":"5m-canvas-tent-factory-manufacturer-bell-tent","status":"publish","type":"product","link":"https:\/\/uoogear.com\/de\/produkt\/5m-canvas-tent-factory-manufacturer-bell-tent\/","title":{"rendered":"5m Canvas Zelt Fabrikhersteller Glockenzelt"},"content":{"rendered":"<ul>\n<li><strong>Bereich : <\/strong> 13 Quadratmeter<\/li>\n<li><strong>Stoff : <\/strong> Leinwand<\/li>\n<li><strong>Wasserdichtigkeitsindex des Au\u00dfenzeltes: <\/strong> 1500-2000 mm<\/li>\n<li><strong>Wasserdichter Index unten: <\/strong> &gt;3000 mm<\/li>\n<li><strong>Geb\u00e4udetyp : <\/strong> Bauen nach Bedarf<\/li>\n<li><strong>Zeltstil: <\/strong> Gerader Verstrebungstyp<\/li>\n<li><strong>Jahreszeit : <\/strong> Vier-Jahreszeiten-Zelt<\/li>\n<li><strong>Struktur : <\/strong> Ein Schlafzimmer<\/li>\n<li><strong>Gr\u00f6\u00dfe : <\/strong> 500*300*170\/60CM<\/li>\n<li><strong>Verwendung : <\/strong> Outdoor-Unterhaltung<\/li>\n<li><strong>Bodenstoff: <\/strong> 540 g PVC-Gewebe<\/li>\n<li><strong>Produktname : <\/strong> 5m Canvas Zelt Fabrikhersteller Glockenzelt<\/li>\n<li><strong>Stichwort : <\/strong> Rundzelt<\/li>\n<li><strong>Stangen : <\/strong> Kupfer-Zink-beschichtet<\/li>\n<li><strong>Wasserdichtigkeitsindex: <\/strong> 2000\u20133000 mm<\/li>\n<li><strong>T\u00fcr: <\/strong> Rei\u00dfverschlusst\u00fcr mit Netz<\/li>\n<li><strong>Mindestbestellmenge: <\/strong> 1 St\u00fcck Glockenzelt<\/li>\n<li><strong>Kundendienst : <\/strong> 1<\/li>\n<\/ul>\n<div>\n<div data-magic-global=\"%7B%22bizId%22%3A2634101818%2C%22pageId%22%3A5047952263%2C%22siteId%22%3A5005227190%7D\">\n<div>\n<div data-section=\"AliMagic-ip73a6\" data-section-title=\"Product Description\">Produktbeschreibung<\/div>\n<\/div>\n<div>\n<div>\n<div>\n<div>\n<div>\n<div><img decoding=\"async\" src=\"\/\/sc01.alicdn.com\/kf\/Hc09fb0725c5547578e3f95c183da6fca9\/225636084\/Hc09fb0725c5547578e3f95c183da6fca9.jpg\" data-src=\"\/\/sc01.alicdn.com\/kf\/Hc09fb0725c5547578e3f95c183da6fca9\/225636084\/Hc09fb0725c5547578e3f95c183da6fca9.jpg\" \/><\/div>\n<\/div>\n<\/div>\n<\/div>\n<\/div>\n<\/div>\n<div>\n<div>\n<div>\n<h3><strong>5m Canvas Zelt Fabrikhersteller Glockenzelt<\/strong><\/h3>\n<div>\n<div>\n<div>\n<p>Ein klassisches, ger\u00e4umiges Rundzelt-Design, aufgewertet mit einer robusten integrierten Bodenplane, die eine wasserdichte Abdichtung um die Basis herum f\u00fcr zus\u00e4tzliche Sicherheit bei nassem Wetter bietet. Das Rundzelt bietet ausreichend Platz f\u00fcr den Campingausflug einer gro\u00dfen Familie und bietet Platz f\u00fcr vier Doppelmatratzen. Mit nur einem Bett ist es wirklich sehr ger\u00e4umig und bietet viel Platz f\u00fcr all Ihre Camping-Luxusartikel \u2013 und jede Menge \u00fcbrig!<\/p>\n<div><strong><span style=\"color: #c277d0;\">Merkmale des Rundzeltes<\/span><\/strong><br \/>\n1. Das Rundzelt aus Segeltuch ist mit einer robusten Bodenplane ausgestattet, die mit einem Rei\u00dfverschluss am Zelt befestigt wird. Die Bodenplane besteht aus PVC und wiegt 540 g\/m\u00b2<br \/>\n2. Sehr beliebtes Feature: Die Seiten lassen sich einfach hochrollen, um an hei\u00dfen Sommertagen den Wind hindurchzulassen.<br \/>\n3. Fabelhafte sand\u00e4hnliche Farbe, die eine warme und romantische Atmosph\u00e4re schafft<br \/>\n4. Wundersch\u00f6n verarbeitete Qualit\u00e4t. Rundum doppelte N\u00e4hte und verst\u00e4rkte Schl\u00fcsselstellen<br \/>\n5. Das Material ist so behandelt, dass es noch wasser- und schimmelresistenter ist. Das Innere des Zeltes f\u00fchlt sich niemals feucht oder feucht an und bleibt<br \/>\n6. F\u00fcr den Aufbau ben\u00f6tigt eine Person nur 8 bis 10 Minuten<\/div>\n<\/div>\n<\/div>\n<\/div>\n<\/div>\n<\/div>\n<\/div>\n<div>\n<div data-section=\"AliMagic-zkjxn9\" data-section-title=\"Product Paramenters\">Produktparameter<\/div>\n<\/div>\n<div>\n<div>\n<table>\n<tbody>\n<tr>\n<td>\n<div>Artikelname<\/div>\n<\/td>\n<td>\n<div>Glockenzelt<\/div>\n<\/td>\n<td>\n<div><\/div>\n<\/td>\n<td>\n<div><\/div>\n<\/td>\n<td>\n<div><\/div>\n<\/td>\n<\/tr>\n<tr>\n<td>\n<div>Durchmesser<\/div>\n<\/td>\n<td>\n<div>3m, 4m, 5m, 6m, 7m<\/div>\n<\/td>\n<td>\n<div><\/div>\n<\/td>\n<td>\n<div><\/div>\n<\/td>\n<td>\n<div><\/div>\n<\/td>\n<\/tr>\n<tr>\n<td>\n<div>Dachstoff<\/div>\n<\/td>\n<td>\n<div>300 g\/m\u00b2 Baumwoll-Canvas, PU-Beschichtung, wasserfest, schimmelresistent.<\/div>\n<\/td>\n<td>\n<div><\/div>\n<\/td>\n<td>\n<div><\/div>\n<\/td>\n<td>\n<div><\/div>\n<\/td>\n<\/tr>\n<tr>\n<td>\n<div>Bodenplane<\/div>\n<\/td>\n<td>\n<div>540 g\/m\u00b2 Ripstop-PVC, wasserdicht, durch einen Rei\u00dfverschluss vom Zelt abnehmbar.<\/div>\n<\/td>\n<td>\n<div><\/div>\n<\/td>\n<td>\n<div><\/div>\n<\/td>\n<td>\n<div><\/div>\n<\/td>\n<\/tr>\n<tr>\n<td>\n<div>Netz<\/div>\n<\/td>\n<td>\n<div>Wei\u00df, sowohl an der T\u00fcr als auch an den Fenstern<\/div>\n<\/td>\n<td>\n<div><\/div>\n<\/td>\n<td>\n<div><\/div>\n<\/td>\n<td>\n<div><\/div>\n<\/td>\n<\/tr>\n<tr>\n<td>\n<div>Mittelpol<\/div>\n<\/td>\n<td>\n<div>Durchmesser: 32 mm, verzinktes Stahlrohr, 1,2 mm dick, kupfer-zinkbeschichtet.<\/div>\n<\/td>\n<td>\n<div><\/div>\n<\/td>\n<td>\n<div><\/div>\n<\/td>\n<td>\n<div><\/div>\n<\/td>\n<\/tr>\n<tr>\n<td>\n<div>Fenster<\/div>\n<\/td>\n<td>\n<div>4 Seitenfenster und 4 L\u00fcftungs\u00f6ffnungen am Scheitelpunkt, mit Netz.<\/div>\n<\/td>\n<td>\n<div><\/div>\n<\/td>\n<td>\n<div><\/div>\n<\/td>\n<td>\n<div><\/div>\n<\/td>\n<\/tr>\n<tr>\n<td>\n<div>T\u00fcr<\/div>\n<\/td>\n<td>\n<div>1 Rei\u00dfverschlusst\u00fcr, Rei\u00dfverschluss-Netzt\u00fcr ist optional, mit Klappe.<\/div>\n<\/td>\n<td>\n<div><\/div>\n<\/td>\n<td>\n<div><\/div>\n<\/td>\n<td>\n<div><\/div>\n<\/td>\n<\/tr>\n<\/tbody>\n<\/table>\n<\/div>\n<\/div>\n<div>\n<div data-section=\"AliMagic-zdt106\" data-section-title=\"Details\">Einzelheiten<\/div>\n<\/div>\n<div>\n<div>\n<div>\n<div>\n<div>\n<div><img decoding=\"async\" src=\"\/\/sc01.alicdn.com\/kf\/Hb2cabe10c9ef4794bfa509584b13f743Q\/225636084\/Hb2cabe10c9ef4794bfa509584b13f743Q.jpg\" data-src=\"\/\/sc01.alicdn.com\/kf\/Hb2cabe10c9ef4794bfa509584b13f743Q\/225636084\/Hb2cabe10c9ef4794bfa509584b13f743Q.jpg\" \/><\/div>\n<\/div>\n<\/div>\n<\/div>\n<\/div>\n<\/div>\n<div>\n<div>\n<div>\n<div>\n<div>\n<div><img decoding=\"async\" src=\"\/\/sc01.alicdn.com\/kf\/Hea8e85c9bc9547008bcb1ccb2b3cee85b\/225636084\/Hea8e85c9bc9547008bcb1ccb2b3cee85b.jpg\" data-src=\"\/\/sc01.alicdn.com\/kf\/Hea8e85c9bc9547008bcb1ccb2b3cee85b\/225636084\/Hea8e85c9bc9547008bcb1ccb2b3cee85b.jpg\" \/><\/div>\n<\/div>\n<\/div>\n<\/div>\n<\/div>\n<\/div>\n<div>\n<div>\n<div>\n<div>\n<div>\n<div data-spm-anchor-id=\"a2700.wholesale.0.i46.5a31fe24gtMMaP\"><img decoding=\"async\" src=\"\/\/sc01.alicdn.com\/kf\/H0d2acdfd09a0449c81414d4c4087b535i\/225636084\/H0d2acdfd09a0449c81414d4c4087b535i.jpg\" data-src=\"\/\/sc01.alicdn.com\/kf\/H0d2acdfd09a0449c81414d4c4087b535i\/225636084\/H0d2acdfd09a0449c81414d4c4087b535i.jpg\" \/><\/div>\n<\/div>\n<\/div>\n<\/div>\n<\/div>\n<\/div>\n<div>\n<div data-section=\"AliMagic-ufrss4\" data-section-title=\"Customer Photos\"><\/div>\n<\/div>\n<div><\/div>\n<\/div>\n<\/div>","protected":false},"excerpt":{"rendered":"<p>Fl\u00e4che: 13 Quadratmeter Stoff: Segeltuch Wasserdichter Index des Au\u00dfenzeltes: 1500-2000 mm Wasserdichter Index des Bodens: &gt;3000 mm Geb\u00e4udetyp: Bedarfsgerechte Konstruktion Zeltstil: Gerade Verstrebungsart Saison: Vierjahreszeitenzeltstruktur: Ein Schlafzimmer Gr\u00f6\u00dfe: 500 *300*170\/60CM Verwendung: Outdoor-Unterhaltung Bodengewebe: 540g PVC-Gewebe<\/p>\n<div class=\"read-more\"><a class=\"btn btn-fill-out\" href=\"https:\/\/uoogear.com\/de\/produkt\/5m-canvas-tent-factory-manufacturer-bell-tent\/\">Mehr lesen<\/a><\/div>","protected":false},"featured_media":4372,"template":"","meta":[],"product_brand":[],"product_cat":[15],"product_tag":[],"class_list":{"0":"post-4373","1":"product","2":"type-product","3":"status-publish","4":"has-post-thumbnail","6":"product_cat-uncategorized","7":"tm-no-options","9":"first","10":"instock","11":"shipping-taxable","12":"purchasable","13":"product-type-variable"},"_links":{"self":[{"href":"https:\/\/uoogear.com\/de\/wp-json\/wp\/v2\/product\/4373","targetHints":{"allow":["GET"]}}],"collection":[{"href":"https:\/\/uoogear.com\/de\/wp-json\/wp\/v2\/product"}],"about":[{"href":"https:\/\/uoogear.com\/de\/wp-json\/wp\/v2\/types\/product"}],"wp:featuredmedia":[{"embeddable":true,"href":"https:\/\/uoogear.com\/de\/wp-json\/wp\/v2\/media\/4372"}],"wp:attachment":[{"href":"https:\/\/uoogear.com\/de\/wp-json\/wp\/v2\/media?parent=4373"}],"wp:term":[{"taxonomy":"product_brand","embeddable":true,"href":"https:\/\/uoogear.com\/de\/wp-json\/wp\/v2\/product_brand?post=4373"},{"taxonomy":"product_cat","embeddable":true,"href":"https:\/\/uoogear.com\/de\/wp-json\/wp\/v2\/product_cat?post=4373"},{"taxonomy":"product_tag","embeddable":true,"href":"https:\/\/uoogear.com\/de\/wp-json\/wp\/v2\/product_tag?post=4373"}],"curies":[{"name":"wp","href":"https:\/\/api.w.org\/{rel}","templated":true}]}}