{"id":4382,"date":"2023-11-13T12:46:18","date_gmt":"2023-11-13T12:46:18","guid":{"rendered":"https:\/\/uoogear.com\/product\/waterproof-glamping-camping-outdoor-3m-4m-5m-6m-cotton-canvas-bell-tent-with-awning\/"},"modified":"2023-11-30T02:30:03","modified_gmt":"2023-11-30T02:30:03","slug":"waterproof-glamping-camping-outdoor-3m-4m-5m-6m-cotton-canvas-bell-tent-with-awning","status":"publish","type":"product","link":"https:\/\/uoogear.com\/de\/produkt\/waterproof-glamping-camping-outdoor-3m-4m-5m-6m-cotton-canvas-bell-tent-with-awning\/","title":{"rendered":"Wasserdichtes Glamping-Camping im Freien, 3 m, 4 m, 5 m, 6 m gro\u00dfes Glockenzelt aus Baumwollsegeltuch mit Markise"},"content":{"rendered":"<ul>\n<li><strong>Bereich : <\/strong> 500*300 cm<\/li>\n<li><strong>Stoff : <\/strong> Leinwand<\/li>\n<li><strong>Wasserdichtigkeitsindex des Au\u00dfenzeltes: <\/strong> 1500-2000 mm<\/li>\n<li><strong>Wasserdichter Index unten: <\/strong> &gt;3000 mm<\/li>\n<li><strong>Geb\u00e4udetyp : <\/strong> Bauen nach Bedarf<\/li>\n<li><strong>Zeltstil: <\/strong> Gerader Verstrebungstyp<\/li>\n<li><strong>Jahreszeit : <\/strong> Vier-Jahreszeiten-Zelt<\/li>\n<li><strong>Struktur : <\/strong> Ein Schlafzimmer<\/li>\n<li><strong>Produktname : <\/strong> 3 m, 4 m, 5 m, 6 m gro\u00dfes Glockenzelt aus Baumwollsegeltuch mit Markise<\/li>\n<li><strong>Farbe : <\/strong> Beige<\/li>\n<li><strong>Anwendung : <\/strong> Outdoor-Reisen, Wandern, Camping<\/li>\n<li><strong>Stichwort : <\/strong> Glockenzelt<\/li>\n<li><strong>Besonderheit : <\/strong> Wasserdicht<\/li>\n<li><strong>Material : <\/strong> 300 g\/m\u00b2 Baumwoll-Canvas<\/li>\n<li><strong>Gr\u00f6\u00dfe : <\/strong> 500*300*170\/60 cm<\/li>\n<li><strong>Mindestbestellmenge: <\/strong> 1 St\u00fcck<\/li>\n<\/ul>\n<div>\n<div data-host=\"111218246\" data-id=\"detail_decorate_root\">\n<div data-reactroot=\"\">\n<div data-section=\"AliMagic-2h68ue\" data-section-title=\"Products Description\">Produktbeschreibung<\/div>\n<div>\n<div>\n<div>\n<div>\n<div><img decoding=\"async\" src=\"\/\/sc01.alicdn.com\/kf\/Hf36d73868dd540b595b5d4574c7a2a13M\/225636084\/Hf36d73868dd540b595b5d4574c7a2a13M.jpg\" data-src=\"\/\/sc01.alicdn.com\/kf\/Hf36d73868dd540b595b5d4574c7a2a13M\/225636084\/Hf36d73868dd540b595b5d4574c7a2a13M.jpg\" data-id=\"child-image-0\" \/><\/div>\n<\/div>\n<\/div>\n<\/div>\n<div>\n<div data-id=\"below-title\">3 m, 4 m, 5 m, 6 m gro\u00dfes Glockenzelt aus Baumwollsegeltuch mit Markise<\/div>\n<div data-id=\"below-content\">Ein klassisches, ger\u00e4umiges Rundzelt-Design, aufgewertet mit einer robusten integrierten Bodenplane, die eine wasserdichte Abdichtung um die Basis herum f\u00fcr zus\u00e4tzliche Sicherheit bei nassem Wetter bietet. Das 5-Meter-Glockenzelt bietet ausreichend Platz f\u00fcr den Campingausflug einer gro\u00dfen Familie und bietet Platz f\u00fcr vier Doppelmatratzen. Mit nur einem Bett ist es wirklich sehr ger\u00e4umig und bietet viel Platz f\u00fcr all Ihre Camping-Luxusartikel \u2013 und jede Menge \u00fcbrig!<\/div>\n<\/div>\n<\/div>\n<div>\n<div>\n<h3 data-id=\"title0\">\u00a0 \u00a0 Merkmale<\/h3>\n<div>\n<div>\n<div data-id=\"paragraph0\">\n<p>\u00a0 \u00a0 1. Das Rundzelt aus Segeltuch ist mit einer robusten Bodenplane ausgestattet, die mit einem Rei\u00dfverschluss am Zelt befestigt wird.<\/p>\n<div>\u00a0 \u00a0 2.Die Bodenplane besteht aus PVC und wiegt 540 g\/m\u00b2<\/div>\n<div>\u00a0 \u00a0 3. Die Seiten lassen sich leicht hochrollen, um an hei\u00dfen Sommertagen den Wind hindurchzulassen<\/div>\n<div>\u00a0 \u00a0 4. Wundersch\u00f6n gefertigte Qualit\u00e4t. Rundum doppelte N\u00e4hte und verst\u00e4rkte Schl\u00fcsselstellen<\/div>\n<div>\u00a0 \u00a0 5. Das Material ist so behandelt, dass es noch wasser- und schimmelresistenter ist.<\/div>\n<div>\u00a0 \u00a0 6. Der Aufbau dauert f\u00fcr eine Person nur 5 bis 8 Minuten<\/div>\n<\/div>\n<\/div>\n<\/div>\n<\/div>\n<\/div>\n<div data-section=\"AliMagic-j30k9w\" data-section-title=\"Specification\">Spezifikation<\/div>\n<div>\n<table>\n<tbody>\n<tr>\n<td>\n<div>Produktgr\u00f6\u00dfe<\/div>\n<\/td>\n<td>\n<div>300*250*160\/60 cm<\/div>\n<\/td>\n<td>\n<div><\/div>\n<\/td>\n<td>\n<div><\/div>\n<\/td>\n<td>\n<div><\/div>\n<\/td>\n<\/tr>\n<tr>\n<td>\n<div>Packungsgr\u00f6sse<\/div>\n<\/td>\n<td>\n<div>110*27*32 cm<\/div>\n<\/td>\n<td>\n<div><\/div>\n<\/td>\n<td>\n<div><\/div>\n<\/td>\n<td>\n<div><\/div>\n<\/td>\n<\/tr>\n<tr>\n<td>\n<div>Stoff<\/div>\n<\/td>\n<td>\n<div>300 g\/m\u00b2 100% Baumwoll-Canvas<\/div>\n<\/td>\n<td>\n<div><\/div>\n<\/td>\n<td>\n<div><\/div>\n<\/td>\n<td>\n<div><\/div>\n<\/td>\n<\/tr>\n<tr>\n<td>\n<div>Boden<\/div>\n<\/td>\n<td>\n<div>540 g\/m\u00b2 Ripstop-PVC<\/div>\n<\/td>\n<td>\n<div><\/div>\n<\/td>\n<td>\n<div><\/div>\n<\/td>\n<td>\n<div><\/div>\n<\/td>\n<\/tr>\n<tr>\n<td>\n<div>Mittelpol<\/div>\n<\/td>\n<td>\n<div>Durchmesser 32 mm, verzinktes Stahlrohr, Kupfer-Zink-beschichtet<\/div>\n<\/td>\n<td>\n<div><\/div>\n<\/td>\n<td>\n<div><\/div>\n<\/td>\n<td>\n<div><\/div>\n<\/td>\n<\/tr>\n<tr>\n<td>\n<div>Eingangstyp<\/div>\n<\/td>\n<td>\n<div>Eine Rahmenstange an der T\u00fcr, Durchmesser 19 mm<\/div>\n<\/td>\n<td>\n<div><\/div>\n<\/td>\n<td>\n<div><\/div>\n<\/td>\n<td>\n<div><\/div>\n<\/td>\n<\/tr>\n<tr>\n<td>\n<div>Rei\u00dfverschl\u00fcsse<\/div>\n<\/td>\n<td>\n<div>SBS-Rei\u00dfverschluss, Doppelgriff-Rei\u00dfverschl\u00fcsse<\/div>\n<\/td>\n<td>\n<div><\/div>\n<\/td>\n<td>\n<div><\/div>\n<\/td>\n<td>\n<div><\/div>\n<\/td>\n<\/tr>\n<tr>\n<td>\n<div>Windows<\/div>\n<\/td>\n<td>\n<div>4 * Rei\u00dfverschlussfenster mit Netz<\/div>\n<\/td>\n<td>\n<div><\/div>\n<\/td>\n<td>\n<div><\/div>\n<\/td>\n<td>\n<div><\/div>\n<\/td>\n<\/tr>\n<tr>\n<td>\n<div>L\u00fcftungsschlitze<\/div>\n<\/td>\n<td>\n<div>4*dreieckige L\u00fcftungsschlitze mit Netz<\/div>\n<\/td>\n<td>\n<div><\/div>\n<\/td>\n<td>\n<div><\/div>\n<\/td>\n<td>\n<div><\/div>\n<\/td>\n<\/tr>\n<tr>\n<td>\n<div>T\u00fcr<\/div>\n<\/td>\n<td>\n<div>1 Rei\u00dfverschlusst\u00fcr mit Netz<\/div>\n<\/td>\n<td>\n<div><\/div>\n<\/td>\n<td>\n<div><\/div>\n<\/td>\n<td>\n<div><\/div>\n<\/td>\n<\/tr>\n<tr>\n<td>\n<div>Heringe<\/div>\n<\/td>\n<td>\n<div>\u0278 6mm 5mmx20mm 24St<\/div>\n<\/td>\n<td>\n<div><\/div>\n<\/td>\n<td>\n<div><\/div>\n<\/td>\n<td>\n<div><\/div>\n<\/td>\n<\/tr>\n<tr>\n<td>\n<div>Verpackung<\/div>\n<\/td>\n<td>\n<div>in Tragetasche und dann Kartonverpackung<\/div>\n<\/td>\n<td>\n<div><\/div>\n<\/td>\n<td>\n<div><\/div>\n<\/td>\n<td>\n<div><\/div>\n<\/td>\n<\/tr>\n<\/tbody>\n<\/table>\n<\/div>\n<div data-section=\"AliMagic-d12cfx\" data-section-title=\"Details\">Einzelheiten<\/div>\n<div>\n<div>\n<div>\n<div>\n<div><img decoding=\"async\" src=\"\/\/sc02.alicdn.com\/kf\/H7b5e068f5bbc40089647cddc36ee6a66e\/225636084\/H7b5e068f5bbc40089647cddc36ee6a66e.jpg\" data-src=\"\/\/sc02.alicdn.com\/kf\/H7b5e068f5bbc40089647cddc36ee6a66e\/225636084\/H7b5e068f5bbc40089647cddc36ee6a66e.jpg\" \/><\/div>\n<\/div>\n<\/div>\n<\/div>\n<\/div>\n<div>\n<div>\n<div>\n<div>\n<div><img decoding=\"async\" src=\"\/\/sc01.alicdn.com\/kf\/H0d2acdfd09a0449c81414d4c4087b535i\/225636084\/H0d2acdfd09a0449c81414d4c4087b535i.jpg\" data-src=\"\/\/sc01.alicdn.com\/kf\/H0d2acdfd09a0449c81414d4c4087b535i\/225636084\/H0d2acdfd09a0449c81414d4c4087b535i.jpg\" \/><\/div>\n<\/div>\n<\/div>\n<\/div>\n<\/div>\n<div data-section=\"AliMagic-e8f4mh\" data-section-title=\"Application\">Anwendung<\/div>\n<div>\n<div>\n<div>\n<div>\n<div><img decoding=\"async\" src=\"\/\/sc02.alicdn.com\/kf\/H2c99e2db1880498da08767acaa3c1fce6\/225636084\/H2c99e2db1880498da08767acaa3c1fce6.png\" data-src=\"\/\/sc02.alicdn.com\/kf\/H2c99e2db1880498da08767acaa3c1fce6\/225636084\/H2c99e2db1880498da08767acaa3c1fce6.png\" \/><\/div>\n<\/div>\n<\/div>\n<\/div>\n<\/div>\n<div>\n<div>\n<div>\n<div>\n<div><img decoding=\"async\" src=\"\/\/sc01.alicdn.com\/kf\/H9aa939c18c40425abdf172a611ffe8a9Q\/225636084\/H9aa939c18c40425abdf172a611ffe8a9Q.png\" data-src=\"\/\/sc01.alicdn.com\/kf\/H9aa939c18c40425abdf172a611ffe8a9Q\/225636084\/H9aa939c18c40425abdf172a611ffe8a9Q.png\" \/><\/div>\n<\/div>\n<\/div>\n<\/div>\n<\/div>\n<div data-section=\"AliMagic-b6xmjm\" data-section-title=\"Packing &amp; Delivery\"><\/div>\n<\/div>\n<\/div>\n<\/div>","protected":false},"excerpt":{"rendered":"<p>Fl\u00e4che: 500 x 300 cm Stoff: Segeltuch Wasserdichter Index des Au\u00dfenzeltes: 1500\u20132000 mm Wasserdichter Index des Bodens: &gt; 3000 mm Geb\u00e4udetyp: Bedarfsgerechte Konstruktion Zeltstil: Gerade Verstrebungsart Jahreszeit: Vierjahreszeitenzelt Struktur: Ein Schlafzimmer Produktname : 3m 4m 5m 6m Glockenzelt aus Baumwollsegeltuch mit Markise Farbe<\/p>\n<div class=\"read-more\"><a class=\"btn btn-fill-out\" href=\"https:\/\/uoogear.com\/de\/produkt\/waterproof-glamping-camping-outdoor-3m-4m-5m-6m-cotton-canvas-bell-tent-with-awning\/\">Mehr lesen<\/a><\/div>","protected":false},"featured_media":4381,"template":"","meta":[],"product_brand":[],"product_cat":[15],"product_tag":[],"class_list":{"0":"post-4382","1":"product","2":"type-product","3":"status-publish","4":"has-post-thumbnail","6":"product_cat-uncategorized","7":"tm-no-options","9":"first","10":"instock","11":"shipping-taxable","12":"purchasable","13":"product-type-variable"},"_links":{"self":[{"href":"https:\/\/uoogear.com\/de\/wp-json\/wp\/v2\/product\/4382","targetHints":{"allow":["GET"]}}],"collection":[{"href":"https:\/\/uoogear.com\/de\/wp-json\/wp\/v2\/product"}],"about":[{"href":"https:\/\/uoogear.com\/de\/wp-json\/wp\/v2\/types\/product"}],"wp:featuredmedia":[{"embeddable":true,"href":"https:\/\/uoogear.com\/de\/wp-json\/wp\/v2\/media\/4381"}],"wp:attachment":[{"href":"https:\/\/uoogear.com\/de\/wp-json\/wp\/v2\/media?parent=4382"}],"wp:term":[{"taxonomy":"product_brand","embeddable":true,"href":"https:\/\/uoogear.com\/de\/wp-json\/wp\/v2\/product_brand?post=4382"},{"taxonomy":"product_cat","embeddable":true,"href":"https:\/\/uoogear.com\/de\/wp-json\/wp\/v2\/product_cat?post=4382"},{"taxonomy":"product_tag","embeddable":true,"href":"https:\/\/uoogear.com\/de\/wp-json\/wp\/v2\/product_tag?post=4382"}],"curies":[{"name":"wp","href":"https:\/\/api.w.org\/{rel}","templated":true}]}}