{"id":4400,"date":"2023-11-13T12:48:06","date_gmt":"2023-11-13T12:48:06","guid":{"rendered":"https:\/\/uoogear.com\/product\/luxury-family-glamping-outdoor-large-canvas-heavy-duty-bell-tent-waterproofing\/"},"modified":"2023-11-30T02:30:41","modified_gmt":"2023-11-30T02:30:41","slug":"luxury-family-glamping-outdoor-large-canvas-heavy-duty-bell-tent-waterproofing","status":"publish","type":"product","link":"https:\/\/uoogear.com\/de\/produkt\/luxury-family-glamping-outdoor-large-canvas-heavy-duty-bell-tent-waterproofing\/","title":{"rendered":"Luxuri\u00f6ses Familien-Glamping im Freien, gro\u00dfes, robustes, wasserdichtes Glockenzelt aus Segeltuch"},"content":{"rendered":"<ul>\n<li><strong>Bereich : <\/strong> 500*300*170cm<\/li>\n<li><strong>Stoff : <\/strong> Leinwand<\/li>\n<li><strong>Wasserdichtigkeitsindex des Au\u00dfenzeltes: <\/strong> 1500-2000 mm<\/li>\n<li><strong>Wasserdichter Index unten: <\/strong> &gt;3000 mm<\/li>\n<li><strong>Geb\u00e4udetyp : <\/strong> Schnelles automatisches \u00d6ffnen<\/li>\n<li><strong>Zeltstil: <\/strong> Gerader Verstrebungstyp<\/li>\n<li><strong>Jahreszeit : <\/strong> Vier-Jahreszeiten-Zelt<\/li>\n<li><strong>Struktur : <\/strong> Ein Schlafzimmer<\/li>\n<li><strong>Produktname : <\/strong> Wasserdichtes, robustes Rundzelt aus Segeltuch f\u00fcr den Au\u00dfenbereich<\/li>\n<li><strong>Stichwort : <\/strong> Zeltabdichtung<\/li>\n<li><strong>K\u00f6rpermaterial: <\/strong> Baumwollleinen 300 g\/m\u00b2, oder individuell anpassen<\/li>\n<li><strong>Bodenmaterial: <\/strong> 540 g Ripstop-PVC<\/li>\n<li><strong>Mittelpol: <\/strong> Durchmesser 32 mm. Kupfer-Zink-beschichtet<\/li>\n<li><strong>Garantie : <\/strong> 12 Monate<\/li>\n<li><strong>Mindestbestellmenge: <\/strong> 1 St\u00fcck<\/li>\n<li><strong>Logo: <\/strong> Individuelles Logo<\/li>\n<li><strong>Gr\u00f6\u00dfe : <\/strong> Durchmesser = 4 m\/3 m\/5 m\/6 m<\/li>\n<li><strong>Farbe : <\/strong> Beige<\/li>\n<\/ul>\n<div>\n<div data-magic-global=\"%7B%22bizId%22%3A2634101818%2C%22pageId%22%3A5052166577%2C%22siteId%22%3A5005227190%7D\">\n<div>\n<div data-section=\"AliMagic-uwn5tk\" data-section-title=\"Product Description\">Produktbeschreibung<\/div>\n<\/div>\n<div>\n<div>\n<div>\n<div>\n<div>\n<div><img decoding=\"async\" src=\"\/\/sc02.alicdn.com\/kf\/H33b373fbc27442959ba1b930fe515803N\/225636084\/H33b373fbc27442959ba1b930fe515803N.jpg\" data-src=\"\/\/sc02.alicdn.com\/kf\/H33b373fbc27442959ba1b930fe515803N\/225636084\/H33b373fbc27442959ba1b930fe515803N.jpg\" \/><\/div>\n<\/div>\n<\/div>\n<\/div>\n<\/div>\n<\/div>\n<div>\n<div>\n<div>\n<h3><strong>Zeltabdichtung<\/strong><\/h3>\n<div>\n<div>\n<div>Das Rundzelt besteht aus 300 g\/m\u00b2 wasserdichtem Baumwoll-Canvas mit PU-Beschichtung und einer robusten Bodenplane mit Rei\u00dfverschluss. Sie verf\u00fcgen \u00fcber zwei federbelastete Stangen \u2013 eine Mittelstange und eine A-f\u00f6rmige Stange, die eine Veranda im T\u00fcrrahmen bildet. Das Zelt verf\u00fcgt \u00fcber L\u00fcftungsschlitze, Netzfenster mit Rei\u00dfverschl\u00fcssen und eine extragro\u00dfe Tragetasche zum einfachen Packen. Dank der einzippbaren Bodenplane k\u00f6nnen die Seiten an hei\u00dfen Tagen aufgerollt werden, was das Rundzelt zu einem perfekten Sonnenschutz macht. Es gibt es au\u00dferdem in vier Ausf\u00fchrungen: 3 m, 4 m, 5 m, 6 m. Benutzerdefinierte Gr\u00f6\u00dfen und Farben k\u00f6nnen akzeptiert werden. Unsere Baumwoll-Canvas-Stoffe wurden einer speziellen Behandlung unterzogen, um \u00fcber einen langen Zeitraum dauerhaft wasserdicht zu sein.<\/div>\n<\/div>\n<\/div>\n<\/div>\n<\/div>\n<\/div>\n<div>\n<div data-section=\"AliMagic-d7l49w\" data-section-title=\"Product Paramenters\">Produktparameter<\/div>\n<\/div>\n<div>\n<div>\n<table>\n<tbody>\n<tr>\n<td>\n<div>Artikelname<\/div>\n<\/td>\n<td>\n<div>Glockenzelt<\/div>\n<\/td>\n<td>\n<div><\/div>\n<\/td>\n<td>\n<div><\/div>\n<\/td>\n<td>\n<div><\/div>\n<\/td>\n<\/tr>\n<tr>\n<td>\n<div>Durchmesser<\/div>\n<\/td>\n<td>\n<div>3m, 4m, 5m, 6m, 7m<\/div>\n<\/td>\n<td>\n<div><\/div>\n<\/td>\n<td>\n<div><\/div>\n<\/td>\n<td>\n<div><\/div>\n<\/td>\n<\/tr>\n<tr>\n<td>\n<div>Dachstoff<\/div>\n<\/td>\n<td>\n<div>300 g\/m\u00b2 Baumwoll-Canvas, PU-Beschichtung, wasserfest, schimmelresistent.<\/div>\n<\/td>\n<td>\n<div><\/div>\n<\/td>\n<td>\n<div><\/div>\n<\/td>\n<td>\n<div><\/div>\n<\/td>\n<\/tr>\n<tr>\n<td>\n<div>Bodenplane<\/div>\n<\/td>\n<td>\n<div>540 g\/m\u00b2 Ripstop-PVC, wasserdicht, durch einen Rei\u00dfverschluss vom Zelt abnehmbar.<\/div>\n<\/td>\n<td>\n<div><\/div>\n<\/td>\n<td>\n<div><\/div>\n<\/td>\n<td>\n<div><\/div>\n<\/td>\n<\/tr>\n<tr>\n<td>\n<div>Netz<\/div>\n<\/td>\n<td>\n<div>Wei\u00df, sowohl an der T\u00fcr als auch an den Fenstern<\/div>\n<\/td>\n<td>\n<div><\/div>\n<\/td>\n<td>\n<div><\/div>\n<\/td>\n<td>\n<div><\/div>\n<\/td>\n<\/tr>\n<tr>\n<td>\n<div>Mittelpol<\/div>\n<\/td>\n<td>\n<div>Durchmesser: 32 mm, verzinktes Stahlrohr, 1,2 mm dick, kupfer-zinkbeschichtet.<\/div>\n<\/td>\n<td>\n<div><\/div>\n<\/td>\n<td>\n<div><\/div>\n<\/td>\n<td>\n<div><\/div>\n<\/td>\n<\/tr>\n<tr>\n<td>\n<div>Fenster<\/div>\n<\/td>\n<td>\n<div>4 Seitenfenster und 4 L\u00fcftungs\u00f6ffnungen am Scheitelpunkt, mit Netz.<\/div>\n<\/td>\n<td>\n<div><\/div>\n<\/td>\n<td>\n<div><\/div>\n<\/td>\n<td>\n<div><\/div>\n<\/td>\n<\/tr>\n<tr>\n<td>\n<div>T\u00fcr<\/div>\n<\/td>\n<td>\n<div>1 Rei\u00dfverschlusst\u00fcr, Rei\u00dfverschluss-Netzt\u00fcr ist optional, mit Klappe.<\/div>\n<\/td>\n<td>\n<div><\/div>\n<\/td>\n<td>\n<div><\/div>\n<\/td>\n<td>\n<div><\/div>\n<\/td>\n<\/tr>\n<\/tbody>\n<\/table>\n<\/div>\n<\/div>\n<div>\n<div data-section=\"AliMagic-taxig7\" data-section-title=\"Details\">Einzelheiten<\/div>\n<\/div>\n<div>\n<div>\n<div>\n<div>\n<div>\n<div><img decoding=\"async\" src=\"\/\/sc01.alicdn.com\/kf\/H32cb711888cb452cbe68ce4ea7703132c\/225636084\/H32cb711888cb452cbe68ce4ea7703132c.jpg\" data-src=\"\/\/sc01.alicdn.com\/kf\/H32cb711888cb452cbe68ce4ea7703132c\/225636084\/H32cb711888cb452cbe68ce4ea7703132c.jpg\" \/><\/div>\n<\/div>\n<\/div>\n<\/div>\n<\/div>\n<\/div>\n<div>\n<div>\n<div>\n<div>\n<div>\n<div><img decoding=\"async\" src=\"\/\/sc01.alicdn.com\/kf\/H08c07ce5b45b405aa86deab3064ab718V\/225636084\/H08c07ce5b45b405aa86deab3064ab718V.jpg\" data-src=\"\/\/sc01.alicdn.com\/kf\/H08c07ce5b45b405aa86deab3064ab718V\/225636084\/H08c07ce5b45b405aa86deab3064ab718V.jpg\" \/><\/div>\n<\/div>\n<\/div>\n<\/div>\n<\/div>\n<\/div>\n<div>\n<div>\n<div>\n<div>\n<div>\n<div><img decoding=\"async\" src=\"\/\/sc01.alicdn.com\/kf\/H0d2acdfd09a0449c81414d4c4087b535i\/225636084\/H0d2acdfd09a0449c81414d4c4087b535i.jpg\" data-src=\"\/\/sc01.alicdn.com\/kf\/H0d2acdfd09a0449c81414d4c4087b535i\/225636084\/H0d2acdfd09a0449c81414d4c4087b535i.jpg\" \/><\/div>\n<\/div>\n<\/div>\n<\/div>\n<\/div>\n<\/div>\n<div>\n<div data-section=\"AliMagic-680x2c\" data-section-title=\"Customer Photos\"><\/div>\n<\/div>\n<div><\/div>\n<\/div>\n<\/div>","protected":false},"excerpt":{"rendered":"<p>Fl\u00e4che: 500 x 300 x 170 cm, Stoff: Segeltuch, wasserdichter Index des Au\u00dfenzelts: 1500\u20132000 mm, wasserdichter Index des Bodens: &gt; 3000 mm, Geb\u00e4udetyp: schnell \u00f6ffnendes Zelt, Stil: gerade Verstrebung, Saison: Vier-Jahreszeiten-Zeltstruktur: ein Schlafzimmer. Produktname : Wasserdichtes, robustes Rundzelt aus Segeltuch f\u00fcr den Au\u00dfenbereich Schl\u00fcsselwort: Zeltabdichtung K\u00f6rper<\/p>\n<div class=\"read-more\"><a class=\"btn btn-fill-out\" href=\"https:\/\/uoogear.com\/de\/produkt\/luxury-family-glamping-outdoor-large-canvas-heavy-duty-bell-tent-waterproofing\/\">Mehr lesen<\/a><\/div>","protected":false},"featured_media":4399,"template":"","meta":[],"product_brand":[],"product_cat":[15],"product_tag":[],"class_list":{"0":"post-4400","1":"product","2":"type-product","3":"status-publish","4":"has-post-thumbnail","6":"product_cat-uncategorized","7":"tm-no-options","9":"first","10":"instock","11":"shipping-taxable","12":"purchasable","13":"product-type-variable"},"_links":{"self":[{"href":"https:\/\/uoogear.com\/de\/wp-json\/wp\/v2\/product\/4400","targetHints":{"allow":["GET"]}}],"collection":[{"href":"https:\/\/uoogear.com\/de\/wp-json\/wp\/v2\/product"}],"about":[{"href":"https:\/\/uoogear.com\/de\/wp-json\/wp\/v2\/types\/product"}],"wp:featuredmedia":[{"embeddable":true,"href":"https:\/\/uoogear.com\/de\/wp-json\/wp\/v2\/media\/4399"}],"wp:attachment":[{"href":"https:\/\/uoogear.com\/de\/wp-json\/wp\/v2\/media?parent=4400"}],"wp:term":[{"taxonomy":"product_brand","embeddable":true,"href":"https:\/\/uoogear.com\/de\/wp-json\/wp\/v2\/product_brand?post=4400"},{"taxonomy":"product_cat","embeddable":true,"href":"https:\/\/uoogear.com\/de\/wp-json\/wp\/v2\/product_cat?post=4400"},{"taxonomy":"product_tag","embeddable":true,"href":"https:\/\/uoogear.com\/de\/wp-json\/wp\/v2\/product_tag?post=4400"}],"curies":[{"name":"wp","href":"https:\/\/api.w.org\/{rel}","templated":true}]}}