{"id":4417,"date":"2023-11-13T12:52:12","date_gmt":"2023-11-13T12:52:12","guid":{"rendered":"https:\/\/uoogear.com\/product\/large-canvas-tents-inflatable-air-tourist-tent-from-cabin-camping-outdoor-waterproof-for-hiking-and-travelling\/"},"modified":"2023-11-30T02:31:46","modified_gmt":"2023-11-30T02:31:46","slug":"large-canvas-tents-inflatable-air-tourist-tent-from-cabin-camping-outdoor-waterproof-for-hiking-and-travelling","status":"publish","type":"product","link":"https:\/\/uoogear.com\/de\/produkt\/large-canvas-tents-inflatable-air-tourist-tent-from-cabin-camping-outdoor-waterproof-for-hiking-and-travelling\/","title":{"rendered":"Gro\u00dfe Segeltuchzelte, aufblasbares Luft-Touristenzelt von Cabin Camping Outdoor, wasserdicht f\u00fcr Wandern und Reisen"},"content":{"rendered":"<ul>\n<li><strong>Stoff : <\/strong> Oxford<\/li>\n<li><strong>Wasserdichtigkeitsindex des Au\u00dfenzeltes: <\/strong> 2000-3000 mm<\/li>\n<li><strong>Wasserdichter Index unten: <\/strong> 1500-2000 mm<\/li>\n<li><strong>Geb\u00e4udetyp : <\/strong> Schnelles automatisches \u00d6ffnen<\/li>\n<li><strong>Zeltstil: <\/strong> Trigone\/V-Typ-Bodennagel<\/li>\n<li><strong>Jahreszeit : <\/strong> Vier-Jahreszeiten-Zelt, Drei-Jahreszeiten-Zelt<\/li>\n<li><strong>Struktur : <\/strong> Ein Schlafzimmer<\/li>\n<li><strong>Produktname : <\/strong> Campingzelt im Freien<\/li>\n<li><strong>Farbe : <\/strong> Khaki<\/li>\n<li><strong>Verwendung : <\/strong> Camping Wandern Reisen<\/li>\n<li><strong>Gr\u00f6\u00dfe : <\/strong> 300*200*200cm<\/li>\n<li><strong>Gewicht : <\/strong> 16kg<\/li>\n<li><strong>Boden : <\/strong> Oxford<\/li>\n<li><strong>Kapazit\u00e4t: <\/strong> 3-4 Personen<\/li>\n<li><strong>Lieferzeit : <\/strong> 20 Tage<\/li>\n<li><strong>Verpackung: <\/strong> 1 St\u00fcck\/Polybeutel<\/li>\n<\/ul>\n<div>\n<div data-section=\"AliPostDhMb-uunfl\" data-section-title=\"Product Description\">\n<div>Produktbeschreibung<\/div>\n<div>\n<p>Gro\u00dfe Segeltuchzelte, aufblasbares Luft-Touristenzelt von Cabin Camping Outdoor, wasserdicht f\u00fcr Wandern und Reisen<\/p>\n<\/div>\n<\/div>\n<p><strong><em>Die Farbe und die Gr\u00f6\u00dfe k\u00f6nnen nach Ihren W\u00fcnschen angepasst werden!<\/em><\/strong><\/p>\n<div><\/div>\n<div>Detailliertes Foto<\/div>\n<div><\/div>\n<p><img decoding=\"async\" src=\"\/\/sc04.alicdn.com\/kf\/H63608db4db8a455a842461b944da215bA\/274217001\/H63608db4db8a455a842461b944da215bA.jpg\" alt=\"Gro\u00dfe Segeltuchzelte, aufblasbares Luft-Touristenzelt von Cabin Camping Outdoor, wasserdicht f\u00fcr Wandern und Reisen\" width=\"750\" height=\"504.37500000000006\" data-src=\"\/\/sc04.alicdn.com\/kf\/H63608db4db8a455a842461b944da215bA\/274217001\/H63608db4db8a455a842461b944da215bA.jpg\" data-alt=\"Large Canvas Tents Inflatable Air Tourist Tent From Cabin Camping Outdoor Waterproof For Hiking and Travelling\" \/><\/p>\n<p><img loading=\"lazy\" decoding=\"async\" src=\"\/\/sc04.alicdn.com\/kf\/H4d99fe1bb1d34ee19370ebd12d8cf8fda\/274217001\/H4d99fe1bb1d34ee19370ebd12d8cf8fda.jpeg\" alt=\"Gro\u00dfe Segeltuchzelte, aufblasbares Luft-Touristenzelt von Cabin Camping Outdoor, wasserdicht f\u00fcr Wandern und Reisen\" width=\"750\" height=\"750\" data-src=\"\/\/sc04.alicdn.com\/kf\/H4d99fe1bb1d34ee19370ebd12d8cf8fda\/274217001\/H4d99fe1bb1d34ee19370ebd12d8cf8fda.jpeg\" data-alt=\"Large Canvas Tents Inflatable Air Tourist Tent From Cabin Camping Outdoor Waterproof For Hiking and Travelling\" \/><img loading=\"lazy\" decoding=\"async\" src=\"\/\/sc04.alicdn.com\/kf\/H08767252a32b463ca2e68a5c7cdd225bI\/274217001\/H08767252a32b463ca2e68a5c7cdd225bI.jpeg\" alt=\"Gro\u00dfe Segeltuchzelte, aufblasbares Luft-Touristenzelt von Cabin Camping Outdoor, wasserdicht f\u00fcr Wandern und Reisen\" width=\"750\" height=\"750\" data-src=\"\/\/sc04.alicdn.com\/kf\/H08767252a32b463ca2e68a5c7cdd225bI\/274217001\/H08767252a32b463ca2e68a5c7cdd225bI.jpeg\" data-alt=\"Large Canvas Tents Inflatable Air Tourist Tent From Cabin Camping Outdoor Waterproof For Hiking and Travelling\" \/><img loading=\"lazy\" decoding=\"async\" src=\"\/\/sc04.alicdn.com\/kf\/Hfcc1c9d63b874da59c734e4556a927786\/274217001\/Hfcc1c9d63b874da59c734e4556a927786.jpeg\" alt=\"Gro\u00dfe Segeltuchzelte, aufblasbares Luft-Touristenzelt von Cabin Camping Outdoor, wasserdicht f\u00fcr Wandern und Reisen\" width=\"750\" height=\"750\" data-src=\"\/\/sc04.alicdn.com\/kf\/Hfcc1c9d63b874da59c734e4556a927786\/274217001\/Hfcc1c9d63b874da59c734e4556a927786.jpeg\" data-alt=\"Large Canvas Tents Inflatable Air Tourist Tent From Cabin Camping Outdoor Waterproof For Hiking and Travelling\" \/><img loading=\"lazy\" decoding=\"async\" src=\"\/\/sc04.alicdn.com\/kf\/Hfd119202cccb4d208dbed1da0e78e69a5\/274217001\/Hfd119202cccb4d208dbed1da0e78e69a5.jpeg\" alt=\"Gro\u00dfe Segeltuchzelte, aufblasbares Luft-Touristenzelt von Cabin Camping Outdoor, wasserdicht f\u00fcr Wandern und Reisen\" width=\"750\" height=\"750\" data-src=\"\/\/sc04.alicdn.com\/kf\/Hfd119202cccb4d208dbed1da0e78e69a5\/274217001\/Hfd119202cccb4d208dbed1da0e78e69a5.jpeg\" data-alt=\"Large Canvas Tents Inflatable Air Tourist Tent From Cabin Camping Outdoor Waterproof For Hiking and Travelling\" \/><img loading=\"lazy\" decoding=\"async\" src=\"\/\/sc04.alicdn.com\/kf\/Hdc0cffe4d8df4611989bcbec79772a13t\/274217001\/Hdc0cffe4d8df4611989bcbec79772a13t.jpeg\" alt=\"Gro\u00dfe Segeltuchzelte, aufblasbares Luft-Touristenzelt von Cabin Camping Outdoor, wasserdicht f\u00fcr Wandern und Reisen\" width=\"750\" height=\"750\" data-src=\"\/\/sc04.alicdn.com\/kf\/Hdc0cffe4d8df4611989bcbec79772a13t\/274217001\/Hdc0cffe4d8df4611989bcbec79772a13t.jpeg\" data-alt=\"Large Canvas Tents Inflatable Air Tourist Tent From Cabin Camping Outdoor Waterproof For Hiking and Travelling\" \/><img loading=\"lazy\" decoding=\"async\" src=\"\/\/sc04.alicdn.com\/kf\/H65397663cdcb40358f8a144753638848O\/274217001\/H65397663cdcb40358f8a144753638848O.jpeg\" alt=\"Gro\u00dfe Segeltuchzelte, aufblasbares Luft-Touristenzelt von Cabin Camping Outdoor, wasserdicht f\u00fcr Wandern und Reisen\" width=\"750\" height=\"750\" data-src=\"\/\/sc04.alicdn.com\/kf\/H65397663cdcb40358f8a144753638848O\/274217001\/H65397663cdcb40358f8a144753638848O.jpeg\" data-alt=\"Large Canvas Tents Inflatable Air Tourist Tent From Cabin Camping Outdoor Waterproof For Hiking and Travelling\" \/><\/p>\n<p>&nbsp;<\/p>\n<div data-section=\"AliPostDhMb-gmyk2\" data-section-title=\"FAQ\">\n<div><\/div>\n<\/div>\n<\/div>","protected":false},"excerpt":{"rendered":"<p>Stoff: Oxford Au\u00dfenzelt Wasserdichtigkeitsindex: 2000-3000 mm Bodenwasserdichteindex: 1500-2000 mm Geb\u00e4udetyp: Schnellautomatische \u00d6ffnung Zeltstil: Trigone\/V-Typ-Bodennagel Saison: Vierjahreszeitenzelt, Dreijahreszeitenzelt Struktur: Eins Schlafzimmer Produktname: Outdoor-Campingzelt Farbe: Khaki Verwendung: Camping Wandern Reisen Gr\u00f6\u00dfe: 300 * 200 * 200 cm<\/p>\n<div class=\"read-more\"><a class=\"btn btn-fill-out\" href=\"https:\/\/uoogear.com\/de\/produkt\/large-canvas-tents-inflatable-air-tourist-tent-from-cabin-camping-outdoor-waterproof-for-hiking-and-travelling\/\">Mehr lesen<\/a><\/div>","protected":false},"featured_media":4416,"template":"","meta":[],"product_brand":[],"product_cat":[15],"product_tag":[],"class_list":{"0":"post-4417","1":"product","2":"type-product","3":"status-publish","4":"has-post-thumbnail","6":"product_cat-uncategorized","7":"tm-no-options","9":"first","10":"instock","11":"shipping-taxable","12":"purchasable","13":"product-type-variable"},"_links":{"self":[{"href":"https:\/\/uoogear.com\/de\/wp-json\/wp\/v2\/product\/4417","targetHints":{"allow":["GET"]}}],"collection":[{"href":"https:\/\/uoogear.com\/de\/wp-json\/wp\/v2\/product"}],"about":[{"href":"https:\/\/uoogear.com\/de\/wp-json\/wp\/v2\/types\/product"}],"wp:featuredmedia":[{"embeddable":true,"href":"https:\/\/uoogear.com\/de\/wp-json\/wp\/v2\/media\/4416"}],"wp:attachment":[{"href":"https:\/\/uoogear.com\/de\/wp-json\/wp\/v2\/media?parent=4417"}],"wp:term":[{"taxonomy":"product_brand","embeddable":true,"href":"https:\/\/uoogear.com\/de\/wp-json\/wp\/v2\/product_brand?post=4417"},{"taxonomy":"product_cat","embeddable":true,"href":"https:\/\/uoogear.com\/de\/wp-json\/wp\/v2\/product_cat?post=4417"},{"taxonomy":"product_tag","embeddable":true,"href":"https:\/\/uoogear.com\/de\/wp-json\/wp\/v2\/product_tag?post=4417"}],"curies":[{"name":"wp","href":"https:\/\/api.w.org\/{rel}","templated":true}]}}