{"id":4425,"date":"2023-11-13T12:53:29","date_gmt":"2023-11-13T12:53:29","guid":{"rendered":"https:\/\/uoogear.com\/product\/customized-waterproof-camping-accessories-tents-camping-outdoor-glamping-tent-outdoor-glamping-inflatable-tent\/"},"modified":"2023-11-30T02:28:33","modified_gmt":"2023-11-30T02:28:33","slug":"customized-waterproof-camping-accessories-tents-camping-outdoor-glamping-tent-outdoor-glamping-inflatable-tent","status":"publish","type":"product","link":"https:\/\/uoogear.com\/de\/produkt\/customized-waterproof-camping-accessories-tents-camping-outdoor-glamping-tent-outdoor-glamping-inflatable-tent\/","title":{"rendered":"Ma\u00dfgeschneiderte wasserdichte Campingzubeh\u00f6r-Zelte, Camping-Outdoor-Glamping-Zelt, Outdoor-Glamping-aufblasbares Zelt"},"content":{"rendered":"<ul>\n<li><strong>Stoff : <\/strong> Polyester<\/li>\n<li><strong>Wasserdichtigkeitsindex des Au\u00dfenzeltes: <\/strong> &gt;3000 mm<\/li>\n<li><strong>Wasserdichter Index unten: <\/strong> &gt;3000 mm<\/li>\n<li><strong>Geb\u00e4udetyp : <\/strong> Schnelles automatisches \u00d6ffnen<\/li>\n<li><strong>Zeltstil: <\/strong> Verl\u00e4ngerter Zelthering in Rohrform<\/li>\n<li><strong>Jahreszeit : <\/strong> Vier-Jahreszeiten-Zelt<\/li>\n<li><strong>Struktur : <\/strong> Ein Schlafzimmer<\/li>\n<li><strong>Produktname : <\/strong> Aufblasbares Zelt f\u00fcr Outdoor-Camping<\/li>\n<li><strong>Farbe : <\/strong> Wei\u00df<\/li>\n<li><strong>Verwendung : <\/strong> Camping Wandern Reisen<\/li>\n<li><strong>Gr\u00f6\u00dfe : <\/strong> 210*210*170cm<\/li>\n<li><strong>Gewicht : <\/strong> 12kg<\/li>\n<li><strong>Packungsgr\u00f6sse : <\/strong> 67*30*26cm<\/li>\n<li><strong>Boden : <\/strong> 200D Oxford<\/li>\n<li><strong>Kapazit\u00e4t: <\/strong> 3-4 Personen<\/li>\n<li><strong>Lieferzeit : <\/strong> 20 Tage<\/li>\n<\/ul>\n<div>\n<div data-section=\"AliPostDhMb-k8t1e\" data-section-title=\"Product Description\">\n<div>\n<p>Detailliertes Foto<\/p>\n<p>&nbsp;<\/p>\n<p><img loading=\"lazy\" decoding=\"async\" class=\"alignnone size-full wp-image-5140\" src=\"https:\/\/uoogear.com\/wp-content\/uploads\/2023\/11\/H63608db4db8a455a842461b944da215bA-8.jpg\" width=\"800\" height=\"538\" alt=\"Ma\u00dfgeschneiderte wasserdichte Camping-Zubeh\u00f6r Zelte Camping Outdoor Glamping Zelt Outdoor Glamping Aufblasbares Zelt\" srcset=\"https:\/\/uoogear.com\/wp-content\/uploads\/2023\/11\/H63608db4db8a455a842461b944da215bA-8.jpg 800w, https:\/\/uoogear.com\/wp-content\/uploads\/2023\/11\/H63608db4db8a455a842461b944da215bA-8-300x202.jpg 300w, https:\/\/uoogear.com\/wp-content\/uploads\/2023\/11\/H63608db4db8a455a842461b944da215bA-8-768x516.jpg 768w, https:\/\/uoogear.com\/wp-content\/uploads\/2023\/11\/H63608db4db8a455a842461b944da215bA-8-600x404.jpg 600w, https:\/\/uoogear.com\/wp-content\/uploads\/2023\/11\/H63608db4db8a455a842461b944da215bA-8-80x54.jpg 80w\" sizes=\"auto, (max-width: 800px) 100vw, 800px\" \/><img loading=\"lazy\" decoding=\"async\" src=\"\/\/sc04.alicdn.com\/kf\/H5cea2c7426ac4dd995ca705cbfb55bc2g\/274217001\/H5cea2c7426ac4dd995ca705cbfb55bc2g.jpg\" alt=\"Ma\u00dfgeschneiderte wasserdichte Camping-Zubeh\u00f6r Zelte Camping Outdoor Glamping Zelt Outdoor Glamping Aufblasbares Zelt\" width=\"750\" height=\"750\" data-src=\"\/\/sc04.alicdn.com\/kf\/H5cea2c7426ac4dd995ca705cbfb55bc2g\/274217001\/H5cea2c7426ac4dd995ca705cbfb55bc2g.jpg\" data-alt=\"Customized waterproof camping accessories tents camping outdoor glamping tent outdoor glamping Inflatable tent\" \/><img loading=\"lazy\" decoding=\"async\" src=\"\/\/sc04.alicdn.com\/kf\/Hbb3afb90eb0049f28a07a8e89fac5bf7J\/274217001\/Hbb3afb90eb0049f28a07a8e89fac5bf7J.jpg\" alt=\"Ma\u00dfgeschneiderte wasserdichte Camping-Zubeh\u00f6r Zelte Camping Outdoor Glamping Zelt Outdoor Glamping Aufblasbares Zelt\" width=\"750\" height=\"750\" data-src=\"\/\/sc04.alicdn.com\/kf\/Hbb3afb90eb0049f28a07a8e89fac5bf7J\/274217001\/Hbb3afb90eb0049f28a07a8e89fac5bf7J.jpg\" data-alt=\"Customized waterproof camping accessories tents camping outdoor glamping tent outdoor glamping Inflatable tent\" \/><img loading=\"lazy\" decoding=\"async\" src=\"\/\/sc04.alicdn.com\/kf\/H089e635b38ee41a9b58cd381cfe6d302b\/274217001\/H089e635b38ee41a9b58cd381cfe6d302b.jpg\" alt=\"Ma\u00dfgeschneiderte wasserdichte Camping-Zubeh\u00f6r Zelte Camping Outdoor Glamping Zelt Outdoor Glamping Aufblasbares Zelt\" width=\"750\" height=\"750\" data-src=\"\/\/sc04.alicdn.com\/kf\/H089e635b38ee41a9b58cd381cfe6d302b\/274217001\/H089e635b38ee41a9b58cd381cfe6d302b.jpg\" data-alt=\"Customized waterproof camping accessories tents camping outdoor glamping tent outdoor glamping Inflatable tent\" \/><img loading=\"lazy\" decoding=\"async\" src=\"\/\/sc04.alicdn.com\/kf\/Ha94c4400b73b4596978f065573cb87cee\/274217001\/Ha94c4400b73b4596978f065573cb87cee.jpg\" alt=\"Ma\u00dfgeschneiderte wasserdichte Camping-Zubeh\u00f6r Zelte Camping Outdoor Glamping Zelt Outdoor Glamping Aufblasbares Zelt\" width=\"750\" height=\"750\" data-src=\"\/\/sc04.alicdn.com\/kf\/Ha94c4400b73b4596978f065573cb87cee\/274217001\/Ha94c4400b73b4596978f065573cb87cee.jpg\" data-alt=\"Customized waterproof camping accessories tents camping outdoor glamping tent outdoor glamping Inflatable tent\" \/><img loading=\"lazy\" decoding=\"async\" src=\"\/\/sc04.alicdn.com\/kf\/Hded5cbfed989488a8de5e4d80cf48e097\/274217001\/Hded5cbfed989488a8de5e4d80cf48e097.jpg\" alt=\"Ma\u00dfgeschneiderte wasserdichte Camping-Zubeh\u00f6r Zelte Camping Outdoor Glamping Zelt Outdoor Glamping Aufblasbares Zelt\" width=\"750\" height=\"750\" data-src=\"\/\/sc04.alicdn.com\/kf\/Hded5cbfed989488a8de5e4d80cf48e097\/274217001\/Hded5cbfed989488a8de5e4d80cf48e097.jpg\" data-alt=\"Customized waterproof camping accessories tents camping outdoor glamping tent outdoor glamping Inflatable tent\" \/><img loading=\"lazy\" decoding=\"async\" src=\"\/\/sc04.alicdn.com\/kf\/Haf76e7a49e694dbf8c276fb59456b6b08\/274217001\/Haf76e7a49e694dbf8c276fb59456b6b08.jpg\" alt=\"Ma\u00dfgeschneiderte wasserdichte Camping-Zubeh\u00f6r Zelte Camping Outdoor Glamping Zelt Outdoor Glamping Aufblasbares Zelt\" width=\"750\" height=\"750\" data-src=\"\/\/sc04.alicdn.com\/kf\/Haf76e7a49e694dbf8c276fb59456b6b08\/274217001\/Haf76e7a49e694dbf8c276fb59456b6b08.jpg\" data-alt=\"Customized waterproof camping accessories tents camping outdoor glamping tent outdoor glamping Inflatable tent\" \/><\/p>\n<\/div>\n<\/div>\n<div data-section=\"AliPostDhMb-h1rt6\" data-section-title=\"FAQ\">\n<div><\/div>\n<\/div>\n<\/div>","protected":false},"excerpt":{"rendered":"<p>Stoff: Polyester, Wasserdichtigkeitsindex des Au\u00dfenzelts: &gt;3000 mm, Bodenwasserdichteindex: &gt;3000 mm, Geb\u00e4udetyp: Schnellautomatische \u00d6ffnung, Zeltstil: Erweiterter Typ, Rohrtyp, Zelthering-Saison: Vier-Jahreszeiten-Zeltstruktur: Ein Schlafzimmer. Produktname: Aufblasbares Outdoor-Camping Zeltfarbe: Wei\u00df. Verwendung: Camping, Wandern, Reisen. Gr\u00f6\u00dfe<\/p>\n<div class=\"read-more\"><a class=\"btn btn-fill-out\" href=\"https:\/\/uoogear.com\/de\/produkt\/customized-waterproof-camping-accessories-tents-camping-outdoor-glamping-tent-outdoor-glamping-inflatable-tent\/\">Mehr lesen<\/a><\/div>","protected":false},"featured_media":4424,"template":"","meta":[],"product_brand":[],"product_cat":[15],"product_tag":[],"class_list":{"0":"post-4425","1":"product","2":"type-product","3":"status-publish","4":"has-post-thumbnail","6":"product_cat-uncategorized","7":"tm-no-options","9":"first","10":"instock","11":"shipping-taxable","12":"purchasable","13":"product-type-variable"},"_links":{"self":[{"href":"https:\/\/uoogear.com\/de\/wp-json\/wp\/v2\/product\/4425","targetHints":{"allow":["GET"]}}],"collection":[{"href":"https:\/\/uoogear.com\/de\/wp-json\/wp\/v2\/product"}],"about":[{"href":"https:\/\/uoogear.com\/de\/wp-json\/wp\/v2\/types\/product"}],"wp:featuredmedia":[{"embeddable":true,"href":"https:\/\/uoogear.com\/de\/wp-json\/wp\/v2\/media\/4424"}],"wp:attachment":[{"href":"https:\/\/uoogear.com\/de\/wp-json\/wp\/v2\/media?parent=4425"}],"wp:term":[{"taxonomy":"product_brand","embeddable":true,"href":"https:\/\/uoogear.com\/de\/wp-json\/wp\/v2\/product_brand?post=4425"},{"taxonomy":"product_cat","embeddable":true,"href":"https:\/\/uoogear.com\/de\/wp-json\/wp\/v2\/product_cat?post=4425"},{"taxonomy":"product_tag","embeddable":true,"href":"https:\/\/uoogear.com\/de\/wp-json\/wp\/v2\/product_tag?post=4425"}],"curies":[{"name":"wp","href":"https:\/\/api.w.org\/{rel}","templated":true}]}}