{"id":4433,"date":"2023-11-13T12:54:47","date_gmt":"2023-11-13T12:54:47","guid":{"rendered":"https:\/\/uoogear.com\/product\/advanced-waterproof-camping-accessories-outdoor-waterproof-glamping-tent-luxury-tents-camping-outdoor-inflatable-tent\/"},"modified":"2023-11-30T02:17:50","modified_gmt":"2023-11-30T02:17:50","slug":"advanced-waterproof-camping-accessories-outdoor-waterproof-glamping-tent-luxury-tents-camping-outdoor-inflatable-tent","status":"publish","type":"product","link":"https:\/\/uoogear.com\/de\/produkt\/advanced-waterproof-camping-accessories-outdoor-waterproof-glamping-tent-luxury-tents-camping-outdoor-inflatable-tent\/","title":{"rendered":"Fortschrittliches wasserdichtes Campingzubeh\u00f6r, wasserdichtes Glamping-Zelt f\u00fcr den Au\u00dfenbereich, Luxuszelte, Camping im Freien, aufblasbares Zelt"},"content":{"rendered":"<ul>\n<li><strong>Stoff : <\/strong> Baumwolle<\/li>\n<li><strong>Wasserdichtigkeitsindex des Au\u00dfenzeltes: <\/strong> &gt;3000 mm<\/li>\n<li><strong>Wasserdichter Index unten: <\/strong> &gt;3000 mm<\/li>\n<li><strong>Zeltstil: <\/strong> Verl\u00e4ngerter Zelthering in Rohrform<\/li>\n<li><strong>Jahreszeit : <\/strong> Vier-Jahreszeiten-Zelt<\/li>\n<li><strong>Struktur : <\/strong> Ein Schlafzimmer<\/li>\n<li><strong>Produktname : <\/strong> Aufblasbares Zelt f\u00fcr Outdoor-Camping<\/li>\n<li><strong>Farbe : <\/strong> Wei\u00df<\/li>\n<li><strong>Verwendung : <\/strong> Camping Wandern Reisen<\/li>\n<li><strong>Gr\u00f6\u00dfe : <\/strong> 360*360*220cm<\/li>\n<li><strong>Packungsgr\u00f6\u00dfe : <\/strong> 95*55*65cm<\/li>\n<li><strong>Gewicht : <\/strong> 35,7 kg<\/li>\n<li><strong>Boden : <\/strong> SPORT<\/li>\n<li><strong>Kapazit\u00e4t: <\/strong> 6-8 Personen<\/li>\n<li><strong>Lieferzeit : <\/strong> 20 Tage<\/li>\n<\/ul>\n<div>\n<div data-section=\"AliPostDhMb-k8t1e\" data-section-title=\"Product Description\">\n<div>Produktbeschreibung<\/div>\n<div>\n<p>Fortschrittliches wasserdichtes Campingzubeh\u00f6r, wasserdichtes Glamping-Zelt f\u00fcr den Au\u00dfenbereich, Luxuszelte, Camping im Freien, aufblasbares Zelt<\/p>\n<p>Detailliertes Foto<\/p>\n<p>&nbsp;<\/p>\n<p><img loading=\"lazy\" decoding=\"async\" class=\"alignnone size-full wp-image-5132\" src=\"https:\/\/uoogear.com\/wp-content\/uploads\/2023\/11\/H63608db4db8a455a842461b944da215bA.jpg\" alt=\"Fortschrittliches wasserdichtes Campingzubeh\u00f6r wasserdichtes Glamping-Zelt f\u00fcr den Au\u00dfenbereich Luxuszelte Camping im Freien Aufblasbares Zelt\" width=\"800\" height=\"538\" srcset=\"https:\/\/uoogear.com\/wp-content\/uploads\/2023\/11\/H63608db4db8a455a842461b944da215bA.jpg 800w, https:\/\/uoogear.com\/wp-content\/uploads\/2023\/11\/H63608db4db8a455a842461b944da215bA-300x202.jpg 300w, https:\/\/uoogear.com\/wp-content\/uploads\/2023\/11\/H63608db4db8a455a842461b944da215bA-768x516.jpg 768w, https:\/\/uoogear.com\/wp-content\/uploads\/2023\/11\/H63608db4db8a455a842461b944da215bA-600x404.jpg 600w, https:\/\/uoogear.com\/wp-content\/uploads\/2023\/11\/H63608db4db8a455a842461b944da215bA-80x54.jpg 80w\" sizes=\"auto, (max-width: 800px) 100vw, 800px\" \/><img loading=\"lazy\" decoding=\"async\" src=\"\/\/sc04.alicdn.com\/kf\/Hcced147895924c0fa738647a2327a15bV\/274217001\/Hcced147895924c0fa738647a2327a15bV.jpg\" alt=\"Fortschrittliches wasserdichtes Campingzubeh\u00f6r wasserdichtes Glamping-Zelt f\u00fcr den Au\u00dfenbereich Luxuszelte Camping im Freien Aufblasbares Zelt\" width=\"750\" height=\"750\" data-src=\"\/\/sc04.alicdn.com\/kf\/Hcced147895924c0fa738647a2327a15bV\/274217001\/Hcced147895924c0fa738647a2327a15bV.jpg\" data-alt=\"Advanced waterproof camping accessories outdoor waterproof glamping tent luxury tents camping outdoor Inflatable tent\" \/><img loading=\"lazy\" decoding=\"async\" src=\"\/\/sc04.alicdn.com\/kf\/H6a9e84c5b6d14782b30a48eba680d72dj\/274217001\/H6a9e84c5b6d14782b30a48eba680d72dj.jpg\" alt=\"Fortschrittliches wasserdichtes Campingzubeh\u00f6r wasserdichtes Glamping-Zelt f\u00fcr den Au\u00dfenbereich Luxuszelte Camping im Freien Aufblasbares Zelt\" width=\"750\" height=\"750\" data-src=\"\/\/sc04.alicdn.com\/kf\/H6a9e84c5b6d14782b30a48eba680d72dj\/274217001\/H6a9e84c5b6d14782b30a48eba680d72dj.jpg\" data-alt=\"Advanced waterproof camping accessories outdoor waterproof glamping tent luxury tents camping outdoor Inflatable tent\" \/><img loading=\"lazy\" decoding=\"async\" src=\"\/\/sc04.alicdn.com\/kf\/H895e44de1f4c49668d37f1069186dc60I\/274217001\/H895e44de1f4c49668d37f1069186dc60I.jpg\" alt=\"Fortschrittliches wasserdichtes Campingzubeh\u00f6r wasserdichtes Glamping-Zelt f\u00fcr den Au\u00dfenbereich Luxuszelte Camping im Freien Aufblasbares Zelt\" width=\"750\" height=\"750\" data-src=\"\/\/sc04.alicdn.com\/kf\/H895e44de1f4c49668d37f1069186dc60I\/274217001\/H895e44de1f4c49668d37f1069186dc60I.jpg\" data-alt=\"Advanced waterproof camping accessories outdoor waterproof glamping tent luxury tents camping outdoor Inflatable tent\" \/><img loading=\"lazy\" decoding=\"async\" src=\"\/\/sc04.alicdn.com\/kf\/Heede9f4a89564b14b5bafafe094d8f56o\/274217001\/Heede9f4a89564b14b5bafafe094d8f56o.jpg\" alt=\"Fortschrittliches wasserdichtes Campingzubeh\u00f6r wasserdichtes Glamping-Zelt f\u00fcr den Au\u00dfenbereich Luxuszelte Camping im Freien Aufblasbares Zelt\" width=\"750\" height=\"750\" data-src=\"\/\/sc04.alicdn.com\/kf\/Heede9f4a89564b14b5bafafe094d8f56o\/274217001\/Heede9f4a89564b14b5bafafe094d8f56o.jpg\" data-alt=\"Advanced waterproof camping accessories outdoor waterproof glamping tent luxury tents camping outdoor Inflatable tent\" \/><img loading=\"lazy\" decoding=\"async\" src=\"\/\/sc04.alicdn.com\/kf\/H05c734515955471ca76b4671b4b39f40d\/274217001\/H05c734515955471ca76b4671b4b39f40d.jpg\" alt=\"Fortschrittliches wasserdichtes Campingzubeh\u00f6r wasserdichtes Glamping-Zelt f\u00fcr den Au\u00dfenbereich Luxuszelte Camping im Freien Aufblasbares Zelt\" width=\"750\" height=\"750\" data-src=\"\/\/sc04.alicdn.com\/kf\/H05c734515955471ca76b4671b4b39f40d\/274217001\/H05c734515955471ca76b4671b4b39f40d.jpg\" data-alt=\"Advanced waterproof camping accessories outdoor waterproof glamping tent luxury tents camping outdoor Inflatable tent\" \/><img loading=\"lazy\" decoding=\"async\" src=\"\/\/sc04.alicdn.com\/kf\/H3b795ce144d44edbaaa8e79665baa3faI\/274217001\/H3b795ce144d44edbaaa8e79665baa3faI.jpg\" alt=\"Fortschrittliches wasserdichtes Campingzubeh\u00f6r wasserdichtes Glamping-Zelt f\u00fcr den Au\u00dfenbereich Luxuszelte Camping im Freien Aufblasbares Zelt\" width=\"750\" height=\"750\" data-src=\"\/\/sc04.alicdn.com\/kf\/H3b795ce144d44edbaaa8e79665baa3faI\/274217001\/H3b795ce144d44edbaaa8e79665baa3faI.jpg\" data-alt=\"Advanced waterproof camping accessories outdoor waterproof glamping tent luxury tents camping outdoor Inflatable tent\" \/><img loading=\"lazy\" decoding=\"async\" src=\"\/\/sc04.alicdn.com\/kf\/H8f2023628faa4fa1a54c9063d8ac1fd7Y\/274217001\/H8f2023628faa4fa1a54c9063d8ac1fd7Y.jpg\" alt=\"Fortschrittliches wasserdichtes Campingzubeh\u00f6r wasserdichtes Glamping-Zelt f\u00fcr den Au\u00dfenbereich Luxuszelte Camping im Freien Aufblasbares Zelt\" width=\"750\" height=\"750\" data-src=\"\/\/sc04.alicdn.com\/kf\/H8f2023628faa4fa1a54c9063d8ac1fd7Y\/274217001\/H8f2023628faa4fa1a54c9063d8ac1fd7Y.jpg\" data-alt=\"Advanced waterproof camping accessories outdoor waterproof glamping tent luxury tents camping outdoor Inflatable tent\" \/><\/p>\n<\/div>\n<\/div>\n<div data-section=\"AliPostDhMb-h1rt6\" data-section-title=\"FAQ\">\n<div><\/div>\n<\/div>\n<\/div>","protected":false},"excerpt":{"rendered":"<p>Stoff: Baumwolle, Wasserdichtigkeitsindex des Au\u00dfenzeltes: &gt;3000 mm, Bodenwasserdichteindex: &gt;3000 mm, Zeltstil: Erweiterter Typ, R\u00f6hrentyp, Zelthering Saison: Vierjahreszeitenzeltstruktur: Ein Schlafzimmer, Produktname: Aufblasbares Outdoor-Campingzelt, Farbe: Wei\u00df, Verwendung: Camping, Wandern, Reisen, Gr\u00f6\u00dfe: 360 x 360 x 220 cm, Verpackungsgr\u00f6\u00dfe: 95 x 55 x 65 cm<\/p>\n<div class=\"read-more\"><a class=\"btn btn-fill-out\" href=\"https:\/\/uoogear.com\/de\/produkt\/advanced-waterproof-camping-accessories-outdoor-waterproof-glamping-tent-luxury-tents-camping-outdoor-inflatable-tent\/\">Mehr lesen<\/a><\/div>","protected":false},"featured_media":4432,"template":"","meta":[],"product_brand":[],"product_cat":[15],"product_tag":[],"class_list":{"0":"post-4433","1":"product","2":"type-product","3":"status-publish","4":"has-post-thumbnail","6":"product_cat-uncategorized","7":"tm-no-options","9":"first","10":"instock","11":"shipping-taxable","12":"purchasable","13":"product-type-variable"},"_links":{"self":[{"href":"https:\/\/uoogear.com\/de\/wp-json\/wp\/v2\/product\/4433","targetHints":{"allow":["GET"]}}],"collection":[{"href":"https:\/\/uoogear.com\/de\/wp-json\/wp\/v2\/product"}],"about":[{"href":"https:\/\/uoogear.com\/de\/wp-json\/wp\/v2\/types\/product"}],"wp:featuredmedia":[{"embeddable":true,"href":"https:\/\/uoogear.com\/de\/wp-json\/wp\/v2\/media\/4432"}],"wp:attachment":[{"href":"https:\/\/uoogear.com\/de\/wp-json\/wp\/v2\/media?parent=4433"}],"wp:term":[{"taxonomy":"product_brand","embeddable":true,"href":"https:\/\/uoogear.com\/de\/wp-json\/wp\/v2\/product_brand?post=4433"},{"taxonomy":"product_cat","embeddable":true,"href":"https:\/\/uoogear.com\/de\/wp-json\/wp\/v2\/product_cat?post=4433"},{"taxonomy":"product_tag","embeddable":true,"href":"https:\/\/uoogear.com\/de\/wp-json\/wp\/v2\/product_tag?post=4433"}],"curies":[{"name":"wp","href":"https:\/\/api.w.org\/{rel}","templated":true}]}}