{"id":4441,"date":"2023-11-13T12:55:53","date_gmt":"2023-11-13T12:55:53","guid":{"rendered":"https:\/\/uoogear.com\/product\/customized-camping-equipment-outdoor-waterproof-camping-glamping-tent-luxury-tents-camping-outdoor-inflatable-tent\/"},"modified":"2023-11-30T02:18:13","modified_gmt":"2023-11-30T02:18:13","slug":"customized-camping-equipment-outdoor-waterproof-camping-glamping-tent-luxury-tents-camping-outdoor-inflatable-tent","status":"publish","type":"product","link":"https:\/\/uoogear.com\/de\/produkt\/customized-camping-equipment-outdoor-waterproof-camping-glamping-tent-luxury-tents-camping-outdoor-inflatable-tent\/","title":{"rendered":"Ma\u00dfgeschneiderte Campingausr\u00fcstung im Freien, wasserdichtes Camping-Glamping-Zelt, Luxuszelte, Camping im Freien, aufblasbares Zelt"},"content":{"rendered":"<ul>\n<li><strong>Stoff : <\/strong> Polyester<\/li>\n<li><strong>Wasserdichtigkeitsindex des Au\u00dfenzeltes: <\/strong> 2000-3000 mm<\/li>\n<li><strong>Wasserdichter Index unten: <\/strong> &gt;3000 mm<\/li>\n<li><strong>Geb\u00e4udetyp : <\/strong> Schnelles automatisches \u00d6ffnen<\/li>\n<li><strong>Zeltstil: <\/strong> Verl\u00e4ngerter Zelthering in Rohrform<\/li>\n<li><strong>Jahreszeit : <\/strong> Vier-Jahreszeiten-Zelt<\/li>\n<li><strong>Struktur : <\/strong> Ein Schlafzimmer<\/li>\n<li><strong>Produktname : <\/strong> Aufblasbares Zelt f\u00fcr Outdoor-Camping<\/li>\n<li><strong>Farbe : <\/strong> Blau<\/li>\n<li><strong>Verwendung : <\/strong> Camping Wandern Reisen<\/li>\n<li><strong>Gr\u00f6\u00dfe : <\/strong> 240*240*170cm<\/li>\n<li><strong>Gewicht : <\/strong> 5,4 kg<\/li>\n<li><strong>Packungsgr\u00f6sse : <\/strong> 70*28*28cm<\/li>\n<li><strong>Boden : <\/strong> 210D Oxford<\/li>\n<li><strong>Kapazit\u00e4t: <\/strong> 4-5 Personen<\/li>\n<li><strong>Lieferzeit : <\/strong> 20 Tage<\/li>\n<\/ul>\n<div>\n<div data-section=\"AliPostDhMb-k8t1e\" data-section-title=\"Product Description\">\n<div>\n<p>Detailliertes Foto<\/p>\n<p>&nbsp;<\/p>\n<p><img loading=\"lazy\" decoding=\"async\" class=\"alignnone size-full wp-image-5134\" src=\"https:\/\/uoogear.com\/wp-content\/uploads\/2023\/11\/H63608db4db8a455a842461b944da215bA-2.jpg\" width=\"800\" height=\"538\" alt=\"Ma\u00dfgeschneiderte Campingausr\u00fcstung im Freien, wasserdichtes Camping-Glamping-Zelt, Luxuszelte, Camping im Freien, aufblasbares Zelt\" srcset=\"https:\/\/uoogear.com\/wp-content\/uploads\/2023\/11\/H63608db4db8a455a842461b944da215bA-2.jpg 800w, https:\/\/uoogear.com\/wp-content\/uploads\/2023\/11\/H63608db4db8a455a842461b944da215bA-2-300x202.jpg 300w, https:\/\/uoogear.com\/wp-content\/uploads\/2023\/11\/H63608db4db8a455a842461b944da215bA-2-768x516.jpg 768w, https:\/\/uoogear.com\/wp-content\/uploads\/2023\/11\/H63608db4db8a455a842461b944da215bA-2-600x404.jpg 600w, https:\/\/uoogear.com\/wp-content\/uploads\/2023\/11\/H63608db4db8a455a842461b944da215bA-2-80x54.jpg 80w\" sizes=\"auto, (max-width: 800px) 100vw, 800px\" \/><img loading=\"lazy\" decoding=\"async\" src=\"\/\/sc04.alicdn.com\/kf\/H207935525891464d9d55f635a640aff7q\/274217001\/H207935525891464d9d55f635a640aff7q.jpg\" alt=\"Ma\u00dfgeschneiderte Campingausr\u00fcstung im Freien, wasserdichtes Camping-Glamping-Zelt, Luxuszelte, Camping im Freien, aufblasbares Zelt\" width=\"750\" height=\"750\" data-src=\"\/\/sc04.alicdn.com\/kf\/H207935525891464d9d55f635a640aff7q\/274217001\/H207935525891464d9d55f635a640aff7q.jpg\" data-alt=\"Customized camping equipment outdoor waterproof camping glamping tent luxury tents camping outdoor Inflatable tent\" \/><img loading=\"lazy\" decoding=\"async\" src=\"\/\/sc04.alicdn.com\/kf\/Hb0ce56b7f3f5466384b200eb0b67021aF\/274217001\/Hb0ce56b7f3f5466384b200eb0b67021aF.jpg\" alt=\"Ma\u00dfgeschneiderte Campingausr\u00fcstung im Freien, wasserdichtes Camping-Glamping-Zelt, Luxuszelte, Camping im Freien, aufblasbares Zelt\" width=\"750\" height=\"750\" data-src=\"\/\/sc04.alicdn.com\/kf\/Hb0ce56b7f3f5466384b200eb0b67021aF\/274217001\/Hb0ce56b7f3f5466384b200eb0b67021aF.jpg\" data-alt=\"Customized camping equipment outdoor waterproof camping glamping tent luxury tents camping outdoor Inflatable tent\" \/><img loading=\"lazy\" decoding=\"async\" src=\"\/\/sc04.alicdn.com\/kf\/H324950cf993e43659fd176bb355623ba3\/274217001\/H324950cf993e43659fd176bb355623ba3.jpg\" alt=\"Ma\u00dfgeschneiderte Campingausr\u00fcstung im Freien, wasserdichtes Camping-Glamping-Zelt, Luxuszelte, Camping im Freien, aufblasbares Zelt\" width=\"750\" height=\"750\" data-src=\"\/\/sc04.alicdn.com\/kf\/H324950cf993e43659fd176bb355623ba3\/274217001\/H324950cf993e43659fd176bb355623ba3.jpg\" data-alt=\"Customized camping equipment outdoor waterproof camping glamping tent luxury tents camping outdoor Inflatable tent\" \/><img loading=\"lazy\" decoding=\"async\" src=\"\/\/sc04.alicdn.com\/kf\/H9207cb051b58477a82968c8f5b72b522H\/274217001\/H9207cb051b58477a82968c8f5b72b522H.jpg\" alt=\"Ma\u00dfgeschneiderte Campingausr\u00fcstung im Freien, wasserdichtes Camping-Glamping-Zelt, Luxuszelte, Camping im Freien, aufblasbares Zelt\" width=\"750\" height=\"750\" data-src=\"\/\/sc04.alicdn.com\/kf\/H9207cb051b58477a82968c8f5b72b522H\/274217001\/H9207cb051b58477a82968c8f5b72b522H.jpg\" data-alt=\"Customized camping equipment outdoor waterproof camping glamping tent luxury tents camping outdoor Inflatable tent\" \/><\/p>\n<\/div>\n<\/div>\n<div data-section=\"AliPostDhMb-h1rt6\" data-section-title=\"FAQ\">\n<div><\/div>\n<\/div>\n<\/div>","protected":false},"excerpt":{"rendered":"<p>Stoff: Polyester, Wasserdichtigkeitsindex des Au\u00dfenzeltes: 2000\u20133000 mm, Bodenwasserdichteindex: &gt; 3000 mm, Geb\u00e4udetyp: Schnell\u00f6ffnendes Zelt mit automatischer \u00d6ffnung, Stil: verl\u00e4ngerter Typ, R\u00f6hrentyp, Zelthering, Jahreszeit: Vierjahreszeitenzelt, Struktur: ein Schlafzimmer, Produktname: Camping im Freien aufblasbares Zelt Farbe: Blau Verwendung: Camping Wandern Reisen Gr\u00f6\u00dfe<\/p>\n<div class=\"read-more\"><a class=\"btn btn-fill-out\" href=\"https:\/\/uoogear.com\/de\/produkt\/customized-camping-equipment-outdoor-waterproof-camping-glamping-tent-luxury-tents-camping-outdoor-inflatable-tent\/\">Mehr lesen<\/a><\/div>","protected":false},"featured_media":4440,"template":"","meta":[],"product_brand":[],"product_cat":[15],"product_tag":[],"class_list":{"0":"post-4441","1":"product","2":"type-product","3":"status-publish","4":"has-post-thumbnail","6":"product_cat-uncategorized","7":"tm-no-options","9":"first","10":"instock","11":"shipping-taxable","12":"purchasable","13":"product-type-variable"},"_links":{"self":[{"href":"https:\/\/uoogear.com\/de\/wp-json\/wp\/v2\/product\/4441","targetHints":{"allow":["GET"]}}],"collection":[{"href":"https:\/\/uoogear.com\/de\/wp-json\/wp\/v2\/product"}],"about":[{"href":"https:\/\/uoogear.com\/de\/wp-json\/wp\/v2\/types\/product"}],"wp:featuredmedia":[{"embeddable":true,"href":"https:\/\/uoogear.com\/de\/wp-json\/wp\/v2\/media\/4440"}],"wp:attachment":[{"href":"https:\/\/uoogear.com\/de\/wp-json\/wp\/v2\/media?parent=4441"}],"wp:term":[{"taxonomy":"product_brand","embeddable":true,"href":"https:\/\/uoogear.com\/de\/wp-json\/wp\/v2\/product_brand?post=4441"},{"taxonomy":"product_cat","embeddable":true,"href":"https:\/\/uoogear.com\/de\/wp-json\/wp\/v2\/product_cat?post=4441"},{"taxonomy":"product_tag","embeddable":true,"href":"https:\/\/uoogear.com\/de\/wp-json\/wp\/v2\/product_tag?post=4441"}],"curies":[{"name":"wp","href":"https:\/\/api.w.org\/{rel}","templated":true}]}}