{"id":4447,"date":"2023-11-13T12:56:44","date_gmt":"2023-11-13T12:56:44","guid":{"rendered":"https:\/\/uoogear.com\/product\/advanced-big-inflatable-camping-equipment-outdoor-waterproof-camping-outdoor-glamping-tent-camping-equipment-inflatable-tent\/"},"modified":"2023-11-30T02:19:36","modified_gmt":"2023-11-30T02:19:36","slug":"advanced-big-inflatable-camping-equipment-outdoor-waterproof-camping-outdoor-glamping-tent-camping-equipment-inflatable-tent","status":"publish","type":"product","link":"https:\/\/uoogear.com\/de\/produkt\/advanced-big-inflatable-camping-equipment-outdoor-waterproof-camping-outdoor-glamping-tent-camping-equipment-inflatable-tent\/","title":{"rendered":"Fortschrittliche gro\u00dfe aufblasbare Campingausr\u00fcstung f\u00fcr den Au\u00dfenbereich, wasserdichtes Camping-Glamping-Zelt f\u00fcr den Au\u00dfenbereich, Campingausr\u00fcstung, aufblasbares Zelt"},"content":{"rendered":"<ul>\n<li><strong>Stoff : <\/strong> Baumwolle<\/li>\n<li><strong>Wasserdichtigkeitsindex des Au\u00dfenzeltes: <\/strong> 2000-3000 mm<\/li>\n<li><strong>Wasserdichter Index unten: <\/strong> 2000-3000 mm<\/li>\n<li><strong>Zeltstil: <\/strong> Verl\u00e4ngerter Zelthering in Rohrform<\/li>\n<li><strong>Jahreszeit : <\/strong> Vier-Jahreszeiten-Zelt<\/li>\n<li><strong>Struktur : <\/strong> Ein Schlafzimmer<\/li>\n<li><strong>Produktname : <\/strong> Aufblasbares Zelt f\u00fcr Outdoor-Camping<\/li>\n<li><strong>Farbe : <\/strong> Wei\u00df<\/li>\n<li><strong>Verwendung : <\/strong> Camping Wandern Reisen<\/li>\n<li><strong>Gr\u00f6\u00dfe : <\/strong> 385*335*215cm<\/li>\n<li><strong>Gewicht : <\/strong> 14kg<\/li>\n<li><strong>Boden : <\/strong> Oxford<\/li>\n<li><strong>Kapazit\u00e4t: <\/strong> 3-4 Personen<\/li>\n<li><strong>Lieferzeit : <\/strong> 20 Tage<\/li>\n<\/ul>\n<div>\n<div data-section=\"AliPostDhMb-k8t1e\" data-section-title=\"Product Description\">\n<div>Produktbeschreibung<\/div>\n<div>\n<p>Fortschrittliche gro\u00dfe aufblasbare Campingausr\u00fcstung f\u00fcr den Au\u00dfenbereich, wasserdichtes Camping-Glamping-Zelt f\u00fcr den Au\u00dfenbereich, Campingausr\u00fcstung, aufblasbares Zelt<\/p>\n<p>Detailliertes Foto<\/p>\n<p><img loading=\"lazy\" decoding=\"async\" class=\"alignnone size-full wp-image-5136\" src=\"https:\/\/uoogear.com\/wp-content\/uploads\/2023\/11\/H63608db4db8a455a842461b944da215bA-4.jpg\" width=\"800\" height=\"538\" alt=\"Erweiterte gro\u00dfe aufblasbare Campingausr\u00fcstung wasserdichtes Camping im Freien Glampingzelt im Freien Campingausr\u00fcstung Aufblasbares Zelt\" srcset=\"https:\/\/uoogear.com\/wp-content\/uploads\/2023\/11\/H63608db4db8a455a842461b944da215bA-4.jpg 800w, https:\/\/uoogear.com\/wp-content\/uploads\/2023\/11\/H63608db4db8a455a842461b944da215bA-4-300x202.jpg 300w, https:\/\/uoogear.com\/wp-content\/uploads\/2023\/11\/H63608db4db8a455a842461b944da215bA-4-768x516.jpg 768w, https:\/\/uoogear.com\/wp-content\/uploads\/2023\/11\/H63608db4db8a455a842461b944da215bA-4-600x404.jpg 600w, https:\/\/uoogear.com\/wp-content\/uploads\/2023\/11\/H63608db4db8a455a842461b944da215bA-4-80x54.jpg 80w\" sizes=\"auto, (max-width: 800px) 100vw, 800px\" \/><img loading=\"lazy\" decoding=\"async\" src=\"\/\/sc04.alicdn.com\/kf\/H428d7b67a52d406aa6d221b2af2a6d3bq\/274217001\/H428d7b67a52d406aa6d221b2af2a6d3bq.jpg\" alt=\"Erweiterte gro\u00dfe aufblasbare Campingausr\u00fcstung wasserdichtes Camping im Freien Glampingzelt im Freien Campingausr\u00fcstung Aufblasbares Zelt\" width=\"750\" height=\"750\" data-src=\"\/\/sc04.alicdn.com\/kf\/H428d7b67a52d406aa6d221b2af2a6d3bq\/274217001\/H428d7b67a52d406aa6d221b2af2a6d3bq.jpg\" data-alt=\"Advanced big inflatable camping equipment outdoor waterproof camping outdoor glamping tent camping equipment Inflatable tent\" \/><img loading=\"lazy\" decoding=\"async\" src=\"\/\/sc04.alicdn.com\/kf\/Hf3afab94f52847a7bcdc3f9afad8bbd1r\/274217001\/Hf3afab94f52847a7bcdc3f9afad8bbd1r.jpg\" alt=\"Erweiterte gro\u00dfe aufblasbare Campingausr\u00fcstung wasserdichtes Camping im Freien Glampingzelt im Freien Campingausr\u00fcstung Aufblasbares Zelt\" width=\"750\" height=\"750\" data-src=\"\/\/sc04.alicdn.com\/kf\/Hf3afab94f52847a7bcdc3f9afad8bbd1r\/274217001\/Hf3afab94f52847a7bcdc3f9afad8bbd1r.jpg\" data-alt=\"Advanced big inflatable camping equipment outdoor waterproof camping outdoor glamping tent camping equipment Inflatable tent\" \/><img loading=\"lazy\" decoding=\"async\" src=\"\/\/sc04.alicdn.com\/kf\/H41a3938fadc041ca998505f664c5f5b0v\/274217001\/H41a3938fadc041ca998505f664c5f5b0v.jpg\" alt=\"Erweiterte gro\u00dfe aufblasbare Campingausr\u00fcstung wasserdichtes Camping im Freien Glampingzelt im Freien Campingausr\u00fcstung Aufblasbares Zelt\" width=\"750\" height=\"750\" data-src=\"\/\/sc04.alicdn.com\/kf\/H41a3938fadc041ca998505f664c5f5b0v\/274217001\/H41a3938fadc041ca998505f664c5f5b0v.jpg\" data-alt=\"Advanced big inflatable camping equipment outdoor waterproof camping outdoor glamping tent camping equipment Inflatable tent\" \/><img loading=\"lazy\" decoding=\"async\" src=\"\/\/sc04.alicdn.com\/kf\/H60a31a8d3cf0469dbdfcfb463907ed07V\/274217001\/H60a31a8d3cf0469dbdfcfb463907ed07V.jpg\" alt=\"Erweiterte gro\u00dfe aufblasbare Campingausr\u00fcstung wasserdichtes Camping im Freien Glampingzelt im Freien Campingausr\u00fcstung Aufblasbares Zelt\" width=\"750\" height=\"750\" data-src=\"\/\/sc04.alicdn.com\/kf\/H60a31a8d3cf0469dbdfcfb463907ed07V\/274217001\/H60a31a8d3cf0469dbdfcfb463907ed07V.jpg\" data-alt=\"Advanced big inflatable camping equipment outdoor waterproof camping outdoor glamping tent camping equipment Inflatable tent\" \/><img loading=\"lazy\" decoding=\"async\" src=\"\/\/sc04.alicdn.com\/kf\/H9f779d7e56d343b0a04ed1845c5648eaB\/274217001\/H9f779d7e56d343b0a04ed1845c5648eaB.jpg\" alt=\"Erweiterte gro\u00dfe aufblasbare Campingausr\u00fcstung wasserdichtes Camping im Freien Glampingzelt im Freien Campingausr\u00fcstung Aufblasbares Zelt\" width=\"750\" height=\"750\" data-src=\"\/\/sc04.alicdn.com\/kf\/H9f779d7e56d343b0a04ed1845c5648eaB\/274217001\/H9f779d7e56d343b0a04ed1845c5648eaB.jpg\" data-alt=\"Advanced big inflatable camping equipment outdoor waterproof camping outdoor glamping tent camping equipment Inflatable tent\" \/><img loading=\"lazy\" decoding=\"async\" src=\"\/\/sc04.alicdn.com\/kf\/Ha936d1b140354d78bcab0df48e660350i\/274217001\/Ha936d1b140354d78bcab0df48e660350i.jpg\" alt=\"Erweiterte gro\u00dfe aufblasbare Campingausr\u00fcstung wasserdichtes Camping im Freien Glampingzelt im Freien Campingausr\u00fcstung Aufblasbares Zelt\" width=\"750\" height=\"750\" data-src=\"\/\/sc04.alicdn.com\/kf\/Ha936d1b140354d78bcab0df48e660350i\/274217001\/Ha936d1b140354d78bcab0df48e660350i.jpg\" data-alt=\"Advanced big inflatable camping equipment outdoor waterproof camping outdoor glamping tent camping equipment Inflatable tent\" \/><\/p>\n<\/div>\n<\/div>\n<div data-section=\"AliPostDhMb-h1rt6\" data-section-title=\"FAQ\">\n<div><\/div>\n<\/div>\n<\/div>","protected":false},"excerpt":{"rendered":"<p>Stoff: Baumwolle, wasserdichter Index des Au\u00dfenzelts: 2000\u20133000 mm, wasserdichter Index des Bodens: 2000\u20133000 mm, Zeltstil: verl\u00e4ngerter Typ, R\u00f6hrentyp, Zelthering, Jahreszeit: Vierjahreszeiten-Zeltstruktur: ein Schlafzimmer, Produktname: aufblasbares Outdoor-Campingzelt, Farbe: Wei\u00df Verwendung: Camping, Wandern, Reisen, Gr\u00f6\u00dfe: 385 x 335 x 215 cm, Gewicht: 14 kg, Boden<\/p>\n<div class=\"read-more\"><a class=\"btn btn-fill-out\" href=\"https:\/\/uoogear.com\/de\/produkt\/advanced-big-inflatable-camping-equipment-outdoor-waterproof-camping-outdoor-glamping-tent-camping-equipment-inflatable-tent\/\">Mehr lesen<\/a><\/div>","protected":false},"featured_media":4446,"template":"","meta":[],"product_brand":[],"product_cat":[15],"product_tag":[],"class_list":{"0":"post-4447","1":"product","2":"type-product","3":"status-publish","4":"has-post-thumbnail","6":"product_cat-uncategorized","7":"tm-no-options","9":"first","10":"instock","11":"shipping-taxable","12":"purchasable","13":"product-type-variable"},"_links":{"self":[{"href":"https:\/\/uoogear.com\/de\/wp-json\/wp\/v2\/product\/4447","targetHints":{"allow":["GET"]}}],"collection":[{"href":"https:\/\/uoogear.com\/de\/wp-json\/wp\/v2\/product"}],"about":[{"href":"https:\/\/uoogear.com\/de\/wp-json\/wp\/v2\/types\/product"}],"wp:featuredmedia":[{"embeddable":true,"href":"https:\/\/uoogear.com\/de\/wp-json\/wp\/v2\/media\/4446"}],"wp:attachment":[{"href":"https:\/\/uoogear.com\/de\/wp-json\/wp\/v2\/media?parent=4447"}],"wp:term":[{"taxonomy":"product_brand","embeddable":true,"href":"https:\/\/uoogear.com\/de\/wp-json\/wp\/v2\/product_brand?post=4447"},{"taxonomy":"product_cat","embeddable":true,"href":"https:\/\/uoogear.com\/de\/wp-json\/wp\/v2\/product_cat?post=4447"},{"taxonomy":"product_tag","embeddable":true,"href":"https:\/\/uoogear.com\/de\/wp-json\/wp\/v2\/product_tag?post=4447"}],"curies":[{"name":"wp","href":"https:\/\/api.w.org\/{rel}","templated":true}]}}