{"id":4472,"date":"2023-11-13T12:59:37","date_gmt":"2023-11-13T12:59:37","guid":{"rendered":"https:\/\/uoogear.com\/product\/advanced-camping-accessories-big-inflatable-tent-waterproof-camping-glamping-outdoor-equipment-camping-inflatable-tent\/"},"modified":"2023-11-30T02:22:01","modified_gmt":"2023-11-30T02:22:01","slug":"advanced-camping-accessories-big-inflatable-tent-waterproof-camping-glamping-outdoor-equipment-camping-inflatable-tent","status":"publish","type":"product","link":"https:\/\/uoogear.com\/de\/produkt\/advanced-camping-accessories-big-inflatable-tent-waterproof-camping-glamping-outdoor-equipment-camping-inflatable-tent\/","title":{"rendered":"Erweitertes Campingzubeh\u00f6r, gro\u00dfes aufblasbares Zelt, wasserdicht, Camping, Glamping, Outdoor-Ausr\u00fcstung, Camping, aufblasbares Zelt"},"content":{"rendered":"<ul>\n<li><strong>Stoff : <\/strong> Baumwolle<\/li>\n<li><strong>Wasserdichtigkeitsindex des Au\u00dfenzeltes: <\/strong> &gt;3000 mm<\/li>\n<li><strong>Wasserdichter Index unten: <\/strong> &gt;3000 mm<\/li>\n<li><strong>Zeltstil: <\/strong> Verl\u00e4ngerter Zelthering in Rohrform<\/li>\n<li><strong>Jahreszeit : <\/strong> Vier-Jahreszeiten-Zelt<\/li>\n<li><strong>Struktur : <\/strong> Ein Schlafzimmer<\/li>\n<li><strong>Produktname : <\/strong> Aufblasbares Zelt f\u00fcr Outdoor-Camping<\/li>\n<li><strong>Farbe : <\/strong> Wei\u00df<\/li>\n<li><strong>Verwendung : <\/strong> Camping Wandern Reisen<\/li>\n<li><strong>Gr\u00f6\u00dfe : <\/strong> 500*500*245cm<\/li>\n<li><strong>Gewicht : <\/strong> 44kg<\/li>\n<li><strong>Boden : <\/strong> 300D Oxford<\/li>\n<li><strong>Kapazit\u00e4t: <\/strong> 5-8 Personen<\/li>\n<li><strong>Lieferzeit : <\/strong> 20 Tage<\/li>\n<\/ul>\n<div>\n<div data-section=\"AliPostDhMb-k8t1e\" data-section-title=\"Product Description\">\n<div>\n<p>Detailliertes Foto<\/p>\n<p>&nbsp;<\/p>\n<p><img loading=\"lazy\" decoding=\"async\" class=\"alignnone size-full wp-image-5138\" src=\"https:\/\/uoogear.com\/wp-content\/uploads\/2023\/11\/H63608db4db8a455a842461b944da215bA-6.jpg\" width=\"800\" height=\"538\" alt=\"Erweitertes Campingzubeh\u00f6r gro\u00dfes aufblasbares Zelt wasserdichtes Camping Glamping Outdoor-Ausr\u00fcstung Camping Aufblasbares Zelt\" srcset=\"https:\/\/uoogear.com\/wp-content\/uploads\/2023\/11\/H63608db4db8a455a842461b944da215bA-6.jpg 800w, https:\/\/uoogear.com\/wp-content\/uploads\/2023\/11\/H63608db4db8a455a842461b944da215bA-6-300x202.jpg 300w, https:\/\/uoogear.com\/wp-content\/uploads\/2023\/11\/H63608db4db8a455a842461b944da215bA-6-768x516.jpg 768w, https:\/\/uoogear.com\/wp-content\/uploads\/2023\/11\/H63608db4db8a455a842461b944da215bA-6-600x404.jpg 600w, https:\/\/uoogear.com\/wp-content\/uploads\/2023\/11\/H63608db4db8a455a842461b944da215bA-6-80x54.jpg 80w\" sizes=\"auto, (max-width: 800px) 100vw, 800px\" \/><img loading=\"lazy\" decoding=\"async\" src=\"\/\/sc04.alicdn.com\/kf\/H78c32d0ab3fb4bf19b471994338a6c6fI\/274217001\/H78c32d0ab3fb4bf19b471994338a6c6fI.jpg\" alt=\"Erweitertes Campingzubeh\u00f6r gro\u00dfes aufblasbares Zelt wasserdichtes Camping Glamping Outdoor-Ausr\u00fcstung Camping Aufblasbares Zelt\" width=\"750\" height=\"750\" data-src=\"\/\/sc04.alicdn.com\/kf\/H78c32d0ab3fb4bf19b471994338a6c6fI\/274217001\/H78c32d0ab3fb4bf19b471994338a6c6fI.jpg\" data-alt=\"Advanced camping accessories big inflatable tent waterproof camping glamping outdoor equipment camping Inflatable tent\" \/><img loading=\"lazy\" decoding=\"async\" src=\"\/\/sc04.alicdn.com\/kf\/H0941fcfc2ef041b0a07c5ed893273dcaX\/274217001\/H0941fcfc2ef041b0a07c5ed893273dcaX.jpg\" alt=\"Erweitertes Campingzubeh\u00f6r gro\u00dfes aufblasbares Zelt wasserdichtes Camping Glamping Outdoor-Ausr\u00fcstung Camping Aufblasbares Zelt\" width=\"750\" height=\"750\" data-src=\"\/\/sc04.alicdn.com\/kf\/H0941fcfc2ef041b0a07c5ed893273dcaX\/274217001\/H0941fcfc2ef041b0a07c5ed893273dcaX.jpg\" data-alt=\"Advanced camping accessories big inflatable tent waterproof camping glamping outdoor equipment camping Inflatable tent\" \/><img loading=\"lazy\" decoding=\"async\" src=\"\/\/sc04.alicdn.com\/kf\/H00e7be78e1e348e49574bdd7a14fadf62\/274217001\/H00e7be78e1e348e49574bdd7a14fadf62.jpg\" alt=\"Erweitertes Campingzubeh\u00f6r gro\u00dfes aufblasbares Zelt wasserdichtes Camping Glamping Outdoor-Ausr\u00fcstung Camping Aufblasbares Zelt\" width=\"750\" height=\"750\" data-src=\"\/\/sc04.alicdn.com\/kf\/H00e7be78e1e348e49574bdd7a14fadf62\/274217001\/H00e7be78e1e348e49574bdd7a14fadf62.jpg\" data-alt=\"Advanced camping accessories big inflatable tent waterproof camping glamping outdoor equipment camping Inflatable tent\" \/><img loading=\"lazy\" decoding=\"async\" src=\"\/\/sc04.alicdn.com\/kf\/H4d014a72a1a84c72af9c61ef598d9edeY\/274217001\/H4d014a72a1a84c72af9c61ef598d9edeY.jpg\" alt=\"Erweitertes Campingzubeh\u00f6r gro\u00dfes aufblasbares Zelt wasserdichtes Camping Glamping Outdoor-Ausr\u00fcstung Camping Aufblasbares Zelt\" width=\"750\" height=\"750\" data-src=\"\/\/sc04.alicdn.com\/kf\/H4d014a72a1a84c72af9c61ef598d9edeY\/274217001\/H4d014a72a1a84c72af9c61ef598d9edeY.jpg\" data-alt=\"Advanced camping accessories big inflatable tent waterproof camping glamping outdoor equipment camping Inflatable tent\" \/><img loading=\"lazy\" decoding=\"async\" src=\"\/\/sc04.alicdn.com\/kf\/H7b8bd740267e4621b6c0334e3977b3d5O\/274217001\/H7b8bd740267e4621b6c0334e3977b3d5O.jpg\" alt=\"Erweitertes Campingzubeh\u00f6r gro\u00dfes aufblasbares Zelt wasserdichtes Camping Glamping Outdoor-Ausr\u00fcstung Camping Aufblasbares Zelt\" width=\"750\" height=\"750\" data-src=\"\/\/sc04.alicdn.com\/kf\/H7b8bd740267e4621b6c0334e3977b3d5O\/274217001\/H7b8bd740267e4621b6c0334e3977b3d5O.jpg\" data-alt=\"Advanced camping accessories big inflatable tent waterproof camping glamping outdoor equipment camping Inflatable tent\" \/><img loading=\"lazy\" decoding=\"async\" src=\"\/\/sc04.alicdn.com\/kf\/H8c1ac1780f3d47b180533c50343a16b6o\/274217001\/H8c1ac1780f3d47b180533c50343a16b6o.jpg\" alt=\"Erweitertes Campingzubeh\u00f6r gro\u00dfes aufblasbares Zelt wasserdichtes Camping Glamping Outdoor-Ausr\u00fcstung Camping Aufblasbares Zelt\" width=\"750\" height=\"750\" data-src=\"\/\/sc04.alicdn.com\/kf\/H8c1ac1780f3d47b180533c50343a16b6o\/274217001\/H8c1ac1780f3d47b180533c50343a16b6o.jpg\" data-alt=\"Advanced camping accessories big inflatable tent waterproof camping glamping outdoor equipment camping Inflatable tent\" \/><\/p>\n<\/div>\n<\/div>\n<div data-section=\"AliPostDhMb-h1rt6\" data-section-title=\"FAQ\">\n<div><\/div>\n<\/div>\n<\/div>","protected":false},"excerpt":{"rendered":"<p>Stoff: Baumwolle, Wasserdichtigkeitsindex des Au\u00dfenzeltes: &gt;3000 mm, Bodenwasserdichteindex: &gt;3000 mm, Zeltstil: Erweiterter Typ, R\u00f6hrentyp, Zelthering Saison: Vierjahreszeitenzeltstruktur: Ein Schlafzimmer, Produktname: Aufblasbares Campingzelt f\u00fcr den Au\u00dfenbereich, Farbe: Wei\u00df, Verwendung: Camping, Wandern, Reisen, Gr\u00f6\u00dfe: 500 x 500 x 245 cm, Gewicht: 44 kg, Boden<\/p>\n<div class=\"read-more\"><a class=\"btn btn-fill-out\" href=\"https:\/\/uoogear.com\/de\/produkt\/advanced-camping-accessories-big-inflatable-tent-waterproof-camping-glamping-outdoor-equipment-camping-inflatable-tent\/\">Mehr lesen<\/a><\/div>","protected":false},"featured_media":4471,"template":"","meta":[],"product_brand":[],"product_cat":[15],"product_tag":[],"class_list":{"0":"post-4472","1":"product","2":"type-product","3":"status-publish","4":"has-post-thumbnail","6":"product_cat-uncategorized","7":"tm-no-options","9":"first","10":"instock","11":"shipping-taxable","12":"purchasable","13":"product-type-variable"},"_links":{"self":[{"href":"https:\/\/uoogear.com\/de\/wp-json\/wp\/v2\/product\/4472","targetHints":{"allow":["GET"]}}],"collection":[{"href":"https:\/\/uoogear.com\/de\/wp-json\/wp\/v2\/product"}],"about":[{"href":"https:\/\/uoogear.com\/de\/wp-json\/wp\/v2\/types\/product"}],"wp:featuredmedia":[{"embeddable":true,"href":"https:\/\/uoogear.com\/de\/wp-json\/wp\/v2\/media\/4471"}],"wp:attachment":[{"href":"https:\/\/uoogear.com\/de\/wp-json\/wp\/v2\/media?parent=4472"}],"wp:term":[{"taxonomy":"product_brand","embeddable":true,"href":"https:\/\/uoogear.com\/de\/wp-json\/wp\/v2\/product_brand?post=4472"},{"taxonomy":"product_cat","embeddable":true,"href":"https:\/\/uoogear.com\/de\/wp-json\/wp\/v2\/product_cat?post=4472"},{"taxonomy":"product_tag","embeddable":true,"href":"https:\/\/uoogear.com\/de\/wp-json\/wp\/v2\/product_tag?post=4472"}],"curies":[{"name":"wp","href":"https:\/\/api.w.org\/{rel}","templated":true}]}}