{"id":4507,"date":"2023-11-14T01:58:23","date_gmt":"2023-11-14T01:58:23","guid":{"rendered":"https:\/\/uoogear.com\/product\/best-price-waterproof-inflatable-air-pole-house-tent-outdoor-inflatable-camping-tent\/"},"modified":"2023-11-30T02:23:43","modified_gmt":"2023-11-30T02:23:43","slug":"best-price-waterproof-inflatable-air-pole-house-tent-outdoor-inflatable-camping-tent","status":"publish","type":"product","link":"https:\/\/uoogear.com\/de\/produkt\/best-price-waterproof-inflatable-air-pole-house-tent-outdoor-inflatable-camping-tent\/","title":{"rendered":"Bestpreis Wasserdichte Aufblasbare Air Pole Haus Zelt Im Freien Aufblasbare Camping Zelt"},"content":{"rendered":"<ul>\n<li><strong>Bereich : <\/strong> 300*210<\/li>\n<li><strong>Stoff : <\/strong> Polyester<\/li>\n<li><strong>Wasserdichtigkeitsindex des Au\u00dfenzeltes: <\/strong> &gt;3000 mm<\/li>\n<li><strong>Wasserdichter Index unten: <\/strong> &gt;3000 mm<\/li>\n<li><strong>Geb\u00e4udetyp : <\/strong> Schnelles automatisches \u00d6ffnen<\/li>\n<li><strong>Zeltstil: <\/strong> Zelthering in Rohrform<\/li>\n<li><strong>Jahreszeit : <\/strong> Vier-Jahreszeiten-Zelt<\/li>\n<li><strong>Struktur : <\/strong> Zwei Schlafzimmer<\/li>\n<li><strong>Produktname : <\/strong> Aufblasbares Campingzelt<\/li>\n<li><strong>Stil : <\/strong> Modern<\/li>\n<li><strong>Farbe : <\/strong> Kundenspezifische Farbe<\/li>\n<li><strong>Anwendung : <\/strong> Outdoor-Reisecamping<\/li>\n<li><strong>Gr\u00f6\u00dfe : <\/strong> Ma\u00dfgeschneiderte Gr\u00f6\u00dfe<\/li>\n<li><strong>Mindestbestellmenge: <\/strong> 1 St\u00fcck<\/li>\n<li><strong>Material : <\/strong> Polyester + Baumwolle<\/li>\n<li><strong>Zubeh\u00f6r : <\/strong> Pumpe + Tragetasche + Heringe + Seile<\/li>\n<li><strong>Besonderheit : <\/strong> Wasserdicht<\/li>\n<li><strong>Stichwort : <\/strong> Luxus-Campingzelt<\/li>\n<\/ul>\n<div>\n<div data-magic-global=\"%7B%22bizId%22%3A2212793521237%2C%22pageId%22%3A21200639877%2C%22siteId%22%3A10003212050%7D\">\n<div>\n<div data-section=\"AliMagic-ilf82t\" data-section-title=\"Products Description\">Produktbeschreibung<\/div>\n<\/div>\n<div>\n<div>\n<div><img decoding=\"async\" src=\"\/\/sc04.alicdn.com\/kf\/H43725afd3bec4530b9a0eefa40fd24c1h\/255148517\/H43725afd3bec4530b9a0eefa40fd24c1h.jpg\" data-src=\"\/\/sc04.alicdn.com\/kf\/H43725afd3bec4530b9a0eefa40fd24c1h\/255148517\/H43725afd3bec4530b9a0eefa40fd24c1h.jpg\" \/><\/div>\n<div><img decoding=\"async\" src=\"\/\/sc04.alicdn.com\/kf\/Haad59990b4f34f76a9c982218abf33bee\/255148517\/Haad59990b4f34f76a9c982218abf33bee.jpg\" data-src=\"\/\/sc04.alicdn.com\/kf\/Haad59990b4f34f76a9c982218abf33bee\/255148517\/Haad59990b4f34f76a9c982218abf33bee.jpg\" \/><\/div>\n<div><img decoding=\"async\" src=\"\/\/sc04.alicdn.com\/kf\/Hce4ac1a48012484b9242af5cdb11ab57o\/255148517\/Hce4ac1a48012484b9242af5cdb11ab57o.png\" data-src=\"\/\/sc04.alicdn.com\/kf\/Hce4ac1a48012484b9242af5cdb11ab57o\/255148517\/Hce4ac1a48012484b9242af5cdb11ab57o.png\" \/><\/div>\n<div><img decoding=\"async\" src=\"\/\/sc04.alicdn.com\/kf\/Hcdf30cfff2914e74bc3b9fb4f21f920dJ\/255148517\/Hcdf30cfff2914e74bc3b9fb4f21f920dJ.jpg\" data-src=\"\/\/sc04.alicdn.com\/kf\/Hcdf30cfff2914e74bc3b9fb4f21f920dJ\/255148517\/Hcdf30cfff2914e74bc3b9fb4f21f920dJ.jpg\" \/><\/div>\n<div><img decoding=\"async\" src=\"\/\/sc04.alicdn.com\/kf\/H25c5e1db115e48229ff9c02d1da2c496E\/255148517\/H25c5e1db115e48229ff9c02d1da2c496E.jpg\" data-src=\"\/\/sc04.alicdn.com\/kf\/H25c5e1db115e48229ff9c02d1da2c496E\/255148517\/H25c5e1db115e48229ff9c02d1da2c496E.jpg\" \/><\/div>\n<div><img decoding=\"async\" src=\"\/\/sc04.alicdn.com\/kf\/H6483226daf0141e9a1df7a4c0b1eb5262\/255148517\/H6483226daf0141e9a1df7a4c0b1eb5262.jpg\" data-src=\"\/\/sc04.alicdn.com\/kf\/H6483226daf0141e9a1df7a4c0b1eb5262\/255148517\/H6483226daf0141e9a1df7a4c0b1eb5262.jpg\" \/><\/div>\n<\/div>\n<\/div>\n<div><\/div>\n<div>\n<div>\n<div>\n<div>\n<div><\/div>\n<\/div>\n<\/div>\n<\/div>\n<\/div>\n<\/div>\n<\/div>","protected":false},"excerpt":{"rendered":"<p>Fl\u00e4che: 300 x 210 Stoff: Polyester Wasserdichter Index des Au\u00dfenzelts: &gt; 3000 mm Wasserdichter Index des Bodens: &gt; 3000 mm Geb\u00e4udetyp: Schnell \u00f6ffnendes Zelt mit automatischer \u00d6ffnung Stil: Rohrtyp Zelthering Saison: Vierjahreszeitenzelt Struktur: Zwei Schlafzimmer Produktname: Aufblasbar Campingzelt-Stil: Modern, Farbe: individuelle Farbanwendung:<\/p>\n<div class=\"read-more\"><a class=\"btn btn-fill-out\" href=\"https:\/\/uoogear.com\/de\/produkt\/best-price-waterproof-inflatable-air-pole-house-tent-outdoor-inflatable-camping-tent\/\">Mehr lesen<\/a><\/div>","protected":false},"featured_media":4506,"template":"","meta":[],"product_brand":[],"product_cat":[15],"product_tag":[],"class_list":{"0":"post-4507","1":"product","2":"type-product","3":"status-publish","4":"has-post-thumbnail","6":"product_cat-uncategorized","7":"tm-no-options","9":"first","10":"instock","11":"shipping-taxable","12":"purchasable","13":"product-type-variable"},"_links":{"self":[{"href":"https:\/\/uoogear.com\/de\/wp-json\/wp\/v2\/product\/4507","targetHints":{"allow":["GET"]}}],"collection":[{"href":"https:\/\/uoogear.com\/de\/wp-json\/wp\/v2\/product"}],"about":[{"href":"https:\/\/uoogear.com\/de\/wp-json\/wp\/v2\/types\/product"}],"wp:featuredmedia":[{"embeddable":true,"href":"https:\/\/uoogear.com\/de\/wp-json\/wp\/v2\/media\/4506"}],"wp:attachment":[{"href":"https:\/\/uoogear.com\/de\/wp-json\/wp\/v2\/media?parent=4507"}],"wp:term":[{"taxonomy":"product_brand","embeddable":true,"href":"https:\/\/uoogear.com\/de\/wp-json\/wp\/v2\/product_brand?post=4507"},{"taxonomy":"product_cat","embeddable":true,"href":"https:\/\/uoogear.com\/de\/wp-json\/wp\/v2\/product_cat?post=4507"},{"taxonomy":"product_tag","embeddable":true,"href":"https:\/\/uoogear.com\/de\/wp-json\/wp\/v2\/product_tag?post=4507"}],"curies":[{"name":"wp","href":"https:\/\/api.w.org\/{rel}","templated":true}]}}