{"id":4561,"date":"2023-11-14T02:06:24","date_gmt":"2023-11-14T02:06:24","guid":{"rendered":"https:\/\/uoogear.com\/product\/outdoor-inflatable-tent-camping-equipment-camping-air-tent\/"},"modified":"2023-11-30T02:40:06","modified_gmt":"2023-11-30T02:40:06","slug":"outdoor-inflatable-tent-camping-equipment-camping-air-tent","status":"publish","type":"product","link":"https:\/\/uoogear.com\/de\/produkt\/outdoor-inflatable-tent-camping-equipment-camping-air-tent\/","title":{"rendered":"Aufblasbares Zelt im Freien, Campingausr\u00fcstung, Camping-Luftzelt"},"content":{"rendered":"<ul>\n<li><strong>Stoff : <\/strong> Oxford-Stoff<\/li>\n<li><strong>Wasserdichtigkeitsindex des Au\u00dfenzeltes: <\/strong> &gt;3000 mm<\/li>\n<li><strong>Wasserdichter Index unten: <\/strong> &gt;3000 mm<\/li>\n<li><strong>Geb\u00e4udetyp : <\/strong> Schnelles automatisches \u00d6ffnen<\/li>\n<li><strong>Zeltstil: <\/strong> Zelthering in Rohrform<\/li>\n<li><strong>Jahreszeit : <\/strong> Vier-Jahreszeiten-Zelt<\/li>\n<li><strong>Struktur : <\/strong> Ein Schlafzimmer und ein Wohnzimmer<\/li>\n<li><strong>Produktname : <\/strong> CaAufblasbares Campingzelt<\/li>\n<li><strong>Verwendung : <\/strong> Outdoor-Campingausr\u00fcstung<\/li>\n<li><strong>Stil : <\/strong> Modern<\/li>\n<li><strong>Anwendung : <\/strong> Outdoor-Reisecamping<\/li>\n<li><strong>Mindestbestellmenge: <\/strong> 1 St\u00fcck<\/li>\n<li><strong>Material : <\/strong> Oxford-Stoff<\/li>\n<li><strong>Zubeh\u00f6r : <\/strong> Pumpe + Tragetasche + Heringe + Seile<\/li>\n<li><strong>Besonderheit : <\/strong> Wasserdicht<\/li>\n<li><strong>Logo: <\/strong> Angepasstes Logo akzeptieren<\/li>\n<li><strong>Funktion: <\/strong> Camping im Freien<\/li>\n<\/ul>\n<div>\n<div data-magic-global=\"%7B%22bizId%22%3A2212793521237%2C%22pageId%22%3A21225850461%2C%22siteId%22%3A10003212050%7D\">\n<div>\n<div data-section=\"AliMagic-4f64uj\" data-section-title=\"Products Description\">Produktbeschreibung<\/div>\n<\/div>\n<div>\n<div>\n<div><img decoding=\"async\" src=\"\/\/sc04.alicdn.com\/kf\/H799077670435478eb23f08d788014965z\/255148517\/H799077670435478eb23f08d788014965z.jpg\" data-src=\"\/\/sc04.alicdn.com\/kf\/H799077670435478eb23f08d788014965z\/255148517\/H799077670435478eb23f08d788014965z.jpg\" \/><\/div>\n<div><img decoding=\"async\" src=\"\/\/sc04.alicdn.com\/kf\/Hf09abb52a59a4729a58a29670b79b7b2z\/255148517\/Hf09abb52a59a4729a58a29670b79b7b2z.jpg\" data-src=\"\/\/sc04.alicdn.com\/kf\/Hf09abb52a59a4729a58a29670b79b7b2z\/255148517\/Hf09abb52a59a4729a58a29670b79b7b2z.jpg\" \/><\/div>\n<div><img decoding=\"async\" src=\"\/\/sc04.alicdn.com\/kf\/H97bc948f25a740e8a403b5d2fe80eb18J\/255148517\/H97bc948f25a740e8a403b5d2fe80eb18J.jpg\" data-src=\"\/\/sc04.alicdn.com\/kf\/H97bc948f25a740e8a403b5d2fe80eb18J\/255148517\/H97bc948f25a740e8a403b5d2fe80eb18J.jpg\" \/><\/div>\n<div><img decoding=\"async\" src=\"\/\/sc04.alicdn.com\/kf\/He88ac01cf47d4383be067b2606d84194W\/255148517\/He88ac01cf47d4383be067b2606d84194W.jpg\" data-src=\"\/\/sc04.alicdn.com\/kf\/He88ac01cf47d4383be067b2606d84194W\/255148517\/He88ac01cf47d4383be067b2606d84194W.jpg\" \/><\/div>\n<div><img decoding=\"async\" src=\"\/\/sc04.alicdn.com\/kf\/H85716bcaadfc4f5d80ca9913eacb115aF\/255148517\/H85716bcaadfc4f5d80ca9913eacb115aF.jpg\" data-src=\"\/\/sc04.alicdn.com\/kf\/H85716bcaadfc4f5d80ca9913eacb115aF\/255148517\/H85716bcaadfc4f5d80ca9913eacb115aF.jpg\" \/><\/div>\n<div><img decoding=\"async\" src=\"\/\/sc04.alicdn.com\/kf\/H704d73aedddf4986bd70e2a8010af0c0A\/255148517\/H704d73aedddf4986bd70e2a8010af0c0A.jpg\" data-src=\"\/\/sc04.alicdn.com\/kf\/H704d73aedddf4986bd70e2a8010af0c0A\/255148517\/H704d73aedddf4986bd70e2a8010af0c0A.jpg\" \/><\/div>\n<div><img decoding=\"async\" src=\"\/\/sc04.alicdn.com\/kf\/Hc89fb65da1a6420287f697c1d4ceb922c\/255148517\/Hc89fb65da1a6420287f697c1d4ceb922c.jpg\" data-src=\"\/\/sc04.alicdn.com\/kf\/Hc89fb65da1a6420287f697c1d4ceb922c\/255148517\/Hc89fb65da1a6420287f697c1d4ceb922c.jpg\" \/><\/div>\n<div><img decoding=\"async\" src=\"\/\/sc04.alicdn.com\/kf\/Hc71f68609660482b8a2f873d0a9526afD\/255148517\/Hc71f68609660482b8a2f873d0a9526afD.jpg\" data-src=\"\/\/sc04.alicdn.com\/kf\/Hc71f68609660482b8a2f873d0a9526afD\/255148517\/Hc71f68609660482b8a2f873d0a9526afD.jpg\" \/><\/div>\n<div><img decoding=\"async\" src=\"\/\/sc04.alicdn.com\/kf\/H718f349d8a454bc3b124eaa88ab3a365F\/255148517\/H718f349d8a454bc3b124eaa88ab3a365F.jpg\" data-src=\"\/\/sc04.alicdn.com\/kf\/H718f349d8a454bc3b124eaa88ab3a365F\/255148517\/H718f349d8a454bc3b124eaa88ab3a365F.jpg\" \/><\/div>\n<\/div>\n<\/div>\n<div><\/div>\n<div>\n<div>\n<div>\n<div>\n<div><\/div>\n<\/div>\n<\/div>\n<\/div>\n<\/div>\n<\/div>\n<\/div>","protected":false},"excerpt":{"rendered":"<p>Stoff: Oxford-Stoff. Wasserdichter Index des Au\u00dfenzeltes: &gt;3000 mm. Wasserdichter Index des Bodens: &gt;3000 mm. Geb\u00e4udetyp: Schnell\u00f6ffnendes Zelt mit automatischer \u00d6ffnung. Stil: Rohrtyp. Zeltpfahl-Saison: Vier-Jahreszeiten-Zeltstruktur: Ein Schlafzimmer und ein Wohnzimmer Campingzelt Verwendung: Outdoor-Campingausr\u00fcstung Stil:<\/p>\n<div class=\"read-more\"><a class=\"btn btn-fill-out\" href=\"https:\/\/uoogear.com\/de\/produkt\/outdoor-inflatable-tent-camping-equipment-camping-air-tent\/\">Mehr lesen<\/a><\/div>","protected":false},"featured_media":4559,"template":"","meta":[],"product_brand":[],"product_cat":[15],"product_tag":[],"class_list":{"0":"post-4561","1":"product","2":"type-product","3":"status-publish","4":"has-post-thumbnail","6":"product_cat-uncategorized","7":"tm-no-options","9":"first","10":"instock","11":"shipping-taxable","12":"purchasable","13":"product-type-variable"},"_links":{"self":[{"href":"https:\/\/uoogear.com\/de\/wp-json\/wp\/v2\/product\/4561","targetHints":{"allow":["GET"]}}],"collection":[{"href":"https:\/\/uoogear.com\/de\/wp-json\/wp\/v2\/product"}],"about":[{"href":"https:\/\/uoogear.com\/de\/wp-json\/wp\/v2\/types\/product"}],"wp:featuredmedia":[{"embeddable":true,"href":"https:\/\/uoogear.com\/de\/wp-json\/wp\/v2\/media\/4559"}],"wp:attachment":[{"href":"https:\/\/uoogear.com\/de\/wp-json\/wp\/v2\/media?parent=4561"}],"wp:term":[{"taxonomy":"product_brand","embeddable":true,"href":"https:\/\/uoogear.com\/de\/wp-json\/wp\/v2\/product_brand?post=4561"},{"taxonomy":"product_cat","embeddable":true,"href":"https:\/\/uoogear.com\/de\/wp-json\/wp\/v2\/product_cat?post=4561"},{"taxonomy":"product_tag","embeddable":true,"href":"https:\/\/uoogear.com\/de\/wp-json\/wp\/v2\/product_tag?post=4561"}],"curies":[{"name":"wp","href":"https:\/\/api.w.org\/{rel}","templated":true}]}}