{"id":4570,"date":"2023-11-14T02:07:03","date_gmt":"2023-11-14T02:07:03","guid":{"rendered":"https:\/\/uoogear.com\/product\/middle-east-arab-inflatable-camping-tent-outdoor-waterproof-air-pole-tent-inflatable-tent\/"},"modified":"2023-11-30T02:40:16","modified_gmt":"2023-11-30T02:40:16","slug":"middle-east-arab-inflatable-camping-tent-outdoor-waterproof-air-pole-tent-inflatable-tent","status":"publish","type":"product","link":"https:\/\/uoogear.com\/de\/produkt\/middle-east-arab-inflatable-camping-tent-outdoor-waterproof-air-pole-tent-inflatable-tent\/","title":{"rendered":"Arabisches aufblasbares Campingzelt im Nahen Osten, wasserdichtes Luftstangenzelt, aufblasbares Zelt im Freien"},"content":{"rendered":"<ul>\n<li><strong>Bereich : <\/strong> 3\u33a1-36m\u00b2<\/li>\n<li><strong>Stoff : <\/strong> Polyester<\/li>\n<li><strong>Wasserdichtigkeitsindex des Au\u00dfenzeltes: <\/strong> &gt;3000 mm<\/li>\n<li><strong>Wasserdichter Index unten: <\/strong> &gt;3000 mm<\/li>\n<li><strong>Zeltstil: <\/strong> Erweiterter Typ<\/li>\n<li><strong>Jahreszeit : <\/strong> Vier-Jahreszeiten-Zelt<\/li>\n<li><strong>Struktur : <\/strong> Ein Schlafzimmer und ein Wohnzimmer<\/li>\n<li><strong>Stichwort : <\/strong> Aufblasbares Campingzelt<\/li>\n<li><strong>Mindestbestellmenge: <\/strong> 1 Satz<\/li>\n<li><strong>Zubeh\u00f6r : <\/strong> Handpumpe, Heringe, Windseile<\/li>\n<li><strong>Logo: <\/strong> individuell angepasst<\/li>\n<li><strong>Gr\u00f6\u00dfe : <\/strong> 3\u33a1-36m\u00b2<\/li>\n<li><strong>Material : <\/strong> Polyester-Baumwolle + PVC<\/li>\n<li><strong>OEM\/ODM: <\/strong> Akzeptabler Brauch<\/li>\n<li><strong>Kapazit\u00e4t: <\/strong> 8+ Personen<\/li>\n<li><strong>Produktname : <\/strong> Aufblasbares Campingzelt<\/li>\n<li><strong>Funktion: <\/strong> Sonnenschutz vor Sonne und Regen<\/li>\n<\/ul>\n<div>\n<div data-magic-global=\"%7B%22bizId%22%3A2212793521237%2C%22pageId%22%3A21264717523%2C%22siteId%22%3A10003212050%7D\">\n<div>\n<div data-section=\"AliMagic-ieuaxk\" data-section-title=\"Products Description\">Produktbeschreibung<\/div>\n<\/div>\n<div>\n<div>\n<div><img decoding=\"async\" src=\"\/\/sc04.alicdn.com\/kf\/He4c3298ed6eb4e39bb6b5339319bad064\/255148517\/He4c3298ed6eb4e39bb6b5339319bad064.jpg\" data-src=\"\/\/sc04.alicdn.com\/kf\/He4c3298ed6eb4e39bb6b5339319bad064\/255148517\/He4c3298ed6eb4e39bb6b5339319bad064.jpg\" \/><\/div>\n<div><img decoding=\"async\" src=\"\/\/sc04.alicdn.com\/kf\/Hb9f73be253b34358b75bcfd954e38b10I\/255148517\/Hb9f73be253b34358b75bcfd954e38b10I.jpg\" data-src=\"\/\/sc04.alicdn.com\/kf\/Hb9f73be253b34358b75bcfd954e38b10I\/255148517\/Hb9f73be253b34358b75bcfd954e38b10I.jpg\" \/><\/div>\n<div><img decoding=\"async\" src=\"\/\/sc04.alicdn.com\/kf\/H2468e5ce4cd24427bdc3e866d21d03088\/255148517\/H2468e5ce4cd24427bdc3e866d21d03088.jpg\" data-src=\"\/\/sc04.alicdn.com\/kf\/H2468e5ce4cd24427bdc3e866d21d03088\/255148517\/H2468e5ce4cd24427bdc3e866d21d03088.jpg\" \/><\/div>\n<div><img decoding=\"async\" src=\"\/\/sc04.alicdn.com\/kf\/Haa267fa913844c3fa1eed088e7d3f307T\/255148517\/Haa267fa913844c3fa1eed088e7d3f307T.jpg\" data-src=\"\/\/sc04.alicdn.com\/kf\/Haa267fa913844c3fa1eed088e7d3f307T\/255148517\/Haa267fa913844c3fa1eed088e7d3f307T.jpg\" \/><\/div>\n<div><img decoding=\"async\" src=\"\/\/sc04.alicdn.com\/kf\/H32545585c7004bd6808990c88d472837F\/255148517\/H32545585c7004bd6808990c88d472837F.jpg\" data-src=\"\/\/sc04.alicdn.com\/kf\/H32545585c7004bd6808990c88d472837F\/255148517\/H32545585c7004bd6808990c88d472837F.jpg\" \/><\/div>\n<div><img decoding=\"async\" src=\"\/\/sc04.alicdn.com\/kf\/H16381039228b46eeaf9c0add0cd75658v\/255148517\/H16381039228b46eeaf9c0add0cd75658v.jpg\" data-src=\"\/\/sc04.alicdn.com\/kf\/H16381039228b46eeaf9c0add0cd75658v\/255148517\/H16381039228b46eeaf9c0add0cd75658v.jpg\" \/><\/div>\n<\/div>\n<\/div>\n<div><\/div>\n<div>\n<div>\n<div>\n<div>\n<div><\/div>\n<\/div>\n<\/div>\n<\/div>\n<\/div>\n<\/div>\n<\/div>","protected":false},"excerpt":{"rendered":"<p>Fl\u00e4che: 3\u33a1-36m\u00b2 Stoff: Polyester Wasserdichter Index des Au\u00dfenzeltes: &gt;3000 mm Wasserdichter Index des Bodens: &gt;3000 mm Zeltstil: Erweiterter Typ Saison: Vier-Jahreszeiten-Zeltstruktur: Ein Schlafzimmer und ein Wohnzimmer Stichwort: Aufblasbares Campingzelt Mindestbestellmenge: 1 Set Zubeh\u00f6r: Handpumpe, Heringe, Windseile Logo: individuell angepasst Gr\u00f6\u00dfe:<\/p>\n<div class=\"read-more\"><a class=\"btn btn-fill-out\" href=\"https:\/\/uoogear.com\/de\/produkt\/middle-east-arab-inflatable-camping-tent-outdoor-waterproof-air-pole-tent-inflatable-tent\/\">Mehr lesen<\/a><\/div>","protected":false},"featured_media":4569,"template":"","meta":[],"product_brand":[],"product_cat":[15],"product_tag":[],"class_list":{"0":"post-4570","1":"product","2":"type-product","3":"status-publish","4":"has-post-thumbnail","6":"product_cat-uncategorized","7":"tm-no-options","9":"first","10":"instock","11":"shipping-taxable","12":"purchasable","13":"product-type-variable"},"_links":{"self":[{"href":"https:\/\/uoogear.com\/de\/wp-json\/wp\/v2\/product\/4570","targetHints":{"allow":["GET"]}}],"collection":[{"href":"https:\/\/uoogear.com\/de\/wp-json\/wp\/v2\/product"}],"about":[{"href":"https:\/\/uoogear.com\/de\/wp-json\/wp\/v2\/types\/product"}],"wp:featuredmedia":[{"embeddable":true,"href":"https:\/\/uoogear.com\/de\/wp-json\/wp\/v2\/media\/4569"}],"wp:attachment":[{"href":"https:\/\/uoogear.com\/de\/wp-json\/wp\/v2\/media?parent=4570"}],"wp:term":[{"taxonomy":"product_brand","embeddable":true,"href":"https:\/\/uoogear.com\/de\/wp-json\/wp\/v2\/product_brand?post=4570"},{"taxonomy":"product_cat","embeddable":true,"href":"https:\/\/uoogear.com\/de\/wp-json\/wp\/v2\/product_cat?post=4570"},{"taxonomy":"product_tag","embeddable":true,"href":"https:\/\/uoogear.com\/de\/wp-json\/wp\/v2\/product_tag?post=4570"}],"curies":[{"name":"wp","href":"https:\/\/api.w.org\/{rel}","templated":true}]}}