{"id":4615,"date":"2023-11-14T02:09:19","date_gmt":"2023-11-14T02:09:19","guid":{"rendered":"https:\/\/uoogear.com\/product\/custom-multi-persons-camping-tent-waterproof-inflatable-house-air-family-big-tent-outdoor-inflatable-camping-house-tent\/"},"modified":"2023-11-30T02:40:55","modified_gmt":"2023-11-30T02:40:55","slug":"custom-multi-persons-camping-tent-waterproof-inflatable-house-air-family-big-tent-outdoor-inflatable-camping-house-tent","status":"publish","type":"product","link":"https:\/\/uoogear.com\/de\/produkt\/custom-multi-persons-camping-tent-waterproof-inflatable-house-air-family-big-tent-outdoor-inflatable-camping-house-tent\/","title":{"rendered":"Benutzerdefinierte Multi Personen Camping Zelt Wasserdichte Aufblasbare Haus Luft Familie Gro\u00dfe Zelt Im Freien Aufblasbare Camping Haus Zelt"},"content":{"rendered":"<ul>\n<li><strong>Bereich : <\/strong> 12,6\u33a1<\/li>\n<li><strong>Stoff : <\/strong> Polyester<\/li>\n<li><strong>Wasserdichtigkeitsindex des Au\u00dfenzeltes: <\/strong> &gt;3000 mm<\/li>\n<li><strong>Wasserdichter Index unten: <\/strong> &gt;3000 mm<\/li>\n<li><strong>Zeltstil: <\/strong> Erweiterter Typ<\/li>\n<li><strong>Jahreszeit : <\/strong> Vier-Jahreszeiten-Zelt<\/li>\n<li><strong>Struktur : <\/strong> Ein Schlafzimmer und ein Wohnzimmer<\/li>\n<li><strong>Stichwort : <\/strong> Aufblasbares Campingzelt<\/li>\n<li><strong>Mindestbestellmenge: <\/strong> 1 Satz<\/li>\n<li><strong>Farbe : <\/strong> Wei\u00df (anpassbare Farbe)<\/li>\n<li><strong>Zubeh\u00f6r : <\/strong> Handpumpe, Heringe, Windseile<\/li>\n<li><strong>Logo: <\/strong> individuell angepasst<\/li>\n<li><strong>Gr\u00f6\u00dfe : <\/strong> 420*300*255cm<\/li>\n<li><strong>Material : <\/strong> Polyester-Baumwolle + PVC<\/li>\n<li><strong>OEM\/ODM: <\/strong> Akzeptabler Brauch<\/li>\n<li><strong>Kapazit\u00e4t: <\/strong> 8+ Personen<\/li>\n<li><strong>Produktname : <\/strong> Aufblasbares Campingzelt<\/li>\n<\/ul>\n<div>\n<div data-magic-global=\"%7B%22bizId%22%3A2212793521237%2C%22pageId%22%3A21254695489%2C%22siteId%22%3A10003212050%7D\">\n<div>\n<div data-section=\"AliMagic-a1hgaa\" data-section-title=\"Products Description\">Produktbeschreibung<\/div>\n<\/div>\n<div>\n<div>\n<div><img decoding=\"async\" src=\"\/\/sc04.alicdn.com\/kf\/H45b829421df7429189feaf2c0aaedf1dM\/255148517\/H45b829421df7429189feaf2c0aaedf1dM.jpg\" data-src=\"\/\/sc04.alicdn.com\/kf\/H45b829421df7429189feaf2c0aaedf1dM\/255148517\/H45b829421df7429189feaf2c0aaedf1dM.jpg\" \/><\/div>\n<div><img decoding=\"async\" src=\"\/\/sc04.alicdn.com\/kf\/Ha86ce65a9e904bcfacdcd98f49d2e167p\/255148517\/Ha86ce65a9e904bcfacdcd98f49d2e167p.jpg\" data-src=\"\/\/sc04.alicdn.com\/kf\/Ha86ce65a9e904bcfacdcd98f49d2e167p\/255148517\/Ha86ce65a9e904bcfacdcd98f49d2e167p.jpg\" \/><\/div>\n<div><img decoding=\"async\" src=\"\/\/sc04.alicdn.com\/kf\/Hf438407597e24e21b9eb364593bf85338\/255148517\/Hf438407597e24e21b9eb364593bf85338.jpg\" data-src=\"\/\/sc04.alicdn.com\/kf\/Hf438407597e24e21b9eb364593bf85338\/255148517\/Hf438407597e24e21b9eb364593bf85338.jpg\" \/><\/div>\n<div><img decoding=\"async\" src=\"\/\/sc04.alicdn.com\/kf\/H7a4a30c313a748128d68a9af8dfda57fU\/255148517\/H7a4a30c313a748128d68a9af8dfda57fU.jpg\" data-src=\"\/\/sc04.alicdn.com\/kf\/H7a4a30c313a748128d68a9af8dfda57fU\/255148517\/H7a4a30c313a748128d68a9af8dfda57fU.jpg\" \/><\/div>\n<div><img decoding=\"async\" src=\"\/\/sc04.alicdn.com\/kf\/H91a270f4e9eb4fc1aec317f30d9efb0ei\/255148517\/H91a270f4e9eb4fc1aec317f30d9efb0ei.jpg\" data-src=\"\/\/sc04.alicdn.com\/kf\/H91a270f4e9eb4fc1aec317f30d9efb0ei\/255148517\/H91a270f4e9eb4fc1aec317f30d9efb0ei.jpg\" \/><\/div>\n<div><img decoding=\"async\" src=\"\/\/sc04.alicdn.com\/kf\/H67bca16355ac4c28a599cf5fa5728c13H\/255148517\/H67bca16355ac4c28a599cf5fa5728c13H.jpg\" data-src=\"\/\/sc04.alicdn.com\/kf\/H67bca16355ac4c28a599cf5fa5728c13H\/255148517\/H67bca16355ac4c28a599cf5fa5728c13H.jpg\" \/><\/div>\n<div><img decoding=\"async\" src=\"\/\/sc04.alicdn.com\/kf\/H3b4883ae004a4699a0e9c14c231d24f7A\/255148517\/H3b4883ae004a4699a0e9c14c231d24f7A.jpg\" data-src=\"\/\/sc04.alicdn.com\/kf\/H3b4883ae004a4699a0e9c14c231d24f7A\/255148517\/H3b4883ae004a4699a0e9c14c231d24f7A.jpg\" \/><\/div>\n<div><\/div>\n<div><\/div>\n<\/div>\n<\/div>\n<div><\/div>\n<\/div>\n<\/div>","protected":false},"excerpt":{"rendered":"<p>Fl\u00e4che: 12,6\u33a1 Stoff: Polyester Wasserdichter Index des Au\u00dfenzeltes: &gt;3000 mm Wasserdichter Index des Bodens: &gt;3000 mm Zeltstil: Erweiterter Typ Saison: Vier-Jahreszeiten-Zeltstruktur: Ein Schlafzimmer und ein Wohnzimmer Schl\u00fcsselwort: Aufblasbares Campingzelt Mindestbestellmenge: 1 Satz Farbe: Wei\u00df (anpassbare Farbe) Zubeh\u00f6r: Handpumpe, Heringe, Windseile<\/p>\n<div class=\"read-more\"><a class=\"btn btn-fill-out\" href=\"https:\/\/uoogear.com\/de\/produkt\/custom-multi-persons-camping-tent-waterproof-inflatable-house-air-family-big-tent-outdoor-inflatable-camping-house-tent\/\">Mehr lesen<\/a><\/div>","protected":false},"featured_media":4614,"template":"","meta":[],"product_brand":[],"product_cat":[15],"product_tag":[],"class_list":{"0":"post-4615","1":"product","2":"type-product","3":"status-publish","4":"has-post-thumbnail","6":"product_cat-uncategorized","7":"tm-no-options","9":"first","10":"instock","11":"shipping-taxable","12":"purchasable","13":"product-type-variable"},"_links":{"self":[{"href":"https:\/\/uoogear.com\/de\/wp-json\/wp\/v2\/product\/4615","targetHints":{"allow":["GET"]}}],"collection":[{"href":"https:\/\/uoogear.com\/de\/wp-json\/wp\/v2\/product"}],"about":[{"href":"https:\/\/uoogear.com\/de\/wp-json\/wp\/v2\/types\/product"}],"wp:featuredmedia":[{"embeddable":true,"href":"https:\/\/uoogear.com\/de\/wp-json\/wp\/v2\/media\/4614"}],"wp:attachment":[{"href":"https:\/\/uoogear.com\/de\/wp-json\/wp\/v2\/media?parent=4615"}],"wp:term":[{"taxonomy":"product_brand","embeddable":true,"href":"https:\/\/uoogear.com\/de\/wp-json\/wp\/v2\/product_brand?post=4615"},{"taxonomy":"product_cat","embeddable":true,"href":"https:\/\/uoogear.com\/de\/wp-json\/wp\/v2\/product_cat?post=4615"},{"taxonomy":"product_tag","embeddable":true,"href":"https:\/\/uoogear.com\/de\/wp-json\/wp\/v2\/product_tag?post=4615"}],"curies":[{"name":"wp","href":"https:\/\/api.w.org\/{rel}","templated":true}]}}