{"id":4705,"date":"2023-11-14T02:17:48","date_gmt":"2023-11-14T02:17:48","guid":{"rendered":"https:\/\/uoogear.com\/product\/high-quality-family-waterproof-inflatable-air-pole-glamping-outdoor-house-family-canvas-tenda-inflatable-camping-tents\/"},"modified":"2023-11-30T02:53:07","modified_gmt":"2023-11-30T02:53:07","slug":"high-quality-family-waterproof-inflatable-air-pole-glamping-outdoor-house-family-canvas-tenda-inflatable-camping-tents","status":"publish","type":"product","link":"https:\/\/uoogear.com\/de\/produkt\/high-quality-family-waterproof-inflatable-air-pole-glamping-outdoor-house-family-canvas-tenda-inflatable-camping-tents\/","title":{"rendered":"Hochwertige, wasserdichte aufblasbare Luftmast-Glamping-Au\u00dfenhausfamilie aus Segeltuch, aufblasbare Campingzelte"},"content":{"rendered":"<ul>\n<li><strong>Bereich : <\/strong> 300*210<\/li>\n<li><strong>Stoff : <\/strong> PVC+Baumwollstoff+Polyesternetz<\/li>\n<li><strong>Wasserdichtigkeitsindex des Au\u00dfenzeltes: <\/strong> &lt;1000 mm<\/li>\n<li><strong>Wasserdichter Index unten: <\/strong> &gt;3000 mm<\/li>\n<li><strong>Geb\u00e4udetyp : <\/strong> Bauen nach Bedarf<\/li>\n<li><strong>Zeltstil: <\/strong> Zelthering in Rohrform<\/li>\n<li><strong>Jahreszeit : <\/strong> Vier-Jahreszeiten-Zelt<\/li>\n<li><strong>Struktur : <\/strong> Ein Schlafzimmer<\/li>\n<li><strong>Produktname : <\/strong> Aufblasbares Campingzelt<\/li>\n<li><strong>Verwendung : <\/strong> Outdoor-Unterhaltung<\/li>\n<li><strong>Stil : <\/strong> Modern<\/li>\n<li><strong>Farbe : <\/strong> Kundenspezifische Farbe<\/li>\n<li><strong>Anwendung : <\/strong> Outdoor-Reisecamping<\/li>\n<li><strong>Gr\u00f6\u00dfe : <\/strong> Ma\u00dfgeschneiderte Gr\u00f6\u00dfe<\/li>\n<li><strong>Mindestbestellmenge: <\/strong> 1 St\u00fcck<\/li>\n<li><strong>Material : <\/strong> PVC<\/li>\n<li><strong>Zubeh\u00f6r : <\/strong> Pumpe + Tragetasche + Heringe + Seile<\/li>\n<li><strong>Besonderheit : <\/strong> Wasserdicht<\/li>\n<\/ul>\n<div>\n<div data-magic-global=\"%7B%22bizId%22%3A2212793521237%2C%22pageId%22%3A21190383259%2C%22siteId%22%3A10003212050%7D\">\n<div>\n<div data-section=\"AliMagic-nw9cap\" data-section-title=\"Products Description\" data-spm-anchor-id=\"a2700.details.0.i81.60154726kx5o5f\"><\/div>\n<\/div>\n<div>\n<div>\n<table>\n<tbody>\n<tr>\n<td>\n<div><span style=\"color: #000000; font-family: Arial;\"><span data-spm-anchor-id=\"a2700.custom-template.0.i133.65b03333DKbf22\"><strong>Produktname<\/strong><\/span><\/span><\/div>\n<\/td>\n<td>\n<div>Luftzelt<\/div>\n<\/td>\n<\/tr>\n<tr>\n<td>\n<div><span style=\"color: #000000; font-family: Arial;\"><strong>OEM-MOQ<\/strong><\/span><\/div>\n<\/td>\n<td>\n<div><span style=\"font-family: Arial;\"><span data-spm-anchor-id=\"a2700.custom-template.0.i131.65b03333DKbf22\">Akzeptieren Sie ein angepasstes \/1-Set-Muster<\/span><\/span><\/div>\n<\/td>\n<\/tr>\n<tr>\n<td>\n<div><span style=\"color: #000000; font-family: Arial;\"><strong>Farbe<\/strong><\/span><\/div>\n<\/td>\n<td>\n<div><span style=\"font-family: Arial;\"><span data-spm-anchor-id=\"a2700.custom-template.0.i132.65b03333DKbf22\">Als Bild akzeptieren Sie angepasst<\/span><\/span><\/div>\n<\/td>\n<\/tr>\n<tr>\n<td>\n<div><span style=\"color: #000000; font-family: Arial;\"><span data-spm-anchor-id=\"a2700.custom-template.0.i158.65b03333DKbf22\"><strong>Kapazit\u00e4t<\/strong><\/span><\/span><\/div>\n<\/td>\n<td>\n<div><span style=\"font-family: Arial;\">2\/3\/4\/5\/6\/7\/8 Personen (ma\u00dfgeschneiderte Kapazit\u00e4t)<\/span><\/div>\n<\/td>\n<\/tr>\n<tr>\n<td>\n<div><strong>Gr\u00f6\u00dfe<\/strong><\/div>\n<\/td>\n<td>\n<div>Kann die Gr\u00f6\u00dfe von Standardprodukten w\u00e4hlen und kundenspezifische Gr\u00f6\u00dfen akzeptieren<\/div>\n<\/td>\n<\/tr>\n<tr>\n<td>\n<div>\n<div><strong>Besonderheit<\/strong><\/div>\n<\/div>\n<\/td>\n<td>\n<div><span style=\"font-family: Arial;\">UV- und regenbest\u00e4ndig, atmungsaktiv, verhindert Splendid, gro\u00dfer Raum, stabile Struktur, gute Bel\u00fcftungsleistung, breite Anwendung, kleine Gr\u00f6\u00dfe, leicht zu tragen, einzurichten, einfaches Aufklappen, automatisch, komfortabel<\/span><\/div>\n<\/td>\n<\/tr>\n<\/tbody>\n<\/table>\n<\/div>\n<\/div>\n<div>\n<div data-section=\"AliMagic-29ms9w\" data-section-title=\"Details Images\">Details Bilder<\/div>\n<\/div>\n<div>\n<div>\n<div><img decoding=\"async\" src=\"\/\/sc04.alicdn.com\/kf\/H0d93849815d64a58844b919b5ba91fa0D\/255148517\/H0d93849815d64a58844b919b5ba91fa0D.jpg\" data-src=\"\/\/sc04.alicdn.com\/kf\/H0d93849815d64a58844b919b5ba91fa0D\/255148517\/H0d93849815d64a58844b919b5ba91fa0D.jpg\" \/><\/div>\n<div><img decoding=\"async\" src=\"\/\/sc04.alicdn.com\/kf\/Haad59990b4f34f76a9c982218abf33bee\/255148517\/Haad59990b4f34f76a9c982218abf33bee.jpg\" data-src=\"\/\/sc04.alicdn.com\/kf\/Haad59990b4f34f76a9c982218abf33bee\/255148517\/Haad59990b4f34f76a9c982218abf33bee.jpg\" \/><\/div>\n<div><img decoding=\"async\" src=\"\/\/sc04.alicdn.com\/kf\/Hd4b64d969aee4f0eaaa0e5f660cb1768m\/255148517\/Hd4b64d969aee4f0eaaa0e5f660cb1768m.jpg\" data-src=\"\/\/sc04.alicdn.com\/kf\/Hd4b64d969aee4f0eaaa0e5f660cb1768m\/255148517\/Hd4b64d969aee4f0eaaa0e5f660cb1768m.jpg\" \/><\/div>\n<div><img decoding=\"async\" src=\"\/\/sc04.alicdn.com\/kf\/H63fad25e7c4147e195846d49d2d24864e\/255148517\/H63fad25e7c4147e195846d49d2d24864e.jpg\" data-src=\"\/\/sc04.alicdn.com\/kf\/H63fad25e7c4147e195846d49d2d24864e\/255148517\/H63fad25e7c4147e195846d49d2d24864e.jpg\" \/><\/div>\n<\/div>\n<\/div>\n<div>\n<div>\n<div>\n<div>\n<div>\n<div><img decoding=\"async\" src=\"\/\/sc04.alicdn.com\/kf\/He9c856cc41994feb9bbd9f3d9db22c3fs\/255148517\/He9c856cc41994feb9bbd9f3d9db22c3fs.jpg\" data-src=\"\/\/sc04.alicdn.com\/kf\/He9c856cc41994feb9bbd9f3d9db22c3fs\/255148517\/He9c856cc41994feb9bbd9f3d9db22c3fs.jpg\" \/><\/div>\n<\/div>\n<\/div>\n<\/div>\n<\/div>\n<\/div>\n<div>\n<div>\n<div>\n<div>\n<div>\n<div><\/div>\n<\/div>\n<\/div>\n<\/div>\n<\/div>\n<\/div>\n<\/div>\n<\/div>","protected":false},"excerpt":{"rendered":"<p>Fl\u00e4che: 300*210 Stoff: PVC+Baumwollstoff+Polyesternetz Wasserdichter Index des Au\u00dfenzeltes: &lt;1000 mm Wasserdichter Index des Bodens: &gt;3000 mm Geb\u00e4udetyp: Konstruktion nach Bedarf Zeltstil: Rohrtyp Zelthering Saison: Vierjahreszeiten-Zeltstruktur: Produktname mit einem Schlafzimmer: Aufblasbares Campingzelt. Verwendung: Outdoor-Unterhaltungsstil<\/p>\n<div class=\"read-more\"><a class=\"btn btn-fill-out\" href=\"https:\/\/uoogear.com\/de\/produkt\/high-quality-family-waterproof-inflatable-air-pole-glamping-outdoor-house-family-canvas-tenda-inflatable-camping-tents\/\">Mehr lesen<\/a><\/div>","protected":false},"featured_media":4704,"template":"","meta":[],"product_brand":[],"product_cat":[15],"product_tag":[],"class_list":{"0":"post-4705","1":"product","2":"type-product","3":"status-publish","4":"has-post-thumbnail","6":"product_cat-uncategorized","7":"tm-no-options","9":"first","10":"instock","11":"shipping-taxable","12":"purchasable","13":"product-type-variable"},"_links":{"self":[{"href":"https:\/\/uoogear.com\/de\/wp-json\/wp\/v2\/product\/4705","targetHints":{"allow":["GET"]}}],"collection":[{"href":"https:\/\/uoogear.com\/de\/wp-json\/wp\/v2\/product"}],"about":[{"href":"https:\/\/uoogear.com\/de\/wp-json\/wp\/v2\/types\/product"}],"wp:featuredmedia":[{"embeddable":true,"href":"https:\/\/uoogear.com\/de\/wp-json\/wp\/v2\/media\/4704"}],"wp:attachment":[{"href":"https:\/\/uoogear.com\/de\/wp-json\/wp\/v2\/media?parent=4705"}],"wp:term":[{"taxonomy":"product_brand","embeddable":true,"href":"https:\/\/uoogear.com\/de\/wp-json\/wp\/v2\/product_brand?post=4705"},{"taxonomy":"product_cat","embeddable":true,"href":"https:\/\/uoogear.com\/de\/wp-json\/wp\/v2\/product_cat?post=4705"},{"taxonomy":"product_tag","embeddable":true,"href":"https:\/\/uoogear.com\/de\/wp-json\/wp\/v2\/product_tag?post=4705"}],"curies":[{"name":"wp","href":"https:\/\/api.w.org\/{rel}","templated":true}]}}