{"id":4802,"date":"2023-11-14T02:29:37","date_gmt":"2023-11-14T02:29:37","guid":{"rendered":"https:\/\/uoogear.com\/product\/star-home-throw-tent-outdoor-automatic-throwing-pop-up-waterproof-camping-hiking-tent-waterproof-large-family-tents\/"},"modified":"2023-11-30T02:35:27","modified_gmt":"2023-11-30T02:35:27","slug":"star-home-throw-tent-outdoor-automatic-throwing-pop-up-waterproof-camping-hiking-tent-waterproof-large-family-tents","status":"publish","type":"product","link":"https:\/\/uoogear.com\/de\/produkt\/star-home-throw-tent-outdoor-automatic-throwing-pop-up-waterproof-camping-hiking-tent-waterproof-large-family-tents\/","title":{"rendered":"STAR HOME Wurfzelt f\u00fcr den Au\u00dfenbereich, automatisches Werfen, Pop-Up, wasserdichtes Camping-Wanderzelt, wasserdichte gro\u00dfe Familienzelte"},"content":{"rendered":"<ul>\n<li><strong>Stoff : <\/strong> Oxford-Stoff<\/li>\n<li><strong>Wasserdichtigkeitsindex des Au\u00dfenzeltes: <\/strong> 2000-3000 mm<\/li>\n<li><strong>Wasserdichter Index unten: <\/strong> 2000-3000 mm<\/li>\n<li><strong>Geb\u00e4udetyp : <\/strong> Schnelles automatisches \u00d6ffnen<\/li>\n<li><strong>Zeltstil: <\/strong> Gerader Verstrebungstyp<\/li>\n<li><strong>Jahreszeit : <\/strong> Vier-Jahreszeiten-Zelt<\/li>\n<li><strong>Struktur : <\/strong> Ein Schlafzimmer<\/li>\n<li><strong>Stil : <\/strong> Aufplatzen<\/li>\n<\/ul>\n<div>\n<p>STAR HOME Wurfzelt f\u00fcr den Au\u00dfenbereich, automatische Wurfzelte, Pop-up-Wurf, wasserdicht, f\u00fcr Camping, Wandern, Zelt, wasserdicht, gro\u00dfe Familienzelte<\/p>\n<p>&nbsp;<\/p>\n<p>Star Home Family Camping-Zelte sind im Pop-up-Design konzipiert, lassen sich in 5 Sekunden \u00f6ffnen, sind faltbar, leicht zu tragen und wiegen nur 3,7 kg.<\/p>\n<p>Vermaschte T\u00fcren und Fenster, vierseitige Bel\u00fcftung, Anti-M\u00fccken- und Insektenschutz; kann in 3 Jahreszeiten verwendet werden.<\/p>\n<p>Doppelt\u00fcriges Design, einfaches Ein- und Aussteigen; Familien-Campingzelte. T\u00fcren und Fenster k\u00f6nnen vollst\u00e4ndig geschlossen werden, um die Privatsph\u00e4re zu sch\u00fctzen.<\/p>\n<p>Familien-Campingzelte mit gro\u00dfem Platz, geeignet f\u00fcr 3\u20134 Personen, Familienfreunde, zur Nutzung im Freien.<\/p>\n<p>Die hochwertigen und langlebigen Familien-Campingzelte von Star Home eignen sich gut f\u00fcr kurze Campingausfl\u00fcge mit einer kleinen Familie, einem Paar oder einer Einzelperson. Mit den Star Home Family Campingzelten k\u00f6nnen Sie die sch\u00f6nen Zeiten genie\u00dfen.<\/p>\n<p>&nbsp;<\/p>\n<p>Star Home Family Camping-Zelte sind im Pop-up-Design konzipiert, lassen sich in 5 Sekunden \u00f6ffnen, sind faltbar, leicht zu tragen und wiegen nur 3,7 kg.<\/p>\n<p>Vermaschte T\u00fcren und Fenster, vierseitige Bel\u00fcftung, Anti-M\u00fccken- und Insektenschutz; kann in 3 Jahreszeiten verwendet werden.<\/p>\n<p>Doppelt\u00fcriges Design, einfaches Ein- und Aussteigen; Familien-Campingzelte. T\u00fcren und Fenster k\u00f6nnen vollst\u00e4ndig geschlossen werden, um die Privatsph\u00e4re zu sch\u00fctzen.<\/p>\n<p>Familien-Campingzelte mit gro\u00dfem Platz, geeignet f\u00fcr 3\u20134 Personen, Familienfreunde, zur Nutzung im Freien.<\/p>\n<p>Die hochwertigen und langlebigen Familien-Campingzelte von Star Home eignen sich gut f\u00fcr kurze Campingausfl\u00fcge mit einer kleinen Familie, einem Paar oder einer Einzelperson. Mit den Star Home Family Campingzelten k\u00f6nnen Sie die sch\u00f6nen Zeiten genie\u00dfen.<\/p>\n<p>&nbsp;<\/p>\n<p><img decoding=\"async\" src=\"\/\/sc01.alicdn.com\/kf\/HTB18X7za4D1gK0jSZFyq6AiOVXaU\/222400006\/HTB18X7za4D1gK0jSZFyq6AiOVXaU.jpg\" alt=\"STAR HOME Wurfzelt f\u00fcr den Au\u00dfenbereich, automatisches Werfen, Pop-Up, wasserdichtes Camping-Wanderzelt, wasserdichte gro\u00dfe Familienzelte\" width=\"750\" height=\"671.25\" data-src=\"\/\/sc01.alicdn.com\/kf\/HTB18X7za4D1gK0jSZFyq6AiOVXaU\/222400006\/HTB18X7za4D1gK0jSZFyq6AiOVXaU.jpg\" data-alt=\"STAR HOME Throw Tent Outdoor Automatic Throwing Pop Up Waterproof Camping Hiking Tent Waterproof Large Family Tents\" \/><img decoding=\"async\" src=\"\/\/sc02.alicdn.com\/kf\/HTB10bIya1H2gK0jSZJnq6yT1FXa5\/222400006\/HTB10bIya1H2gK0jSZJnq6yT1FXa5.jpg\" alt=\"STAR HOME Wurfzelt f\u00fcr den Au\u00dfenbereich, automatisches Werfen, Pop-Up, wasserdichtes Camping-Wanderzelt, wasserdichte gro\u00dfe Familienzelte\" width=\"750\" height=\"648.75\" data-src=\"\/\/sc02.alicdn.com\/kf\/HTB10bIya1H2gK0jSZJnq6yT1FXa5\/222400006\/HTB10bIya1H2gK0jSZJnq6yT1FXa5.jpg\" data-alt=\"STAR HOME Throw Tent Outdoor Automatic Throwing Pop Up Waterproof Camping Hiking Tent Waterproof Large Family Tents\" \/><img decoding=\"async\" src=\"\/\/sc02.alicdn.com\/kf\/HTB17T.wa.z1gK0jSZLeq6z9kVXa1\/222400006\/HTB17T.wa.z1gK0jSZLeq6z9kVXa1.jpg\" alt=\"STAR HOME Wurfzelt f\u00fcr den Au\u00dfenbereich, automatisches Werfen, Pop-Up, wasserdichtes Camping-Wanderzelt, wasserdichte gro\u00dfe Familienzelte\" width=\"750\" height=\"534.375\" data-src=\"\/\/sc02.alicdn.com\/kf\/HTB17T.wa.z1gK0jSZLeq6z9kVXa1\/222400006\/HTB17T.wa.z1gK0jSZLeq6z9kVXa1.jpg\" data-alt=\"STAR HOME Throw Tent Outdoor Automatic Throwing Pop Up Waterproof Camping Hiking Tent Waterproof Large Family Tents\" \/><img loading=\"lazy\" decoding=\"async\" src=\"\/\/sc01.alicdn.com\/kf\/HTB11RIwa4D1gK0jSZFsq6zldVXaH\/222400006\/HTB11RIwa4D1gK0jSZFsq6zldVXaH.jpg\" alt=\"STAR HOME Wurfzelt f\u00fcr den Au\u00dfenbereich, automatisches Werfen, Pop-Up, wasserdichtes Camping-Wanderzelt, wasserdichte gro\u00dfe Familienzelte\" width=\"750\" height=\"600\" data-src=\"\/\/sc01.alicdn.com\/kf\/HTB11RIwa4D1gK0jSZFsq6zldVXaH\/222400006\/HTB11RIwa4D1gK0jSZFsq6zldVXaH.jpg\" data-alt=\"STAR HOME Throw Tent Outdoor Automatic Throwing Pop Up Waterproof Camping Hiking Tent Waterproof Large Family Tents\" \/><img decoding=\"async\" src=\"\/\/sc01.alicdn.com\/kf\/HTB1ypUza4D1gK0jSZFyq6AiOVXaP\/222400006\/HTB1ypUza4D1gK0jSZFyq6AiOVXaP.jpg\" alt=\"STAR HOME Wurfzelt f\u00fcr den Au\u00dfenbereich, automatisches Werfen, Pop-Up, wasserdichtes Camping-Wanderzelt, wasserdichte gro\u00dfe Familienzelte\" width=\"750\" height=\"678.75\" data-src=\"\/\/sc01.alicdn.com\/kf\/HTB1ypUza4D1gK0jSZFyq6AiOVXaP\/222400006\/HTB1ypUza4D1gK0jSZFyq6AiOVXaP.jpg\" data-alt=\"STAR HOME Throw Tent Outdoor Automatic Throwing Pop Up Waterproof Camping Hiking Tent Waterproof Large Family Tents\" \/><img decoding=\"async\" src=\"\/\/sc01.alicdn.com\/kf\/HTB1Nj3wa1T2gK0jSZFvq6xnFXXao\/222400006\/HTB1Nj3wa1T2gK0jSZFvq6xnFXXao.jpg\" alt=\"STAR HOME Wurfzelt f\u00fcr den Au\u00dfenbereich, automatisches Werfen, Pop-Up, wasserdichtes Camping-Wanderzelt, wasserdichte gro\u00dfe Familienzelte\" width=\"750\" height=\"736.875\" data-src=\"\/\/sc01.alicdn.com\/kf\/HTB1Nj3wa1T2gK0jSZFvq6xnFXXao\/222400006\/HTB1Nj3wa1T2gK0jSZFvq6xnFXXao.jpg\" data-alt=\"STAR HOME Throw Tent Outdoor Automatic Throwing Pop Up Waterproof Camping Hiking Tent Waterproof Large Family Tents\" \/><img decoding=\"async\" src=\"\/\/sc01.alicdn.com\/kf\/HTB1dAQwa1T2gK0jSZFvq6xnFXXaL\/222400006\/HTB1dAQwa1T2gK0jSZFvq6xnFXXaL.jpg\" alt=\"STAR HOME Wurfzelt f\u00fcr den Au\u00dfenbereich, automatisches Werfen, Pop-Up, wasserdichtes Camping-Wanderzelt, wasserdichte gro\u00dfe Familienzelte\" width=\"750\" height=\"786.5625\" data-src=\"\/\/sc01.alicdn.com\/kf\/HTB1dAQwa1T2gK0jSZFvq6xnFXXaL\/222400006\/HTB1dAQwa1T2gK0jSZFvq6xnFXXaL.jpg\" data-alt=\"STAR HOME Throw Tent Outdoor Automatic Throwing Pop Up Waterproof Camping Hiking Tent Waterproof Large Family Tents\" \/><img decoding=\"async\" src=\"\/\/sc01.alicdn.com\/kf\/HTB1p8swa9f2gK0jSZFPq6xsopXaJ\/222400006\/HTB1p8swa9f2gK0jSZFPq6xsopXaJ.jpg\" alt=\"STAR HOME Wurfzelt f\u00fcr den Au\u00dfenbereich, automatisches Werfen, Pop-Up, wasserdichtes Camping-Wanderzelt, wasserdichte gro\u00dfe Familienzelte\" width=\"750\" height=\"676.875\" data-src=\"\/\/sc01.alicdn.com\/kf\/HTB1p8swa9f2gK0jSZFPq6xsopXaJ\/222400006\/HTB1p8swa9f2gK0jSZFPq6xsopXaJ.jpg\" data-alt=\"STAR HOME Throw Tent Outdoor Automatic Throwing Pop Up Waterproof Camping Hiking Tent Waterproof Large Family Tents\" \/><img decoding=\"async\" src=\"\/\/sc01.alicdn.com\/kf\/HTB1f1wtaWL7gK0jSZFBq6xZZpXai\/222400006\/HTB1f1wtaWL7gK0jSZFBq6xZZpXai.jpg\" alt=\"STAR HOME Wurfzelt f\u00fcr den Au\u00dfenbereich, automatisches Werfen, Pop-Up, wasserdichtes Camping-Wanderzelt, wasserdichte gro\u00dfe Familienzelte\" width=\"750\" height=\"725.6250000000001\" data-src=\"\/\/sc01.alicdn.com\/kf\/HTB1f1wtaWL7gK0jSZFBq6xZZpXai\/222400006\/HTB1f1wtaWL7gK0jSZFBq6xZZpXai.jpg\" data-alt=\"STAR HOME Throw Tent Outdoor Automatic Throwing Pop Up Waterproof Camping Hiking Tent Waterproof Large Family Tents\" \/><img decoding=\"async\" src=\"\/\/sc01.alicdn.com\/kf\/HTB1oGoya7T2gK0jSZFkq6AIQFXa0\/222400006\/HTB1oGoya7T2gK0jSZFkq6AIQFXa0.jpg\" alt=\"STAR HOME Wurfzelt f\u00fcr den Au\u00dfenbereich, automatisches Werfen, Pop-Up, wasserdichtes Camping-Wanderzelt, wasserdichte gro\u00dfe Familienzelte\" width=\"750\" height=\"684.375\" data-src=\"\/\/sc01.alicdn.com\/kf\/HTB1oGoya7T2gK0jSZFkq6AIQFXa0\/222400006\/HTB1oGoya7T2gK0jSZFkq6AIQFXa0.jpg\" data-alt=\"STAR HOME Throw Tent Outdoor Automatic Throwing Pop Up Waterproof Camping Hiking Tent Waterproof Large Family Tents\" \/><img decoding=\"async\" src=\"\/\/sc02.alicdn.com\/kf\/HTB1W9cwa7P2gK0jSZPxq6ycQpXad\/222400006\/HTB1W9cwa7P2gK0jSZPxq6ycQpXad.jpg\" alt=\"STAR HOME Wurfzelt f\u00fcr den Au\u00dfenbereich, automatisches Werfen, Pop-Up, wasserdichtes Camping-Wanderzelt, wasserdichte gro\u00dfe Familienzelte\" width=\"750\" height=\"530.625\" data-src=\"\/\/sc02.alicdn.com\/kf\/HTB1W9cwa7P2gK0jSZPxq6ycQpXad\/222400006\/HTB1W9cwa7P2gK0jSZPxq6ycQpXad.jpg\" data-alt=\"STAR HOME Throw Tent Outdoor Automatic Throwing Pop Up Waterproof Camping Hiking Tent Waterproof Large Family Tents\" \/><img decoding=\"async\" src=\"\/\/sc02.alicdn.com\/kf\/HTB1nDsxa7T2gK0jSZPcq6AKkpXaU\/222400006\/HTB1nDsxa7T2gK0jSZPcq6AKkpXaU.jpg\" alt=\"STAR HOME Wurfzelt f\u00fcr den Au\u00dfenbereich, automatisches Werfen, Pop-Up, wasserdichtes Camping-Wanderzelt, wasserdichte gro\u00dfe Familienzelte\" width=\"750\" height=\"511.87500000000006\" data-src=\"\/\/sc02.alicdn.com\/kf\/HTB1nDsxa7T2gK0jSZPcq6AKkpXaU\/222400006\/HTB1nDsxa7T2gK0jSZPcq6AKkpXaU.jpg\" data-alt=\"STAR HOME Throw Tent Outdoor Automatic Throwing Pop Up Waterproof Camping Hiking Tent Waterproof Large Family Tents\" \/><img decoding=\"async\" src=\"\/\/sc01.alicdn.com\/kf\/HTB1xcsya1H2gK0jSZJnq6yT1FXaO\/222400006\/HTB1xcsya1H2gK0jSZJnq6yT1FXaO.jpg\" alt=\"STAR HOME Wurfzelt f\u00fcr den Au\u00dfenbereich, automatisches Werfen, Pop-Up, wasserdichtes Camping-Wanderzelt, wasserdichte gro\u00dfe Familienzelte\" width=\"750\" height=\"416.25\" data-src=\"\/\/sc01.alicdn.com\/kf\/HTB1xcsya1H2gK0jSZJnq6yT1FXaO\/222400006\/HTB1xcsya1H2gK0jSZJnq6yT1FXaO.jpg\" data-alt=\"STAR HOME Throw Tent Outdoor Automatic Throwing Pop Up Waterproof Camping Hiking Tent Waterproof Large Family Tents\" \/><img decoding=\"async\" src=\"\/\/sc01.alicdn.com\/kf\/HTB1KsAxa.T1gK0jSZFrq6ANCXXad\/222400006\/HTB1KsAxa.T1gK0jSZFrq6ANCXXad.jpg\" alt=\"STAR HOME Wurfzelt f\u00fcr den Au\u00dfenbereich, automatisches Werfen, Pop-Up, wasserdichtes Camping-Wanderzelt, wasserdichte gro\u00dfe Familienzelte\" width=\"750\" height=\"738.75\" data-src=\"\/\/sc01.alicdn.com\/kf\/HTB1KsAxa.T1gK0jSZFrq6ANCXXad\/222400006\/HTB1KsAxa.T1gK0jSZFrq6ANCXXad.jpg\" data-alt=\"STAR HOME Throw Tent Outdoor Automatic Throwing Pop Up Waterproof Camping Hiking Tent Waterproof Large Family Tents\" \/><\/p>\n<\/div>","protected":false},"excerpt":{"rendered":"<p>Stoff: Oxford-Gewebe. Wasserdichtigkeitsindex des Au\u00dfenzelts: 2000\u20133000 mm. Wasserdichter Index des Bodens: 2000\u20133000 mm. Geb\u00e4udetyp: Schnellautomatische \u00d6ffnung. Zeltstil: Gerade Verstrebungsart. Saison: Vier-Jahreszeiten-Zeltstruktur: Ein Schlafzimmer. Stil: Aufklappbares STAR HOME Werfen Zelt Outdoor Automatische Zelte Werfen Pop Up Wasserdichte Camping Wandern Zelt Wasserdicht<\/p>\n<div class=\"read-more\"><a class=\"btn btn-fill-out\" href=\"https:\/\/uoogear.com\/de\/produkt\/star-home-throw-tent-outdoor-automatic-throwing-pop-up-waterproof-camping-hiking-tent-waterproof-large-family-tents\/\">Mehr lesen<\/a><\/div>","protected":false},"featured_media":4801,"template":"","meta":[],"product_brand":[],"product_cat":[15],"product_tag":[],"class_list":{"0":"post-4802","1":"product","2":"type-product","3":"status-publish","4":"has-post-thumbnail","6":"product_cat-uncategorized","7":"tm-no-options","9":"first","10":"instock","11":"shipping-taxable","12":"purchasable","13":"product-type-variable"},"_links":{"self":[{"href":"https:\/\/uoogear.com\/de\/wp-json\/wp\/v2\/product\/4802","targetHints":{"allow":["GET"]}}],"collection":[{"href":"https:\/\/uoogear.com\/de\/wp-json\/wp\/v2\/product"}],"about":[{"href":"https:\/\/uoogear.com\/de\/wp-json\/wp\/v2\/types\/product"}],"wp:featuredmedia":[{"embeddable":true,"href":"https:\/\/uoogear.com\/de\/wp-json\/wp\/v2\/media\/4801"}],"wp:attachment":[{"href":"https:\/\/uoogear.com\/de\/wp-json\/wp\/v2\/media?parent=4802"}],"wp:term":[{"taxonomy":"product_brand","embeddable":true,"href":"https:\/\/uoogear.com\/de\/wp-json\/wp\/v2\/product_brand?post=4802"},{"taxonomy":"product_cat","embeddable":true,"href":"https:\/\/uoogear.com\/de\/wp-json\/wp\/v2\/product_cat?post=4802"},{"taxonomy":"product_tag","embeddable":true,"href":"https:\/\/uoogear.com\/de\/wp-json\/wp\/v2\/product_tag?post=4802"}],"curies":[{"name":"wp","href":"https:\/\/api.w.org\/{rel}","templated":true}]}}