{"id":4833,"date":"2023-11-14T02:33:09","date_gmt":"2023-11-14T02:33:09","guid":{"rendered":"https:\/\/uoogear.com\/product\/outdoor-automatic-tent-2-3-people-waterproof-family-tent-hiking-camping-throwing-pop-up-tent\/"},"modified":"2023-11-30T02:34:19","modified_gmt":"2023-11-30T02:34:19","slug":"outdoor-automatic-tent-2-3-people-waterproof-family-tent-hiking-camping-throwing-pop-up-tent","status":"publish","type":"product","link":"https:\/\/uoogear.com\/de\/produkt\/outdoor-automatic-tent-2-3-people-waterproof-family-tent-hiking-camping-throwing-pop-up-tent\/","title":{"rendered":"Automatisches Au\u00dfenzelt f\u00fcr 2\u20133 Personen, wasserdichtes Familienzelt, Wandern, Camping, Werfen, Pop-Up-Zelt"},"content":{"rendered":"<ul>\n<li><strong>Bereich : <\/strong> 3.5<\/li>\n<li><strong>Stoff : <\/strong> Nylon<\/li>\n<li><strong>Wasserdichtigkeitsindex des Au\u00dfenzeltes: <\/strong> 2000-3000 mm<\/li>\n<li><strong>Wasserdichter Index unten: <\/strong> 2000-3000 mm<\/li>\n<li><strong>Geb\u00e4udetyp : <\/strong> Schnelles automatisches \u00d6ffnen<\/li>\n<li><strong>Zeltstil: <\/strong> Diagonalverstrebungstyp<\/li>\n<li><strong>Jahreszeit : <\/strong> Drei-Jahreszeiten-Zelt<\/li>\n<li><strong>Struktur : <\/strong> Ein Schlafzimmer<\/li>\n<li><strong>Produktname : <\/strong> Camping Zelt<\/li>\n<li><strong>Verwendung : <\/strong> Outdoor-Camping-Wildzelt<\/li>\n<li><strong>Anwendung : <\/strong> Automatisches Zelt<\/li>\n<\/ul>\n<div>\n<p><strong>Automatisches Au\u00dfenzelt f\u00fcr 2\u20133 Personen, wasserdichtes Familienzelt, Wandern, Camping, Werfen, Pop-Up-Zelt<\/strong><\/p>\n<p>&nbsp;<\/p>\n<ul>\n<li>\n<div>Anwendbare Anzahl: 2-3 Personen<\/div>\n<div>Ma\u00dfe erweitern: 245 x 145 x 100 cm<\/div>\n<div>Farbe: Orange, Braun<\/div>\n<div>Nettogewicht: 2,45 kg<\/div>\n<div>Stoff: 210D Oxford-Stoff<\/div>\n<div>Geb\u00e4udetyp: Schnelle automatische \u00d6ffnung<\/div>\n<div>Wasserdichter Index: 2000\u20133000 mm<\/div>\n<div>Gaze: B3-Gaze mit hoher Dichte<\/div>\n<div>Grundstoff: PE<\/div>\n<div>Strebe: massives Fiberglas<\/div>\n<div>Zubeh\u00f6r: N\u00e4gel, Seil<\/div>\n<div>Anwendungen: Parkfreizeit \/ Outdoor-Camping<\/div>\n<div><\/div>\n<div>Merkmale:<\/div>\n<div>1. Leicht werfen und sofort \u00f6ffnen. Breit und durchl\u00e4ssig.<\/div>\n<div>2. Ger\u00e4umig und nicht \u00fcberf\u00fcllt f\u00fcr 2-3 Personen. Mehrere Fenster. Durchl\u00e4ssig und nicht schw\u00fcl<\/div>\n<div>3.\u00d6ffnen Sie die Verpackung, ber\u00fchren Sie das Klebeband, werfen Sie es vorsichtig heraus und es wird sofort entfaltet. Frauen k\u00f6nnen es leicht tun.<\/div>\n<div>4.Ganze T\u00fcrgaze. Schutz der Privatsph\u00e4re. Atmungsaktiv und m\u00fcckensch\u00fctzend<\/div>\n<div>5. Dick und verschlei\u00dffest. Wasserdichter PE-Zeltboden<\/div>\n<div>6. Hochwertige solide Glasfaserstrebe, kein Bruch nach mehreren Falttests. Gute Flexibilit\u00e4t und Haltbarkeit.<\/div>\n<div>7.Mit Vestibulardesign. Doppelte Vorh\u00e4nge. Humanisiertere Raumaufteilung.<\/div>\n<div>8. Vier-Eck-Entl\u00fcftung. Halten Sie die Luftzirkulation in einem vollst\u00e4ndig geschlossenen Zustand.<\/div>\n<\/li>\n<\/ul>\n<p><img loading=\"lazy\" decoding=\"async\" class=\"alignnone size-full wp-image-5141\" src=\"https:\/\/uoogear.com\/wp-content\/uploads\/2023\/11\/HTB1ak5xbBGE3KVjSZFhq6AkaFXaE.jpg\" width=\"750\" height=\"886\" alt=\"Automatisches Au\u00dfenzelt f\u00fcr 2\u20133 Personen, wasserdichtes Familienzelt, Wandern, Camping, Werfen, Pop-Up-Zelt\" srcset=\"https:\/\/uoogear.com\/wp-content\/uploads\/2023\/11\/HTB1ak5xbBGE3KVjSZFhq6AkaFXaE.jpg 750w, https:\/\/uoogear.com\/wp-content\/uploads\/2023\/11\/HTB1ak5xbBGE3KVjSZFhq6AkaFXaE-254x300.jpg 254w, https:\/\/uoogear.com\/wp-content\/uploads\/2023\/11\/HTB1ak5xbBGE3KVjSZFhq6AkaFXaE-600x709.jpg 600w, https:\/\/uoogear.com\/wp-content\/uploads\/2023\/11\/HTB1ak5xbBGE3KVjSZFhq6AkaFXaE-46x54.jpg 46w\" sizes=\"auto, (max-width: 750px) 100vw, 750px\" \/><img loading=\"lazy\" decoding=\"async\" class=\"alignnone size-full wp-image-5142\" src=\"https:\/\/uoogear.com\/wp-content\/uploads\/2023\/11\/HTB1g9qybCWD3KVjSZSgq6ACxVXa6.jpg\" width=\"750\" height=\"1224\" alt=\"Automatisches Au\u00dfenzelt f\u00fcr 2\u20133 Personen, wasserdichtes Familienzelt, Wandern, Camping, Werfen, Pop-Up-Zelt\" srcset=\"https:\/\/uoogear.com\/wp-content\/uploads\/2023\/11\/HTB1g9qybCWD3KVjSZSgq6ACxVXa6.jpg 750w, https:\/\/uoogear.com\/wp-content\/uploads\/2023\/11\/HTB1g9qybCWD3KVjSZSgq6ACxVXa6-184x300.jpg 184w, https:\/\/uoogear.com\/wp-content\/uploads\/2023\/11\/HTB1g9qybCWD3KVjSZSgq6ACxVXa6-627x1024.jpg 627w, https:\/\/uoogear.com\/wp-content\/uploads\/2023\/11\/HTB1g9qybCWD3KVjSZSgq6ACxVXa6-600x979.jpg 600w, https:\/\/uoogear.com\/wp-content\/uploads\/2023\/11\/HTB1g9qybCWD3KVjSZSgq6ACxVXa6-33x54.jpg 33w\" sizes=\"auto, (max-width: 750px) 100vw, 750px\" \/><img loading=\"lazy\" decoding=\"async\" class=\"alignnone size-full wp-image-5143\" src=\"https:\/\/uoogear.com\/wp-content\/uploads\/2023\/11\/HTB1ypKzbBSD3KVjSZFqq6A4bpXaD.jpg\" width=\"750\" height=\"1134\" alt=\"Automatisches Au\u00dfenzelt f\u00fcr 2\u20133 Personen, wasserdichtes Familienzelt, Wandern, Camping, Werfen, Pop-Up-Zelt\" srcset=\"https:\/\/uoogear.com\/wp-content\/uploads\/2023\/11\/HTB1ypKzbBSD3KVjSZFqq6A4bpXaD.jpg 750w, https:\/\/uoogear.com\/wp-content\/uploads\/2023\/11\/HTB1ypKzbBSD3KVjSZFqq6A4bpXaD-198x300.jpg 198w, https:\/\/uoogear.com\/wp-content\/uploads\/2023\/11\/HTB1ypKzbBSD3KVjSZFqq6A4bpXaD-677x1024.jpg 677w, https:\/\/uoogear.com\/wp-content\/uploads\/2023\/11\/HTB1ypKzbBSD3KVjSZFqq6A4bpXaD-600x907.jpg 600w, https:\/\/uoogear.com\/wp-content\/uploads\/2023\/11\/HTB1ypKzbBSD3KVjSZFqq6A4bpXaD-36x54.jpg 36w\" sizes=\"auto, (max-width: 750px) 100vw, 750px\" \/><img loading=\"lazy\" decoding=\"async\" class=\"alignnone size-full wp-image-5144\" src=\"https:\/\/uoogear.com\/wp-content\/uploads\/2023\/11\/HTB1qJOCbBGw3KVjSZFwq6zQ2FXag.jpg\" width=\"750\" height=\"1266\" alt=\"Automatisches Au\u00dfenzelt f\u00fcr 2\u20133 Personen, wasserdichtes Familienzelt, Wandern, Camping, Werfen, Pop-Up-Zelt\" srcset=\"https:\/\/uoogear.com\/wp-content\/uploads\/2023\/11\/HTB1qJOCbBGw3KVjSZFwq6zQ2FXag.jpg 750w, https:\/\/uoogear.com\/wp-content\/uploads\/2023\/11\/HTB1qJOCbBGw3KVjSZFwq6zQ2FXag-178x300.jpg 178w, https:\/\/uoogear.com\/wp-content\/uploads\/2023\/11\/HTB1qJOCbBGw3KVjSZFwq6zQ2FXag-607x1024.jpg 607w, https:\/\/uoogear.com\/wp-content\/uploads\/2023\/11\/HTB1qJOCbBGw3KVjSZFwq6zQ2FXag-600x1013.jpg 600w, https:\/\/uoogear.com\/wp-content\/uploads\/2023\/11\/HTB1qJOCbBGw3KVjSZFwq6zQ2FXag-32x54.jpg 32w\" sizes=\"auto, (max-width: 750px) 100vw, 750px\" \/><img loading=\"lazy\" decoding=\"async\" class=\"alignnone size-full wp-image-5145\" src=\"https:\/\/uoogear.com\/wp-content\/uploads\/2023\/11\/HTB1YfGCbBKw3KVjSZFOq6yrDVXap.jpg\" width=\"750\" height=\"822\" alt=\"Automatisches Au\u00dfenzelt f\u00fcr 2\u20133 Personen, wasserdichtes Familienzelt, Wandern, Camping, Werfen, Pop-Up-Zelt\" srcset=\"https:\/\/uoogear.com\/wp-content\/uploads\/2023\/11\/HTB1YfGCbBKw3KVjSZFOq6yrDVXap.jpg 750w, https:\/\/uoogear.com\/wp-content\/uploads\/2023\/11\/HTB1YfGCbBKw3KVjSZFOq6yrDVXap-274x300.jpg 274w, https:\/\/uoogear.com\/wp-content\/uploads\/2023\/11\/HTB1YfGCbBKw3KVjSZFOq6yrDVXap-600x658.jpg 600w, https:\/\/uoogear.com\/wp-content\/uploads\/2023\/11\/HTB1YfGCbBKw3KVjSZFOq6yrDVXap-49x54.jpg 49w\" sizes=\"auto, (max-width: 750px) 100vw, 750px\" \/><img loading=\"lazy\" decoding=\"async\" class=\"alignnone size-full wp-image-5146\" src=\"https:\/\/uoogear.com\/wp-content\/uploads\/2023\/11\/HTB1XYaybAWE3KVjSZSyq6xocXXa9.jpg\" width=\"750\" height=\"1076\" alt=\"Automatisches Au\u00dfenzelt f\u00fcr 2\u20133 Personen, wasserdichtes Familienzelt, Wandern, Camping, Werfen, Pop-Up-Zelt\" srcset=\"https:\/\/uoogear.com\/wp-content\/uploads\/2023\/11\/HTB1XYaybAWE3KVjSZSyq6xocXXa9.jpg 750w, https:\/\/uoogear.com\/wp-content\/uploads\/2023\/11\/HTB1XYaybAWE3KVjSZSyq6xocXXa9-209x300.jpg 209w, https:\/\/uoogear.com\/wp-content\/uploads\/2023\/11\/HTB1XYaybAWE3KVjSZSyq6xocXXa9-714x1024.jpg 714w, https:\/\/uoogear.com\/wp-content\/uploads\/2023\/11\/HTB1XYaybAWE3KVjSZSyq6xocXXa9-600x861.jpg 600w, https:\/\/uoogear.com\/wp-content\/uploads\/2023\/11\/HTB1XYaybAWE3KVjSZSyq6xocXXa9-38x54.jpg 38w\" sizes=\"auto, (max-width: 750px) 100vw, 750px\" \/><img loading=\"lazy\" decoding=\"async\" class=\"alignnone size-full wp-image-5147\" src=\"https:\/\/uoogear.com\/wp-content\/uploads\/2023\/11\/HTB1HUSvbwKG3KVjSZFLq6yMvXXad.jpg\" width=\"750\" height=\"497\" alt=\"Automatisches Au\u00dfenzelt f\u00fcr 2\u20133 Personen, wasserdichtes Familienzelt, Wandern, Camping, Werfen, Pop-Up-Zelt\" srcset=\"https:\/\/uoogear.com\/wp-content\/uploads\/2023\/11\/HTB1HUSvbwKG3KVjSZFLq6yMvXXad.jpg 750w, https:\/\/uoogear.com\/wp-content\/uploads\/2023\/11\/HTB1HUSvbwKG3KVjSZFLq6yMvXXad-300x199.jpg 300w, https:\/\/uoogear.com\/wp-content\/uploads\/2023\/11\/HTB1HUSvbwKG3KVjSZFLq6yMvXXad-600x398.jpg 600w, https:\/\/uoogear.com\/wp-content\/uploads\/2023\/11\/HTB1HUSvbwKG3KVjSZFLq6yMvXXad-81x54.jpg 81w\" sizes=\"auto, (max-width: 750px) 100vw, 750px\" \/><img loading=\"lazy\" decoding=\"async\" class=\"alignnone size-full wp-image-5148\" src=\"https:\/\/uoogear.com\/wp-content\/uploads\/2023\/11\/HTB1D0CwbEWF3KVjSZPhq6xclXXap.jpg\" width=\"750\" height=\"914\" alt=\"Automatisches Au\u00dfenzelt f\u00fcr 2\u20133 Personen, wasserdichtes Familienzelt, Wandern, Camping, Werfen, Pop-Up-Zelt\" srcset=\"https:\/\/uoogear.com\/wp-content\/uploads\/2023\/11\/HTB1D0CwbEWF3KVjSZPhq6xclXXap.jpg 750w, https:\/\/uoogear.com\/wp-content\/uploads\/2023\/11\/HTB1D0CwbEWF3KVjSZPhq6xclXXap-246x300.jpg 246w, https:\/\/uoogear.com\/wp-content\/uploads\/2023\/11\/HTB1D0CwbEWF3KVjSZPhq6xclXXap-600x731.jpg 600w, https:\/\/uoogear.com\/wp-content\/uploads\/2023\/11\/HTB1D0CwbEWF3KVjSZPhq6xclXXap-44x54.jpg 44w\" sizes=\"auto, (max-width: 750px) 100vw, 750px\" \/><img loading=\"lazy\" decoding=\"async\" class=\"alignnone size-full wp-image-5149\" src=\"https:\/\/uoogear.com\/wp-content\/uploads\/2023\/11\/HTB1RHuybBaE3KVjSZLeq6xsSFXap.jpg\" width=\"750\" height=\"1075\" alt=\"Automatisches Au\u00dfenzelt f\u00fcr 2\u20133 Personen, wasserdichtes Familienzelt, Wandern, Camping, Werfen, Pop-Up-Zelt\" srcset=\"https:\/\/uoogear.com\/wp-content\/uploads\/2023\/11\/HTB1RHuybBaE3KVjSZLeq6xsSFXap.jpg 750w, https:\/\/uoogear.com\/wp-content\/uploads\/2023\/11\/HTB1RHuybBaE3KVjSZLeq6xsSFXap-209x300.jpg 209w, https:\/\/uoogear.com\/wp-content\/uploads\/2023\/11\/HTB1RHuybBaE3KVjSZLeq6xsSFXap-714x1024.jpg 714w, https:\/\/uoogear.com\/wp-content\/uploads\/2023\/11\/HTB1RHuybBaE3KVjSZLeq6xsSFXap-600x860.jpg 600w, https:\/\/uoogear.com\/wp-content\/uploads\/2023\/11\/HTB1RHuybBaE3KVjSZLeq6xsSFXap-38x54.jpg 38w\" sizes=\"auto, (max-width: 750px) 100vw, 750px\" \/><img loading=\"lazy\" decoding=\"async\" class=\"alignnone size-full wp-image-5150\" src=\"https:\/\/uoogear.com\/wp-content\/uploads\/2023\/11\/HTB1kv9CbBKw3KVjSZFOq6yrDVXaO.jpg\" width=\"750\" height=\"951\" alt=\"Automatisches Au\u00dfenzelt f\u00fcr 2\u20133 Personen, wasserdichtes Familienzelt, Wandern, Camping, Werfen, Pop-Up-Zelt\" srcset=\"https:\/\/uoogear.com\/wp-content\/uploads\/2023\/11\/HTB1kv9CbBKw3KVjSZFOq6yrDVXaO.jpg 750w, https:\/\/uoogear.com\/wp-content\/uploads\/2023\/11\/HTB1kv9CbBKw3KVjSZFOq6yrDVXaO-237x300.jpg 237w, https:\/\/uoogear.com\/wp-content\/uploads\/2023\/11\/HTB1kv9CbBKw3KVjSZFOq6yrDVXaO-600x761.jpg 600w, https:\/\/uoogear.com\/wp-content\/uploads\/2023\/11\/HTB1kv9CbBKw3KVjSZFOq6yrDVXaO-43x54.jpg 43w\" sizes=\"auto, (max-width: 750px) 100vw, 750px\" \/><img loading=\"lazy\" decoding=\"async\" class=\"alignnone size-full wp-image-5151\" src=\"https:\/\/uoogear.com\/wp-content\/uploads\/2023\/11\/HTB1eGWwbEKF3KVjSZFEq6xExFXac.jpg\" width=\"750\" height=\"505\" alt=\"Automatisches Au\u00dfenzelt f\u00fcr 2\u20133 Personen, wasserdichtes Familienzelt, Wandern, Camping, Werfen, Pop-Up-Zelt\" srcset=\"https:\/\/uoogear.com\/wp-content\/uploads\/2023\/11\/HTB1eGWwbEKF3KVjSZFEq6xExFXac.jpg 750w, https:\/\/uoogear.com\/wp-content\/uploads\/2023\/11\/HTB1eGWwbEKF3KVjSZFEq6xExFXac-300x202.jpg 300w, https:\/\/uoogear.com\/wp-content\/uploads\/2023\/11\/HTB1eGWwbEKF3KVjSZFEq6xExFXac-600x404.jpg 600w, https:\/\/uoogear.com\/wp-content\/uploads\/2023\/11\/HTB1eGWwbEKF3KVjSZFEq6xExFXac-80x54.jpg 80w\" sizes=\"auto, (max-width: 750px) 100vw, 750px\" \/><\/p>\n<\/div>","protected":false},"excerpt":{"rendered":"<p>Fl\u00e4che: 3,5 Stoff: Nylon Wasserdichter Index des Au\u00dfenzeltes: 2000\u20133000 mm Wasserdichter Index des Bodens: 2000\u20133000 mm Geb\u00e4udetyp: Schnellautomatisches \u00d6ffnungszelt Stil: Diagonalverstrebungstyp Saison: Drei-Jahreszeiten-Zeltstruktur: Ein Schlafzimmer Produktname: Campingzelt Verwendung: Outdoor-Camping-Wildzelt. Anwendung: Automatisches Zelt im Freien<\/p>\n<div class=\"read-more\"><a class=\"btn btn-fill-out\" href=\"https:\/\/uoogear.com\/de\/produkt\/outdoor-automatic-tent-2-3-people-waterproof-family-tent-hiking-camping-throwing-pop-up-tent\/\">Mehr lesen<\/a><\/div>","protected":false},"featured_media":4831,"template":"","meta":[],"product_brand":[],"product_cat":[15],"product_tag":[],"class_list":{"0":"post-4833","1":"product","2":"type-product","3":"status-publish","4":"has-post-thumbnail","6":"product_cat-uncategorized","7":"tm-no-options","9":"first","10":"instock","11":"shipping-taxable","12":"purchasable","13":"product-type-variable"},"_links":{"self":[{"href":"https:\/\/uoogear.com\/de\/wp-json\/wp\/v2\/product\/4833","targetHints":{"allow":["GET"]}}],"collection":[{"href":"https:\/\/uoogear.com\/de\/wp-json\/wp\/v2\/product"}],"about":[{"href":"https:\/\/uoogear.com\/de\/wp-json\/wp\/v2\/types\/product"}],"wp:featuredmedia":[{"embeddable":true,"href":"https:\/\/uoogear.com\/de\/wp-json\/wp\/v2\/media\/4831"}],"wp:attachment":[{"href":"https:\/\/uoogear.com\/de\/wp-json\/wp\/v2\/media?parent=4833"}],"wp:term":[{"taxonomy":"product_brand","embeddable":true,"href":"https:\/\/uoogear.com\/de\/wp-json\/wp\/v2\/product_brand?post=4833"},{"taxonomy":"product_cat","embeddable":true,"href":"https:\/\/uoogear.com\/de\/wp-json\/wp\/v2\/product_cat?post=4833"},{"taxonomy":"product_tag","embeddable":true,"href":"https:\/\/uoogear.com\/de\/wp-json\/wp\/v2\/product_tag?post=4833"}],"curies":[{"name":"wp","href":"https:\/\/api.w.org\/{rel}","templated":true}]}}