{"id":4852,"date":"2023-11-14T02:34:28","date_gmt":"2023-11-14T02:34:28","guid":{"rendered":"https:\/\/uoogear.com\/product\/large-throw-tent-outdoor-3-4-persons-automatic-speed-open-throwing-pop-up-windproof-waterproof-beach-camping-tent-large-space\/"},"modified":"2023-11-30T02:37:17","modified_gmt":"2023-11-30T02:37:17","slug":"large-throw-tent-outdoor-3-4-persons-automatic-speed-open-throwing-pop-up-windproof-waterproof-beach-camping-tent-large-space","status":"publish","type":"product","link":"https:\/\/uoogear.com\/de\/produkt\/large-throw-tent-outdoor-3-4-persons-automatic-speed-open-throwing-pop-up-windproof-waterproof-beach-camping-tent-large-space\/","title":{"rendered":"Gro\u00dfes Wurfzelt f\u00fcr den Au\u00dfenbereich, 3\u20134 Personen, automatische Geschwindigkeit, offenes Wurfzelt, winddicht, wasserdicht, Strand-Campingzelt, gro\u00dfer Raum"},"content":{"rendered":"<ul>\n<li><strong>Stangenmaterial: <\/strong> Glasfaser<\/li>\n<li><strong>Typ : <\/strong> Zelt f\u00fcr 3 \u2013 4 Personen<\/li>\n<li><strong>Stoff : <\/strong> Oxford-Stoff<\/li>\n<li><strong>Lagen : <\/strong> Doppelt<\/li>\n<\/ul>\n<div>\n<p>Gro\u00dfes Wurfzelt f\u00fcr den Au\u00dfenbereich, 3\u20134 Personen, automatische Geschwindigkeit, offenes Wurfzelt, winddicht, wasserdicht, Strand-Campingzelt, gro\u00dfer Raum<\/p>\n<p>1, Familiencampingzelte haben ein Pop-up-Design, \u00f6ffnen sich in 5 Sekunden, sind faltbar, leicht zu tragen und wiegen nur 3,7 kg.<\/p>\n<p>2, vermaschte T\u00fcren und Fenster, vierseitige Bel\u00fcftung, Anti-M\u00fccken und Insekten; kann in 3 Jahreszeiten verwendet werden.<\/p>\n<p>3, Doppelt\u00fcriges Design, einfaches Ein- und Aussteigen; Familien-Campingzelte. T\u00fcren und Fenster k\u00f6nnen vollst\u00e4ndig geschlossen werden, um die Privatsph\u00e4re zu sch\u00fctzen.<\/p>\n<p>4, Familiencampingzelte mit gro\u00dfem Raum, geeignet f\u00fcr 3-4 Personen, Familienfreunde, zur Nutzung im Freien.<\/p>\n<p>5. Die hochwertigen und langlebigen Familien-Campingzelte von Star Home eignen sich gut f\u00fcr kurze Campingausfl\u00fcge mit einer kleinen Familie, einem Paar oder einer Einzelperson. Mit den Star Home Family Campingzelten k\u00f6nnen Sie die sch\u00f6nen Zeiten genie\u00dfen.<\/p>\n<p>&nbsp;<\/p>\n<p><img decoding=\"async\" src=\"\/\/sc02.alicdn.com\/kf\/HTB1nNN1aubviK0jSZFNq6yApXXat\/222400006\/HTB1nNN1aubviK0jSZFNq6yApXXat.jpg\" alt=\"Gro\u00dfes Wurfzelt f\u00fcr den Au\u00dfenbereich, 3\u20134 Personen, automatische Geschwindigkeit, offenes Wurfzelt, winddicht, wasserdicht, Strand-Campingzelt, gro\u00dfer Raum\" width=\"750\" height=\"671.25\" data-src=\"\/\/sc02.alicdn.com\/kf\/HTB1nNN1aubviK0jSZFNq6yApXXat\/222400006\/HTB1nNN1aubviK0jSZFNq6yApXXat.jpg\" data-alt=\"Large throw tent outdoor 3-4 persons automatic speed open throwing pop up windproof waterproof beach camping tent large space\" \/><img decoding=\"async\" src=\"\/\/sc01.alicdn.com\/kf\/HTB1Fy3za1H2gK0jSZJnq6yT1FXaw\/222400006\/HTB1Fy3za1H2gK0jSZJnq6yT1FXaw.jpg\" alt=\"Gro\u00dfes Wurfzelt f\u00fcr den Au\u00dfenbereich, 3\u20134 Personen, automatische Geschwindigkeit, offenes Wurfzelt, winddicht, wasserdicht, Strand-Campingzelt, gro\u00dfer Raum\" width=\"750\" height=\"648.75\" data-src=\"\/\/sc01.alicdn.com\/kf\/HTB1Fy3za1H2gK0jSZJnq6yT1FXaw\/222400006\/HTB1Fy3za1H2gK0jSZJnq6yT1FXaw.jpg\" data-alt=\"Large throw tent outdoor 3-4 persons automatic speed open throwing pop up windproof waterproof beach camping tent large space\" \/><img decoding=\"async\" src=\"\/\/sc01.alicdn.com\/kf\/HTB1LwZza7L0gK0jSZFAq6AA9pXaD\/222400006\/HTB1LwZza7L0gK0jSZFAq6AA9pXaD.jpg\" alt=\"Gro\u00dfes Wurfzelt f\u00fcr den Au\u00dfenbereich, 3\u20134 Personen, automatische Geschwindigkeit, offenes Wurfzelt, winddicht, wasserdicht, Strand-Campingzelt, gro\u00dfer Raum\" width=\"750\" height=\"881.25\" data-src=\"\/\/sc01.alicdn.com\/kf\/HTB1LwZza7L0gK0jSZFAq6AA9pXaD\/222400006\/HTB1LwZza7L0gK0jSZFAq6AA9pXaD.jpg\" data-alt=\"Large throw tent outdoor 3-4 persons automatic speed open throwing pop up windproof waterproof beach camping tent large space\" \/><img decoding=\"async\" src=\"\/\/sc01.alicdn.com\/kf\/HTB1zyUya.D1gK0jSZFGq6zd3FXab\/222400006\/HTB1zyUya.D1gK0jSZFGq6zd3FXab.jpg\" alt=\"Gro\u00dfes Wurfzelt f\u00fcr den Au\u00dfenbereich, 3\u20134 Personen, automatische Geschwindigkeit, offenes Wurfzelt, winddicht, wasserdicht, Strand-Campingzelt, gro\u00dfer Raum\" width=\"750\" height=\"534.375\" data-src=\"\/\/sc01.alicdn.com\/kf\/HTB1zyUya.D1gK0jSZFGq6zd3FXab\/222400006\/HTB1zyUya.D1gK0jSZFGq6zd3FXab.jpg\" data-alt=\"Large throw tent outdoor 3-4 persons automatic speed open throwing pop up windproof waterproof beach camping tent large space\" \/><img loading=\"lazy\" decoding=\"async\" src=\"\/\/sc01.alicdn.com\/kf\/HTB1Ko3ya5_1gK0jSZFqq6ApaXXa8\/222400006\/HTB1Ko3ya5_1gK0jSZFqq6ApaXXa8.jpg\" alt=\"Gro\u00dfes Wurfzelt f\u00fcr den Au\u00dfenbereich, 3\u20134 Personen, automatische Geschwindigkeit, offenes Wurfzelt, winddicht, wasserdicht, Strand-Campingzelt, gro\u00dfer Raum\" width=\"750\" height=\"600\" data-src=\"\/\/sc01.alicdn.com\/kf\/HTB1Ko3ya5_1gK0jSZFqq6ApaXXa8\/222400006\/HTB1Ko3ya5_1gK0jSZFqq6ApaXXa8.jpg\" data-alt=\"Large throw tent outdoor 3-4 persons automatic speed open throwing pop up windproof waterproof beach camping tent large space\" \/><img decoding=\"async\" src=\"\/\/sc02.alicdn.com\/kf\/HTB1Hi7ya.T1gK0jSZFrq6ANCXXaS\/222400006\/HTB1Hi7ya.T1gK0jSZFrq6ANCXXaS.jpg\" alt=\"Gro\u00dfes Wurfzelt f\u00fcr den Au\u00dfenbereich, 3\u20134 Personen, automatische Geschwindigkeit, offenes Wurfzelt, winddicht, wasserdicht, Strand-Campingzelt, gro\u00dfer Raum\" width=\"750\" height=\"678.75\" data-src=\"\/\/sc02.alicdn.com\/kf\/HTB1Hi7ya.T1gK0jSZFrq6ANCXXaS\/222400006\/HTB1Hi7ya.T1gK0jSZFrq6ANCXXaS.jpg\" data-alt=\"Large throw tent outdoor 3-4 persons automatic speed open throwing pop up windproof waterproof beach camping tent large space\" \/><img decoding=\"async\" src=\"\/\/sc01.alicdn.com\/kf\/HTB1bxR1aubviK0jSZFNq6yApXXaI\/222400006\/HTB1bxR1aubviK0jSZFNq6yApXXaI.jpg\" alt=\"Gro\u00dfes Wurfzelt f\u00fcr den Au\u00dfenbereich, 3\u20134 Personen, automatische Geschwindigkeit, offenes Wurfzelt, winddicht, wasserdicht, Strand-Campingzelt, gro\u00dfer Raum\" width=\"750\" height=\"736.875\" data-src=\"\/\/sc01.alicdn.com\/kf\/HTB1bxR1aubviK0jSZFNq6yApXXaI\/222400006\/HTB1bxR1aubviK0jSZFNq6yApXXaI.jpg\" data-alt=\"Large throw tent outdoor 3-4 persons automatic speed open throwing pop up windproof waterproof beach camping tent large space\" \/><img decoding=\"async\" src=\"\/\/sc01.alicdn.com\/kf\/HTB1rewya2b2gK0jSZK9q6yEgFXae\/222400006\/HTB1rewya2b2gK0jSZK9q6yEgFXae.jpg\" alt=\"Gro\u00dfes Wurfzelt f\u00fcr den Au\u00dfenbereich, 3\u20134 Personen, automatische Geschwindigkeit, offenes Wurfzelt, winddicht, wasserdicht, Strand-Campingzelt, gro\u00dfer Raum\" width=\"750\" height=\"786.5625\" data-src=\"\/\/sc01.alicdn.com\/kf\/HTB1rewya2b2gK0jSZK9q6yEgFXae\/222400006\/HTB1rewya2b2gK0jSZK9q6yEgFXae.jpg\" data-alt=\"Large throw tent outdoor 3-4 persons automatic speed open throwing pop up windproof waterproof beach camping tent large space\" \/><img decoding=\"async\" src=\"\/\/sc01.alicdn.com\/kf\/HTB1lMEAaYH1gK0jSZFwq6A7aXXaG\/222400006\/HTB1lMEAaYH1gK0jSZFwq6A7aXXaG.jpg\" alt=\"Gro\u00dfes Wurfzelt f\u00fcr den Au\u00dfenbereich, 3\u20134 Personen, automatische Geschwindigkeit, offenes Wurfzelt, winddicht, wasserdicht, Strand-Campingzelt, gro\u00dfer Raum\" width=\"750\" height=\"676.875\" data-src=\"\/\/sc01.alicdn.com\/kf\/HTB1lMEAaYH1gK0jSZFwq6A7aXXaG\/222400006\/HTB1lMEAaYH1gK0jSZFwq6A7aXXaG.jpg\" data-alt=\"Large throw tent outdoor 3-4 persons automatic speed open throwing pop up windproof waterproof beach camping tent large space\" \/><img decoding=\"async\" src=\"\/\/sc01.alicdn.com\/kf\/HTB1U4wya7Y2gK0jSZFgq6A5OFXaP\/222400006\/HTB1U4wya7Y2gK0jSZFgq6A5OFXaP.jpg\" alt=\"Gro\u00dfes Wurfzelt f\u00fcr den Au\u00dfenbereich, 3\u20134 Personen, automatische Geschwindigkeit, offenes Wurfzelt, winddicht, wasserdicht, Strand-Campingzelt, gro\u00dfer Raum\" width=\"750\" height=\"725.6250000000001\" data-src=\"\/\/sc01.alicdn.com\/kf\/HTB1U4wya7Y2gK0jSZFgq6A5OFXaP\/222400006\/HTB1U4wya7Y2gK0jSZFgq6A5OFXaP.jpg\" data-alt=\"Large throw tent outdoor 3-4 persons automatic speed open throwing pop up windproof waterproof beach camping tent large space\" \/><img decoding=\"async\" src=\"\/\/sc01.alicdn.com\/kf\/HTB1ZuMya2b2gK0jSZK9q6yEgFXad\/222400006\/HTB1ZuMya2b2gK0jSZK9q6yEgFXad.jpg\" alt=\"Gro\u00dfes Wurfzelt f\u00fcr den Au\u00dfenbereich, 3\u20134 Personen, automatische Geschwindigkeit, offenes Wurfzelt, winddicht, wasserdicht, Strand-Campingzelt, gro\u00dfer Raum\" width=\"750\" height=\"684.375\" data-src=\"\/\/sc01.alicdn.com\/kf\/HTB1ZuMya2b2gK0jSZK9q6yEgFXad\/222400006\/HTB1ZuMya2b2gK0jSZK9q6yEgFXad.jpg\" data-alt=\"Large throw tent outdoor 3-4 persons automatic speed open throwing pop up windproof waterproof beach camping tent large space\" \/><img decoding=\"async\" src=\"\/\/sc02.alicdn.com\/kf\/HTB1cgUya7P2gK0jSZPxq6ycQpXaD\/222400006\/HTB1cgUya7P2gK0jSZPxq6ycQpXaD.jpg\" alt=\"Gro\u00dfes Wurfzelt f\u00fcr den Au\u00dfenbereich, 3\u20134 Personen, automatische Geschwindigkeit, offenes Wurfzelt, winddicht, wasserdicht, Strand-Campingzelt, gro\u00dfer Raum\" width=\"750\" height=\"1042.5\" data-src=\"\/\/sc02.alicdn.com\/kf\/HTB1cgUya7P2gK0jSZPxq6ycQpXaD\/222400006\/HTB1cgUya7P2gK0jSZPxq6ycQpXaD.jpg\" data-alt=\"Large throw tent outdoor 3-4 persons automatic speed open throwing pop up windproof waterproof beach camping tent large space\" \/><img decoding=\"async\" src=\"\/\/sc02.alicdn.com\/kf\/HTB1v_ZzaYr1gK0jSZR0q6zP8XXaj\/222400006\/HTB1v_ZzaYr1gK0jSZR0q6zP8XXaj.jpg\" alt=\"Gro\u00dfes Wurfzelt f\u00fcr den Au\u00dfenbereich, 3\u20134 Personen, automatische Geschwindigkeit, offenes Wurfzelt, winddicht, wasserdicht, Strand-Campingzelt, gro\u00dfer Raum\" width=\"750\" height=\"935.625\" data-src=\"\/\/sc02.alicdn.com\/kf\/HTB1v_ZzaYr1gK0jSZR0q6zP8XXaj\/222400006\/HTB1v_ZzaYr1gK0jSZR0q6zP8XXaj.jpg\" data-alt=\"Large throw tent outdoor 3-4 persons automatic speed open throwing pop up windproof waterproof beach camping tent large space\" \/><img decoding=\"async\" src=\"\/\/sc01.alicdn.com\/kf\/HTB1KH7BaYj1gK0jSZFOq6A7GpXag\/222400006\/HTB1KH7BaYj1gK0jSZFOq6A7GpXag.jpg\" alt=\"Gro\u00dfes Wurfzelt f\u00fcr den Au\u00dfenbereich, 3\u20134 Personen, automatische Geschwindigkeit, offenes Wurfzelt, winddicht, wasserdicht, Strand-Campingzelt, gro\u00dfer Raum\" width=\"750\" height=\"736.875\" data-src=\"\/\/sc01.alicdn.com\/kf\/HTB1KH7BaYj1gK0jSZFOq6A7GpXag\/222400006\/HTB1KH7BaYj1gK0jSZFOq6A7GpXag.jpg\" data-alt=\"Large throw tent outdoor 3-4 persons automatic speed open throwing pop up windproof waterproof beach camping tent large space\" \/><\/p>\n<\/div>","protected":false},"excerpt":{"rendered":"<p>Stangenmaterial: Glasfaser Typ: Zelt f\u00fcr 3\u20134 Personen Stoff: Oxford-Stoff Schichten: Doppeltes gro\u00dfes Wurfzelt f\u00fcr 3\u20134 Personen im Freien, automatische Geschwindigkeit, offenes Wurf-Pop-up, winddicht, wasserdicht, Strand-Campingzelt, gro\u00dfer Raum 1, Familien-Campingzelte sind Pop-up-Design , in 5 Sekunden ge\u00f6ffnet; faltbar, leicht zu tragen, nur 3,7 kg. 2, Maschent\u00fcren<\/p>\n<div class=\"read-more\"><a class=\"btn btn-fill-out\" href=\"https:\/\/uoogear.com\/de\/produkt\/large-throw-tent-outdoor-3-4-persons-automatic-speed-open-throwing-pop-up-windproof-waterproof-beach-camping-tent-large-space\/\">Mehr lesen<\/a><\/div>","protected":false},"featured_media":4850,"template":"","meta":[],"product_brand":[],"product_cat":[15],"product_tag":[],"class_list":{"0":"post-4852","1":"product","2":"type-product","3":"status-publish","4":"has-post-thumbnail","6":"product_cat-uncategorized","7":"tm-no-options","9":"first","10":"instock","11":"shipping-taxable","12":"purchasable","13":"product-type-variable"},"_links":{"self":[{"href":"https:\/\/uoogear.com\/de\/wp-json\/wp\/v2\/product\/4852","targetHints":{"allow":["GET"]}}],"collection":[{"href":"https:\/\/uoogear.com\/de\/wp-json\/wp\/v2\/product"}],"about":[{"href":"https:\/\/uoogear.com\/de\/wp-json\/wp\/v2\/types\/product"}],"wp:featuredmedia":[{"embeddable":true,"href":"https:\/\/uoogear.com\/de\/wp-json\/wp\/v2\/media\/4850"}],"wp:attachment":[{"href":"https:\/\/uoogear.com\/de\/wp-json\/wp\/v2\/media?parent=4852"}],"wp:term":[{"taxonomy":"product_brand","embeddable":true,"href":"https:\/\/uoogear.com\/de\/wp-json\/wp\/v2\/product_brand?post=4852"},{"taxonomy":"product_cat","embeddable":true,"href":"https:\/\/uoogear.com\/de\/wp-json\/wp\/v2\/product_cat?post=4852"},{"taxonomy":"product_tag","embeddable":true,"href":"https:\/\/uoogear.com\/de\/wp-json\/wp\/v2\/product_tag?post=4852"}],"curies":[{"name":"wp","href":"https:\/\/api.w.org\/{rel}","templated":true}]}}