{"id":4867,"date":"2023-11-14T02:55:03","date_gmt":"2023-11-14T02:55:03","guid":{"rendered":"https:\/\/uoogear.com\/product\/npot-customized-rooftop-car-tent-roof-rooftop-roof-tent-4-person-rooftop-tent-hard-shell\/"},"modified":"2023-11-30T08:54:13","modified_gmt":"2023-11-30T08:54:13","slug":"npot-customized-rooftop-car-tent-roof-rooftop-roof-tent-4-person-rooftop-tent-hard-shell","status":"publish","type":"product","link":"https:\/\/uoogear.com\/de\/produkt\/npot-customized-rooftop-car-tent-roof-rooftop-roof-tent-4-person-rooftop-tent-hard-shell\/","title":{"rendered":"NPOT Ma\u00dfgeschneidertes Autodachzelt Dach Dachzelt 4-Personen-Dachzelt Hartschale"},"content":{"rendered":"<ul>\n<li><strong>Bereich : <\/strong> 0,54qm<\/li>\n<li><strong>Stoff : <\/strong> Canvas\/Oxford-Stoff<\/li>\n<li><strong>Wasserdichtigkeitsindex des Au\u00dfenzeltes: <\/strong> 2000-3000 mm<\/li>\n<li><strong>Wasserdichter Index unten: <\/strong> &gt;3000 mm<\/li>\n<li><strong>Zeltstil: <\/strong> Tarn-\/Feldspiel<\/li>\n<li><strong>Jahreszeit : <\/strong> Drei-Jahreszeiten-Zelt, Vier-Jahreszeiten-Zelt<\/li>\n<li><strong>Struktur : <\/strong> Zwei Schlafzimmer<\/li>\n<li><strong>Typ : <\/strong> Autozelt auf dem Dach<\/li>\n<li><strong>Farbe : <\/strong> Metall<\/li>\n<li><strong>Funktion: <\/strong> Schnell zu \u00f6ffnendes Campingzelt<\/li>\n<li><strong>Besonderheit : <\/strong> UV-best\u00e4ndig 50+<\/li>\n<li><strong>Fliege : <\/strong> 420D-Polyester<\/li>\n<li><strong>Stangenmaterial: <\/strong> Aluminium<\/li>\n<li><strong>Gr\u00f6\u00dfe : <\/strong> 168 cm * 210 cm * 130 cm<\/li>\n<li><strong>Gewicht : <\/strong> 76,1 kg<\/li>\n<\/ul>\n<div>\n<div data-section=\"AliPostDhMb-cm8h5\" data-section-title=\"Product Description\">\n<div>Produktbeschreibung<\/div>\n<div>\n<p>&nbsp;<\/p>\n<h1>Ma\u00dfgeschneidertes Autozeltdach auf dem Dach<\/h1>\n<p><img loading=\"lazy\" decoding=\"async\" src=\"https:\/\/uoogear.com\/wp-content\/uploads\/2023\/11\/H8f28781d077e4eb081fdcb641db74dfd2-wpp1701334016258.webp\" alt=\"NPOT Ma\u00dfgeschneidertes Autodachzelt Dach Dachzelt 4-Personen-Dachzelt Hartschale\" width=\"750\" height=\"750\" data-src=\"https:\/\/uoogear.com\/wp-content\/uploads\/2023\/11\/H8f28781d077e4eb081fdcb641db74dfd2-wpp1701334016258.webp\" data-alt=\"NPOT Customized rooftop car tent roof rooftop roof tent 4 person rooftop tent hard shell\" \/> <img loading=\"lazy\" decoding=\"async\" src=\"https:\/\/uoogear.com\/wp-content\/uploads\/2023\/11\/H76a304b388f849a2a0893419bd3dd0a8V.webp\" alt=\"NPOT Ma\u00dfgeschneidertes Autodachzelt Dach Dachzelt 4-Personen-Dachzelt Hartschale\" width=\"750\" height=\"750\" data-src=\"https:\/\/uoogear.com\/wp-content\/uploads\/2023\/11\/H76a304b388f849a2a0893419bd3dd0a8V.webp\" data-alt=\"NPOT Customized rooftop car tent roof rooftop roof tent 4 person rooftop tent hard shell\" \/> <img loading=\"lazy\" decoding=\"async\" src=\"https:\/\/uoogear.com\/wp-content\/uploads\/2023\/11\/H0a00af5c72954173a33759bfeeba33aaB.webp\" alt=\"NPOT Ma\u00dfgeschneidertes Autodachzelt Dach Dachzelt 4-Personen-Dachzelt Hartschale\" width=\"750\" height=\"750\" data-src=\"https:\/\/uoogear.com\/wp-content\/uploads\/2023\/11\/H0a00af5c72954173a33759bfeeba33aaB.webp\" data-alt=\"NPOT Customized rooftop car tent roof rooftop roof tent 4 person rooftop tent hard shell\" \/> <img loading=\"lazy\" decoding=\"async\" src=\"https:\/\/uoogear.com\/wp-content\/uploads\/2023\/11\/Haa8adad7833b4beea4f9188bbef99989V.webp\" alt=\"NPOT Ma\u00dfgeschneidertes Autodachzelt Dach Dachzelt 4-Personen-Dachzelt Hartschale\" width=\"750\" height=\"750\" data-src=\"https:\/\/uoogear.com\/wp-content\/uploads\/2023\/11\/Haa8adad7833b4beea4f9188bbef99989V.webp\" data-alt=\"NPOT Customized rooftop car tent roof rooftop roof tent 4 person rooftop tent hard shell\" \/><\/p>\n<\/div>\n<\/div>\n<\/div>","protected":false},"excerpt":{"rendered":"<p>Fl\u00e4che: 0,54 m\u00b2 Stoff: Segeltuch\/Oxford-Stoff Au\u00dfenzelt-Wasserdichtigkeitsindex: 2000-3000 mm Bodenwasserdichte-Index: &gt;3000 mm Zeltstil: Tarnung\/Feldspielsaison: Drei-Jahreszeiten-Zelt, Vier-Jahreszeiten-Zelt Struktur: Zwei Schlafzimmer Typ: Autodachzelt Farbe: Metall Funktion: Schnell zu \u00f6ffnendes Campingzelt Eigenschaft: UV-best\u00e4ndig 50+ Au\u00dfenzelt: 420D<\/p>\n<div class=\"read-more\"><a class=\"btn btn-fill-out\" href=\"https:\/\/uoogear.com\/de\/produkt\/npot-customized-rooftop-car-tent-roof-rooftop-roof-tent-4-person-rooftop-tent-hard-shell\/\">Mehr lesen<\/a><\/div>","protected":false},"featured_media":4866,"template":"","meta":[],"product_brand":[],"product_cat":[15],"product_tag":[],"class_list":{"0":"post-4867","1":"product","2":"type-product","3":"status-publish","4":"has-post-thumbnail","6":"product_cat-uncategorized","7":"tm-no-options","9":"first","10":"instock","11":"shipping-taxable","12":"purchasable","13":"product-type-variable"},"_links":{"self":[{"href":"https:\/\/uoogear.com\/de\/wp-json\/wp\/v2\/product\/4867","targetHints":{"allow":["GET"]}}],"collection":[{"href":"https:\/\/uoogear.com\/de\/wp-json\/wp\/v2\/product"}],"about":[{"href":"https:\/\/uoogear.com\/de\/wp-json\/wp\/v2\/types\/product"}],"wp:featuredmedia":[{"embeddable":true,"href":"https:\/\/uoogear.com\/de\/wp-json\/wp\/v2\/media\/4866"}],"wp:attachment":[{"href":"https:\/\/uoogear.com\/de\/wp-json\/wp\/v2\/media?parent=4867"}],"wp:term":[{"taxonomy":"product_brand","embeddable":true,"href":"https:\/\/uoogear.com\/de\/wp-json\/wp\/v2\/product_brand?post=4867"},{"taxonomy":"product_cat","embeddable":true,"href":"https:\/\/uoogear.com\/de\/wp-json\/wp\/v2\/product_cat?post=4867"},{"taxonomy":"product_tag","embeddable":true,"href":"https:\/\/uoogear.com\/de\/wp-json\/wp\/v2\/product_tag?post=4867"}],"curies":[{"name":"wp","href":"https:\/\/api.w.org\/{rel}","templated":true}]}}