{"id":4884,"date":"2023-11-14T02:58:45","date_gmt":"2023-11-14T02:58:45","guid":{"rendered":"https:\/\/uoogear.com\/product\/camping-waterproof-triangular-tent-box-rooftop-aluminum-hard-shell-car-roof-top-tent-with-roof-rack\/"},"modified":"2023-11-30T08:58:14","modified_gmt":"2023-11-30T08:58:14","slug":"camping-waterproof-triangular-tent-box-rooftop-aluminum-hard-shell-car-roof-top-tent-with-roof-rack","status":"publish","type":"product","link":"https:\/\/uoogear.com\/de\/produkt\/camping-waterproof-triangular-tent-box-rooftop-aluminum-hard-shell-car-roof-top-tent-with-roof-rack\/","title":{"rendered":"Camping Wasserdichte dreieckige Zeltbox auf dem Dach, Aluminium-Hartschalen-Autodachzelt mit Dachtr\u00e4ger"},"content":{"rendered":"<ul>\n<li><strong>Bereich : <\/strong> 36 Quadratmeter<\/li>\n<li><strong>Stoff : <\/strong> Leinwand<\/li>\n<li><strong>Wasserdichtigkeitsindex des Au\u00dfenzeltes: <\/strong> 2000-3000 mm, &gt;3000 mm<\/li>\n<li><strong>Wasserdichter Index unten: <\/strong> &gt;3000 mm<\/li>\n<li><strong>Geb\u00e4udetyp : <\/strong> Schnelles automatisches \u00d6ffnen<\/li>\n<li><strong>Zeltstil: <\/strong> Gerader Verstrebungstyp<\/li>\n<li><strong>Jahreszeit : <\/strong> Vier-Jahreszeiten-Zelt<\/li>\n<li><strong>Struktur : <\/strong> Ein Schlafzimmer<\/li>\n<li><strong>Farbe : <\/strong> Schwarz<\/li>\n<li><strong>Gr\u00f6\u00dfe erweitern: <\/strong> 211*131*160cm<\/li>\n<li><strong>Geschlossene Gr\u00f6\u00dfe: <\/strong> 211*131*18cm<\/li>\n<li><strong>Packungsgr\u00f6\u00dfe : <\/strong> 226 * 145 * 24,5 cm<\/li>\n<li><strong>Gewicht : <\/strong> 77kg<\/li>\n<li><strong>H\u00e4ufig gestellte Fragen zur Nutzung: <\/strong> \u00dcberpr\u00fcfen Sie siuhaau.com<\/li>\n<li><strong>Paket : <\/strong> Hochwertiger Karton<\/li>\n<li><strong>Zubeh\u00f6r : <\/strong> Leiter<\/li>\n<\/ul>\n<div>\n<div>\n<div data-magic-global=\"%7B%22bizId%22%3A2207117785596%2C%22pageId%22%3A21105462019%2C%22siteId%22%3A5005940078%7D\">\n<div>\n<div>\n<div>\n<div>\n<div>\n<div><\/div>\n<\/div>\n<\/div>\n<\/div>\n<\/div>\n<\/div>\n<div>\n<div>\n<div><\/div>\n<div><img decoding=\"async\" src=\"https:\/\/uoogear.com\/wp-content\/uploads\/2023\/11\/H548c7211e3304ea49f2cab003ee88757p.webp\" data-src=\"https:\/\/uoogear.com\/wp-content\/uploads\/2023\/11\/H548c7211e3304ea49f2cab003ee88757p.webp\" \/><\/div>\n<div><\/div>\n<div><img decoding=\"async\" src=\"https:\/\/uoogear.com\/wp-content\/uploads\/2023\/11\/H8d78135980314e898bd1db72fc4cc64dC.webp\" data-src=\"https:\/\/uoogear.com\/wp-content\/uploads\/2023\/11\/H8d78135980314e898bd1db72fc4cc64dC.webp\" \/><\/div>\n<div><img decoding=\"async\" src=\"https:\/\/uoogear.com\/wp-content\/uploads\/2023\/11\/H5edd07b0762d4d4f93a05a20991f0c7b5.webp\" data-src=\"https:\/\/uoogear.com\/wp-content\/uploads\/2023\/11\/H5edd07b0762d4d4f93a05a20991f0c7b5.webp\" \/><\/div>\n<div><img decoding=\"async\" src=\"https:\/\/uoogear.com\/wp-content\/uploads\/2023\/11\/H89feb526c81b4f2c92e3b011a49a3499z.webp\" data-src=\"https:\/\/uoogear.com\/wp-content\/uploads\/2023\/11\/H89feb526c81b4f2c92e3b011a49a3499z.webp\" \/><\/div>\n<div><img decoding=\"async\" src=\"https:\/\/uoogear.com\/wp-content\/uploads\/2023\/11\/H3934439b22a3493383e363605a816a2ez.webp\" data-src=\"https:\/\/uoogear.com\/wp-content\/uploads\/2023\/11\/H3934439b22a3493383e363605a816a2ez.webp\" \/><\/div>\n<div><img decoding=\"async\" src=\"https:\/\/uoogear.com\/wp-content\/uploads\/2023\/11\/He77909c4dab0412f9fd2cba1f4ae19b8y.webp\" data-src=\"https:\/\/uoogear.com\/wp-content\/uploads\/2023\/11\/He77909c4dab0412f9fd2cba1f4ae19b8y.webp\" \/><\/div>\n<div><img decoding=\"async\" src=\"https:\/\/uoogear.com\/wp-content\/uploads\/2023\/11\/Hbc9dc13fe851467e956ca71b9fdb7d31P.webp\" data-src=\"https:\/\/uoogear.com\/wp-content\/uploads\/2023\/11\/Hbc9dc13fe851467e956ca71b9fdb7d31P.webp\" \/><\/div>\n<div><img decoding=\"async\" src=\"https:\/\/uoogear.com\/wp-content\/uploads\/2023\/11\/H23698b3ece2d475ca6978e757c788a9f3.webp\" data-src=\"https:\/\/uoogear.com\/wp-content\/uploads\/2023\/11\/H23698b3ece2d475ca6978e757c788a9f3.webp\" \/><\/div>\n<\/div>\n<\/div>\n<div>\n<div><\/div>\n<\/div>\n<\/div>\n<\/div>\n<div>\n<div>\n<div>\n<div>\n<div>\n<div><\/div>\n<\/div>\n<\/div>\n<\/div>\n<\/div>\n<\/div>\n<\/div>","protected":false},"excerpt":{"rendered":"<p>Fl\u00e4che: 36 Quadratfu\u00df Stoff: Segeltuch Wasserdichtigkeitsindex des Au\u00dfenzeltes: 2000-3000 mm, &gt;3000 mm Wasserdichter Index des Bodens: &gt;3000 mm Geb\u00e4udetyp: Schnell \u00f6ffnendes Zelt mit automatischer \u00d6ffnung Stil: Gerade Verstrebungsart Saison: Vierjahreszeitenzeltstruktur: Ein Schlafzimmer Farbe: Schwarz. Gr\u00f6\u00dfe erweitern: 211 x 131 x 160 cm. Gr\u00f6\u00dfe geschlossen: 211 x 131 x 18 cm<\/p>\n<div class=\"read-more\"><a class=\"btn btn-fill-out\" href=\"https:\/\/uoogear.com\/de\/produkt\/camping-waterproof-triangular-tent-box-rooftop-aluminum-hard-shell-car-roof-top-tent-with-roof-rack\/\">Mehr lesen<\/a><\/div>","protected":false},"featured_media":4883,"template":"","meta":[],"product_brand":[],"product_cat":[15],"product_tag":[],"class_list":{"0":"post-4884","1":"product","2":"type-product","3":"status-publish","4":"has-post-thumbnail","6":"product_cat-uncategorized","7":"tm-no-options","9":"first","10":"instock","11":"shipping-taxable","12":"purchasable","13":"product-type-variable"},"_links":{"self":[{"href":"https:\/\/uoogear.com\/de\/wp-json\/wp\/v2\/product\/4884","targetHints":{"allow":["GET"]}}],"collection":[{"href":"https:\/\/uoogear.com\/de\/wp-json\/wp\/v2\/product"}],"about":[{"href":"https:\/\/uoogear.com\/de\/wp-json\/wp\/v2\/types\/product"}],"wp:featuredmedia":[{"embeddable":true,"href":"https:\/\/uoogear.com\/de\/wp-json\/wp\/v2\/media\/4883"}],"wp:attachment":[{"href":"https:\/\/uoogear.com\/de\/wp-json\/wp\/v2\/media?parent=4884"}],"wp:term":[{"taxonomy":"product_brand","embeddable":true,"href":"https:\/\/uoogear.com\/de\/wp-json\/wp\/v2\/product_brand?post=4884"},{"taxonomy":"product_cat","embeddable":true,"href":"https:\/\/uoogear.com\/de\/wp-json\/wp\/v2\/product_cat?post=4884"},{"taxonomy":"product_tag","embeddable":true,"href":"https:\/\/uoogear.com\/de\/wp-json\/wp\/v2\/product_tag?post=4884"}],"curies":[{"name":"wp","href":"https:\/\/api.w.org\/{rel}","templated":true}]}}