{"id":5017,"date":"2023-11-14T03:14:31","date_gmt":"2023-11-14T03:14:31","guid":{"rendered":"https:\/\/uoogear.com\/product\/oem-new-arrival-car-camping-hard-top-roof-tent-off-road-2-3-person-vehicle-car-soft-shell-rooftop-tent\/"},"modified":"2023-11-30T13:53:44","modified_gmt":"2023-11-30T13:53:44","slug":"oem-new-arrival-car-camping-hard-top-roof-tent-off-road-2-3-person-vehicle-car-soft-shell-rooftop-tent","status":"publish","type":"product","link":"https:\/\/uoogear.com\/de\/produkt\/oem-new-arrival-car-camping-hard-top-roof-tent-off-road-2-3-person-vehicle-car-soft-shell-rooftop-tent\/","title":{"rendered":"OEM Neuank\u00f6mmling Auto Camping Hard Top Dachzelt Off Road 2-3 Personen Fahrzeug Auto Soft Shell Dachzelt"},"content":{"rendered":"<ul>\n<li><strong>Bereich : <\/strong> 140x240cm<\/li>\n<li><strong>Stoff : <\/strong> Polyester<\/li>\n<li><strong>Wasserdichtigkeitsindex des Au\u00dfenzeltes: <\/strong> 2000-3000 mm<\/li>\n<li><strong>Wasserdichter Index unten: <\/strong> 2000-3000 mm<\/li>\n<li><strong>Geb\u00e4udetyp : <\/strong> Schnelles automatisches \u00d6ffnen<\/li>\n<li><strong>Zeltstil: <\/strong> Diagonalverstrebungstyp, gerader Verstrebungstyp, Zelthering vom Rohrtyp<\/li>\n<li><strong>Jahreszeit : <\/strong> Vier-Jahreszeiten-Zelt<\/li>\n<li><strong>Struktur : <\/strong> Ein Schlafzimmer<\/li>\n<li><strong>Regenschutzmaterial: <\/strong> 420D Ripstop-Polyester-Oxford<\/li>\n<li><strong>Pol: <\/strong> Aluminium-Poe-Durchmesser 16 mm<\/li>\n<li><strong>Reiseschutz: <\/strong> Strapazierf\u00e4higes 680 g\/1200D-PVC<\/li>\n<li><strong>Garantie : <\/strong> 24 Monate<\/li>\n<li><strong>Lieferzeit : <\/strong> 20-35 Tage (je nach Menge)<\/li>\n<li><strong>Matratze: <\/strong> 60-mm-Matratze mit waschbarem Bezug<\/li>\n<li><strong>Besonderheit : <\/strong> Camping-Ausr\u00fcstung<\/li>\n<li><strong>Farbe : <\/strong> Kundenspezifische Farbe<\/li>\n<\/ul>\n<div>\n<div><\/div>\n<div data-section=\"AliMagic-vxp9xy\" data-section-title=\"Product Description\">\n<div data-spm-anchor-id=\"a2700.details.0.i80.41396425f2L15f\"><\/div>\n<p>Produktbeschreibung<\/p>\n<\/div>\n<div>\n<div>\n<div>\n<div>\n<div>\n<div><img decoding=\"async\" src=\"https:\/\/uoogear.com\/wp-content\/uploads\/2023\/11\/Hc00efc1d3f82460892d1751fa97b7c0aE-wpp1701352124122.webp\" data-src=\"https:\/\/uoogear.com\/wp-content\/uploads\/2023\/11\/Hc00efc1d3f82460892d1751fa97b7c0aE-wpp1701352124122.webp\" \/><\/div>\n<\/div>\n<\/div>\n<div>\n<div>\n<div>\n<table>\n<tbody>\n<tr>\n<td>\n<div>\n<div><strong data-spm-anchor-id=\"a2700.pc-decorate.0.i1.1c083333HfoZmI\">Spezifikation des Dachzeltes QH8812<\/strong><\/div>\n<\/div>\n<\/td>\n<td><\/td>\n<\/tr>\n<tr>\n<td>\n<div>Fly\/Annex<\/div>\n<\/td>\n<td>\n<div>420D Polyester Oxford, wasserdicht 2500 mm, UV- und schimmelbest\u00e4ndig<\/div>\n<\/td>\n<\/tr>\n<tr>\n<td>\n<div>K\u00f6rper<\/div>\n<\/td>\n<td>\n<div>420D Rip-Stop Polyester Oxford, wasserdicht 2500 mm, UV- und schimmelbest\u00e4ndig<\/div>\n<\/td>\n<\/tr>\n<tr>\n<td>\n<div>Anhangmaterial<\/div>\n<\/td>\n<td>\n<div>420D Rip-Stop Polyester Oxford, wasserdicht 2500 mm, UV- und schimmelbest\u00e4ndig (separat erh\u00e4ltlich); H\u00f6he: 190 cm<\/div>\n<\/td>\n<\/tr>\n<tr>\n<td>\n<div>Matratze<\/div>\n<\/td>\n<td>\n<div>Matratze mit hoher Dichte, 60 mm dick, mit waschbarem Bezug<\/div>\n<\/td>\n<\/tr>\n<tr>\n<td>\n<div>Reiseschutz<\/div>\n<\/td>\n<td>\n<div>Strapazierf\u00e4higes 680 g\/1200 D PVC, wasserdicht und UV-best\u00e4ndig<\/div>\n<\/td>\n<\/tr>\n<tr>\n<td>\n<div>Base<\/div>\n<\/td>\n<td>\n<div>Geschwei\u00dftes Aluminiumrohr mit Isolierung und kratzfestem Aluminiumblech<\/div>\n<\/td>\n<\/tr>\n<tr>\n<td>\n<div>Innenrahmen<\/div>\n<\/td>\n<td>\n<div>Gest\u00e4nge aus eloxiertem Aluminium<\/div>\n<\/td>\n<\/tr>\n<tr>\n<td>\n<div>Leiter<\/div>\n<\/td>\n<td>\n<div>Leiter aus eloxiertem Aluminium<\/div>\n<\/td>\n<\/tr>\n<tr>\n<td>\n<div>\n<div data-spm-anchor-id=\"a2700.pc-decorate.0.i48.2eda3333SpY1cc\"><strong data-spm-anchor-id=\"a2700.pc-decorate.0.i30.eecc3333uJYTdk\">1 \u00d7 Zelt, 1 \u00d7 Reiseabdeckung, 1 \u00d7 Aluminiumleiter, 2 \u00d7 Stange und 1 \u00d7 Montageteile<\/strong><\/div>\n<\/div>\n<\/td>\n<td><\/td>\n<\/tr>\n<\/tbody>\n<\/table>\n<\/div>\n<\/div>\n<\/div>\n<\/div>\n<\/div>\n<\/div>\n<div>\n<div>\n<div>\n<h3><\/h3>\n<h3>Das Merkmal des Dachzeltes:<\/h3>\n<div>\n<div>\n<div>\n<p>\u2013Wird mit universellen Montagehalterungen geliefert<br \/>\n\u2013 Passend f\u00fcr die meisten Dachtr\u00e4ger oder After-Market-Dachtr\u00e4ger<br \/>\n\u2013 Durch die Ein-Mann-Bedienung l\u00e4sst es sich in Sekundenschnelle ausklappen<br \/>\n\u2013 V\u00f6llig wasserdicht, um zu verhindern, dass man sich darin verf\u00e4ngt<\/p>\n<p>&nbsp;<\/p>\n<p><strong>Die verf\u00fcgbaren Dachzeltgr\u00f6\u00dfen (mit empfohlenen Gr\u00f6\u00dfen)<\/strong><\/p>\n<\/div>\n<\/div>\n<\/div>\n<\/div>\n<\/div>\n<\/div>\n<div>\n<div>\n<div>\n<div>\n<div>\n<div><img decoding=\"async\" src=\"https:\/\/uoogear.com\/wp-content\/uploads\/2023\/11\/Hc31f8e35aca1461aa0cbb4105d9a61abP.webp\" data-src=\"https:\/\/uoogear.com\/wp-content\/uploads\/2023\/11\/Hc31f8e35aca1461aa0cbb4105d9a61abP.webp\" \/><\/div>\n<\/div>\n<\/div>\n<\/div>\n<\/div>\n<\/div>\n<div>\n<div>\n<div><img decoding=\"async\" src=\"https:\/\/uoogear.com\/wp-content\/uploads\/2023\/11\/Hb47b7f33d8774c8d9d8f145084477468s-wpp1701352116189.webp\" data-src=\"https:\/\/uoogear.com\/wp-content\/uploads\/2023\/11\/Hb47b7f33d8774c8d9d8f145084477468s-wpp1701352116189.webp\" \/><\/div>\n<div><img decoding=\"async\" src=\"https:\/\/uoogear.com\/wp-content\/uploads\/2023\/11\/H95af614b1f6144878e0c202ba59abbd55.webp\" data-src=\"https:\/\/uoogear.com\/wp-content\/uploads\/2023\/11\/H95af614b1f6144878e0c202ba59abbd55.webp\" \/><\/div>\n<\/div>\n<\/div>\n<div>\n<div>\n<div>\n<div>\n<div>\n<div><img decoding=\"async\" src=\"https:\/\/uoogear.com\/wp-content\/uploads\/2023\/11\/Hdd406b698fb1446d8962327446555bf5a.webp\" data-src=\"https:\/\/uoogear.com\/wp-content\/uploads\/2023\/11\/Hdd406b698fb1446d8962327446555bf5a.webp\" \/><\/div>\n<\/div>\n<\/div>\n<\/div>\n<\/div>\n<\/div>\n<div>\n<div>\n<div>\n<div>\n<div>\n<div><img decoding=\"async\" src=\"https:\/\/uoogear.com\/wp-content\/uploads\/2023\/11\/H4e35f2ee80ce4365a400fd18854734071.webp\" data-src=\"https:\/\/uoogear.com\/wp-content\/uploads\/2023\/11\/H4e35f2ee80ce4365a400fd18854734071.webp\" \/><\/div>\n<\/div>\n<\/div>\n<\/div>\n<\/div>\n<\/div>\n<div><\/div>\n<div>\n<div>\n<div>\n<div>\n<div><\/div>\n<\/div>\n<\/div>\n<\/div>\n<\/div>\n<div><\/div>\n<div data-section=\"AliMagic-8wl18t\" data-section-title=\"Packing &amp; Delivery\" data-spm-anchor-id=\"a2700.details.0.i81.41396425f2L15f\">\n<div>Verpackung und Lieferung<\/div>\n<\/div>\n<div>\n<div>\n<div>\n<div>\n<div>\n<div>\n<div><\/div>\n<p><strong>1. Die Packliste des Dachzeltes<\/strong><\/p>\n<\/div>\n<\/div>\n<\/div>\n<\/div>\n<\/div>\n<\/div>\n<div>\n<div>\n<div>\n<div>\n<div>\n<div><img decoding=\"async\" src=\"https:\/\/uoogear.com\/wp-content\/uploads\/2023\/11\/Hd244ed9420844ad5946be1db51c0f98cj.webp\" data-src=\"https:\/\/uoogear.com\/wp-content\/uploads\/2023\/11\/Hd244ed9420844ad5946be1db51c0f98cj.webp\" \/><\/div>\n<\/div>\n<\/div>\n<\/div>\n<\/div>\n<\/div>\n<div>\n<div>\n<div>\n<div>\n<div>\n<div><img decoding=\"async\" src=\"https:\/\/uoogear.com\/wp-content\/uploads\/2023\/11\/H68f81be1a77e4ae3973da19a1d9eaa4fq.webp\" data-src=\"https:\/\/uoogear.com\/wp-content\/uploads\/2023\/11\/H68f81be1a77e4ae3973da19a1d9eaa4fq.webp\" \/><\/div>\n<\/div>\n<\/div>\n<\/div>\n<\/div>\n<\/div>\n<div><\/div>\n<div>\n<div>\n<div>\n<div>\n<div>\n<div><\/div>\n<\/div>\n<\/div>\n<\/div>\n<\/div>\n<\/div>\n<\/div>","protected":false},"excerpt":{"rendered":"<p>Fl\u00e4che: 140 x 240 cm. Stoff: Polyester. Wasserdichtes Index des Au\u00dfenzelts: 2000\u20133000 mm. Wasserdichter Index des Bodens: 2000\u20133000 mm. Geb\u00e4udetyp: Schnell\u00f6ffnendes Zelt. Stil: Diagonalverstrebung, gerade Verstrebung, Rohrtyp. Zeltpfahl-Saison: Ganzjahreszelt Struktur: One-Bedroom Rainfly-Material: 420D Ripstop-Polyester-Oxford-Stange:<\/p>\n<div class=\"read-more\"><a class=\"btn btn-fill-out\" href=\"https:\/\/uoogear.com\/de\/produkt\/oem-new-arrival-car-camping-hard-top-roof-tent-off-road-2-3-person-vehicle-car-soft-shell-rooftop-tent\/\">Mehr lesen<\/a><\/div>","protected":false},"featured_media":5016,"template":"","meta":[],"product_brand":[],"product_cat":[15],"product_tag":[],"class_list":{"0":"post-5017","1":"product","2":"type-product","3":"status-publish","4":"has-post-thumbnail","6":"product_cat-uncategorized","7":"tm-no-options","9":"first","10":"instock","11":"shipping-taxable","12":"purchasable","13":"product-type-variable"},"_links":{"self":[{"href":"https:\/\/uoogear.com\/de\/wp-json\/wp\/v2\/product\/5017","targetHints":{"allow":["GET"]}}],"collection":[{"href":"https:\/\/uoogear.com\/de\/wp-json\/wp\/v2\/product"}],"about":[{"href":"https:\/\/uoogear.com\/de\/wp-json\/wp\/v2\/types\/product"}],"wp:featuredmedia":[{"embeddable":true,"href":"https:\/\/uoogear.com\/de\/wp-json\/wp\/v2\/media\/5016"}],"wp:attachment":[{"href":"https:\/\/uoogear.com\/de\/wp-json\/wp\/v2\/media?parent=5017"}],"wp:term":[{"taxonomy":"product_brand","embeddable":true,"href":"https:\/\/uoogear.com\/de\/wp-json\/wp\/v2\/product_brand?post=5017"},{"taxonomy":"product_cat","embeddable":true,"href":"https:\/\/uoogear.com\/de\/wp-json\/wp\/v2\/product_cat?post=5017"},{"taxonomy":"product_tag","embeddable":true,"href":"https:\/\/uoogear.com\/de\/wp-json\/wp\/v2\/product_tag?post=5017"}],"curies":[{"name":"wp","href":"https:\/\/api.w.org\/{rel}","templated":true}]}}