{"id":5026,"date":"2023-11-14T03:15:59","date_gmt":"2023-11-14T03:15:59","guid":{"rendered":"https:\/\/uoogear.com\/product\/apzc004-custom-soft-shell-outdoor-dachzelt-camping-suv-car-aluminum-roof-tent-soft-cover-rooftop-tent\/"},"modified":"2023-12-02T06:02:30","modified_gmt":"2023-12-02T06:02:30","slug":"apzc004-custom-soft-shell-outdoor-dachzelt-camping-suv-car-aluminum-roof-tent-soft-cover-rooftop-tent","status":"publish","type":"product","link":"https:\/\/uoogear.com\/de\/produkt\/apzc004-custom-soft-shell-outdoor-dachzelt-camping-suv-car-aluminum-roof-tent-soft-cover-rooftop-tent\/","title":{"rendered":"APZC004 Custom Soft Shell Outdoor Dachzelt Camping SUV Auto Aluminium Dachzelt Soft Cover Dachzelt"},"content":{"rendered":"<ul>\n<li><strong>Stoff : <\/strong> 300D Polyoxford, 300D Polyoxford<\/li>\n<li><strong>Wasserdichtigkeitsindex des Au\u00dfenzeltes: <\/strong> &lt;1000 mm, 1500-2000 mm<\/li>\n<li><strong>Wasserdichter Index unten: <\/strong> 1500-2000 mm<\/li>\n<li><strong>Geb\u00e4udetyp : <\/strong> Schnelles automatisches \u00d6ffnen<\/li>\n<li><strong>Zeltstil: <\/strong> Erweiterter Typ, sechseckiger\/diamantgeschliffener Nagel<\/li>\n<li><strong>Jahreszeit : <\/strong> Drei-Jahreszeiten-Zelt, Vier-Jahreszeiten-Zelt, Sommerzelt<\/li>\n<li><strong>Struktur : <\/strong> Ein Schlafzimmer<\/li>\n<li><strong>Produktname : <\/strong> Soft Shell Outdoor-Dachzelt<\/li>\n<li><strong>Entfaltungsgr\u00f6\u00dfe: <\/strong> L2050mm*B1250mm*H1250mm<\/li>\n<li><strong>Verpackung: <\/strong> L2270mm*B1370mm*H210mm<\/li>\n<li><strong>Gewicht : <\/strong> 32kg<\/li>\n<li><strong>Material : <\/strong> Patentierter Rahmen aus Aluminiumlegierung<\/li>\n<li><strong>Leiter tr\u00e4gt Gewicht: <\/strong> 150kg<\/li>\n<li><strong>Anzahl der Personen : <\/strong> 2 Leute<\/li>\n<\/ul>\n<div>\n<div data-magic-global=\"%7B%22bizId%22%3A2209963836599%2C%22pageId%22%3A20169776242%2C%22siteId%22%3A10002337017%7D\">\n<div>\n<div>\n<div>\n<div>\n<div>\n<div><img decoding=\"async\" src=\"https:\/\/uoogear.com\/wp-content\/uploads\/2023\/11\/H867623bad6264dff959f67abc74efebfP.webp\" data-src=\"https:\/\/uoogear.com\/wp-content\/uploads\/2023\/11\/H867623bad6264dff959f67abc74efebfP.webp\" \/><\/div>\n<\/div>\n<\/div>\n<\/div>\n<\/div>\n<\/div>\n<div>\n<div>\n<div>\n<div>\n<div>\n<div><img decoding=\"async\" src=\"https:\/\/uoogear.com\/wp-content\/uploads\/2023\/11\/Hbb423c294a1e458eaf88cd6042418adcZ.webp\" data-src=\"https:\/\/uoogear.com\/wp-content\/uploads\/2023\/11\/Hbb423c294a1e458eaf88cd6042418adcZ.webp\" \/><\/div>\n<\/div>\n<\/div>\n<\/div>\n<\/div>\n<\/div>\n<div>\n<div>\n<table>\n<tbody>\n<tr>\n<td>\n<div>\n<div><strong>Produktionsname<\/strong><\/div>\n<\/div>\n<\/td>\n<td>\n<div>Ma\u00dfgeschneidertes Softshell-Dachzelt f\u00fcr den Au\u00dfenbereich, Camping, SUV, Autodachzelt, Softcover-Dachzelt<\/div>\n<\/td>\n<\/tr>\n<tr>\n<td>\n<div><strong>Stoff: 300D <\/strong><\/div>\n<\/td>\n<td>\n<div>300D Polyoxford PU3000 mm mit UPF50+<\/div>\n<\/td>\n<\/tr>\n<tr>\n<td>\n<div><strong>Kapazit\u00e4t<\/strong><\/div>\n<\/td>\n<td>\n<div>Empfohlen f\u00fcr 1-2 Personen<\/div>\n<\/td>\n<\/tr>\n<tr>\n<td>\n<div><strong>Gr\u00f6\u00dfe entfalten<\/strong><\/div>\n<\/td>\n<td>\n<div>210*125*150CM<\/div>\n<\/td>\n<\/tr>\n<tr>\n<td>\n<div><strong>Paket Gr\u00f6\u00dfe<\/strong><\/div>\n<\/td>\n<td>\n<div>\n<div data-spm-anchor-id=\"a2700.pc-decorate.0.i25.11f633338vlEuj\">227*137*21CM<\/div>\n<\/div>\n<\/td>\n<\/tr>\n<tr>\n<td>\n<div><strong data-spm-anchor-id=\"a2700.pc-decorate.0.i33.19993333s57omf\">Gewicht<\/strong><\/div>\n<\/td>\n<td>\n<div>35 kg<\/div>\n<\/td>\n<\/tr>\n<tr>\n<td>\n<div><strong> Material<\/strong><\/div>\n<\/td>\n<td>\n<div>Patentierter Rahmen aus Aluminiumlegierung<\/div>\n<\/td>\n<\/tr>\n<\/tbody>\n<\/table>\n<\/div>\n<\/div>\n<div>\n<div>\n<div>\n<div>\n<div>\n<div><img decoding=\"async\" src=\"https:\/\/uoogear.com\/wp-content\/uploads\/2023\/11\/H5d16d1c85b0c4a518db8e2f022ada520n.webp\" data-src=\"https:\/\/uoogear.com\/wp-content\/uploads\/2023\/11\/H5d16d1c85b0c4a518db8e2f022ada520n.webp\" \/><\/div>\n<\/div>\n<div>\n<div>\n<div>Outdoor-Wohnmobil-Dachzelt:<\/div>\n<div>Stoff: 300D Polyoxford PU3000 mm mit UPF50+ Rahmen: patentierter Rahmen aus Aluminiumlegierung. Matratze aus hochdichtem Schaumstoff sorgt f\u00fcr Komfort<br \/>\nSchlaferlebnis Ger\u00e4umiger Platz f\u00fcr 2 Personen Schnelles Auf- und Abklappen des Zeltes Geeignet f\u00fcr alle SUV-Fahrzeuge, Leiter h\u00e4lt aus<br \/>\n150 KG Gr\u00f6\u00dfe: L2220mm*B1350mm*H190mm Innenzeltgr\u00f6\u00dfe: L2050mm*B1250mm*H1250mm Verpackungsgr\u00f6\u00dfe: L2270mm*B1370mm*H210mm Nettogewicht: 32kg<\/div>\n<\/div>\n<\/div>\n<\/div>\n<\/div>\n<\/div>\n<\/div>\n<div>\n<div>\n<div><\/div>\n<div><img decoding=\"async\" src=\"https:\/\/uoogear.com\/wp-content\/uploads\/2023\/11\/Hef235eead7324e4aaaa83afbfb283f28P.webp\" data-src=\"https:\/\/uoogear.com\/wp-content\/uploads\/2023\/11\/Hef235eead7324e4aaaa83afbfb283f28P.webp\" \/><\/div>\n<div><img decoding=\"async\" src=\"https:\/\/uoogear.com\/wp-content\/uploads\/2023\/11\/Hb21e51e39b764ce094725a6760bc2b50z.webp\" data-src=\"https:\/\/uoogear.com\/wp-content\/uploads\/2023\/11\/Hb21e51e39b764ce094725a6760bc2b50z.webp\" \/><\/div>\n<div><img decoding=\"async\" src=\"https:\/\/uoogear.com\/wp-content\/uploads\/2023\/11\/Hf115bc6cdc58407e9467c9cd95ba50b34.webp\" data-src=\"https:\/\/uoogear.com\/wp-content\/uploads\/2023\/11\/Hf115bc6cdc58407e9467c9cd95ba50b34.webp\" \/><\/div>\n<div><img decoding=\"async\" src=\"https:\/\/uoogear.com\/wp-content\/uploads\/2023\/11\/Hc533e1edc8d54be195ea601e3a339a21K.webp\" data-src=\"https:\/\/uoogear.com\/wp-content\/uploads\/2023\/11\/Hc533e1edc8d54be195ea601e3a339a21K.webp\" \/><\/div>\n<div><img decoding=\"async\" src=\"https:\/\/uoogear.com\/wp-content\/uploads\/2023\/11\/Hb21a441376a743feb3f228deb23a7900e.webp\" data-src=\"https:\/\/uoogear.com\/wp-content\/uploads\/2023\/11\/Hb21a441376a743feb3f228deb23a7900e.webp\" \/><\/div>\n<div><img decoding=\"async\" src=\"https:\/\/uoogear.com\/wp-content\/uploads\/2023\/11\/H4a7da32cc3314d3db121bc57a0f76cad4.webp\" data-src=\"https:\/\/uoogear.com\/wp-content\/uploads\/2023\/11\/H4a7da32cc3314d3db121bc57a0f76cad4.webp\" \/><\/div>\n<div><img decoding=\"async\" src=\"https:\/\/uoogear.com\/wp-content\/uploads\/2023\/11\/H51ab84080d1644d18912ded05529105fO.webp\" data-src=\"https:\/\/uoogear.com\/wp-content\/uploads\/2023\/11\/H51ab84080d1644d18912ded05529105fO.webp\" \/><\/div>\n<\/div>\n<\/div>\n<div>\n<div>\n<div>\n<div>\n<div><\/div>\n<\/div>\n<\/div>\n<\/div>\n<\/div>\n<div data-spm-anchor-id=\"a2700.details.0.i80.1dab1509acyQsB\"><\/div>\n<div>\n<div>\n<div>\n<div>\n<div><\/div>\n<\/div>\n<\/div>\n<\/div>\n<\/div>\n<div>\n<div>\n<div>\n<div>\n<div>\n<div data-spm-anchor-id=\"a2700.details.0.i76.1dab1509acyQsB\"><\/div>\n<\/div>\n<\/div>\n<\/div>\n<\/div>\n<\/div>\n<\/div>\n<div>\n<div>\n<div>\n<div>\n<div><\/div>\n<\/div>\n<\/div>\n<\/div>\n<\/div>\n<\/div>","protected":false},"excerpt":{"rendered":"<p>Stoff: 300D Polyoxford, 300D Polyoxford Wasserdichter Index des Au\u00dfenzelts: &lt;1000 mm, 1500\u20132000 mm Wasserdichter Index des Bodens: 1500\u20132000 mm Geb\u00e4udetyp: Schnell\u00f6ffnung mit automatischer \u00d6ffnung Zeltstil: Erweiterter Typ, sechseckiger\/rautenf\u00f6rmiger Bodennagel Saison: Drei Jahreszeiten Zelt, Ganzjahreszelt, Sommerzelt Struktur: Ein Schlafzimmer Produktname: Soft Shell Outdoor-Dachzelt<\/p>\n<div class=\"read-more\"><a class=\"btn btn-fill-out\" href=\"https:\/\/uoogear.com\/de\/produkt\/apzc004-custom-soft-shell-outdoor-dachzelt-camping-suv-car-aluminum-roof-tent-soft-cover-rooftop-tent\/\">Mehr lesen<\/a><\/div>","protected":false},"featured_media":5025,"template":"","meta":[],"product_brand":[],"product_cat":[15],"product_tag":[],"class_list":{"0":"post-5026","1":"product","2":"type-product","3":"status-publish","4":"has-post-thumbnail","6":"product_cat-uncategorized","7":"tm-no-options","9":"first","10":"instock","11":"shipping-taxable","12":"purchasable","13":"product-type-variable"},"_links":{"self":[{"href":"https:\/\/uoogear.com\/de\/wp-json\/wp\/v2\/product\/5026","targetHints":{"allow":["GET"]}}],"collection":[{"href":"https:\/\/uoogear.com\/de\/wp-json\/wp\/v2\/product"}],"about":[{"href":"https:\/\/uoogear.com\/de\/wp-json\/wp\/v2\/types\/product"}],"wp:featuredmedia":[{"embeddable":true,"href":"https:\/\/uoogear.com\/de\/wp-json\/wp\/v2\/media\/5025"}],"wp:attachment":[{"href":"https:\/\/uoogear.com\/de\/wp-json\/wp\/v2\/media?parent=5026"}],"wp:term":[{"taxonomy":"product_brand","embeddable":true,"href":"https:\/\/uoogear.com\/de\/wp-json\/wp\/v2\/product_brand?post=5026"},{"taxonomy":"product_cat","embeddable":true,"href":"https:\/\/uoogear.com\/de\/wp-json\/wp\/v2\/product_cat?post=5026"},{"taxonomy":"product_tag","embeddable":true,"href":"https:\/\/uoogear.com\/de\/wp-json\/wp\/v2\/product_tag?post=5026"}],"curies":[{"name":"wp","href":"https:\/\/api.w.org\/{rel}","templated":true}]}}