{"id":5033,"date":"2023-11-14T03:16:39","date_gmt":"2023-11-14T03:16:39","guid":{"rendered":"https:\/\/uoogear.com\/product\/hard-shell-roof-top-tent-camper-for-car-roof-top-tent-rooftop-tent\/"},"modified":"2023-12-02T06:02:05","modified_gmt":"2023-12-02T06:02:05","slug":"hard-shell-roof-top-tent-camper-for-car-roof-top-tent-rooftop-tent","status":"publish","type":"product","link":"https:\/\/uoogear.com\/de\/produkt\/hard-shell-roof-top-tent-camper-for-car-roof-top-tent-rooftop-tent\/","title":{"rendered":"Hartschalen-Dachzelt, Wohnmobil f\u00fcr Auto, Dachzelt, Dachzelt"},"content":{"rendered":"<ul>\n<li><strong>Bereich : <\/strong> 2.8<\/li>\n<li><strong>Stoff : <\/strong> Oxford<\/li>\n<li><strong>Wasserdichtigkeitsindex des Au\u00dfenzeltes: <\/strong> &gt;3000 mm<\/li>\n<li><strong>Wasserdichter Index unten: <\/strong> &gt;3000 mm<\/li>\n<li><strong>Zeltstil: <\/strong> Gerader Verstrebungstyp<\/li>\n<li><strong>Jahreszeit : <\/strong> Vier-Jahreszeiten-Zelt<\/li>\n<li><strong>Struktur : <\/strong> Ein Schlafzimmer<\/li>\n<li><strong>Produktname : <\/strong> Dachzelt<\/li>\n<li><strong>Farbe : <\/strong> Grau, Armee, Orange, Schwarz<\/li>\n<li><strong>Gr\u00f6\u00dfe : <\/strong> 216cm*130cm*105cm<\/li>\n<li><strong>Logo: <\/strong> Akzeptieren Sie ein individuelles Logo<\/li>\n<li><strong>Gewicht : <\/strong> 79 kg<\/li>\n<li><strong>Leiter : <\/strong> 2,2 m lange Teleskopleiter aus Aluminiumlegierung<\/li>\n<li><strong>Rahmen Material : <\/strong> ABS-Kunststoff<\/li>\n<li><strong>Packungsgr\u00f6\u00dfe : <\/strong> 225*145*39cm<\/li>\n<li><strong>Matratze: <\/strong> 5cm<\/li>\n<li><strong>OEM\/ODM: <\/strong> Akzeptabel<\/li>\n<\/ul>\n<div>\n<div>\n<div data-magic-global=\"%7B%22bizId%22%3A2849203320%2C%22pageId%22%3A20118148475%2C%22siteId%22%3A5004976044%7D\">\n<div>\n<div>\n<div>\n<div>\n<div>\n<div><img decoding=\"async\" src=\"https:\/\/uoogear.com\/wp-content\/uploads\/2023\/11\/Hf606e0171374489382ae6e606f174e7aH.webp\" data-src=\"https:\/\/uoogear.com\/wp-content\/uploads\/2023\/11\/Hf606e0171374489382ae6e606f174e7aH.webp\" \/><\/div>\n<\/div>\n<\/div>\n<\/div>\n<\/div>\n<\/div>\n<div>\n<div>\n<div>\n<div>\n<div>\n<div><img decoding=\"async\" src=\"https:\/\/uoogear.com\/wp-content\/uploads\/2023\/11\/Hdf3e68c8884b48edbe0a99d308075c9ac.webp\" data-src=\"https:\/\/uoogear.com\/wp-content\/uploads\/2023\/11\/Hdf3e68c8884b48edbe0a99d308075c9ac.webp\" \/><\/div>\n<\/div>\n<\/div>\n<\/div>\n<\/div>\n<\/div>\n<div>\n<div>\n<div>\n<div>\n<div>\n<div><img decoding=\"async\" src=\"https:\/\/uoogear.com\/wp-content\/uploads\/2023\/11\/H863622b8be0d42b599950ea55cb5382ct.webp\" data-src=\"https:\/\/uoogear.com\/wp-content\/uploads\/2023\/11\/H863622b8be0d42b599950ea55cb5382ct.webp\" \/><\/div>\n<\/div>\n<\/div>\n<\/div>\n<\/div>\n<\/div>\n<div>\n<div>\n<table>\n<tbody>\n<tr>\n<td>\n<div>Produktname<\/div>\n<\/td>\n<td>\n<div>Dachzelt<\/div>\n<\/td>\n<td>\n<div>Typen<\/div>\n<\/td>\n<td>\n<div>2-4 Personen<\/div>\n<\/td>\n<\/tr>\n<tr>\n<td>\n<div>Kartongr\u00f6\u00dfe<\/div>\n<\/td>\n<td>\n<div>225*138*37cm<\/div>\n<\/td>\n<td>\n<div>Lastgewicht<\/div>\n<\/td>\n<td>\n<div>300 kg<\/div>\n<\/td>\n<\/tr>\n<tr>\n<td>\n<div>Faltma\u00df<\/div>\n<\/td>\n<td>\n<div>218cm*130cm*33cm<\/div>\n<\/td>\n<td>\n<div>Gewicht<\/div>\n<\/td>\n<td>\n<div>Nettogewicht 79 kg, Bruttogewicht 110 kg<\/div>\n<\/td>\n<\/tr>\n<tr>\n<td>\n<div>Entfaltungsgr\u00f6\u00dfe<\/div>\n<\/td>\n<td>\n<div>218 cm * 130 cm * 108 cm<\/div>\n<\/td>\n<td>\n<div>Textur<\/div>\n<\/td>\n<td>\n<div>Kunststoff-ABS-Schale + wasserdichtes kariertes Canvas + umweltfreundliche Holzplatte<\/div>\n<\/td>\n<\/tr>\n<tr>\n<td>\n<div>Farbe<\/div>\n<\/td>\n<td>\n<div>Wei\u00df hellgrau, wei\u00df armeegr\u00fcn, wei\u00df orange, wei\u00df khaki, schwarz hellgrau, schwarz armeegr\u00fcn, schwarz khaki, schwarz orange<\/div>\n<\/td>\n<td>\n<div>Anwendbares Modell<\/div>\n<\/td>\n<td>\n<div>Tragende Quertr\u00e4ger k\u00f6nnen auf dem Dach von SUVs, Gel\u00e4ndefahrzeugen, Stationsfahrzeugen und Nutzfahrzeugen installiert werden<\/div>\n<\/td>\n<\/tr>\n<\/tbody>\n<\/table>\n<\/div>\n<\/div>\n<div>\n<div>\n<div>\n<div>\n<div>\n<div><img decoding=\"async\" src=\"https:\/\/uoogear.com\/wp-content\/uploads\/2023\/11\/H38ea71b4cd274ebaadc3404c7ff2c9f1e.webp\" data-src=\"https:\/\/uoogear.com\/wp-content\/uploads\/2023\/11\/H38ea71b4cd274ebaadc3404c7ff2c9f1e.webp\" \/><\/div>\n<\/div>\n<\/div>\n<\/div>\n<\/div>\n<\/div>\n<div>\n<div>\n<div>\n<div>\n<div>\n<div><img decoding=\"async\" src=\"https:\/\/uoogear.com\/wp-content\/uploads\/2023\/11\/Ha12f40b86dc34c568dd06e368a9d0591v.webp\" data-src=\"https:\/\/uoogear.com\/wp-content\/uploads\/2023\/11\/Ha12f40b86dc34c568dd06e368a9d0591v.webp\" \/><\/div>\n<\/div>\n<\/div>\n<\/div>\n<\/div>\n<\/div>\n<div>\n<div>\n<div>\n<div>\n<div>\n<div><img decoding=\"async\" src=\"https:\/\/uoogear.com\/wp-content\/uploads\/2023\/11\/Heb3b328ae01e4b38889e96959597543f8.webp\" data-src=\"https:\/\/uoogear.com\/wp-content\/uploads\/2023\/11\/Heb3b328ae01e4b38889e96959597543f8.webp\" \/><\/div>\n<\/div>\n<\/div>\n<\/div>\n<\/div>\n<\/div>\n<div>\n<div>\n<div>\n<div>\n<div>\n<div><\/div>\n<\/div>\n<\/div>\n<\/div>\n<\/div>\n<\/div>\n<div><\/div>\n<div>\n<div>\n<div>\n<div>\n<div><\/div>\n<\/div>\n<\/div>\n<\/div>\n<\/div>\n<div><\/div>\n<\/div>\n<\/div>\n<div data-section=\"AliPostDhMb-8cqjr\" data-section-title=\"Company Information\">\n<div><\/div>\n<\/div>\n<div>\n<div>\n<div>\n<div>\n<div>\n<div>\n<div><\/div>\n<\/div>\n<\/div>\n<\/div>\n<\/div>\n<\/div>\n<\/div>\n<\/div>","protected":false},"excerpt":{"rendered":"<p>Fl\u00e4che: 2,8 Stoff: Oxford Wasserdichter Index des Au\u00dfenzeltes: &gt;3000 mm Wasserdichter Index des Bodens: &gt;3000 mm Zeltstil: Gerade Verstrebungsart Saison: Vierjahreszeitenzeltstruktur: Ein Schlafzimmer Produktname: Dachzelt Farbe: Grau, Armee, Orange ,schwarz Gr\u00f6\u00dfe: 216 cm * 130 cm * 105 cm Logo: Akzeptieren Sie individuelles Logo Gewicht: 79 kg Leiter:<\/p>\n<div class=\"read-more\"><a class=\"btn btn-fill-out\" href=\"https:\/\/uoogear.com\/de\/produkt\/hard-shell-roof-top-tent-camper-for-car-roof-top-tent-rooftop-tent\/\">Mehr lesen<\/a><\/div>","protected":false},"featured_media":5032,"template":"","meta":[],"product_brand":[],"product_cat":[15],"product_tag":[],"class_list":{"0":"post-5033","1":"product","2":"type-product","3":"status-publish","4":"has-post-thumbnail","6":"product_cat-uncategorized","7":"tm-no-options","9":"first","10":"instock","11":"shipping-taxable","12":"purchasable","13":"product-type-variable"},"_links":{"self":[{"href":"https:\/\/uoogear.com\/de\/wp-json\/wp\/v2\/product\/5033","targetHints":{"allow":["GET"]}}],"collection":[{"href":"https:\/\/uoogear.com\/de\/wp-json\/wp\/v2\/product"}],"about":[{"href":"https:\/\/uoogear.com\/de\/wp-json\/wp\/v2\/types\/product"}],"wp:featuredmedia":[{"embeddable":true,"href":"https:\/\/uoogear.com\/de\/wp-json\/wp\/v2\/media\/5032"}],"wp:attachment":[{"href":"https:\/\/uoogear.com\/de\/wp-json\/wp\/v2\/media?parent=5033"}],"wp:term":[{"taxonomy":"product_brand","embeddable":true,"href":"https:\/\/uoogear.com\/de\/wp-json\/wp\/v2\/product_brand?post=5033"},{"taxonomy":"product_cat","embeddable":true,"href":"https:\/\/uoogear.com\/de\/wp-json\/wp\/v2\/product_cat?post=5033"},{"taxonomy":"product_tag","embeddable":true,"href":"https:\/\/uoogear.com\/de\/wp-json\/wp\/v2\/product_tag?post=5033"}],"curies":[{"name":"wp","href":"https:\/\/api.w.org\/{rel}","templated":true}]}}