{"id":3184,"date":"2023-08-07T04:44:27","date_gmt":"2023-08-07T04:44:27","guid":{"rendered":"https:\/\/uoogear.com\/?page_id=3184"},"modified":"2023-08-07T04:53:58","modified_gmt":"2023-08-07T04:53:58","slug":"delivery-information-usa","status":"publish","type":"page","link":"https:\/\/uoogear.com\/es\/delivery-information-usa\/","title":{"rendered":"Informaci\u00f3n de entrega EE.UU."},"content":{"rendered":"<div data-elementor-type=\"wp-page\" data-elementor-id=\"3184\" class=\"elementor elementor-3184\">\n\t\t\t\t\t\t\t\t\t<section class=\"elementor-section elementor-top-section elementor-element elementor-element-8e54cfa elementor-section-boxed elementor-section-height-default elementor-section-height-default\" data-id=\"8e54cfa\" data-element_type=\"section\">\n\t\t\t\t\t\t<div class=\"elementor-container elementor-column-gap-default\">\n\t\t\t\t\t<div class=\"elementor-column elementor-col-100 elementor-top-column elementor-element elementor-element-e6f784e\" data-id=\"e6f784e\" data-element_type=\"column\">\n\t\t\t<div class=\"elementor-widget-wrap elementor-element-populated\">\n\t\t\t\t\t\t\t\t<div class=\"elementor-element elementor-element-80b3083 elementor-widget elementor-widget-heading\" data-id=\"80b3083\" data-element_type=\"widget\" data-widget_type=\"heading.default\">\n\t\t\t\t<div class=\"elementor-widget-container\">\n\t\t\t<style>\/*! elementor - v3.14.0 - 26-06-2023 *\/\n.elementor-heading-title{padding:0;margin:0;line-height:1}.elementor-widget-heading .elementor-heading-title[class*=elementor-size-]>a{color:inherit;font-size:inherit;line-height:inherit}.elementor-widget-heading .elementor-heading-title.elementor-size-small{font-size:15px}.elementor-widget-heading .elementor-heading-title.elementor-size-medium{font-size:19px}.elementor-widget-heading .elementor-heading-title.elementor-size-large{font-size:29px}.elementor-widget-heading .elementor-heading-title.elementor-size-xl{font-size:39px}.elementor-widget-heading .elementor-heading-title.elementor-size-xxl{font-size:59px}<\/style><h2 class=\"elementor-heading-title elementor-size-default\">informaci\u00f3n de entrega<\/h2>\t\t<\/div>\n\t\t\t\t<\/div>\n\t\t\t\t<div class=\"elementor-element elementor-element-c061480 elementor-widget elementor-widget-spacer\" data-id=\"c061480\" data-element_type=\"widget\" data-widget_type=\"spacer.default\">\n\t\t\t\t<div class=\"elementor-widget-container\">\n\t\t\t<style>\/*! elementor - v3.14.0 - 26-06-2023 *\/\n.elementor-column .elementor-spacer-inner{height:var(--spacer-size)}.e-con{--container-widget-width:100%}.e-con-inner>.elementor-widget-spacer,.e-con>.elementor-widget-spacer{width:var(--container-widget-width,var(--spacer-size));--align-self:var(--container-widget-align-self,initial);--flex-shrink:0}.e-con-inner>.elementor-widget-spacer>.elementor-widget-container,.e-con-inner>.elementor-widget-spacer>.elementor-widget-container>.elementor-spacer,.e-con>.elementor-widget-spacer>.elementor-widget-container,.e-con>.elementor-widget-spacer>.elementor-widget-container>.elementor-spacer{height:100%}.e-con-inner>.elementor-widget-spacer>.elementor-widget-container>.elementor-spacer>.elementor-spacer-inner,.e-con>.elementor-widget-spacer>.elementor-widget-container>.elementor-spacer>.elementor-spacer-inner{height:var(--container-widget-height,var(--spacer-size))}<\/style>\t\t<div class=\"elementor-spacer\">\n\t\t\t<div class=\"elementor-spacer-inner\"><\/div>\n\t\t<\/div>\n\t\t\t\t<\/div>\n\t\t\t\t<\/div>\n\t\t\t\t<div class=\"elementor-element elementor-element-924eb59 elementor-widget elementor-widget-heading\" data-id=\"924eb59\" data-element_type=\"widget\" data-widget_type=\"heading.default\">\n\t\t\t\t<div class=\"elementor-widget-container\">\n\t\t\t<h4 class=\"elementor-heading-title elementor-size-default\">Entrega Express - 1-2 D\u00edas Laborables - (aplica de Lunes a Viernes)<\/h4>\t\t<\/div>\n\t\t\t\t<\/div>\n\t\t\t\t<div class=\"elementor-element elementor-element-4108b66 elementor-widget elementor-widget-text-editor\" data-id=\"4108b66\" data-element_type=\"widget\" data-widget_type=\"text-editor.default\">\n\t\t\t\t<div class=\"elementor-widget-container\">\n\t\t\t<style>\/*! elementor - v3.14.0 - 26-06-2023 *\/\n.elementor-widget-text-editor.elementor-drop-cap-view-stacked .elementor-drop-cap{background-color:#69727d;color:#fff}.elementor-widget-text-editor.elementor-drop-cap-view-framed .elementor-drop-cap{color:#69727d;border:3px solid;background-color:transparent}.elementor-widget-text-editor:not(.elementor-drop-cap-view-default) .elementor-drop-cap{margin-top:8px}.elementor-widget-text-editor:not(.elementor-drop-cap-view-default) .elementor-drop-cap-letter{width:1em;height:1em}.elementor-widget-text-editor .elementor-drop-cap{float:left;text-align:center;line-height:1;font-size:50px}.elementor-widget-text-editor .elementor-drop-cap-letter{display:inline-block}<\/style>\t\t\t\t<p>El pedido debe realizarse antes de las 14:00 horas. Los env\u00edos de TNT a veces est\u00e1n sujetos a un retraso de 24 horas en tr\u00e1nsito debido a los grandes vol\u00famenes en su red, por lo que cualquier producto que pese m\u00e1s de 30 kg puede tener un tiempo de tr\u00e1nsito m\u00e1s lento. Los productos normales de menos de 30 kg se entregar\u00e1n el siguiente d\u00eda laborable a trav\u00e9s de DPD como de costumbre. Puedes comprobar el peso de una tienda de campa\u00f1a mirando la pesta\u00f1a de informaci\u00f3n adicional del producto y comprobando el peso.<\/p><p>Tenga en cuenta: los s\u00e1bados y domingos no son &quot;d\u00edas laborables&quot;. Aunque a menudo DPD realizar\u00e1 entregas durante el fin de semana, no podemos garantizarlo.<br \/>Tenga en cuenta que las entregas no se realizar\u00e1n en d\u00edas festivos, ya que no es un d\u00eda laborable.<\/p>\t\t\t\t\t\t<\/div>\n\t\t\t\t<\/div>\n\t\t\t\t<div class=\"elementor-element elementor-element-bf4d141 elementor-widget elementor-widget-heading\" data-id=\"bf4d141\" data-element_type=\"widget\" data-widget_type=\"heading.default\">\n\t\t\t\t<div class=\"elementor-widget-container\">\n\t\t\t<h4 class=\"elementor-heading-title elementor-size-default\">Express Pre 12 \/ Pre 10:30am - Siguiente d\u00eda h\u00e1bil antes del horario especificado (aplica de lunes a viernes)<\/h4>\t\t<\/div>\n\t\t\t\t<\/div>\n\t\t\t\t<div class=\"elementor-element elementor-element-dfdb92d elementor-widget elementor-widget-text-editor\" data-id=\"dfdb92d\" data-element_type=\"widget\" data-widget_type=\"text-editor.default\">\n\t\t\t\t<div class=\"elementor-widget-container\">\n\t\t\t\t\t\t\t<p>El pedido debe realizarse antes de las 14:00 horas. Empaquetaremos y enviaremos tu pedido para el d\u00eda siguiente, antes de las 10:30 o 12:00 horas, seg\u00fan la opci\u00f3n que elijas.<\/p><p>El pedido realizado el s\u00e1bado y domingo llegar\u00e1 el martes.<\/p>\t\t\t\t\t\t<\/div>\n\t\t\t\t<\/div>\n\t\t\t\t<div class=\"elementor-element elementor-element-14ca262 elementor-widget elementor-widget-heading\" data-id=\"14ca262\" data-element_type=\"widget\" data-widget_type=\"heading.default\">\n\t\t\t\t<div class=\"elementor-widget-container\">\n\t\t\t<h4 class=\"elementor-heading-title elementor-size-default\">Entrega Est\u00e1ndar - 2 - 4 D\u00edas Laborables (aplica de Lunes a Viernes)<\/h4>\t\t<\/div>\n\t\t\t\t<\/div>\n\t\t\t\t<div class=\"elementor-element elementor-element-800aee5 elementor-widget elementor-widget-text-editor\" data-id=\"800aee5\" data-element_type=\"widget\" data-widget_type=\"text-editor.default\">\n\t\t\t\t<div class=\"elementor-widget-container\">\n\t\t\t\t\t\t\t<p>Entrega est\u00e1ndar: los paquetes todav\u00eda se env\u00edan con un servicio nocturno, pero preferimos los pedidos expr\u00e9s primero y luego empaquetamos los pedidos est\u00e1ndar. Los art\u00edculos de este servicio se entregar\u00e1n entre 2 y 4 d\u00edas h\u00e1biles.<\/p>\t\t\t\t\t\t<\/div>\n\t\t\t\t<\/div>\n\t\t\t\t<div class=\"elementor-element elementor-element-9e8f9bf elementor-widget elementor-widget-heading\" data-id=\"9e8f9bf\" data-element_type=\"widget\" data-widget_type=\"heading.default\">\n\t\t\t\t<div class=\"elementor-widget-container\">\n\t\t\t<h4 class=\"elementor-heading-title elementor-size-default\">Entrega gratuita al Reino Unido * Se aplican t\u00e9rminos y condiciones<\/h4>\t\t<\/div>\n\t\t\t\t<\/div>\n\t\t\t\t<div class=\"elementor-element elementor-element-aa8445a elementor-widget elementor-widget-text-editor\" data-id=\"aa8445a\" data-element_type=\"widget\" data-widget_type=\"text-editor.default\">\n\t\t\t\t<div class=\"elementor-widget-container\">\n\t\t\t\t\t\t\t<p>Gasta m\u00e1s de \u00a350 y te lo entregaremos gratis. Excluye regiones seleccionadas de Escocia y toda Irlanda del Norte. Puede consultar los costos postales utilizando el Estimador de env\u00edo en la p\u00e1gina de la cesta, agregando su c\u00f3digo postal.<\/p>\t\t\t\t\t\t<\/div>\n\t\t\t\t<\/div>\n\t\t\t\t<div class=\"elementor-element elementor-element-8bfcdd0 elementor-widget elementor-widget-text-editor\" data-id=\"8bfcdd0\" data-element_type=\"widget\" data-widget_type=\"text-editor.default\">\n\t\t\t\t<div class=\"elementor-widget-container\">\n\t\t\t\t\t\t\tServicio Europeo \u2013 Suspendido Temporalmente.\t\t\t\t\t\t<\/div>\n\t\t\t\t<\/div>\n\t\t\t\t\t<\/div>\n\t\t<\/div>\n\t\t\t\t\t\t\t<\/div>\n\t\t<\/section>\n\t\t\t\t\t\t\t<\/div>","protected":false},"excerpt":{"rendered":"<p>Informaci\u00f3n de Entrega Entrega Express \u2013 1-2 D\u00edas Laborables \u2013 (aplica de lunes a viernes) El pedido debe realizarse antes de las 2pm. Los env\u00edos de TNT a veces est\u00e1n sujetos a un retraso de 24 horas en tr\u00e1nsito debido a los grandes vol\u00famenes en su red, por lo que cualquier product de m\u00e1s de 30 kg puede tener un tiempo de tr\u00e1nsito m\u00e1s lento. product regulares bajo<\/p>\n<div class=\"read-more\"><a class=\"btn btn-fill-out\" href=\"https:\/\/uoogear.com\/es\/delivery-information-usa\/\">Leer m\u00e1s<\/a><\/div>","protected":false},"author":1,"featured_media":0,"parent":0,"menu_order":0,"comment_status":"closed","ping_status":"closed","template":"","meta":{"footnotes":""},"class_list":["post-3184","page","type-page","status-publish","hentry"],"_links":{"self":[{"href":"https:\/\/uoogear.com\/es\/wp-json\/wp\/v2\/pages\/3184","targetHints":{"allow":["GET"]}}],"collection":[{"href":"https:\/\/uoogear.com\/es\/wp-json\/wp\/v2\/pages"}],"about":[{"href":"https:\/\/uoogear.com\/es\/wp-json\/wp\/v2\/types\/page"}],"author":[{"embeddable":true,"href":"https:\/\/uoogear.com\/es\/wp-json\/wp\/v2\/users\/1"}],"replies":[{"embeddable":true,"href":"https:\/\/uoogear.com\/es\/wp-json\/wp\/v2\/comments?post=3184"}],"version-history":[{"count":22,"href":"https:\/\/uoogear.com\/es\/wp-json\/wp\/v2\/pages\/3184\/revisions"}],"predecessor-version":[{"id":3206,"href":"https:\/\/uoogear.com\/es\/wp-json\/wp\/v2\/pages\/3184\/revisions\/3206"}],"wp:attachment":[{"href":"https:\/\/uoogear.com\/es\/wp-json\/wp\/v2\/media?parent=3184"}],"curies":[{"name":"wp","href":"https:\/\/api.w.org\/{rel}","templated":true}]}}