{"id":3378,"date":"2023-08-07T06:22:41","date_gmt":"2023-08-07T06:22:41","guid":{"rendered":"https:\/\/uoogear.com\/?page_id=3378"},"modified":"2023-08-07T06:30:04","modified_gmt":"2023-08-07T06:30:04","slug":"returns-policy","status":"publish","type":"page","link":"https:\/\/uoogear.com\/es\/returns-policy\/","title":{"rendered":"Pol\u00edtica de devoluciones"},"content":{"rendered":"<div data-elementor-type=\"wp-page\" data-elementor-id=\"3378\" class=\"elementor elementor-3378\">\n\t\t\t\t\t\t\t\t\t<section class=\"elementor-section elementor-top-section elementor-element elementor-element-4a9feaf elementor-section-boxed elementor-section-height-default elementor-section-height-default\" data-id=\"4a9feaf\" data-element_type=\"section\">\n\t\t\t\t\t\t<div class=\"elementor-container elementor-column-gap-default\">\n\t\t\t\t\t<div class=\"elementor-column elementor-col-100 elementor-top-column elementor-element elementor-element-049edf5\" data-id=\"049edf5\" data-element_type=\"column\">\n\t\t\t<div class=\"elementor-widget-wrap elementor-element-populated\">\n\t\t\t\t\t\t\t\t<div class=\"elementor-element elementor-element-3977164 elementor-widget elementor-widget-heading\" data-id=\"3977164\" data-element_type=\"widget\" data-widget_type=\"heading.default\">\n\t\t\t\t<div class=\"elementor-widget-container\">\n\t\t\t<style>\/*! elementor - v3.14.0 - 26-06-2023 *\/\n.elementor-heading-title{padding:0;margin:0;line-height:1}.elementor-widget-heading .elementor-heading-title[class*=elementor-size-]>a{color:inherit;font-size:inherit;line-height:inherit}.elementor-widget-heading .elementor-heading-title.elementor-size-small{font-size:15px}.elementor-widget-heading .elementor-heading-title.elementor-size-medium{font-size:19px}.elementor-widget-heading .elementor-heading-title.elementor-size-large{font-size:29px}.elementor-widget-heading .elementor-heading-title.elementor-size-xl{font-size:39px}.elementor-widget-heading .elementor-heading-title.elementor-size-xxl{font-size:59px}<\/style><h2 class=\"elementor-heading-title elementor-size-default\">Pol\u00edtica de devoluciones<\/h2>\t\t<\/div>\n\t\t\t\t<\/div>\n\t\t\t\t<div class=\"elementor-element elementor-element-6fc9a4f elementor-widget elementor-widget-spacer\" data-id=\"6fc9a4f\" data-element_type=\"widget\" data-widget_type=\"spacer.default\">\n\t\t\t\t<div class=\"elementor-widget-container\">\n\t\t\t<style>\/*! elementor - v3.14.0 - 26-06-2023 *\/\n.elementor-column .elementor-spacer-inner{height:var(--spacer-size)}.e-con{--container-widget-width:100%}.e-con-inner>.elementor-widget-spacer,.e-con>.elementor-widget-spacer{width:var(--container-widget-width,var(--spacer-size));--align-self:var(--container-widget-align-self,initial);--flex-shrink:0}.e-con-inner>.elementor-widget-spacer>.elementor-widget-container,.e-con-inner>.elementor-widget-spacer>.elementor-widget-container>.elementor-spacer,.e-con>.elementor-widget-spacer>.elementor-widget-container,.e-con>.elementor-widget-spacer>.elementor-widget-container>.elementor-spacer{height:100%}.e-con-inner>.elementor-widget-spacer>.elementor-widget-container>.elementor-spacer>.elementor-spacer-inner,.e-con>.elementor-widget-spacer>.elementor-widget-container>.elementor-spacer>.elementor-spacer-inner{height:var(--container-widget-height,var(--spacer-size))}<\/style>\t\t<div class=\"elementor-spacer\">\n\t\t\t<div class=\"elementor-spacer-inner\"><\/div>\n\t\t<\/div>\n\t\t\t\t<\/div>\n\t\t\t\t<\/div>\n\t\t\t\t<div class=\"elementor-element elementor-element-1c367a8 elementor-widget elementor-widget-heading\" data-id=\"1c367a8\" data-element_type=\"widget\" data-widget_type=\"heading.default\">\n\t\t\t\t<div class=\"elementor-widget-container\">\n\t\t\t<h4 class=\"elementor-heading-title elementor-size-default\">Art\u00edculos no deseados comprados en la tienda<\/h4>\t\t<\/div>\n\t\t\t\t<\/div>\n\t\t\t\t<div class=\"elementor-element elementor-element-161f077 elementor-widget elementor-widget-text-editor\" data-id=\"161f077\" data-element_type=\"widget\" data-widget_type=\"text-editor.default\">\n\t\t\t\t<div class=\"elementor-widget-container\">\n\t\t\t<style>\/*! elementor - v3.14.0 - 26-06-2023 *\/\n.elementor-widget-text-editor.elementor-drop-cap-view-stacked .elementor-drop-cap{background-color:#69727d;color:#fff}.elementor-widget-text-editor.elementor-drop-cap-view-framed .elementor-drop-cap{color:#69727d;border:3px solid;background-color:transparent}.elementor-widget-text-editor:not(.elementor-drop-cap-view-default) .elementor-drop-cap{margin-top:8px}.elementor-widget-text-editor:not(.elementor-drop-cap-view-default) .elementor-drop-cap-letter{width:1em;height:1em}.elementor-widget-text-editor .elementor-drop-cap{float:left;text-align:center;line-height:1;font-size:50px}.elementor-widget-text-editor .elementor-drop-cap-letter{display:inline-block}<\/style>\t\t\t\tLos art\u00edculos no deseados comprados en UooGear pueden devolverse en perfectas condiciones de reventa (incluidos el embalaje y las etiquetas) dentro de los 30 d\u00edas posteriores a la compra para obtener un reembolso completo o un cambio. Esto no incluye productos que hayan sido usados, sucios, que tengan olor o que hayan sido da\u00f1ados por un mal uso.\t\t\t\t\t\t<\/div>\n\t\t\t\t<\/div>\n\t\t\t\t<div class=\"elementor-element elementor-element-b913df6 elementor-widget elementor-widget-heading\" data-id=\"b913df6\" data-element_type=\"widget\" data-widget_type=\"heading.default\">\n\t\t\t\t<div class=\"elementor-widget-container\">\n\t\t\t<h4 class=\"elementor-heading-title elementor-size-default\">Art\u00edculos no deseados de uoogear.com<\/h4>\t\t<\/div>\n\t\t\t\t<\/div>\n\t\t\t\t<div class=\"elementor-element elementor-element-c7c6ddc elementor-widget elementor-widget-text-editor\" data-id=\"c7c6ddc\" data-element_type=\"widget\" data-widget_type=\"text-editor.default\">\n\t\t\t\t<div class=\"elementor-widget-container\">\n\t\t\t\t\t\t\tLos art\u00edculos no deseados comprados en uoogear.com pueden devolverse en perfectas condiciones para su reventa (incluidos el embalaje y las etiquetas) dentro de los 30 d\u00edas posteriores a la entrega. Si desea que recojamos estos art\u00edculos, podemos hacer arreglos para que nuestro mensajero los recoja en una direcci\u00f3n de su elecci\u00f3n a un costo de \u00a3 10,00 por caja (para art\u00edculos de m\u00e1s de 30 kg, el costo aumentar\u00e1, lo cual le informaremos en una cotizaci\u00f3n de el servicio de mensajer\u00eda). Si prefiere devolver los art\u00edculos por su cuenta, deber\u00e1 devolverlos en un plazo de 28 d\u00edas. Sin embargo, usted es responsable de estos art\u00edculos hasta que nos lleguen. Por este motivo, le recomendamos que utilice un env\u00edo seguro.\t\t\t\t\t\t<\/div>\n\t\t\t\t<\/div>\n\t\t\t\t<div class=\"elementor-element elementor-element-5f45aa1 elementor-widget elementor-widget-heading\" data-id=\"5f45aa1\" data-element_type=\"widget\" data-widget_type=\"heading.default\">\n\t\t\t\t<div class=\"elementor-widget-container\">\n\t\t\t<h4 class=\"elementor-heading-title elementor-size-default\">Art\u00edculos defectuosos<\/h4>\t\t<\/div>\n\t\t\t\t<\/div>\n\t\t\t\t<div class=\"elementor-element elementor-element-5771ea0 elementor-widget elementor-widget-text-editor\" data-id=\"5771ea0\" data-element_type=\"widget\" data-widget_type=\"text-editor.default\">\n\t\t\t\t<div class=\"elementor-widget-container\">\n\t\t\t\t\t\t\tLos art\u00edculos defectuosos con un defecto obvio y genuino pueden devolverse para obtener un reembolso completo, reemplazo o cambio dentro de los 30 d\u00edas. Se podr\u00e1n devolver los art\u00edculos defectuosos que se devuelvan despu\u00e9s de 30 d\u00edas o los art\u00edculos que no tengan un defecto evidente (una fuga, por ejemplo); sin embargo, es posible que necesitemos enviar el art\u00edculo a un tercero para verificar la falla. (Esto puede tardar varias semanas dependiendo del tercero). Necesitamos verificaci\u00f3n de todas las fallas por escrito, por favor, por correo electr\u00f3nico. Si su producto presenta una falla dentro de los primeros tres meses, una vez que verifiquemos la falla, si lo desea, puede solicitar un reembolso.\t\t\t\t\t\t<\/div>\n\t\t\t\t<\/div>\n\t\t\t\t<div class=\"elementor-element elementor-element-bebd1d5 elementor-widget elementor-widget-heading\" data-id=\"bebd1d5\" data-element_type=\"widget\" data-widget_type=\"heading.default\">\n\t\t\t\t<div class=\"elementor-widget-container\">\n\t\t\t<h4 class=\"elementor-heading-title elementor-size-default\">Articulos de ropa<\/h4>\t\t<\/div>\n\t\t\t\t<\/div>\n\t\t\t\t<div class=\"elementor-element elementor-element-930100e elementor-widget elementor-widget-text-editor\" data-id=\"930100e\" data-element_type=\"widget\" data-widget_type=\"text-editor.default\">\n\t\t\t\t<div class=\"elementor-widget-container\">\n\t\t\t\t\t\t\tSi nos devuelven productos por considerarlos inadecuados para el prop\u00f3sito previsto, aseg\u00farese de informarnos de su intenci\u00f3n de devolv\u00e9rnoslos dentro de los 7 d\u00edas posteriores a la compra. Si desea que recojamos y\/o cambiemos los productos por usted, estaremos encantados de hacerlo por un cargo de \u00a310,00. Alternativamente, puede devolvernos los productos por su propia cuenta; sin embargo, debemos tenerlos de regreso dentro de los 28 d\u00edas posteriores a la fecha de compra.\t\t\t\t\t\t<\/div>\n\t\t\t\t<\/div>\n\t\t\t\t<div class=\"elementor-element elementor-element-8796eb8 elementor-widget elementor-widget-text-editor\" data-id=\"8796eb8\" data-element_type=\"widget\" data-widget_type=\"text-editor.default\">\n\t\t\t\t<div class=\"elementor-widget-container\">\n\t\t\t\t\t\t\tTenga en cuenta: los productos inadecuados deben devolverse SIN USO, limpios, con olor fresco, libres de pelos de perro, etc. y cualquier otra evidencia de mal uso general. Toda la ropa debe tener la etiqueta del fabricante y los boletos de swing a\u00fan adheridos. Cualquier art\u00edculo que se nos devuelva y que no cumpla con lo anterior puede afectar nuestra capacidad de emitir un reembolso completo.\t\t\t\t\t\t<\/div>\n\t\t\t\t<\/div>\n\t\t\t\t<div class=\"elementor-element elementor-element-79185b2 elementor-widget elementor-widget-heading\" data-id=\"79185b2\" data-element_type=\"widget\" data-widget_type=\"heading.default\">\n\t\t\t\t<div class=\"elementor-widget-container\">\n\t\t\t<h4 class=\"elementor-heading-title elementor-size-default\">Devoluciones de tiendas de campa\u00f1a<\/h4>\t\t<\/div>\n\t\t\t\t<\/div>\n\t\t\t\t<div class=\"elementor-element elementor-element-33eb9aa elementor-widget elementor-widget-text-editor\" data-id=\"33eb9aa\" data-element_type=\"widget\" data-widget_type=\"text-editor.default\">\n\t\t\t\t<div class=\"elementor-widget-container\">\n\t\t\t\t\t\t\tEs absolutamente fundamental que revises tu tienda de campa\u00f1a antes de irte de vacaciones. No nos hacemos responsables por no revisar la tienda antes de sus vacaciones para garantizar que todos los componentes est\u00e9n dentro de la tienda. Se controla el peso de cada tienda de campa\u00f1a en el momento de la fabricaci\u00f3n para garantizar que todos los componentes est\u00e9n all\u00ed. Sin embargo, es necesario comprobar y familiarizarse con la tienda antes de partir.\t\t\t\t\t\t<\/div>\n\t\t\t\t<\/div>\n\t\t\t\t<div class=\"elementor-element elementor-element-44506a9 elementor-widget elementor-widget-text-editor\" data-id=\"44506a9\" data-element_type=\"widget\" data-widget_type=\"text-editor.default\">\n\t\t\t\t<div class=\"elementor-widget-container\">\n\t\t\t\t\t\t\tUna vez que una tienda de campa\u00f1a se ha instalado al aire libre, ya no se considera que est\u00e9 en perfectas condiciones para su reventa. Todas las tiendas de campa\u00f1a est\u00e1n cubiertas por una garant\u00eda del fabricante de 2 a\u00f1os y Outdoor World cubrir\u00e1 la tienda de campa\u00f1a durante el mismo per\u00edodo de tiempo. Se requiere comprobante de compra. Tenga en cuenta que la garant\u00eda no cubre da\u00f1os a la tienda, sus postes o cualquier otro componente causado por\t\t\t\t\t\t<\/div>\n\t\t\t\t<\/div>\n\t\t\t\t<div class=\"elementor-element elementor-element-afc5129 elementor-widget elementor-widget-text-editor\" data-id=\"afc5129\" data-element_type=\"widget\" data-widget_type=\"text-editor.default\">\n\t\t\t\t<div class=\"elementor-widget-container\">\n\t\t\t\t\t\t\t<p>Condiciones de advertencia de clima severo (da\u00f1os por tormenta)<br \/>Accidentes<br \/>Mal uso<br \/>\u00dasese y t\u00edrese<br \/>Degradaci\u00f3n UV<br \/>Moho, como resultado de empacar mojado o almacenamiento inadecuado<\/p>\t\t\t\t\t\t<\/div>\n\t\t\t\t<\/div>\n\t\t\t\t<div class=\"elementor-element elementor-element-4fac535 elementor-widget elementor-widget-text-editor\" data-id=\"4fac535\" data-element_type=\"widget\" data-widget_type=\"text-editor.default\">\n\t\t\t\t<div class=\"elementor-widget-container\">\n\t\t\t\t\t\t\tSi crees que tu tienda de campa\u00f1a tiene un defecto de fabricaci\u00f3n, lo primero que debes hacer es comunicarte con la l\u00ednea de devoluci\u00f3n de tiendas de campa\u00f1a al 01924 265457.\t\t\t\t\t\t<\/div>\n\t\t\t\t<\/div>\n\t\t\t\t<div class=\"elementor-element elementor-element-ab871b1 elementor-widget elementor-widget-text-editor\" data-id=\"ab871b1\" data-element_type=\"widget\" data-widget_type=\"text-editor.default\">\n\t\t\t\t<div class=\"elementor-widget-container\">\n\t\t\t\t\t\t\tEn caso de que necesite devolver su tienda de campa\u00f1a en la tienda o en l\u00ednea, tenga en cuenta:\t\t\t\t\t\t<\/div>\n\t\t\t\t<\/div>\n\t\t\t\t<div class=\"elementor-element elementor-element-9cf37f6 elementor-widget elementor-widget-text-editor\" data-id=\"9cf37f6\" data-element_type=\"widget\" data-widget_type=\"text-editor.default\">\n\t\t\t\t<div class=\"elementor-widget-container\">\n\t\t\t\t\t\t\t<p>Es posible que no se acepte la carpa si est\u00e1 mojada o excesivamente sucia debido a preocupaciones de salud y seguridad; la carpa debe estar seca 100% o se la devolveremos sin atenci\u00f3n.<br \/>Es posible que tambi\u00e9n sea necesario enviar algunas tiendas de campa\u00f1a a un tercero para su evaluaci\u00f3n.<br \/>Las tiendas de campa\u00f1a Vango pueden ampliar la garant\u00eda a 3 a\u00f1os accediendo al sitio web de Vango y registrando la compra.<br \/>Si devuelve su tienda indicando que es nueva y sin usar, y la abrimos y descubrimos que ha sido usada claramente y muestra signos de barro, excremento de p\u00e1jaros o savia de \u00e1rboles, ser\u00e1 fotografiada y devuelta a usted de inmediato y no se realizar\u00e1 ning\u00fan reembolso. procesada. Desafortunadamente, esto sucede muchas veces por temporada, ya que la gente usa el producto para sus vacaciones e intenta devolverlo despu\u00e9s.<\/p>\t\t\t\t\t\t<\/div>\n\t\t\t\t<\/div>\n\t\t\t\t<div class=\"elementor-element elementor-element-43e2398 elementor-widget elementor-widget-text-editor\" data-id=\"43e2398\" data-element_type=\"widget\" data-widget_type=\"text-editor.default\">\n\t\t\t\t<div class=\"elementor-widget-container\">\n\t\t\t\t\t\t\tEste aviso es adicional a sus derechos legales.\t\t\t\t\t\t<\/div>\n\t\t\t\t<\/div>\n\t\t\t\t\t<\/div>\n\t\t<\/div>\n\t\t\t\t\t\t\t<\/div>\n\t\t<\/section>\n\t\t\t\t\t\t\t<\/div>","protected":false},"excerpt":{"rendered":"<p>Pol\u00edtica de devoluciones Art\u00edculos no deseados comprados en la tienda Los art\u00edculos no deseados comprados en UooGear pueden devolverse en perfectas condiciones de reventa (incluidos el embalaje y las etiquetas) dentro de los 30 d\u00edas posteriores a la compra para obtener un reembolso completo o un cambio. Esto no incluye productos que hayan sido usados, sucios, que tengan olor o que hayan sido da\u00f1ados por un mal uso. Art\u00edculos no deseados de uoogear.com<\/p>\n<div class=\"read-more\"><a class=\"btn btn-fill-out\" href=\"https:\/\/uoogear.com\/es\/returns-policy\/\">Leer m\u00e1s<\/a><\/div>","protected":false},"author":1,"featured_media":0,"parent":0,"menu_order":0,"comment_status":"closed","ping_status":"closed","template":"","meta":{"footnotes":""},"class_list":["post-3378","page","type-page","status-publish","hentry"],"_links":{"self":[{"href":"https:\/\/uoogear.com\/es\/wp-json\/wp\/v2\/pages\/3378","targetHints":{"allow":["GET"]}}],"collection":[{"href":"https:\/\/uoogear.com\/es\/wp-json\/wp\/v2\/pages"}],"about":[{"href":"https:\/\/uoogear.com\/es\/wp-json\/wp\/v2\/types\/page"}],"author":[{"embeddable":true,"href":"https:\/\/uoogear.com\/es\/wp-json\/wp\/v2\/users\/1"}],"replies":[{"embeddable":true,"href":"https:\/\/uoogear.com\/es\/wp-json\/wp\/v2\/comments?post=3378"}],"version-history":[{"count":10,"href":"https:\/\/uoogear.com\/es\/wp-json\/wp\/v2\/pages\/3378\/revisions"}],"predecessor-version":[{"id":3388,"href":"https:\/\/uoogear.com\/es\/wp-json\/wp\/v2\/pages\/3378\/revisions\/3388"}],"wp:attachment":[{"href":"https:\/\/uoogear.com\/es\/wp-json\/wp\/v2\/media?parent=3378"}],"curies":[{"name":"wp","href":"https:\/\/api.w.org\/{rel}","templated":true}]}}