{"id":4108,"date":"2023-11-13T10:46:57","date_gmt":"2023-11-13T10:46:57","guid":{"rendered":"https:\/\/uoogear.com\/product\/competitive-price-hot-sale-car-top-roof-tent-rooftop-tent\/"},"modified":"2023-11-28T05:59:54","modified_gmt":"2023-11-28T05:59:54","slug":"competitive-price-hot-sale-car-top-roof-tent-rooftop-tent","status":"publish","type":"product","link":"https:\/\/uoogear.com\/es\/producto\/competitive-price-hot-sale-car-top-roof-tent-rooftop-tent\/","title":{"rendered":"Precio competitivo, gran oferta, tienda de campa\u00f1a con techo superior para coche, tienda de campa\u00f1a en la azotea"},"content":{"rendered":"<ul>\n<li><strong>\u00c1rea : <\/strong> 8CBM<\/li>\n<li><strong>Tela : <\/strong> Lienzo<\/li>\n<li><strong>\u00cdndice de impermeabilidad de la tienda exterior: <\/strong> &lt;1000mm<\/li>\n<li><strong>\u00cdndice de impermeabilidad inferior: <\/strong> &gt;3000 mil\u00edmetros<\/li>\n<li><strong>Tipo de construcci\u00f3n : <\/strong> Apertura autom\u00e1tica r\u00e1pida<\/li>\n<li><strong>Estilo de tienda: <\/strong> Tipo de refuerzo diagonal<\/li>\n<li><strong>Estaci\u00f3n : <\/strong> Tienda de campa\u00f1a de cuatro estaciones<\/li>\n<li><strong>Estructura : <\/strong> Una habitaci\u00f3n<\/li>\n<li><strong>Nombre del producto : <\/strong> Carpa para camping<\/li>\n<li><strong>Uso: <\/strong> Tienda salvaje para acampar al aire libre<\/li>\n<li><strong>Palabra clave: <\/strong> tienda de campa\u00f1a en la azotea<\/li>\n<li><strong>Tama\u00f1o : <\/strong> 210cmx(150+240)cm<\/li>\n<li><strong>Material : <\/strong> Lienzo<\/li>\n<li><strong>Solicitud : <\/strong> Tienda familiar para acampar al aire libre<\/li>\n<li><strong>Funci\u00f3n : <\/strong> acampar al aire libre<\/li>\n<li><strong>Cantidad m\u00ednima de pedido: <\/strong> 1 pieza<\/li>\n<li><strong>Material del marco : <\/strong> Poste de aluminio de 16 mm.<\/li>\n<li><strong>Caracter\u00edstica : <\/strong> impermeable<\/li>\n<\/ul>","protected":false},"excerpt":{"rendered":"<p>\u00c1rea: 8CBM Tela: Lona \u00cdndice de impermeabilidad de la tienda exterior: &lt;1000 mm \u00cdndice de impermeabilidad inferior: &gt;3000 mm Tipo de construcci\u00f3n: Apertura autom\u00e1tica r\u00e1pida Estilo de la tienda: Tipo de refuerzo diagonal Temporada: Estructura de la tienda de cuatro estaciones: Un dormitorio Nombre del producto: Tienda de campa\u00f1a Uso: Tienda salvaje para acampar al aire libre Palabra clave: tienda de techo<\/p>\n<div class=\"read-more\"><a class=\"btn btn-fill-out\" href=\"https:\/\/uoogear.com\/es\/producto\/competitive-price-hot-sale-car-top-roof-tent-rooftop-tent\/\">Leer m\u00e1s<\/a><\/div>","protected":false},"featured_media":4107,"template":"","meta":[],"product_brand":[],"product_cat":[15],"product_tag":[140,141,142],"class_list":{"0":"post-4108","1":"product","2":"type-product","3":"status-publish","4":"has-post-thumbnail","6":"product_cat-uncategorized","7":"product_tag-camping-hiking","8":"product_tag-outdoor-tents","9":"product_tag-roof-tent","10":"tm-no-options","12":"first","13":"instock","14":"shipping-taxable","15":"purchasable","16":"product-type-variable"},"_links":{"self":[{"href":"https:\/\/uoogear.com\/es\/wp-json\/wp\/v2\/product\/4108","targetHints":{"allow":["GET"]}}],"collection":[{"href":"https:\/\/uoogear.com\/es\/wp-json\/wp\/v2\/product"}],"about":[{"href":"https:\/\/uoogear.com\/es\/wp-json\/wp\/v2\/types\/product"}],"wp:featuredmedia":[{"embeddable":true,"href":"https:\/\/uoogear.com\/es\/wp-json\/wp\/v2\/media\/4107"}],"wp:attachment":[{"href":"https:\/\/uoogear.com\/es\/wp-json\/wp\/v2\/media?parent=4108"}],"wp:term":[{"taxonomy":"product_brand","embeddable":true,"href":"https:\/\/uoogear.com\/es\/wp-json\/wp\/v2\/product_brand?post=4108"},{"taxonomy":"product_cat","embeddable":true,"href":"https:\/\/uoogear.com\/es\/wp-json\/wp\/v2\/product_cat?post=4108"},{"taxonomy":"product_tag","embeddable":true,"href":"https:\/\/uoogear.com\/es\/wp-json\/wp\/v2\/product_tag?post=4108"}],"curies":[{"name":"wp","href":"https:\/\/api.w.org\/{rel}","templated":true}]}}