{"id":4125,"date":"2023-11-13T12:04:48","date_gmt":"2023-11-13T12:04:48","guid":{"rendered":"https:\/\/uoogear.com\/product\/outdoor-camping-waterproof-big-size-car-roof-top-tent\/"},"modified":"2025-09-14T16:40:13","modified_gmt":"2025-09-14T08:40:13","slug":"outdoor-camping-waterproof-big-size-car-roof-top-tent","status":"publish","type":"product","link":"https:\/\/uoogear.com\/es\/producto\/outdoor-camping-waterproof-big-size-car-roof-top-tent\/","title":{"rendered":"Tienda de campa\u00f1a al aire libre impermeable de gran tama\u00f1o para techo de coche"},"content":{"rendered":"<ul>\n<li><strong>\u00c1rea : <\/strong> 5,89 cbm<\/li>\n<li><strong>Tela : <\/strong> Lienzo<\/li>\n<li><strong>\u00cdndice de impermeabilidad de la tienda exterior: <\/strong> 2000-3000 mil\u00edmetros, &lt;1000 mil\u00edmetros<\/li>\n<li><strong>\u00cdndice de impermeabilidad inferior: <\/strong> &gt;3000 mil\u00edmetros<\/li>\n<li><strong>Tipo de construcci\u00f3n : <\/strong> Apertura autom\u00e1tica r\u00e1pida<\/li>\n<li><strong>Estilo de tienda: <\/strong> Tipo de refuerzo diagonal<\/li>\n<li><strong>Estaci\u00f3n : <\/strong> Tienda de campa\u00f1a de cuatro estaciones<\/li>\n<li><strong>Estructura : <\/strong> Una habitaci\u00f3n<\/li>\n<li><strong>Nombre del producto : <\/strong> Tienda de campa\u00f1a de gran tama\u00f1o para el techo del coche<\/li>\n<li><strong>Uso: <\/strong> Tienda de campa\u00f1a al aire libre<\/li>\n<li><strong>Palabra clave: <\/strong> tienda de campa\u00f1a en la azotea<\/li>\n<li><strong>Tama\u00f1o : <\/strong> 193cmx312cmx121cm<\/li>\n<li><strong>Material : <\/strong> Oxford y lona<\/li>\n<li><strong>Solicitud : <\/strong> Tienda familiar para acampar al aire libre<\/li>\n<li><strong>Funci\u00f3n : <\/strong> acampar al aire libre<\/li>\n<li><strong>Cantidad m\u00ednima de pedido: <\/strong> 1 pieza<\/li>\n<li><strong>Material del marco : <\/strong> Poste de aluminio de 16 mm.<\/li>\n<li><strong>Caracter\u00edstica : <\/strong> impermeable<\/li>\n<\/ul>\n<div>\n<div data-magic-global=\"%7B%22bizId%22%3A2206962912116%2C%22pageId%22%3A5050923216%2C%22siteId%22%3A5005786273%7D\">\n<div>\n<div>\n<div>\n<div>\n<div>\n<div><\/div>\n<\/div>\n<\/div>\n<\/div>\n<\/div>\n<\/div>\n<div>\n<div data-section=\"AliMagic-n8hjnr\" data-section-title=\"Product Description\">Descripci\u00f3n del Producto<\/div>\n<\/div>\n<div>\n<div><img decoding=\"async\" src=\"\/\/sc02.alicdn.com\/kf\/H96646391c55a4b9cb89aa7ddd5778d537\/240056294\/H96646391c55a4b9cb89aa7ddd5778d537.jpg\" data-src=\"\/\/sc02.alicdn.com\/kf\/H96646391c55a4b9cb89aa7ddd5778d537\/240056294\/H96646391c55a4b9cb89aa7ddd5778d537.jpg\" \/><\/div>\n<\/div>\n<div>\n<div><img decoding=\"async\" src=\"\/\/sc01.alicdn.com\/kf\/H09edf5aa1ebb43eb83ceab228f820e3f1\/240056294\/H09edf5aa1ebb43eb83ceab228f820e3f1.jpg\" data-src=\"\/\/sc01.alicdn.com\/kf\/H09edf5aa1ebb43eb83ceab228f820e3f1\/240056294\/H09edf5aa1ebb43eb83ceab228f820e3f1.jpg\" \/><\/div>\n<div><img decoding=\"async\" src=\"\/\/sc01.alicdn.com\/kf\/H48a6a67cf2ea4309826aa2ec439866837\/240056294\/H48a6a67cf2ea4309826aa2ec439866837.jpg\" data-src=\"\/\/sc01.alicdn.com\/kf\/H48a6a67cf2ea4309826aa2ec439866837\/240056294\/H48a6a67cf2ea4309826aa2ec439866837.jpg\" \/><\/div>\n<div><img decoding=\"async\" src=\"\/\/sc01.alicdn.com\/kf\/H7e54408e61be4f308dad149c5c5e4908m\/240056294\/H7e54408e61be4f308dad149c5c5e4908m.jpg\" data-src=\"\/\/sc01.alicdn.com\/kf\/H7e54408e61be4f308dad149c5c5e4908m\/240056294\/H7e54408e61be4f308dad149c5c5e4908m.jpg\" \/><\/div>\n<\/div>\n<div>\n<div data-section=\"AliMagic-me635g\" data-section-title=\"OEM \/ ODM\" data-spm-anchor-id=\"a2700.details.0.i46.3f651bb00RC8mw\"><\/div>\n<\/div>\n<\/div>\n<\/div>","protected":false},"excerpt":{"rendered":"<p>\u00c1rea: 5.89CBM Tela: Lona Carpa exterior \u00cdndice de impermeabilidad: 2000-3000 mm, &lt;1000 mm \u00cdndice de impermeabilidad inferior: &gt;3000 mm Tipo de construcci\u00f3n: Apertura autom\u00e1tica r\u00e1pida Estilo de carpa: Tipo de refuerzo diagonal Temporada: Carpa para cuatro estaciones Estructura: Producto de un dormitorio nombre: Tienda de campa\u00f1a de gran tama\u00f1o para el techo del coche Uso: Tienda de campa\u00f1a al aire libre<\/p>\n<div class=\"read-more\"><a class=\"btn btn-fill-out\" href=\"https:\/\/uoogear.com\/es\/producto\/outdoor-camping-waterproof-big-size-car-roof-top-tent\/\">Leer m\u00e1s<\/a><\/div>","protected":false},"featured_media":4124,"template":"","meta":[],"product_brand":[],"product_cat":[15],"product_tag":[],"class_list":{"0":"post-4125","1":"product","2":"type-product","3":"status-publish","4":"has-post-thumbnail","6":"product_cat-uncategorized","7":"tm-no-options","9":"first","10":"instock","11":"shipping-taxable","12":"purchasable","13":"product-type-variable"},"_links":{"self":[{"href":"https:\/\/uoogear.com\/es\/wp-json\/wp\/v2\/product\/4125","targetHints":{"allow":["GET"]}}],"collection":[{"href":"https:\/\/uoogear.com\/es\/wp-json\/wp\/v2\/product"}],"about":[{"href":"https:\/\/uoogear.com\/es\/wp-json\/wp\/v2\/types\/product"}],"wp:featuredmedia":[{"embeddable":true,"href":"https:\/\/uoogear.com\/es\/wp-json\/wp\/v2\/media\/4124"}],"wp:attachment":[{"href":"https:\/\/uoogear.com\/es\/wp-json\/wp\/v2\/media?parent=4125"}],"wp:term":[{"taxonomy":"product_brand","embeddable":true,"href":"https:\/\/uoogear.com\/es\/wp-json\/wp\/v2\/product_brand?post=4125"},{"taxonomy":"product_cat","embeddable":true,"href":"https:\/\/uoogear.com\/es\/wp-json\/wp\/v2\/product_cat?post=4125"},{"taxonomy":"product_tag","embeddable":true,"href":"https:\/\/uoogear.com\/es\/wp-json\/wp\/v2\/product_tag?post=4125"}],"curies":[{"name":"wp","href":"https:\/\/api.w.org\/{rel}","templated":true}]}}