{"id":4136,"date":"2023-11-13T12:08:31","date_gmt":"2023-11-13T12:08:31","guid":{"rendered":"https:\/\/uoogear.com\/product\/fast-delivery-roof-tent-4x4-car-roof-top\/"},"modified":"2023-11-30T03:51:09","modified_gmt":"2023-11-30T03:51:09","slug":"fast-delivery-roof-tent-4x4-car-roof-top","status":"publish","type":"product","link":"https:\/\/uoogear.com\/es\/producto\/fast-delivery-roof-tent-4x4-car-roof-top\/","title":{"rendered":"Tienda de techo de entrega r\u00e1pida, techo de coche 4 \u00d7 4"},"content":{"rendered":"<ul>\n<li><strong>\u00c1rea : <\/strong> 3,5 cbm<\/li>\n<li><strong>Tela : <\/strong> Lienzo<\/li>\n<li><strong>\u00cdndice de impermeabilidad de la tienda exterior: <\/strong> &lt;1000mm<\/li>\n<li><strong>\u00cdndice de impermeabilidad inferior: <\/strong> &gt;3000 mil\u00edmetros<\/li>\n<li><strong>Tipo de construcci\u00f3n : <\/strong> Apertura autom\u00e1tica r\u00e1pida<\/li>\n<li><strong>Estilo de tienda: <\/strong> Tipo de refuerzo diagonal<\/li>\n<li><strong>Estaci\u00f3n : <\/strong> Tienda de campa\u00f1a de cuatro estaciones<\/li>\n<li><strong>Estructura : <\/strong> Una habitaci\u00f3n<\/li>\n<li><strong>Nombre del producto : <\/strong> Carpa para camping<\/li>\n<li><strong>Uso: <\/strong> Tienda de campa\u00f1a al aire libre<\/li>\n<li><strong>Palabra clave: <\/strong> tienda de campa\u00f1a en la azotea<\/li>\n<li><strong>Tama\u00f1o : <\/strong> 143cmx310cm<\/li>\n<li><strong>Material : <\/strong> Lienzo<\/li>\n<li><strong>Solicitud : <\/strong> Tienda familiar para acampar al aire libre<\/li>\n<li><strong>Funci\u00f3n : <\/strong> acampar al aire libre<\/li>\n<li><strong>Cantidad m\u00ednima de pedido: <\/strong> 1 pieza<\/li>\n<li><strong>Material del marco : <\/strong> Poste de aluminio de 16 mm.<\/li>\n<li><strong>Caracter\u00edstica : <\/strong> impermeable<\/li>\n<\/ul>\n<div>\n<div data-magic-global=\"%7B%22bizId%22%3A2206962912116%2C%22pageId%22%3A20006098947%2C%22siteId%22%3A5005786273%7D\">\n<div>\n<div>\n<div>\n<div>\n<div>\n<div><\/div>\n<\/div>\n<\/div>\n<\/div>\n<\/div>\n<\/div>\n<div>\n<div data-section=\"AliMagic-1igdjc\" data-section-title=\"Product Description\">Descripci\u00f3n del Producto<\/div>\n<\/div>\n<div>\n<div>\n<div><img decoding=\"async\" src=\"\/\/sc04.alicdn.com\/kf\/H631690f4eade4eeca68b705f874e96ed5\/240056294\/H631690f4eade4eeca68b705f874e96ed5.jpg\" data-src=\"\/\/sc04.alicdn.com\/kf\/H631690f4eade4eeca68b705f874e96ed5\/240056294\/H631690f4eade4eeca68b705f874e96ed5.jpg\" \/><\/div>\n<div><img decoding=\"async\" src=\"\/\/sc04.alicdn.com\/kf\/Hdf25dd2a8f3a4b119f8830b88a88468ba\/240056294\/Hdf25dd2a8f3a4b119f8830b88a88468ba.jpg\" data-src=\"\/\/sc04.alicdn.com\/kf\/Hdf25dd2a8f3a4b119f8830b88a88468ba\/240056294\/Hdf25dd2a8f3a4b119f8830b88a88468ba.jpg\" \/><\/div>\n<div><img decoding=\"async\" src=\"\/\/sc04.alicdn.com\/kf\/H9cf33a94305a4af7b37893c789b8b733Q\/240056294\/H9cf33a94305a4af7b37893c789b8b733Q.jpg\" data-src=\"\/\/sc04.alicdn.com\/kf\/H9cf33a94305a4af7b37893c789b8b733Q\/240056294\/H9cf33a94305a4af7b37893c789b8b733Q.jpg\" \/><\/div>\n<div><img decoding=\"async\" src=\"\/\/sc04.alicdn.com\/kf\/H521d81437270427cb25f23fe459876bfj\/240056294\/H521d81437270427cb25f23fe459876bfj.jpg\" data-src=\"\/\/sc04.alicdn.com\/kf\/H521d81437270427cb25f23fe459876bfj\/240056294\/H521d81437270427cb25f23fe459876bfj.jpg\" \/><\/div>\n<div><img loading=\"lazy\" decoding=\"async\" class=\"alignnone size-full wp-image-5316\" src=\"https:\/\/uoogear.com\/wp-content\/uploads\/2023\/11\/Hfd818247442e4184af8907ecbe5f07e1q.jpg\" width=\"1280\" height=\"906\" srcset=\"https:\/\/uoogear.com\/wp-content\/uploads\/2023\/11\/Hfd818247442e4184af8907ecbe5f07e1q.jpg 1280w, https:\/\/uoogear.com\/wp-content\/uploads\/2023\/11\/Hfd818247442e4184af8907ecbe5f07e1q-300x212.jpg 300w, https:\/\/uoogear.com\/wp-content\/uploads\/2023\/11\/Hfd818247442e4184af8907ecbe5f07e1q-1024x725.jpg 1024w, https:\/\/uoogear.com\/wp-content\/uploads\/2023\/11\/Hfd818247442e4184af8907ecbe5f07e1q-768x544.jpg 768w, https:\/\/uoogear.com\/wp-content\/uploads\/2023\/11\/Hfd818247442e4184af8907ecbe5f07e1q-600x425.jpg 600w, https:\/\/uoogear.com\/wp-content\/uploads\/2023\/11\/Hfd818247442e4184af8907ecbe5f07e1q-76x54.jpg 76w\" sizes=\"auto, (max-width: 1280px) 100vw, 1280px\" \/><\/div>\n<\/div>\n<\/div>\n<div>\n<div data-section=\"AliMagic-qc6vp1\" data-section-title=\"Specification\" data-spm-anchor-id=\"a2700.details.0.i47.1ecd503d9XtO3Q\"><\/div>\n<\/div>\n<\/div>\n<\/div>","protected":false},"excerpt":{"rendered":"<p>\u00c1rea: 3.5CBM Tela: Lona Carpa exterior \u00cdndice de impermeabilidad: &lt;1000 mm \u00cdndice de impermeabilidad inferior: &gt;3000 mm Tipo de construcci\u00f3n: Apertura autom\u00e1tica r\u00e1pida Estilo de carpa: Tipo de refuerzo diagonal Temporada: Estructura de carpa para cuatro estaciones: Un dormitorio Nombre del producto: Tienda de campa\u00f1a Uso : Tienda de campa\u00f1a al aire libre Palabra clave : tienda de techo Tama\u00f1o<\/p>\n<div class=\"read-more\"><a class=\"btn btn-fill-out\" href=\"https:\/\/uoogear.com\/es\/producto\/fast-delivery-roof-tent-4x4-car-roof-top\/\">Leer m\u00e1s<\/a><\/div>","protected":false},"featured_media":4135,"template":"","meta":[],"product_brand":[],"product_cat":[15],"product_tag":[],"class_list":{"0":"post-4136","1":"product","2":"type-product","3":"status-publish","4":"has-post-thumbnail","6":"product_cat-uncategorized","7":"tm-no-options","9":"first","10":"instock","11":"shipping-taxable","12":"purchasable","13":"product-type-variable"},"_links":{"self":[{"href":"https:\/\/uoogear.com\/es\/wp-json\/wp\/v2\/product\/4136","targetHints":{"allow":["GET"]}}],"collection":[{"href":"https:\/\/uoogear.com\/es\/wp-json\/wp\/v2\/product"}],"about":[{"href":"https:\/\/uoogear.com\/es\/wp-json\/wp\/v2\/types\/product"}],"wp:featuredmedia":[{"embeddable":true,"href":"https:\/\/uoogear.com\/es\/wp-json\/wp\/v2\/media\/4135"}],"wp:attachment":[{"href":"https:\/\/uoogear.com\/es\/wp-json\/wp\/v2\/media?parent=4136"}],"wp:term":[{"taxonomy":"product_brand","embeddable":true,"href":"https:\/\/uoogear.com\/es\/wp-json\/wp\/v2\/product_brand?post=4136"},{"taxonomy":"product_cat","embeddable":true,"href":"https:\/\/uoogear.com\/es\/wp-json\/wp\/v2\/product_cat?post=4136"},{"taxonomy":"product_tag","embeddable":true,"href":"https:\/\/uoogear.com\/es\/wp-json\/wp\/v2\/product_tag?post=4136"}],"curies":[{"name":"wp","href":"https:\/\/api.w.org\/{rel}","templated":true}]}}