{"id":4145,"date":"2023-11-13T12:12:09","date_gmt":"2023-11-13T12:12:09","guid":{"rendered":"https:\/\/uoogear.com\/product\/latest-car-rooftop-tents-camping-outdoor-luxury-4-6-folding-outdoor-tents\/"},"modified":"2023-11-30T03:45:31","modified_gmt":"2023-11-30T03:45:31","slug":"latest-car-rooftop-tents-camping-outdoor-luxury-4-6-folding-outdoor-tents","status":"publish","type":"product","link":"https:\/\/uoogear.com\/es\/producto\/latest-car-rooftop-tents-camping-outdoor-luxury-4-6-folding-outdoor-tents\/","title":{"rendered":"Las \u00faltimas tiendas de campa\u00f1a en la azotea para coches que acampan al aire libre de lujo 4-6 tiendas plegables al aire libre"},"content":{"rendered":"<ul>\n<li><strong>Tela : <\/strong> Oxford<\/li>\n<li><strong>\u00cdndice de impermeabilidad de la tienda exterior: <\/strong> 1500-2000 mil\u00edmetros<\/li>\n<li><strong>\u00cdndice de impermeabilidad inferior: <\/strong> &gt;3000 mil\u00edmetros<\/li>\n<li><strong>Tipo de construcci\u00f3n : <\/strong> Construcci\u00f3n basada en la necesidad<\/li>\n<li><strong>Estilo de tienda: <\/strong> Tipo de refuerzo recto<\/li>\n<li><strong>Estaci\u00f3n : <\/strong> Tienda de campa\u00f1a de cuatro estaciones<\/li>\n<li><strong>Estructura : <\/strong> Una habitaci\u00f3n<\/li>\n<li><strong>Nombre del producto : <\/strong> Tienda de campa\u00f1a en la azotea del coche<\/li>\n<li><strong>Material : <\/strong> Poli\u00e9ster Oxford, lona antidesgarro.<\/li>\n<li><strong>Material del poste: <\/strong> Aluminio<\/li>\n<li><strong>Tama\u00f1o del producto : <\/strong> 310x143x115cm<\/li>\n<li><strong>Caracter\u00edstica : <\/strong> impermeable<\/li>\n<li><strong>Escalera : <\/strong> Escalera telesc\u00f3pica de aluminio<\/li>\n<li><strong>Uso: <\/strong> Acampar al aire libre Senderismo Viajar<\/li>\n<li><strong>GW: <\/strong> 59kg<\/li>\n<li><strong>Palabra clave: <\/strong> Tienda de campa\u00f1a de cubierta dura en la azotea<\/li>\n<li><strong>Estilo : <\/strong> F\u00e1cil plegado<\/li>\n<\/ul>\n<div>\n<div data-magic-global=\"%7B%22bizId%22%3A2206962912116%2C%22pageId%22%3A21196388235%2C%22siteId%22%3A5005786273%7D\">\n<div>\n<div>\n<div>\n<div>\n<div>\n<div><\/div>\n<\/div>\n<\/div>\n<\/div>\n<\/div>\n<\/div>\n<div><\/div>\n<div>\n<div><\/div>\n<\/div>\n<div>\n<div>\n<div><img decoding=\"async\" src=\"\/\/sc04.alicdn.com\/kf\/Head17f2fb29142fab53715928afb7c7bt\/240056294\/Head17f2fb29142fab53715928afb7c7bt.jpg\" data-src=\"\/\/sc04.alicdn.com\/kf\/Head17f2fb29142fab53715928afb7c7bt\/240056294\/Head17f2fb29142fab53715928afb7c7bt.jpg\" \/><\/div>\n<div><\/div>\n<div><img decoding=\"async\" src=\"\/\/sc04.alicdn.com\/kf\/H31bcadeece5a41f79545474233d7c450F\/240056294\/H31bcadeece5a41f79545474233d7c450F.jpg\" data-src=\"\/\/sc04.alicdn.com\/kf\/H31bcadeece5a41f79545474233d7c450F\/240056294\/H31bcadeece5a41f79545474233d7c450F.jpg\" \/><\/div>\n<div><img decoding=\"async\" src=\"\/\/sc04.alicdn.com\/kf\/Hd09d9c862a164800839cbbf832b621417\/240056294\/Hd09d9c862a164800839cbbf832b621417.jpg\" data-src=\"\/\/sc04.alicdn.com\/kf\/Hd09d9c862a164800839cbbf832b621417\/240056294\/Hd09d9c862a164800839cbbf832b621417.jpg\" \/><\/div>\n<div><img decoding=\"async\" src=\"\/\/sc04.alicdn.com\/kf\/H0563ea9c013d4a3ca309db9c332ebab6l\/240056294\/H0563ea9c013d4a3ca309db9c332ebab6l.jpg\" data-src=\"\/\/sc04.alicdn.com\/kf\/H0563ea9c013d4a3ca309db9c332ebab6l\/240056294\/H0563ea9c013d4a3ca309db9c332ebab6l.jpg\" \/><\/div>\n<div><img decoding=\"async\" src=\"\/\/sc04.alicdn.com\/kf\/H00ea59eb398e4db0af8b1d8eca61ce60f\/240056294\/H00ea59eb398e4db0af8b1d8eca61ce60f.jpg\" data-src=\"\/\/sc04.alicdn.com\/kf\/H00ea59eb398e4db0af8b1d8eca61ce60f\/240056294\/H00ea59eb398e4db0af8b1d8eca61ce60f.jpg\" \/><\/div>\n<\/div>\n<\/div>\n<\/div>\n<\/div>","protected":false},"excerpt":{"rendered":"<p>Tela: Oxford \u00cdndice de impermeabilidad de la tienda exterior: 1500-2000 mm \u00cdndice de impermeabilidad inferior: &gt;3000 mm Tipo de construcci\u00f3n: Construcci\u00f3n basada en la necesidad Estilo de la tienda: Tipo de refuerzo recto Temporada: Estructura de la tienda para cuatro estaciones: Un dormitorio Nombre del producto: Material de la tienda en el techo del autom\u00f3vil : Poli\u00e9ster Oxford, lona antidesgarro Material del poste: Aluminio Tama\u00f1o del producto<\/p>\n<div class=\"read-more\"><a class=\"btn btn-fill-out\" href=\"https:\/\/uoogear.com\/es\/producto\/latest-car-rooftop-tents-camping-outdoor-luxury-4-6-folding-outdoor-tents\/\">Leer m\u00e1s<\/a><\/div>","protected":false},"featured_media":4144,"template":"","meta":[],"product_brand":[],"product_cat":[15],"product_tag":[],"class_list":{"0":"post-4145","1":"product","2":"type-product","3":"status-publish","4":"has-post-thumbnail","6":"product_cat-uncategorized","7":"tm-no-options","9":"first","10":"instock","11":"shipping-taxable","12":"purchasable","13":"product-type-variable"},"_links":{"self":[{"href":"https:\/\/uoogear.com\/es\/wp-json\/wp\/v2\/product\/4145","targetHints":{"allow":["GET"]}}],"collection":[{"href":"https:\/\/uoogear.com\/es\/wp-json\/wp\/v2\/product"}],"about":[{"href":"https:\/\/uoogear.com\/es\/wp-json\/wp\/v2\/types\/product"}],"wp:featuredmedia":[{"embeddable":true,"href":"https:\/\/uoogear.com\/es\/wp-json\/wp\/v2\/media\/4144"}],"wp:attachment":[{"href":"https:\/\/uoogear.com\/es\/wp-json\/wp\/v2\/media?parent=4145"}],"wp:term":[{"taxonomy":"product_brand","embeddable":true,"href":"https:\/\/uoogear.com\/es\/wp-json\/wp\/v2\/product_brand?post=4145"},{"taxonomy":"product_cat","embeddable":true,"href":"https:\/\/uoogear.com\/es\/wp-json\/wp\/v2\/product_cat?post=4145"},{"taxonomy":"product_tag","embeddable":true,"href":"https:\/\/uoogear.com\/es\/wp-json\/wp\/v2\/product_tag?post=4145"}],"curies":[{"name":"wp","href":"https:\/\/api.w.org\/{rel}","templated":true}]}}