{"id":4163,"date":"2023-11-13T12:16:12","date_gmt":"2023-11-13T12:16:12","guid":{"rendered":"https:\/\/uoogear.com\/product\/super-quality-aluminum-camping-canvas-roof-top-tent\/"},"modified":"2023-11-30T06:07:29","modified_gmt":"2023-11-30T06:07:29","slug":"super-quality-aluminum-camping-canvas-roof-top-tent","status":"publish","type":"product","link":"https:\/\/uoogear.com\/es\/producto\/super-quality-aluminum-camping-canvas-roof-top-tent\/","title":{"rendered":"Tienda de campa\u00f1a con techo de lona para acampar de aluminio de gran calidad"},"content":{"rendered":"<ul>\n<li><strong>\u00c1rea : <\/strong> 3,5 cbm<\/li>\n<li><strong>Tela : <\/strong> Lienzo<\/li>\n<li><strong>\u00cdndice de impermeabilidad de la tienda exterior: <\/strong> &lt;1000mm<\/li>\n<li><strong>\u00cdndice de impermeabilidad inferior: <\/strong> &gt;3000 mil\u00edmetros<\/li>\n<li><strong>Estilo de tienda: <\/strong> Tipo de refuerzo diagonal<\/li>\n<li><strong>Estaci\u00f3n : <\/strong> Tienda de campa\u00f1a de cuatro estaciones<\/li>\n<li><strong>Estructura : <\/strong> Una habitaci\u00f3n<\/li>\n<li><strong>Nombre del producto : <\/strong> Carpa para camping<\/li>\n<li><strong>Uso: <\/strong> Tienda de campa\u00f1a al aire libre<\/li>\n<li><strong>Palabra clave: <\/strong> tienda de campa\u00f1a en la azotea<\/li>\n<li><strong>Tama\u00f1o : <\/strong> 143cmx310cm<\/li>\n<li><strong>Material : <\/strong> Lienzo<\/li>\n<li><strong>Solicitud : <\/strong> Tienda familiar para acampar al aire libre<\/li>\n<li><strong>Funci\u00f3n : <\/strong> acampar al aire libre<\/li>\n<li><strong>Cantidad m\u00ednima de pedido: <\/strong> 1 pieza<\/li>\n<li><strong>Material del marco : <\/strong> Poste de aluminio de 16 mm.<\/li>\n<li><strong>Caracter\u00edstica : <\/strong> impermeable<\/li>\n<\/ul>\n<div>\n<div data-magic-global=\"%7B%22bizId%22%3A2206962912116%2C%22pageId%22%3A21231044023%2C%22siteId%22%3A5005786273%7D\">\n<div>\n<div>\n<div>\n<div>\n<div>\n<div><\/div>\n<\/div>\n<\/div>\n<\/div>\n<\/div>\n<\/div>\n<div>\n<div data-section=\"AliMagic-p61azc\" data-section-title=\"Product Description\">Descripci\u00f3n del Producto<\/div>\n<\/div>\n<div>\n<div>\n<div><img loading=\"lazy\" decoding=\"async\" class=\"alignnone size-full wp-image-5317\" src=\"https:\/\/uoogear.com\/wp-content\/uploads\/2023\/11\/Hefb1e3279aa147d0b8a9598885ae4c3fg.jpg\" width=\"800\" height=\"800\" srcset=\"https:\/\/uoogear.com\/wp-content\/uploads\/2023\/11\/Hefb1e3279aa147d0b8a9598885ae4c3fg.jpg 800w, https:\/\/uoogear.com\/wp-content\/uploads\/2023\/11\/Hefb1e3279aa147d0b8a9598885ae4c3fg-300x300.jpg 300w, https:\/\/uoogear.com\/wp-content\/uploads\/2023\/11\/Hefb1e3279aa147d0b8a9598885ae4c3fg-150x150.jpg 150w, https:\/\/uoogear.com\/wp-content\/uploads\/2023\/11\/Hefb1e3279aa147d0b8a9598885ae4c3fg-768x768.jpg 768w, https:\/\/uoogear.com\/wp-content\/uploads\/2023\/11\/Hefb1e3279aa147d0b8a9598885ae4c3fg-450x450.jpg 450w, https:\/\/uoogear.com\/wp-content\/uploads\/2023\/11\/Hefb1e3279aa147d0b8a9598885ae4c3fg-90x90.jpg 90w, https:\/\/uoogear.com\/wp-content\/uploads\/2023\/11\/Hefb1e3279aa147d0b8a9598885ae4c3fg-600x600.jpg 600w, https:\/\/uoogear.com\/wp-content\/uploads\/2023\/11\/Hefb1e3279aa147d0b8a9598885ae4c3fg-54x54.jpg 54w, https:\/\/uoogear.com\/wp-content\/uploads\/2023\/11\/Hefb1e3279aa147d0b8a9598885ae4c3fg-50x50.jpg 50w, https:\/\/uoogear.com\/wp-content\/uploads\/2023\/11\/Hefb1e3279aa147d0b8a9598885ae4c3fg-100x100.jpg 100w\" sizes=\"auto, (max-width: 800px) 100vw, 800px\" \/><\/div>\n<div><img loading=\"lazy\" decoding=\"async\" class=\"alignnone size-full wp-image-5318\" src=\"https:\/\/uoogear.com\/wp-content\/uploads\/2023\/11\/H7270045d169a4289b36937b7aeb88ffb2.jpg\" width=\"800\" height=\"800\" srcset=\"https:\/\/uoogear.com\/wp-content\/uploads\/2023\/11\/H7270045d169a4289b36937b7aeb88ffb2.jpg 800w, https:\/\/uoogear.com\/wp-content\/uploads\/2023\/11\/H7270045d169a4289b36937b7aeb88ffb2-300x300.jpg 300w, https:\/\/uoogear.com\/wp-content\/uploads\/2023\/11\/H7270045d169a4289b36937b7aeb88ffb2-150x150.jpg 150w, https:\/\/uoogear.com\/wp-content\/uploads\/2023\/11\/H7270045d169a4289b36937b7aeb88ffb2-768x768.jpg 768w, https:\/\/uoogear.com\/wp-content\/uploads\/2023\/11\/H7270045d169a4289b36937b7aeb88ffb2-450x450.jpg 450w, https:\/\/uoogear.com\/wp-content\/uploads\/2023\/11\/H7270045d169a4289b36937b7aeb88ffb2-90x90.jpg 90w, https:\/\/uoogear.com\/wp-content\/uploads\/2023\/11\/H7270045d169a4289b36937b7aeb88ffb2-600x600.jpg 600w, https:\/\/uoogear.com\/wp-content\/uploads\/2023\/11\/H7270045d169a4289b36937b7aeb88ffb2-54x54.jpg 54w, https:\/\/uoogear.com\/wp-content\/uploads\/2023\/11\/H7270045d169a4289b36937b7aeb88ffb2-50x50.jpg 50w, https:\/\/uoogear.com\/wp-content\/uploads\/2023\/11\/H7270045d169a4289b36937b7aeb88ffb2-100x100.jpg 100w\" sizes=\"auto, (max-width: 800px) 100vw, 800px\" \/><\/div>\n<div><img loading=\"lazy\" decoding=\"async\" class=\"alignnone size-full wp-image-5319\" src=\"https:\/\/uoogear.com\/wp-content\/uploads\/2023\/11\/Hfcb246a7a8634eedab03cb0cd3b7414bP.jpg\" width=\"800\" height=\"800\" srcset=\"https:\/\/uoogear.com\/wp-content\/uploads\/2023\/11\/Hfcb246a7a8634eedab03cb0cd3b7414bP.jpg 800w, https:\/\/uoogear.com\/wp-content\/uploads\/2023\/11\/Hfcb246a7a8634eedab03cb0cd3b7414bP-300x300.jpg 300w, https:\/\/uoogear.com\/wp-content\/uploads\/2023\/11\/Hfcb246a7a8634eedab03cb0cd3b7414bP-150x150.jpg 150w, https:\/\/uoogear.com\/wp-content\/uploads\/2023\/11\/Hfcb246a7a8634eedab03cb0cd3b7414bP-768x768.jpg 768w, https:\/\/uoogear.com\/wp-content\/uploads\/2023\/11\/Hfcb246a7a8634eedab03cb0cd3b7414bP-450x450.jpg 450w, https:\/\/uoogear.com\/wp-content\/uploads\/2023\/11\/Hfcb246a7a8634eedab03cb0cd3b7414bP-90x90.jpg 90w, https:\/\/uoogear.com\/wp-content\/uploads\/2023\/11\/Hfcb246a7a8634eedab03cb0cd3b7414bP-600x600.jpg 600w, https:\/\/uoogear.com\/wp-content\/uploads\/2023\/11\/Hfcb246a7a8634eedab03cb0cd3b7414bP-54x54.jpg 54w, https:\/\/uoogear.com\/wp-content\/uploads\/2023\/11\/Hfcb246a7a8634eedab03cb0cd3b7414bP-50x50.jpg 50w, https:\/\/uoogear.com\/wp-content\/uploads\/2023\/11\/Hfcb246a7a8634eedab03cb0cd3b7414bP-100x100.jpg 100w\" sizes=\"auto, (max-width: 800px) 100vw, 800px\" \/><\/div>\n<div><img loading=\"lazy\" decoding=\"async\" class=\"alignnone size-full wp-image-5320\" src=\"https:\/\/uoogear.com\/wp-content\/uploads\/2023\/11\/H2f2720fa569b4fc38a0978f955168544u.jpg\" width=\"800\" height=\"800\" srcset=\"https:\/\/uoogear.com\/wp-content\/uploads\/2023\/11\/H2f2720fa569b4fc38a0978f955168544u.jpg 800w, https:\/\/uoogear.com\/wp-content\/uploads\/2023\/11\/H2f2720fa569b4fc38a0978f955168544u-300x300.jpg 300w, https:\/\/uoogear.com\/wp-content\/uploads\/2023\/11\/H2f2720fa569b4fc38a0978f955168544u-150x150.jpg 150w, https:\/\/uoogear.com\/wp-content\/uploads\/2023\/11\/H2f2720fa569b4fc38a0978f955168544u-768x768.jpg 768w, https:\/\/uoogear.com\/wp-content\/uploads\/2023\/11\/H2f2720fa569b4fc38a0978f955168544u-450x450.jpg 450w, https:\/\/uoogear.com\/wp-content\/uploads\/2023\/11\/H2f2720fa569b4fc38a0978f955168544u-90x90.jpg 90w, https:\/\/uoogear.com\/wp-content\/uploads\/2023\/11\/H2f2720fa569b4fc38a0978f955168544u-600x600.jpg 600w, https:\/\/uoogear.com\/wp-content\/uploads\/2023\/11\/H2f2720fa569b4fc38a0978f955168544u-54x54.jpg 54w, https:\/\/uoogear.com\/wp-content\/uploads\/2023\/11\/H2f2720fa569b4fc38a0978f955168544u-50x50.jpg 50w, https:\/\/uoogear.com\/wp-content\/uploads\/2023\/11\/H2f2720fa569b4fc38a0978f955168544u-100x100.jpg 100w\" sizes=\"auto, (max-width: 800px) 100vw, 800px\" \/><\/div>\n<div><\/div>\n<div><img loading=\"lazy\" decoding=\"async\" class=\"alignnone size-full wp-image-5321\" src=\"https:\/\/uoogear.com\/wp-content\/uploads\/2023\/11\/H8d7a389cf447492bbe6d179de8827aeew.jpg\" width=\"960\" height=\"680\" \/><\/div>\n<\/div>\n<\/div>\n<div>\n<div data-section=\"AliMagic-zwuelr\" data-section-title=\"Specification\"><\/div>\n<\/div>\n<\/div>\n<\/div>","protected":false},"excerpt":{"rendered":"<p>\u00c1rea: 3.5CBM Tela: Lona \u00cdndice de impermeabilidad de la tienda exterior: &lt;1000 mm \u00cdndice de impermeabilidad inferior: &gt;3000 mm Estilo de la tienda: Tipo de refuerzo diagonal Temporada: Estructura de la tienda de cuatro estaciones: Un dormitorio Nombre del producto: Tienda de campa\u00f1a Uso: Tienda de campa\u00f1a al aire libre Palabra clave: Tienda de campa\u00f1a en la azotea Tama\u00f1o: 143 cm x 310 cm Material: Lona Aplicaci\u00f3n<\/p>\n<div class=\"read-more\"><a class=\"btn btn-fill-out\" href=\"https:\/\/uoogear.com\/es\/producto\/super-quality-aluminum-camping-canvas-roof-top-tent\/\">Leer m\u00e1s<\/a><\/div>","protected":false},"featured_media":4162,"template":"","meta":[],"product_brand":[],"product_cat":[15],"product_tag":[],"class_list":{"0":"post-4163","1":"product","2":"type-product","3":"status-publish","4":"has-post-thumbnail","6":"product_cat-uncategorized","7":"tm-no-options","9":"first","10":"instock","11":"shipping-taxable","12":"purchasable","13":"product-type-variable"},"_links":{"self":[{"href":"https:\/\/uoogear.com\/es\/wp-json\/wp\/v2\/product\/4163","targetHints":{"allow":["GET"]}}],"collection":[{"href":"https:\/\/uoogear.com\/es\/wp-json\/wp\/v2\/product"}],"about":[{"href":"https:\/\/uoogear.com\/es\/wp-json\/wp\/v2\/types\/product"}],"wp:featuredmedia":[{"embeddable":true,"href":"https:\/\/uoogear.com\/es\/wp-json\/wp\/v2\/media\/4162"}],"wp:attachment":[{"href":"https:\/\/uoogear.com\/es\/wp-json\/wp\/v2\/media?parent=4163"}],"wp:term":[{"taxonomy":"product_brand","embeddable":true,"href":"https:\/\/uoogear.com\/es\/wp-json\/wp\/v2\/product_brand?post=4163"},{"taxonomy":"product_cat","embeddable":true,"href":"https:\/\/uoogear.com\/es\/wp-json\/wp\/v2\/product_cat?post=4163"},{"taxonomy":"product_tag","embeddable":true,"href":"https:\/\/uoogear.com\/es\/wp-json\/wp\/v2\/product_tag?post=4163"}],"curies":[{"name":"wp","href":"https:\/\/api.w.org\/{rel}","templated":true}]}}