{"id":4201,"date":"2023-11-13T12:22:41","date_gmt":"2023-11-13T12:22:41","guid":{"rendered":"https:\/\/uoogear.com\/product\/high-quality-car-camping-3-4-person-foldable-soft-roof-top-tent-for-sale-custom-service-available\/"},"modified":"2023-11-30T07:06:18","modified_gmt":"2023-11-30T07:06:18","slug":"high-quality-car-camping-3-4-person-foldable-soft-roof-top-tent-for-sale-custom-service-available","status":"publish","type":"product","link":"https:\/\/uoogear.com\/es\/producto\/high-quality-car-camping-3-4-person-foldable-soft-roof-top-tent-for-sale-custom-service-available\/","title":{"rendered":"Tienda de campa\u00f1a de techo suave plegable para 3-4 personas, coche de alta calidad, a la venta, servicio personalizado disponible"},"content":{"rendered":"<ul>\n<li><strong>\u00c1rea : <\/strong> 310*160*126cm<\/li>\n<li><strong>Tela : <\/strong> Poli\u00e9ster<\/li>\n<li><strong>\u00cdndice de impermeabilidad de la tienda exterior: <\/strong> 2000-3000 mil\u00edmetros<\/li>\n<li><strong>\u00cdndice de impermeabilidad inferior: <\/strong> &gt;3000 mil\u00edmetros<\/li>\n<li><strong>Tipo de construcci\u00f3n : <\/strong> Construcci\u00f3n basada en la necesidad<\/li>\n<li><strong>Estilo de tienda: <\/strong> Tipo de refuerzo recto<\/li>\n<li><strong>Estaci\u00f3n : <\/strong> Tienda de campa\u00f1a de cuatro estaciones<\/li>\n<li><strong>Estructura : <\/strong> Una habitaci\u00f3n<\/li>\n<li><strong>Nombre del producto : <\/strong> Tienda de campa\u00f1a con techo para coche, casa, coche, resistente a la lluvia, con capota blanda<\/li>\n<li><strong>Material de la tela: <\/strong> Lona de algod\u00f3n y poli\u00e9ster de 300 g\/m\u00b2.<\/li>\n<li><strong>Caracter\u00edstica : <\/strong> Resistente al agua 2000 mm<\/li>\n<li><strong>Tama\u00f1o : <\/strong> Tama\u00f1o ampliado: 310*160*126cm<\/li>\n<li><strong>Colch\u00f3n : <\/strong> Esponja no deformable de 60 mm de espesor, con funda extra\u00edble y lavable.<\/li>\n<li><strong>Escalera : <\/strong> Escalera telesc\u00f3pica de aluminio, 230 cm.<\/li>\n<li><strong>Logotipo: <\/strong> Logotipo personalizado<\/li>\n<li><strong>Accesorios : <\/strong> Escalera+ Bolsa para zapatos<\/li>\n<li><strong>Partes opcionales : <\/strong> Anexo, Forro c\u00e1lido aislante, Varios dise\u00f1os de moscas de lluvia<\/li>\n<\/ul>\n<div>\n<div data-magic-global=\"%7B%22bizId%22%3A2634101818%2C%22pageId%22%3A21330063023%2C%22siteId%22%3A5005227190%7D\">\n<div>\n<div>\n<div>\n<div>\n<div>\n<div><img decoding=\"async\" src=\"https:\/\/uoogear.com\/wp-content\/uploads\/2023\/11\/H4d2450ccd74648318c7ab759dace20f6i-wpp1701327585422.webp\" data-src=\"https:\/\/uoogear.com\/wp-content\/uploads\/2023\/11\/H4d2450ccd74648318c7ab759dace20f6i-wpp1701327585422.webp\" \/><\/div>\n<\/div>\n<\/div>\n<\/div>\n<\/div>\n<\/div>\n<div><\/div>\n<div>\n<div data-section=\"AliMagic-eb3sag\" data-section-title=\"Product Description\"><span style=\"font-family: Tahoma;\">Caracter\u00edsticas<\/span><\/div>\n<\/div>\n<div>\n<div>\n<div>\n<div>\n<div>1. Tela con doble costura de 280 g (40% m\u00e1s pesada que los modelos est\u00e1ndar)<\/div>\n<div>2. Tapete anticondensaci\u00f3n (1\/2\u2033) debajo del colch\u00f3n<\/div>\n<div>3. Marco interno resistente de 3\/4 \u2033 completamente envuelto<\/div>\n<div>4. Bisagras de 3 pernos de alta resistencia y construcci\u00f3n de base de aluminio soldado<\/div>\n<div>5. Bolsillos internos extragrandes, puntos de anclaje para equipo y correas para ropa de cama<\/div>\n<div>6. Anexo completamente cerrado con el mismo material resistente utilizado para la lona de la tienda.<\/div>\n<\/div>\n<\/div>\n<\/div>\n<\/div>\n<div>\n<div>\n<div><\/div>\n<div><img decoding=\"async\" src=\"https:\/\/uoogear.com\/wp-content\/uploads\/2023\/11\/H067f82f488cb47f69ce24342bd2ead2cE.webp\" data-src=\"https:\/\/uoogear.com\/wp-content\/uploads\/2023\/11\/H067f82f488cb47f69ce24342bd2ead2cE.webp\" \/><\/div>\n<div><img decoding=\"async\" src=\"https:\/\/uoogear.com\/wp-content\/uploads\/2023\/11\/H06f0378ab5f442809a4099adaa5296452.webp\" data-src=\"https:\/\/uoogear.com\/wp-content\/uploads\/2023\/11\/H06f0378ab5f442809a4099adaa5296452.webp\" \/><\/div>\n<div><img decoding=\"async\" src=\"https:\/\/uoogear.com\/wp-content\/uploads\/2023\/11\/H0e15ce57d53341deb942ba2c7aabfd57c.webp\" data-src=\"https:\/\/uoogear.com\/wp-content\/uploads\/2023\/11\/H0e15ce57d53341deb942ba2c7aabfd57c.webp\" \/><\/div>\n<\/div>\n<\/div>\n<div>\n<div>\n<div>\n<div>\n<div>\n<div><img decoding=\"async\" src=\"https:\/\/uoogear.com\/wp-content\/uploads\/2023\/11\/H4e98bf4703e34c2990862565b0ef3cb1L.webp\" data-src=\"https:\/\/uoogear.com\/wp-content\/uploads\/2023\/11\/H4e98bf4703e34c2990862565b0ef3cb1L.webp\" \/><\/div>\n<\/div>\n<\/div>\n<\/div>\n<\/div>\n<\/div>\n<div>\n<div>\n<div>\n<div>\n<div>\n<div><\/div>\n<\/div>\n<\/div>\n<\/div>\n<\/div>\n<\/div>\n<div>\n<div>\n<div>\n<div>\n<div>\n<div><img decoding=\"async\" src=\"https:\/\/uoogear.com\/wp-content\/uploads\/2023\/11\/H6f17537709ac4c57be8f412e8d427eda9.webp\" data-src=\"https:\/\/uoogear.com\/wp-content\/uploads\/2023\/11\/H6f17537709ac4c57be8f412e8d427eda9.webp\" \/><\/div>\n<\/div>\n<\/div>\n<\/div>\n<\/div>\n<\/div>\n<div>\n<div>\n<div>\n<div>\n<div>\n<div><\/div>\n<\/div>\n<\/div>\n<\/div>\n<\/div>\n<\/div>\n<\/div>\n<\/div>","protected":false},"excerpt":{"rendered":"<p>\u00c1rea: 310*160*126 cm Tela: Poli\u00e9ster Carpa exterior \u00cdndice de impermeabilidad: 2000-3000 mm \u00cdndice de impermeabilidad inferior: &gt;3000 mm Tipo de construcci\u00f3n: Construcci\u00f3n basada en la necesidad Estilo de carpa: Tipo de refuerzo recto Temporada: Carpa de cuatro estaciones Estructura: Producto de un dormitorio Nombre: Material de la tela de la tienda del coche del techo suave a prueba de lluvia de la casa de la tienda del techo:<\/p>\n<div class=\"read-more\"><a class=\"btn btn-fill-out\" href=\"https:\/\/uoogear.com\/es\/producto\/high-quality-car-camping-3-4-person-foldable-soft-roof-top-tent-for-sale-custom-service-available\/\">Leer m\u00e1s<\/a><\/div>","protected":false},"featured_media":4200,"template":"","meta":[],"product_brand":[],"product_cat":[15],"product_tag":[],"class_list":{"0":"post-4201","1":"product","2":"type-product","3":"status-publish","4":"has-post-thumbnail","6":"product_cat-uncategorized","7":"tm-no-options","9":"first","10":"instock","11":"shipping-taxable","12":"purchasable","13":"product-type-variable"},"_links":{"self":[{"href":"https:\/\/uoogear.com\/es\/wp-json\/wp\/v2\/product\/4201","targetHints":{"allow":["GET"]}}],"collection":[{"href":"https:\/\/uoogear.com\/es\/wp-json\/wp\/v2\/product"}],"about":[{"href":"https:\/\/uoogear.com\/es\/wp-json\/wp\/v2\/types\/product"}],"wp:featuredmedia":[{"embeddable":true,"href":"https:\/\/uoogear.com\/es\/wp-json\/wp\/v2\/media\/4200"}],"wp:attachment":[{"href":"https:\/\/uoogear.com\/es\/wp-json\/wp\/v2\/media?parent=4201"}],"wp:term":[{"taxonomy":"product_brand","embeddable":true,"href":"https:\/\/uoogear.com\/es\/wp-json\/wp\/v2\/product_brand?post=4201"},{"taxonomy":"product_cat","embeddable":true,"href":"https:\/\/uoogear.com\/es\/wp-json\/wp\/v2\/product_cat?post=4201"},{"taxonomy":"product_tag","embeddable":true,"href":"https:\/\/uoogear.com\/es\/wp-json\/wp\/v2\/product_tag?post=4201"}],"curies":[{"name":"wp","href":"https:\/\/api.w.org\/{rel}","templated":true}]}}