{"id":4230,"date":"2023-11-13T12:26:16","date_gmt":"2023-11-13T12:26:16","guid":{"rendered":"https:\/\/uoogear.com\/product\/camping-car-top-tent-waterproof-roof-of-truck-suv-sun-shade-travel\/"},"modified":"2023-11-30T06:49:03","modified_gmt":"2023-11-30T06:49:03","slug":"camping-car-top-tent-waterproof-roof-of-truck-suv-sun-shade-travel","status":"publish","type":"product","link":"https:\/\/uoogear.com\/es\/producto\/camping-car-top-tent-waterproof-roof-of-truck-suv-sun-shade-travel\/","title":{"rendered":"Camping Car tienda superior techo impermeable de cami\u00f3n SUV Sun Shade Travel"},"content":{"rendered":"<ul>\n<li><strong>\u00c1rea : <\/strong> 240*160*126cm<\/li>\n<li><strong>Tela : <\/strong> Poli\u00e9ster<\/li>\n<li><strong>\u00cdndice de impermeabilidad de la tienda exterior: <\/strong> 2000-3000 mil\u00edmetros<\/li>\n<li><strong>\u00cdndice de impermeabilidad inferior: <\/strong> &gt;3000 mil\u00edmetros<\/li>\n<li><strong>Tipo de construcci\u00f3n : <\/strong> Construcci\u00f3n basada en la necesidad<\/li>\n<li><strong>Estilo de tienda: <\/strong> Tipo de refuerzo recto<\/li>\n<li><strong>Estaci\u00f3n : <\/strong> Tienda de campa\u00f1a de cuatro estaciones<\/li>\n<li><strong>Estructura : <\/strong> Una habitaci\u00f3n<\/li>\n<li><strong>Nombre del producto : <\/strong> Tienda de techo con accesorios para autom\u00f3viles de 4 estaciones para SUV<\/li>\n<li><strong>Material de la tela: <\/strong> Lona de algod\u00f3n y poli\u00e9ster de 300 g\/m\u00b2.<\/li>\n<li><strong>Caracter\u00edstica : <\/strong> Resistente al agua 2000 mm<\/li>\n<li><strong>Tama\u00f1o : <\/strong> Tama\u00f1o ampliado: 240*140*126cm<\/li>\n<li><strong>Colch\u00f3n : <\/strong> Esponja no deformable de 60 mm de espesor, con funda extra\u00edble y lavable.<\/li>\n<li><strong>Escalera : <\/strong> Escalera telesc\u00f3pica de aluminio, 230 cm.<\/li>\n<li><strong>Logotipo: <\/strong> Logotipo personalizado<\/li>\n<li><strong>Accesorios : <\/strong> Escalera+Bolsa De Zapatos<\/li>\n<li><strong>Partes opcionales : <\/strong> Anexo, Forro c\u00e1lido aislante, Varios dise\u00f1os de moscas de lluvia<\/li>\n<\/ul>\n<div>\n<div data-magic-global=\"%7B%22bizId%22%3A2634101818%2C%22pageId%22%3A21327119347%2C%22siteId%22%3A5005227190%7D\">\n<div>\n<div>\n<div>\n<div>\n<div>\n<div><img decoding=\"async\" src=\"https:\/\/uoogear.com\/wp-content\/uploads\/2023\/11\/H72b58d4a09224c748a287e1d9a4b09a3r-wpp1701315423476.webp\" data-src=\"https:\/\/uoogear.com\/wp-content\/uploads\/2023\/11\/H72b58d4a09224c748a287e1d9a4b09a3r-wpp1701315423476.webp\" \/><\/div>\n<\/div>\n<\/div>\n<\/div>\n<\/div>\n<\/div>\n<div>\n<div data-section=\"AliMagic-ltwv2k\" data-section-title=\"Product Paramenters\"><\/div>\n<\/div>\n<\/div>\n<\/div>","protected":false},"excerpt":{"rendered":"<p>\u00c1rea: 240*160*126 cm Tela: Poli\u00e9ster Carpa exterior \u00cdndice de impermeabilidad: 2000-3000 mm \u00cdndice de impermeabilidad inferior: &gt;3000 mm Tipo de construcci\u00f3n: Construcci\u00f3n basada en la necesidad Estilo de carpa: Tipo de refuerzo recto Temporada: Carpa de cuatro estaciones Estructura: Producto de un dormitorio Nombre: Tienda del top del tejado de los accesorios autos de 4 estaciones para el material de la tela de SUV:<\/p>\n<div class=\"read-more\"><a class=\"btn btn-fill-out\" href=\"https:\/\/uoogear.com\/es\/producto\/camping-car-top-tent-waterproof-roof-of-truck-suv-sun-shade-travel\/\">Leer m\u00e1s<\/a><\/div>","protected":false},"featured_media":4229,"template":"","meta":[],"product_brand":[],"product_cat":[15],"product_tag":[],"class_list":{"0":"post-4230","1":"product","2":"type-product","3":"status-publish","4":"has-post-thumbnail","6":"product_cat-uncategorized","7":"tm-no-options","9":"first","10":"instock","11":"shipping-taxable","12":"purchasable","13":"product-type-variable"},"_links":{"self":[{"href":"https:\/\/uoogear.com\/es\/wp-json\/wp\/v2\/product\/4230","targetHints":{"allow":["GET"]}}],"collection":[{"href":"https:\/\/uoogear.com\/es\/wp-json\/wp\/v2\/product"}],"about":[{"href":"https:\/\/uoogear.com\/es\/wp-json\/wp\/v2\/types\/product"}],"wp:featuredmedia":[{"embeddable":true,"href":"https:\/\/uoogear.com\/es\/wp-json\/wp\/v2\/media\/4229"}],"wp:attachment":[{"href":"https:\/\/uoogear.com\/es\/wp-json\/wp\/v2\/media?parent=4230"}],"wp:term":[{"taxonomy":"product_brand","embeddable":true,"href":"https:\/\/uoogear.com\/es\/wp-json\/wp\/v2\/product_brand?post=4230"},{"taxonomy":"product_cat","embeddable":true,"href":"https:\/\/uoogear.com\/es\/wp-json\/wp\/v2\/product_cat?post=4230"},{"taxonomy":"product_tag","embeddable":true,"href":"https:\/\/uoogear.com\/es\/wp-json\/wp\/v2\/product_tag?post=4230"}],"curies":[{"name":"wp","href":"https:\/\/api.w.org\/{rel}","templated":true}]}}