{"id":4304,"date":"2023-11-13T12:33:04","date_gmt":"2023-11-13T12:33:04","guid":{"rendered":"https:\/\/uoogear.com\/product\/high-quality-3m-4m-5m-6m-7m-sahara-cotton-canvas-bell-tent-outdoor-tents-with-stove-hole\/"},"modified":"2023-11-30T02:28:38","modified_gmt":"2023-11-30T02:28:38","slug":"high-quality-3m-4m-5m-6m-7m-sahara-cotton-canvas-bell-tent-outdoor-tents-with-stove-hole","status":"publish","type":"product","link":"https:\/\/uoogear.com\/es\/producto\/high-quality-3m-4m-5m-6m-7m-sahara-cotton-canvas-bell-tent-outdoor-tents-with-stove-hole\/","title":{"rendered":"Tienda de campana de lona de algod\u00f3n sahara de alta calidad, 3m, 4m, 5m, 6m, 7m, tiendas de campa\u00f1a para exteriores con orificio para estufa"},"content":{"rendered":"<ul>\n<li><strong>\u00c1rea : <\/strong> 500*300*170\/60cm<\/li>\n<li><strong>Tela : <\/strong> Lienzo<\/li>\n<li><strong>\u00cdndice de impermeabilidad de la tienda exterior: <\/strong> 1500-2000 mil\u00edmetros<\/li>\n<li><strong>\u00cdndice de impermeabilidad inferior: <\/strong> &gt;3000 mil\u00edmetros<\/li>\n<li><strong>Tipo de construcci\u00f3n : <\/strong> Construcci\u00f3n basada en la necesidad<\/li>\n<li><strong>Estilo de tienda: <\/strong> Tipo de refuerzo recto<\/li>\n<li><strong>Estaci\u00f3n : <\/strong> Tienda de campa\u00f1a de cuatro estaciones<\/li>\n<li><strong>Estructura : <\/strong> Una habitaci\u00f3n<\/li>\n<li><strong>Nombre del producto : <\/strong> Tienda de campana de lona de algod\u00f3n sahara de 3m, 4m y 5m, tiendas de campa\u00f1a para exteriores con orificio para estufa<\/li>\n<li><strong>Palabra clave: <\/strong> tiendas de campa\u00f1a al aire libre<\/li>\n<li><strong>Solicitud : <\/strong> Tienda familiar para acampar al aire libre<\/li>\n<li><strong>Caracter\u00edstica : <\/strong> Impermeable<\/li>\n<li><strong>Tama\u00f1o : <\/strong> 5m<\/li>\n<li><strong>Embalaje: <\/strong> Caja de cart\u00f3n<\/li>\n<li><strong>Logotipo: <\/strong> Logotipo personalizado<\/li>\n<li><strong>Garant\u00eda: <\/strong> 12 meses<\/li>\n<li><strong>Peso : <\/strong> 36kg<\/li>\n<li><strong>Cantidad m\u00ednima de pedido: <\/strong> 1 pieza<\/li>\n<\/ul>\n<div>\n<div data-magic-global=\"%7B%22bizId%22%3A2634101818%2C%22pageId%22%3A5051882350%2C%22siteId%22%3A5005227190%7D\">\n<div>\n<div data-section=\"AliMagic-ikh4e8\" data-section-title=\"Products Description\">Descripci\u00f3n de productos<\/div>\n<\/div>\n<div>\n<div>\n<div>\n<div>\n<div><img decoding=\"async\" src=\"\/\/sc01.alicdn.com\/kf\/H8da6e4d563af48c488f62e60b6a1f70ff\/225636084\/H8da6e4d563af48c488f62e60b6a1f70ff.jpg\" data-src=\"\/\/sc01.alicdn.com\/kf\/H8da6e4d563af48c488f62e60b6a1f70ff\/225636084\/H8da6e4d563af48c488f62e60b6a1f70ff.jpg\" \/><\/div>\n<\/div>\n<\/div>\n<\/div>\n<div><\/div>\n<\/div>\n<div><\/div>\n<\/div>\n<\/div>","protected":false},"excerpt":{"rendered":"<p>\u00c1rea: 500*300*170\/60 cm Tela: Lona \u00cdndice de impermeabilidad de la tienda exterior: 1500-2000 mm \u00cdndice de impermeabilidad inferior: &gt;3000 mm Tipo de construcci\u00f3n: Construcci\u00f3n basada en la necesidad Estilo de la tienda: Tipo de refuerzo recto Temporada: Estructura de la tienda de cuatro estaciones: Nombre del producto de un dormitorio: tiendas de campa\u00f1a al aire libre con campana de lona de algod\u00f3n sahara de 3m 4m 5m con<\/p>\n<div class=\"read-more\"><a class=\"btn btn-fill-out\" href=\"https:\/\/uoogear.com\/es\/producto\/high-quality-3m-4m-5m-6m-7m-sahara-cotton-canvas-bell-tent-outdoor-tents-with-stove-hole\/\">Leer m\u00e1s<\/a><\/div>","protected":false},"featured_media":4303,"template":"","meta":[],"product_brand":[],"product_cat":[15],"product_tag":[],"class_list":{"0":"post-4304","1":"product","2":"type-product","3":"status-publish","4":"has-post-thumbnail","6":"product_cat-uncategorized","7":"tm-no-options","9":"first","10":"instock","11":"shipping-taxable","12":"purchasable","13":"product-type-variable"},"_links":{"self":[{"href":"https:\/\/uoogear.com\/es\/wp-json\/wp\/v2\/product\/4304","targetHints":{"allow":["GET"]}}],"collection":[{"href":"https:\/\/uoogear.com\/es\/wp-json\/wp\/v2\/product"}],"about":[{"href":"https:\/\/uoogear.com\/es\/wp-json\/wp\/v2\/types\/product"}],"wp:featuredmedia":[{"embeddable":true,"href":"https:\/\/uoogear.com\/es\/wp-json\/wp\/v2\/media\/4303"}],"wp:attachment":[{"href":"https:\/\/uoogear.com\/es\/wp-json\/wp\/v2\/media?parent=4304"}],"wp:term":[{"taxonomy":"product_brand","embeddable":true,"href":"https:\/\/uoogear.com\/es\/wp-json\/wp\/v2\/product_brand?post=4304"},{"taxonomy":"product_cat","embeddable":true,"href":"https:\/\/uoogear.com\/es\/wp-json\/wp\/v2\/product_cat?post=4304"},{"taxonomy":"product_tag","embeddable":true,"href":"https:\/\/uoogear.com\/es\/wp-json\/wp\/v2\/product_tag?post=4304"}],"curies":[{"name":"wp","href":"https:\/\/api.w.org\/{rel}","templated":true}]}}