{"id":4333,"date":"2023-11-13T12:35:56","date_gmt":"2023-11-13T12:35:56","guid":{"rendered":"https:\/\/uoogear.com\/product\/new-arrival-outdoor-camping-canvas-waterproof-tent-2\/"},"modified":"2023-11-30T02:39:35","modified_gmt":"2023-11-30T02:39:35","slug":"new-arrival-outdoor-camping-canvas-waterproof-tent-2","status":"publish","type":"product","link":"https:\/\/uoogear.com\/es\/producto\/new-arrival-outdoor-camping-canvas-waterproof-tent-2\/","title":{"rendered":"Nueva llegada tienda impermeable de lona para acampar al aire libre"},"content":{"rendered":"<ul>\n<li><strong>\u00c1rea : <\/strong> 360*380CM<\/li>\n<li><strong>Tela : <\/strong> Lona, poli\u00e9ster Oxford 150D, \u00edndice de impermeabilidad.<\/li>\n<li><strong>\u00cdndice de impermeabilidad de la tienda exterior: <\/strong> 2000-3000 mil\u00edmetros<\/li>\n<li><strong>\u00cdndice de impermeabilidad inferior: <\/strong> 2000-3000 mil\u00edmetros<\/li>\n<li><strong>Tipo de construcci\u00f3n : <\/strong> Construcci\u00f3n basada en la necesidad<\/li>\n<li><strong>Estilo de tienda: <\/strong> Tipo de refuerzo recto<\/li>\n<li><strong>Estaci\u00f3n : <\/strong> Tienda de campa\u00f1a de cuatro estaciones<\/li>\n<li><strong>Estructura : <\/strong> Una habitaci\u00f3n<\/li>\n<li><strong>Uso: <\/strong> Tienda familiar<\/li>\n<li><strong>Tama\u00f1o : <\/strong> 360*380cm<\/li>\n<li><strong>Color : <\/strong> Marr\u00f3n<\/li>\n<li><strong>Logotipo: <\/strong> Logotipo personalizado<\/li>\n<li><strong>Cremallera : <\/strong> Cremallera marca SBS<\/li>\n<li><strong>Marco : <\/strong> Tubo de acero galvanizado de 22 mm de di\u00e1metro.<\/li>\n<li><strong>Tama\u00f1o del paquete : <\/strong> 87cm X 42cm X 42cm<\/li>\n<li><strong>Tela interior: <\/strong> Blanco Ventilar Poli\u00e9ster-Algod\u00f3n seda<\/li>\n<\/ul>\n<div>\n<div data-magic-global=\"%7B%22bizId%22%3A2634101818%2C%22pageId%22%3A21293015321%2C%22siteId%22%3A5005227190%7D\">\n<div>\n<div data-section=\"AliMagic-zm7oul\" data-section-title=\"Product Description\">Descripci\u00f3n del Producto<\/div>\n<\/div>\n<div>\n<div>\n<div>\n<div>\n<div>\n<div><img decoding=\"async\" src=\"\/\/sc04.alicdn.com\/kf\/H743a205d31714779a657eac073b64aebX\/225636084\/H743a205d31714779a657eac073b64aebX.jpg\" data-src=\"\/\/sc04.alicdn.com\/kf\/H743a205d31714779a657eac073b64aebX\/225636084\/H743a205d31714779a657eac073b64aebX.jpg\" \/><\/div>\n<\/div>\n<\/div>\n<\/div>\n<\/div>\n<\/div>\n<div>\n<div>\n<div>\n<div>\n<div>\n<div>\n<p><span style=\"color: #2196ed;\"><strong>Tienda de campa\u00f1a familiar al aire libre \u2655<\/strong><\/span><\/p>\n<p>Tienda familiar de lona grande. Tambi\u00e9n puedes utilizar uno para guardar ropa y \u00fatiles y como zona para cambiarte y el otro lado para dormir. Los dormitorios tienen capacidad para 3-5 personas.<\/p>\n<p><span style=\"color: #2196ed;\"><strong>Caracter\u00edsticas \u2655<\/strong><\/span><\/p>\n<p>1. Dise\u00f1o fant\u00e1stico.<br \/>\n2. Puedes pararte derecho y no tener que encorvarte para moverte por el interior mientras te vistes. La sala de estar es lo suficientemente grande como para albergar muebles, como una mesa peque\u00f1a, un sof\u00e1, etc. Puedes refugiarte en el porche para mirar.<br \/>\n3. Aireado. Hay ventanas grandes en la parte trasera y trasera para el flujo de aire. Las ventanas son enormes con malla antimosquitos.<br \/>\n4.Port\u00e1til e impermeable. La tela es impermeable. Todos los accesorios est\u00e1n empaquetados en una bolsa de transporte, lo que significa que no ser\u00e1 complicado meterlo en el coche y salir de acampada.<br \/>\n5. Adecuado para que una familia tenga un largo viaje de campamento para disfrutar de la naturaleza.<\/p>\n<\/div>\n<\/div>\n<\/div>\n<\/div>\n<\/div>\n<\/div>\n<div>\n<div>\n<div><img decoding=\"async\" src=\"\/\/sc04.alicdn.com\/kf\/H40a28c1533ae41a9a01c2d35e22dcef8n\/225636084\/H40a28c1533ae41a9a01c2d35e22dcef8n.jpg\" data-src=\"\/\/sc04.alicdn.com\/kf\/H40a28c1533ae41a9a01c2d35e22dcef8n\/225636084\/H40a28c1533ae41a9a01c2d35e22dcef8n.jpg\" \/><\/div>\n<div><img decoding=\"async\" src=\"\/\/sc04.alicdn.com\/kf\/H66abbf45e1d54e2e9935ca2105e81a6eO\/225636084\/H66abbf45e1d54e2e9935ca2105e81a6eO.jpg\" data-src=\"\/\/sc04.alicdn.com\/kf\/H66abbf45e1d54e2e9935ca2105e81a6eO\/225636084\/H66abbf45e1d54e2e9935ca2105e81a6eO.jpg\" \/><\/div>\n<div><img decoding=\"async\" src=\"\/\/sc04.alicdn.com\/kf\/H0bb6bb96da41496c838566a49d07355dN\/225636084\/H0bb6bb96da41496c838566a49d07355dN.jpg\" data-src=\"\/\/sc04.alicdn.com\/kf\/H0bb6bb96da41496c838566a49d07355dN\/225636084\/H0bb6bb96da41496c838566a49d07355dN.jpg\" \/><\/div>\n<div><img decoding=\"async\" src=\"\/\/sc04.alicdn.com\/kf\/H51caafe898ba493db993e965c5f9ff51i\/225636084\/H51caafe898ba493db993e965c5f9ff51i.jpg\" data-src=\"\/\/sc04.alicdn.com\/kf\/H51caafe898ba493db993e965c5f9ff51i\/225636084\/H51caafe898ba493db993e965c5f9ff51i.jpg\" \/><\/div>\n<\/div>\n<\/div>\n<div>\n<div data-section=\"AliMagic-eg2nyj\" data-section-title=\"Detailed Images\">Im\u00e1genes detalladas<\/div>\n<\/div>\n<div>\n<div>\n<div>\n<div>\n<div><img decoding=\"async\" src=\"\/\/sc04.alicdn.com\/kf\/Hc8954d7dca02497484fd46fecc6ea3e1R\/225636084\/Hc8954d7dca02497484fd46fecc6ea3e1R.jpg\" data-src=\"\/\/sc04.alicdn.com\/kf\/Hc8954d7dca02497484fd46fecc6ea3e1R\/225636084\/Hc8954d7dca02497484fd46fecc6ea3e1R.jpg\" \/><\/div>\n<div>\n<div><img loading=\"lazy\" decoding=\"async\" class=\"alignnone size-full wp-image-5175\" src=\"https:\/\/uoogear.com\/wp-content\/uploads\/2023\/11\/HTB19JGwzAyWBuNjy0Fpq6yssXXaG-1.jpg\" width=\"1000\" height=\"1000\" srcset=\"https:\/\/uoogear.com\/wp-content\/uploads\/2023\/11\/HTB19JGwzAyWBuNjy0Fpq6yssXXaG-1.jpg 1000w, https:\/\/uoogear.com\/wp-content\/uploads\/2023\/11\/HTB19JGwzAyWBuNjy0Fpq6yssXXaG-1-300x300.jpg 300w, https:\/\/uoogear.com\/wp-content\/uploads\/2023\/11\/HTB19JGwzAyWBuNjy0Fpq6yssXXaG-1-150x150.jpg 150w, https:\/\/uoogear.com\/wp-content\/uploads\/2023\/11\/HTB19JGwzAyWBuNjy0Fpq6yssXXaG-1-768x768.jpg 768w, https:\/\/uoogear.com\/wp-content\/uploads\/2023\/11\/HTB19JGwzAyWBuNjy0Fpq6yssXXaG-1-450x450.jpg 450w, https:\/\/uoogear.com\/wp-content\/uploads\/2023\/11\/HTB19JGwzAyWBuNjy0Fpq6yssXXaG-1-90x90.jpg 90w, https:\/\/uoogear.com\/wp-content\/uploads\/2023\/11\/HTB19JGwzAyWBuNjy0Fpq6yssXXaG-1-600x600.jpg 600w, https:\/\/uoogear.com\/wp-content\/uploads\/2023\/11\/HTB19JGwzAyWBuNjy0Fpq6yssXXaG-1-54x54.jpg 54w, https:\/\/uoogear.com\/wp-content\/uploads\/2023\/11\/HTB19JGwzAyWBuNjy0Fpq6yssXXaG-1-50x50.jpg 50w, https:\/\/uoogear.com\/wp-content\/uploads\/2023\/11\/HTB19JGwzAyWBuNjy0Fpq6yssXXaG-1-100x100.jpg 100w\" sizes=\"auto, (max-width: 1000px) 100vw, 1000px\" \/><\/div>\n<div><img loading=\"lazy\" decoding=\"async\" class=\"alignnone size-full wp-image-5176\" src=\"https:\/\/uoogear.com\/wp-content\/uploads\/2023\/11\/HTB1Nom3zuySBuNjy1zdq6xPxFXaj-1.jpg\" width=\"1000\" height=\"1000\" srcset=\"https:\/\/uoogear.com\/wp-content\/uploads\/2023\/11\/HTB1Nom3zuySBuNjy1zdq6xPxFXaj-1.jpg 1000w, https:\/\/uoogear.com\/wp-content\/uploads\/2023\/11\/HTB1Nom3zuySBuNjy1zdq6xPxFXaj-1-300x300.jpg 300w, https:\/\/uoogear.com\/wp-content\/uploads\/2023\/11\/HTB1Nom3zuySBuNjy1zdq6xPxFXaj-1-150x150.jpg 150w, https:\/\/uoogear.com\/wp-content\/uploads\/2023\/11\/HTB1Nom3zuySBuNjy1zdq6xPxFXaj-1-768x768.jpg 768w, https:\/\/uoogear.com\/wp-content\/uploads\/2023\/11\/HTB1Nom3zuySBuNjy1zdq6xPxFXaj-1-450x450.jpg 450w, https:\/\/uoogear.com\/wp-content\/uploads\/2023\/11\/HTB1Nom3zuySBuNjy1zdq6xPxFXaj-1-90x90.jpg 90w, https:\/\/uoogear.com\/wp-content\/uploads\/2023\/11\/HTB1Nom3zuySBuNjy1zdq6xPxFXaj-1-600x600.jpg 600w, https:\/\/uoogear.com\/wp-content\/uploads\/2023\/11\/HTB1Nom3zuySBuNjy1zdq6xPxFXaj-1-54x54.jpg 54w, https:\/\/uoogear.com\/wp-content\/uploads\/2023\/11\/HTB1Nom3zuySBuNjy1zdq6xPxFXaj-1-50x50.jpg 50w, https:\/\/uoogear.com\/wp-content\/uploads\/2023\/11\/HTB1Nom3zuySBuNjy1zdq6xPxFXaj-1-100x100.jpg 100w\" sizes=\"auto, (max-width: 1000px) 100vw, 1000px\" \/><\/div>\n<\/div>\n<\/div>\n<\/div>\n<\/div>\n<\/div>\n<div>\n<div data-section=\"AliMagic-r1kfdj\" data-section-title=\"More Models\"><\/div>\n<\/div>\n<div><\/div>\n<\/div>\n<\/div>","protected":false},"excerpt":{"rendered":"<p>\u00c1rea: 360*380 CM Tela: lona, poli\u00e9ster Oxford 150D, \u00edndice de impermeabilidad \u00cdndice de impermeabilidad exterior de la tienda: 2000-3000 mm \u00cdndice de impermeabilidad inferior: 2000-3000 mm Tipo de construcci\u00f3n: construcci\u00f3n seg\u00fan la necesidad Estilo de la tienda: tipo de refuerzo recto Temporada: cuatro estaciones Estructura de la tienda: Un dormitorio Uso: Tienda familiar Tama\u00f1o: 360*380 cm Color: Marr\u00f3n<\/p>\n<div class=\"read-more\"><a class=\"btn btn-fill-out\" href=\"https:\/\/uoogear.com\/es\/producto\/new-arrival-outdoor-camping-canvas-waterproof-tent-2\/\">Leer m\u00e1s<\/a><\/div>","protected":false},"featured_media":4332,"template":"","meta":[],"product_brand":[],"product_cat":[15],"product_tag":[],"class_list":{"0":"post-4333","1":"product","2":"type-product","3":"status-publish","4":"has-post-thumbnail","6":"product_cat-uncategorized","7":"tm-no-options","9":"first","10":"instock","11":"shipping-taxable","12":"purchasable","13":"product-type-variable"},"_links":{"self":[{"href":"https:\/\/uoogear.com\/es\/wp-json\/wp\/v2\/product\/4333","targetHints":{"allow":["GET"]}}],"collection":[{"href":"https:\/\/uoogear.com\/es\/wp-json\/wp\/v2\/product"}],"about":[{"href":"https:\/\/uoogear.com\/es\/wp-json\/wp\/v2\/types\/product"}],"wp:featuredmedia":[{"embeddable":true,"href":"https:\/\/uoogear.com\/es\/wp-json\/wp\/v2\/media\/4332"}],"wp:attachment":[{"href":"https:\/\/uoogear.com\/es\/wp-json\/wp\/v2\/media?parent=4333"}],"wp:term":[{"taxonomy":"product_brand","embeddable":true,"href":"https:\/\/uoogear.com\/es\/wp-json\/wp\/v2\/product_brand?post=4333"},{"taxonomy":"product_cat","embeddable":true,"href":"https:\/\/uoogear.com\/es\/wp-json\/wp\/v2\/product_cat?post=4333"},{"taxonomy":"product_tag","embeddable":true,"href":"https:\/\/uoogear.com\/es\/wp-json\/wp\/v2\/product_tag?post=4333"}],"curies":[{"name":"wp","href":"https:\/\/api.w.org\/{rel}","templated":true}]}}