{"id":4342,"date":"2023-11-13T12:42:10","date_gmt":"2023-11-13T12:42:10","guid":{"rendered":"https:\/\/uoogear.com\/product\/outdoor-camping-car-soft-roof-top-tent-waterproofing\/"},"modified":"2023-11-30T08:28:02","modified_gmt":"2023-11-30T08:28:02","slug":"outdoor-camping-car-soft-roof-top-tent-waterproofing","status":"publish","type":"product","link":"https:\/\/uoogear.com\/es\/producto\/outdoor-camping-car-soft-roof-top-tent-waterproofing\/","title":{"rendered":"Impermeabilizaci\u00f3n suave de la tienda del tejado del coche que acampa al aire libre"},"content":{"rendered":"<ul>\n<li><strong>\u00c1rea : <\/strong> 240x140x130cm<\/li>\n<li><strong>Tela : <\/strong> Lienzo<\/li>\n<li><strong>\u00cdndice de impermeabilidad de la tienda exterior: <\/strong> 2000-3000 mil\u00edmetros<\/li>\n<li><strong>\u00cdndice de impermeabilidad inferior: <\/strong> &gt;3000 mil\u00edmetros<\/li>\n<li><strong>Tipo de construcci\u00f3n : <\/strong> Construcci\u00f3n basada en la necesidad<\/li>\n<li><strong>Estilo de tienda: <\/strong> Tipo de refuerzo recto<\/li>\n<li><strong>Estaci\u00f3n : <\/strong> Tienda de campa\u00f1a de cuatro estaciones<\/li>\n<li><strong>Estructura : <\/strong> Una habitaci\u00f3n<\/li>\n<li><strong>Nombre del producto : <\/strong> Impermeabilizaci\u00f3n suave de la tienda del tejado del coche que acampa al aire libre<\/li>\n<li><strong>Solicitud : <\/strong> Viajes al aire libre Senderismo Camping<\/li>\n<li><strong>Palabra clave: <\/strong> impermeabilizaci\u00f3n de tiendas<\/li>\n<li><strong>Tama\u00f1o de la tienda: <\/strong> 310x140x130cm<\/li>\n<li><strong>Tama\u00f1o de embalaje : <\/strong> 145*123*24cm<\/li>\n<li><strong>Tela del cuerpo: <\/strong> 280 g Poli\u00e9ster algod\u00f3n<\/li>\n<li><strong>Cargando : <\/strong> 300kg-350kg<\/li>\n<li><strong>Piso : <\/strong> Hoja de aluminio<\/li>\n<li><strong>Cantidad m\u00ednima de pedido: <\/strong> 1 pieza<\/li>\n<li><strong>Logotipo: <\/strong> Logotipo personalizado<\/li>\n<\/ul>\n<div>\n<div data-host=\"112311420\" data-magic-global=\"%7B%22bizId%22%3A2634101818%2C%22pageId%22%3A5052820534%2C%22siteId%22%3A5005227190%7D\" data-id=\"detail_decorate_root\">\n<div data-section=\"AliMagic-nax1bk\" data-section-title=\"Products Description\">Descripci\u00f3n de productos<\/div>\n<div>\n<div>\n<div>\n<div>\n<div><\/div>\n<\/div>\n<\/div>\n<\/div>\n<div>\n<div data-id=\"below-title\">Impermeabilizaci\u00f3n suave de la tienda del tejado del coche que acampa al aire libre<\/div>\n<div data-id=\"below-content\">La carpa de techo Soft Shell 4\u00d74 y los toldos est\u00e1n listos en cuesti\u00f3n de minutos, para que pueda relajarse y disfrutar del aire libre. Fabricada con tela transpirable duradera de polialgod\u00f3n y poli\u00e9ster de alta calidad, su tienda de campa\u00f1a para techo resistente al agua y al moho encaja perfectamente en el techo de su 4\u00d74. Una resistente escalera retr\u00e1ctil de aluminio permite un f\u00e1cil acceso. Los colchones vienen con un colch\u00f3n de espuma de alta densidad de 65 mm con funda extra\u00edble. Con ventanas y puertas totalmente protegidas. a prueba de polvo y resistente a insectos.<\/div>\n<\/div>\n<\/div>\n<div>\n<div>\n<h3 data-id=\"title0\">Caracter\u00edsticas<\/h3>\n<div>\n<div>\n<div data-id=\"paragraph0\">\n<p>-Tienda de cuatro estaciones construida para soportar los elementos de cualquier estaci\u00f3n y clima.<\/p>\n<div>-Puede alojar hasta 2-3 personas.<br \/>\n-La tela de la tienda es resistente a los rayos UV y al moho para soportar los elementos de cualquier estaci\u00f3n.<br \/>\n-Cuatro grandes bolsillos internos para guardar equipo y accesorios de camping<br \/>\n-Incluye un colch\u00f3n de espuma de alta densidad para mayor comodidad.<\/div>\n<\/div>\n<\/div>\n<\/div>\n<\/div>\n<\/div>\n<div data-section=\"AliMagic-n3jor0\" data-section-title=\"Specification\">Especificaci\u00f3n<\/div>\n<div>\n<table>\n<tbody>\n<tr>\n<td>\n<div>Estaciones<\/div>\n<\/td>\n<td>\n<div>4 estaciones<\/div>\n<\/td>\n<td>\n<div><\/div>\n<\/td>\n<td>\n<div><\/div>\n<\/td>\n<td>\n<div><\/div>\n<\/td>\n<\/tr>\n<tr>\n<td>\n<div>Tama\u00f1o<\/div>\n<\/td>\n<td>\n<div>240\u00d7140\/160\/190\u00d7130cm<\/div>\n<\/td>\n<td>\n<div><\/div>\n<\/td>\n<td>\n<div><\/div>\n<\/td>\n<td>\n<div><\/div>\n<\/td>\n<\/tr>\n<tr>\n<td>\n<div>Piso<\/div>\n<\/td>\n<td>\n<div>Hoja de aluminio<\/div>\n<\/td>\n<td>\n<div><\/div>\n<\/td>\n<td>\n<div><\/div>\n<\/td>\n<td>\n<div><\/div>\n<\/td>\n<\/tr>\n<tr>\n<td>\n<div>Color<\/div>\n<\/td>\n<td>\n<div>Verde, Caqui, Gris, Naranja<\/div>\n<\/td>\n<td>\n<div><\/div>\n<\/td>\n<td>\n<div><\/div>\n<\/td>\n<td>\n<div><\/div>\n<\/td>\n<\/tr>\n<tr>\n<td>\n<div>Tela del dosel<\/div>\n<\/td>\n<td>\n<div>280 g de poli\u00e9ster y algod\u00f3n; Tejido ripstop 600D con revestimiento impermeable y ventilado.<\/div>\n<\/td>\n<td>\n<div><\/div>\n<\/td>\n<td>\n<div><\/div>\n<\/td>\n<td>\n<div><\/div>\n<\/td>\n<\/tr>\n<tr>\n<td>\n<div>Material del poste<\/div>\n<\/td>\n<td>\n<div>Acero inoxidable<\/div>\n<\/td>\n<td>\n<div><\/div>\n<\/td>\n<td>\n<div><\/div>\n<\/td>\n<td>\n<div><\/div>\n<\/td>\n<\/tr>\n<tr>\n<td>\n<div>Tela de moscas de lluvia<\/div>\n<\/td>\n<td>\n<div>Oxford de poli\u00e9ster 420D; recubierto de PU<\/div>\n<\/td>\n<td>\n<div><\/div>\n<\/td>\n<td>\n<div><\/div>\n<\/td>\n<td>\n<div><\/div>\n<\/td>\n<\/tr>\n<tr>\n<td>\n<div>Colch\u00f3n<\/div>\n<\/td>\n<td>\n<div>Esponja que no se deforma, densidad 38 con funda de algod\u00f3n.<\/div>\n<\/td>\n<td>\n<div><\/div>\n<\/td>\n<td>\n<div><\/div>\n<\/td>\n<td>\n<div><\/div>\n<\/td>\n<\/tr>\n<tr>\n<td>\n<div>Construcci\u00f3n de escaleras<\/div>\n<\/td>\n<td>\n<div>Escalera de aluminio deslizante<\/div>\n<\/td>\n<td>\n<div><\/div>\n<\/td>\n<td>\n<div><\/div>\n<\/td>\n<td>\n<div><\/div>\n<\/td>\n<\/tr>\n<tr>\n<td>\n<div>Material anexo<\/div>\n<\/td>\n<td>\n<div>Oxford de poli\u00e9ster 420D; recubierto de PU<\/div>\n<\/td>\n<td>\n<div><\/div>\n<\/td>\n<td>\n<div><\/div>\n<\/td>\n<td>\n<div><\/div>\n<\/td>\n<\/tr>\n<tr>\n<td>\n<div>Material de la cubierta<\/div>\n<\/td>\n<td>\n<div>PVC resistente de 550 g.<\/div>\n<\/td>\n<td>\n<div><\/div>\n<\/td>\n<td>\n<div><\/div>\n<\/td>\n<td>\n<div><\/div>\n<\/td>\n<\/tr>\n<tr>\n<td>\n<div>Marco interno<\/div>\n<\/td>\n<td>\n<div>tubo de aluminio de 5\/8\u2033<\/div>\n<\/td>\n<td>\n<div><\/div>\n<\/td>\n<td>\n<div><\/div>\n<\/td>\n<td>\n<div><\/div>\n<\/td>\n<\/tr>\n<tr>\n<td>\n<div>Construcci\u00f3n de bases<\/div>\n<\/td>\n<td>\n<div>Tubo de aluminio soldado con aislamiento y l\u00e1mina superior de aluminio.<\/div>\n<\/td>\n<td>\n<div><\/div>\n<\/td>\n<td>\n<div><\/div>\n<\/td>\n<td>\n<div><\/div>\n<\/td>\n<\/tr>\n<\/tbody>\n<\/table>\n<\/div>\n<div data-section=\"AliMagic-cs29h0\" data-section-title=\"Detail Images\">Im\u00e1genes detalladas<\/div>\n<div>\n<div>\n<div>\n<div>\n<div><\/div>\n<\/div>\n<\/div>\n<\/div>\n<\/div>\n<div>\n<div>\n<div>\n<div>\n<div><img decoding=\"async\" src=\"https:\/\/uoogear.com\/wp-content\/uploads\/2023\/11\/Hdcd8e733e3c646b1955a6f4f5f060547q.webp\" data-src=\"https:\/\/uoogear.com\/wp-content\/uploads\/2023\/11\/Hdcd8e733e3c646b1955a6f4f5f060547q.webp\" \/><\/div>\n<\/div>\n<\/div>\n<\/div>\n<\/div>\n<div>\n<div>\n<div>\n<div>\n<div><img decoding=\"async\" src=\"https:\/\/uoogear.com\/wp-content\/uploads\/2023\/11\/H28c9eea970d24e0db9c7690b92a66ca4E-wpp1701332824151.webp\" data-src=\"https:\/\/uoogear.com\/wp-content\/uploads\/2023\/11\/H28c9eea970d24e0db9c7690b92a66ca4E-wpp1701332824151.webp\" \/><\/div>\n<\/div>\n<\/div>\n<\/div>\n<\/div>\n<div data-section=\"AliMagic-5vo4c6\" data-section-title=\"Customer Photos\"><\/div>\n<\/div>\n<\/div>","protected":false},"excerpt":{"rendered":"<p>\u00c1rea: 240x140x130 cm Tela: Lona Carpa exterior \u00cdndice de impermeabilidad: 2000-3000 mm \u00cdndice de impermeabilidad inferior: &gt;3000 mm Tipo de construcci\u00f3n: Construcci\u00f3n basada en la necesidad Estilo de carpa: Tipo de refuerzo recto Temporada: Carpa para cuatro estaciones Estructura: Un dormitorio Nombre del producto: Exterior Impermeabilizaci\u00f3n de tienda de campa\u00f1a con techo suave para autocaravana Aplicaci\u00f3n: Exterior<\/p>\n<div class=\"read-more\"><a class=\"btn btn-fill-out\" href=\"https:\/\/uoogear.com\/es\/producto\/outdoor-camping-car-soft-roof-top-tent-waterproofing\/\">Leer m\u00e1s<\/a><\/div>","protected":false},"featured_media":4341,"template":"","meta":[],"product_brand":[],"product_cat":[15],"product_tag":[],"class_list":{"0":"post-4342","1":"product","2":"type-product","3":"status-publish","4":"has-post-thumbnail","6":"product_cat-uncategorized","7":"tm-no-options","9":"first","10":"instock","11":"shipping-taxable","12":"purchasable","13":"product-type-variable"},"_links":{"self":[{"href":"https:\/\/uoogear.com\/es\/wp-json\/wp\/v2\/product\/4342","targetHints":{"allow":["GET"]}}],"collection":[{"href":"https:\/\/uoogear.com\/es\/wp-json\/wp\/v2\/product"}],"about":[{"href":"https:\/\/uoogear.com\/es\/wp-json\/wp\/v2\/types\/product"}],"wp:featuredmedia":[{"embeddable":true,"href":"https:\/\/uoogear.com\/es\/wp-json\/wp\/v2\/media\/4341"}],"wp:attachment":[{"href":"https:\/\/uoogear.com\/es\/wp-json\/wp\/v2\/media?parent=4342"}],"wp:term":[{"taxonomy":"product_brand","embeddable":true,"href":"https:\/\/uoogear.com\/es\/wp-json\/wp\/v2\/product_brand?post=4342"},{"taxonomy":"product_cat","embeddable":true,"href":"https:\/\/uoogear.com\/es\/wp-json\/wp\/v2\/product_cat?post=4342"},{"taxonomy":"product_tag","embeddable":true,"href":"https:\/\/uoogear.com\/es\/wp-json\/wp\/v2\/product_tag?post=4342"}],"curies":[{"name":"wp","href":"https:\/\/api.w.org\/{rel}","templated":true}]}}