{"id":4351,"date":"2023-11-13T12:43:08","date_gmt":"2023-11-13T12:43:08","guid":{"rendered":"https:\/\/uoogear.com\/product\/4x4-offroad-faberglass-hard-shell-diy-car-roof-top-tent-for-sale\/"},"modified":"2023-11-30T08:38:35","modified_gmt":"2023-11-30T08:38:35","slug":"4x4-offroad-faberglass-hard-shell-diy-car-roof-top-tent-for-sale","status":"publish","type":"product","link":"https:\/\/uoogear.com\/es\/producto\/4x4-offroad-faberglass-hard-shell-diy-car-roof-top-tent-for-sale\/","title":{"rendered":"Tienda de campa\u00f1a para techo de coche, carcasa dura, todoterreno, faberglass, 4 \u00d7 4, a la venta"},"content":{"rendered":"<ul>\n<li><strong>\u00c1rea : <\/strong> 215*145*95cm<\/li>\n<li><strong>Tela : <\/strong> Lona de poli\u00e9ster y algod\u00f3n de 280 g.<\/li>\n<li><strong>\u00cdndice de impermeabilidad de la tienda exterior: <\/strong> 2000-3000 mil\u00edmetros<\/li>\n<li><strong>\u00cdndice de impermeabilidad inferior: <\/strong> &gt;3000 mil\u00edmetros<\/li>\n<li><strong>Estilo de tienda: <\/strong> Tipo de refuerzo recto<\/li>\n<li><strong>Estaci\u00f3n : <\/strong> Tienda de campa\u00f1a de cuatro estaciones<\/li>\n<li><strong>Estructura : <\/strong> Una habitaci\u00f3n<\/li>\n<li><strong>Nombre del producto : <\/strong> Tienda de campa\u00f1a para techo de coche, carcasa dura, todoterreno, faberglass, 4 \u00d7 4, a la venta<\/li>\n<li><strong>Palabra clave: <\/strong> carpa de techo de coche de bricolaje<\/li>\n<li><strong>Tama\u00f1o abierto: <\/strong> 215*145*95cm<\/li>\n<li><strong>Tama\u00f1o del paquete : <\/strong> 226*160*37cm<\/li>\n<li><strong>Material del marco : <\/strong> Acero inoxidable<\/li>\n<li><strong>Cuerpo : <\/strong> 280G Impermeable PU2000 mm<\/li>\n<li><strong>Escalera : <\/strong> Aluminio<\/li>\n<li><strong>Peso : <\/strong> 65 kilos<\/li>\n<li><strong>Cargando : <\/strong> 250 kg \u2013 300 kg<\/li>\n<li><strong>Cantidad m\u00ednima de pedido: <\/strong> 1 pieza<\/li>\n<\/ul>\n<div>\n<div data-host=\"111234190\" data-magic-global=\"%7B%22bizId%22%3A2634101818%2C%22pageId%22%3A5053233173%2C%22siteId%22%3A5005227190%7D\" data-id=\"detail_decorate_root\">\n<div data-section=\"AliMagic-5xqu4z\" data-section-title=\"Products Description\">Descripci\u00f3n de productos<\/div>\n<div>\n<div>\n<div>\n<div>\n<div><img decoding=\"async\" src=\"https:\/\/uoogear.com\/wp-content\/uploads\/2023\/11\/H6401db70f462417b9631ded5b12306832-wpp1701333469364.webp\" data-src=\"https:\/\/uoogear.com\/wp-content\/uploads\/2023\/11\/H6401db70f462417b9631ded5b12306832-wpp1701333469364.webp\" data-id=\"child-image-0\" \/><\/div>\n<\/div>\n<\/div>\n<\/div>\n<div>\n<div data-id=\"below-title\">Tienda de campa\u00f1a para techo de coche, carcasa dura, todoterreno, faberglass, 4 \u00d7 4, a la venta<\/div>\n<div data-id=\"below-content\">La tienda de campa\u00f1a con techo r\u00edgido ofrece una nueva forma de ver el campamento y las vacaciones de aventura en 4x4. Con un espacio interno m\u00e1s grande, PLAYDO ofrece espacio para dormir para dos adultos y un ni\u00f1o. La tienda de campa\u00f1a PLAYDO tiene dos puertas con dos ventanas, lo que crea una excelente ventilaci\u00f3n cruzada que permite que el aire circule por toda la tienda. Abra y cierre en segundos con el exclusivo sistema de soporte hidr\u00e1ulico. Todas las carpas de techo PLAYDO se ajustan al techo de la mayor\u00eda de los veh\u00edculos y se pueden quitar y almacenar.<\/div>\n<\/div>\n<\/div>\n<div data-section=\"AliMagic-mzm61b\" data-section-title=\"Product Paramenters\">Par\u00e1metros del producto<\/div>\n<div>\n<table>\n<tbody>\n<tr>\n<td>\n<div>Estaciones<\/div>\n<\/td>\n<td>\n<div>4 estaciones<\/div>\n<\/td>\n<td>\n<div><\/div>\n<\/td>\n<td>\n<div><\/div>\n<\/td>\n<td>\n<div><\/div>\n<\/td>\n<\/tr>\n<tr>\n<td>\n<div>Capacidad<\/div>\n<\/td>\n<td>\n<div>Se recomienda para 2-3 personas, capacidad de carga m\u00e1xima de 250 kg<\/div>\n<\/td>\n<td>\n<div><\/div>\n<\/td>\n<td>\n<div><\/div>\n<\/td>\n<td>\n<div><\/div>\n<\/td>\n<\/tr>\n<tr>\n<td>\n<div>Color de opci\u00f3n<\/div>\n<\/td>\n<td>\n<div>Concha (negro\/blanco) y tela (gris\/verde\/caqui)<\/div>\n<\/td>\n<td>\n<div><\/div>\n<\/td>\n<td>\n<div><\/div>\n<\/td>\n<td>\n<div><\/div>\n<\/td>\n<\/tr>\n<tr>\n<td>\n<div>Material de la c\u00e1scara<\/div>\n<\/td>\n<td>\n<div>Materiales compuestos de fibra de vidrio.<\/div>\n<\/td>\n<td>\n<div><\/div>\n<\/td>\n<td>\n<div><\/div>\n<\/td>\n<td>\n<div><\/div>\n<\/td>\n<\/tr>\n<tr>\n<td>\n<div>Tela del cuerpo<\/div>\n<\/td>\n<td>\n<div>Lona de poli\u00e9ster y algod\u00f3n de 280 g, recubierta de PU, impermeable y resistente a los rayos UV.<\/div>\n<\/td>\n<td>\n<div><\/div>\n<\/td>\n<td>\n<div><\/div>\n<\/td>\n<td>\n<div><\/div>\n<\/td>\n<\/tr>\n<tr>\n<td>\n<div>Mosquiteras<\/div>\n<\/td>\n<td>\n<div>Malla invisible<\/div>\n<\/td>\n<td>\n<div><\/div>\n<\/td>\n<td>\n<div><\/div>\n<\/td>\n<td>\n<div><\/div>\n<\/td>\n<\/tr>\n<tr>\n<td>\n<div>Secundario<\/div>\n<\/td>\n<td>\n<div>Varilla de acero inoxidable en lugar de la antigua varilla de acero al carbono.<\/div>\n<\/td>\n<td>\n<div><\/div>\n<\/td>\n<td>\n<div><\/div>\n<\/td>\n<td>\n<div><\/div>\n<\/td>\n<\/tr>\n<tr>\n<td>\n<div>Colch\u00f3n<\/div>\n<\/td>\n<td>\n<div>Esponja no deformable de 7 cm, densidad 30 con tela de malla 3D<\/div>\n<\/td>\n<td>\n<div><\/div>\n<\/td>\n<td>\n<div><\/div>\n<\/td>\n<td>\n<div><\/div>\n<\/td>\n<\/tr>\n<tr>\n<td>\n<div>Escalera<\/div>\n<\/td>\n<td>\n<div>Escalera telesc\u00f3pica de aluminio (carga m\u00e1xima de 150 kg), 70-260 cm<\/div>\n<\/td>\n<td>\n<div><\/div>\n<\/td>\n<td>\n<div><\/div>\n<\/td>\n<td>\n<div><\/div>\n<\/td>\n<\/tr>\n<tr>\n<td>\n<div>Puerta<\/div>\n<\/td>\n<td>\n<div>Dos puertas 90*74cm<\/div>\n<\/td>\n<td>\n<div><\/div>\n<\/td>\n<td>\n<div><\/div>\n<\/td>\n<td>\n<div><\/div>\n<\/td>\n<\/tr>\n<tr>\n<td>\n<div>Ventana<\/div>\n<\/td>\n<td>\n<div>Dos ventanas 60*55cm<\/div>\n<\/td>\n<td>\n<div><\/div>\n<\/td>\n<td>\n<div><\/div>\n<\/td>\n<td>\n<div><\/div>\n<\/td>\n<\/tr>\n<tr>\n<td>\n<div>Toldo parasol<\/div>\n<\/td>\n<td>\n<div>Se incluyen dos, uno de 190x90 cm y otro con dosel triangular.<\/div>\n<\/td>\n<td>\n<div><\/div>\n<\/td>\n<td>\n<div><\/div>\n<\/td>\n<td>\n<div><\/div>\n<\/td>\n<\/tr>\n<tr>\n<td>\n<div>Bolsa de zapatos<\/div>\n<\/td>\n<td>\n<div>Incluye dos bolsas para zapatos.<\/div>\n<\/td>\n<td>\n<div><\/div>\n<\/td>\n<td>\n<div><\/div>\n<\/td>\n<td>\n<div><\/div>\n<\/td>\n<\/tr>\n<tr>\n<td>\n<div>Luz<\/div>\n<\/td>\n<td>\n<div>Incluye dos luces, una en la parte posterior del armaz\u00f3n y otra en la tienda.<\/div>\n<\/td>\n<td>\n<div><\/div>\n<\/td>\n<td>\n<div><\/div>\n<\/td>\n<td>\n<div><\/div>\n<\/td>\n<\/tr>\n<\/tbody>\n<\/table>\n<\/div>\n<div data-section=\"AliMagic-vebk0r\" data-section-title=\"Detail Images\">Im\u00e1genes detalladas<\/div>\n<div>\n<div>\n<div>\n<div>\n<div><img decoding=\"async\" src=\"https:\/\/uoogear.com\/wp-content\/uploads\/2023\/11\/Hcf1889e97e384349af70cc256aa309230-wpp1701333335925.webp\" data-src=\"https:\/\/uoogear.com\/wp-content\/uploads\/2023\/11\/Hcf1889e97e384349af70cc256aa309230-wpp1701333335925.webp\" \/><\/div>\n<\/div>\n<\/div>\n<\/div>\n<\/div>\n<div data-section=\"AliMagic-a8fbbj\" data-section-title=\"Why choose us\"><\/div>\n<\/div>\n<\/div>","protected":false},"excerpt":{"rendered":"<p>\u00c1rea: 215*145*95 cm Tejido: 280 g Lona de poli\u00e9ster y algod\u00f3n \u00cdndice de impermeabilidad de la tienda exterior: 2000-3000 mm \u00cdndice de impermeabilidad inferior: &gt;3000 mm Estilo de la tienda: Tipo de refuerzo recto Temporada: Estructura de la tienda de cuatro estaciones: Un dormitorio Nombre del producto: 4 \u00d74 offroad faberglass hard shell carpa de techo de coche diy a la venta Palabra clave: techo de coche diy<\/p>\n<div class=\"read-more\"><a class=\"btn btn-fill-out\" href=\"https:\/\/uoogear.com\/es\/producto\/4x4-offroad-faberglass-hard-shell-diy-car-roof-top-tent-for-sale\/\">Leer m\u00e1s<\/a><\/div>","protected":false},"featured_media":4350,"template":"","meta":[],"product_brand":[],"product_cat":[15],"product_tag":[],"class_list":{"0":"post-4351","1":"product","2":"type-product","3":"status-publish","4":"has-post-thumbnail","6":"product_cat-uncategorized","7":"tm-no-options","9":"first","10":"instock","11":"shipping-taxable","12":"purchasable","13":"product-type-variable"},"_links":{"self":[{"href":"https:\/\/uoogear.com\/es\/wp-json\/wp\/v2\/product\/4351","targetHints":{"allow":["GET"]}}],"collection":[{"href":"https:\/\/uoogear.com\/es\/wp-json\/wp\/v2\/product"}],"about":[{"href":"https:\/\/uoogear.com\/es\/wp-json\/wp\/v2\/types\/product"}],"wp:featuredmedia":[{"embeddable":true,"href":"https:\/\/uoogear.com\/es\/wp-json\/wp\/v2\/media\/4350"}],"wp:attachment":[{"href":"https:\/\/uoogear.com\/es\/wp-json\/wp\/v2\/media?parent=4351"}],"wp:term":[{"taxonomy":"product_brand","embeddable":true,"href":"https:\/\/uoogear.com\/es\/wp-json\/wp\/v2\/product_brand?post=4351"},{"taxonomy":"product_cat","embeddable":true,"href":"https:\/\/uoogear.com\/es\/wp-json\/wp\/v2\/product_cat?post=4351"},{"taxonomy":"product_tag","embeddable":true,"href":"https:\/\/uoogear.com\/es\/wp-json\/wp\/v2\/product_tag?post=4351"}],"curies":[{"name":"wp","href":"https:\/\/api.w.org\/{rel}","templated":true}]}}