{"id":4361,"date":"2023-11-13T12:43:53","date_gmt":"2023-11-13T12:43:53","guid":{"rendered":"https:\/\/uoogear.com\/product\/luxury-winter-dome-yurts-for-sale-mongolian-yurt-tent-canvas-yurt\/"},"modified":"2023-11-30T02:31:58","modified_gmt":"2023-11-30T02:31:58","slug":"luxury-winter-dome-yurts-for-sale-mongolian-yurt-tent-canvas-yurt","status":"publish","type":"product","link":"https:\/\/uoogear.com\/es\/producto\/luxury-winter-dome-yurts-for-sale-mongolian-yurt-tent-canvas-yurt\/","title":{"rendered":"Yurtas de lujo con c\u00fapula de invierno a la venta, yurta mongol, tienda de campa\u00f1a, yurta de lona"},"content":{"rendered":"<ul>\n<li><strong>\u00c1rea : <\/strong> 9 m2<\/li>\n<li><strong>Tela : <\/strong> Lienzo<\/li>\n<li><strong>\u00cdndice de impermeabilidad de la tienda exterior: <\/strong> 1500-2000 mil\u00edmetros<\/li>\n<li><strong>\u00cdndice de impermeabilidad inferior: <\/strong> &gt;3000 mil\u00edmetros<\/li>\n<li><strong>Tipo de construcci\u00f3n : <\/strong> Construcci\u00f3n basada en la necesidad<\/li>\n<li><strong>Estilo de tienda: <\/strong> Tipo de refuerzo recto<\/li>\n<li><strong>Estaci\u00f3n : <\/strong> Tienda de campa\u00f1a de cuatro estaciones, 4 estaciones.<\/li>\n<li><strong>Estructura : <\/strong> Una habitaci\u00f3n<\/li>\n<li><strong>Nombre del producto : <\/strong> Yurtas de lujo con c\u00fapula de invierno a la venta, yurta mongol, tienda de campa\u00f1a, yurta de lona<\/li>\n<li><strong>Solicitud : <\/strong> Viajes al aire libre Senderismo Camping<\/li>\n<li><strong>Palabra clave: <\/strong> Tienda Yurta<\/li>\n<li><strong>Caracter\u00edstica : <\/strong> Impermeable<\/li>\n<li><strong>Cremallera : <\/strong> Cremallera SBS<\/li>\n<li><strong>Poste del marco: <\/strong> 22mm, 2m*11 Uds.<\/li>\n<li><strong>Cantidad m\u00ednima de pedido: <\/strong> 1 pieza<\/li>\n<li><strong>Logotipo: <\/strong> Logotipo personalizado<\/li>\n<li><strong>Garant\u00eda: <\/strong> 12 meses<\/li>\n<\/ul>\n<div>\n<div data-host=\"112190218\" data-magic-global=\"%7B%22bizId%22%3A2634101818%2C%22pageId%22%3A5046751166%2C%22siteId%22%3A5005227190%7D\" data-id=\"detail_decorate_root\">\n<div>\n<div data-section=\"AliMagic-j4t17u\" data-section-title=\"Product Description\">Descripci\u00f3n del Producto<\/div>\n<\/div>\n<div>\n<div>\n<div>\n<div>\n<div>\n<div><img decoding=\"async\" src=\"\/\/sc01.alicdn.com\/kf\/H56aa441716f44669837912c6acf8a941b\/225636084\/H56aa441716f44669837912c6acf8a941b.jpg\" data-src=\"\/\/sc01.alicdn.com\/kf\/H56aa441716f44669837912c6acf8a941b\/225636084\/H56aa441716f44669837912c6acf8a941b.jpg\" \/><\/div>\n<\/div>\n<\/div>\n<\/div>\n<\/div>\n<\/div>\n<div>\n<div>\n<div>\n<h3 data-id=\"title0\">Tienda de lujo yurta resistente para 4 estaciones<\/h3>\n<div>\n<div>\n<div data-id=\"paragraph0\">Las tiendas de campa\u00f1a yurta tienen una larga historia y la gente las ha utilizado durante mucho tiempo. Esta tienda est\u00e1 simplificada bas\u00e1ndose en la yurta original. La instalaci\u00f3n y el uso son m\u00e1s sencillos y el espacio interno es amplio, lo que puede satisfacer las necesidades de una familia. Tiene un buen rendimiento a prueba de agua y viento para uso en exteriores y buena ventilaci\u00f3n. Es una buena opci\u00f3n para viajes al aire libre.<\/div>\n<\/div>\n<\/div>\n<\/div>\n<\/div>\n<\/div>\n<div>\n<div>\n<div>\n<h3 data-id=\"title0\"><strong>Caracter\u00edsticas<\/strong><\/h3>\n<div>\n<div>\n<div data-id=\"paragraph0\">1. Espacio mucho m\u00e1s grande para acampar en familia, mayor capacidad para 6-10 personas.<br \/>\n2. Dise\u00f1o moderno ultraligero, port\u00e1til y plegable.<br \/>\n3. Lona de algod\u00f3n impermeable<br \/>\n4. Las ventanas grandes con malla brindar\u00e1n visi\u00f3n mientras tanto para la prevenci\u00f3n de insectos.<\/div>\n<\/div>\n<\/div>\n<\/div>\n<\/div>\n<\/div>\n<div><\/div>\n<div>\n<div><\/div>\n<\/div>\n<div>\n<div data-section=\"AliMagic-783agr\" data-section-title=\"Detail Images\">Im\u00e1genes detalladas<\/div>\n<\/div>\n<div>\n<div>\n<div>\n<div>\n<div>\n<div><\/div>\n<\/div>\n<\/div>\n<\/div>\n<\/div>\n<\/div>\n<div>\n<div>\n<div>\n<div>\n<div>\n<div><img decoding=\"async\" src=\"\/\/sc02.alicdn.com\/kf\/H403daa1716cd453f8176004be66d1cabZ\/225636084\/H403daa1716cd453f8176004be66d1cabZ.jpg\" data-src=\"\/\/sc02.alicdn.com\/kf\/H403daa1716cd453f8176004be66d1cabZ\/225636084\/H403daa1716cd453f8176004be66d1cabZ.jpg\" data-id=\"child-image-0\" \/><\/div>\n<div><img decoding=\"async\" src=\"\/\/sc01.alicdn.com\/kf\/H1b359a025f5c4d2a920071abfb30e71cK\/225636084\/H1b359a025f5c4d2a920071abfb30e71cK.jpg\" data-src=\"\/\/sc01.alicdn.com\/kf\/H1b359a025f5c4d2a920071abfb30e71cK\/225636084\/H1b359a025f5c4d2a920071abfb30e71cK.jpg\" data-id=\"child-image-1\" \/><\/div>\n<\/div>\n<\/div>\n<\/div>\n<\/div>\n<\/div>\n<div>\n<div>\n<div>\n<div>\n<div>\n<div><img decoding=\"async\" src=\"\/\/sc02.alicdn.com\/kf\/H89d139573765466a9a468cfa9925ea34o\/225636084\/H89d139573765466a9a468cfa9925ea34o.jpg\" data-src=\"\/\/sc02.alicdn.com\/kf\/H89d139573765466a9a468cfa9925ea34o\/225636084\/H89d139573765466a9a468cfa9925ea34o.jpg\" data-id=\"child-image-0\" \/><\/div>\n<div><img decoding=\"async\" src=\"\/\/sc02.alicdn.com\/kf\/H0fd1652041b3450cb22c142cd3460c4c3\/225636084\/H0fd1652041b3450cb22c142cd3460c4c3.jpg\" data-src=\"\/\/sc02.alicdn.com\/kf\/H0fd1652041b3450cb22c142cd3460c4c3\/225636084\/H0fd1652041b3450cb22c142cd3460c4c3.jpg\" data-id=\"child-image-1\" \/><\/div>\n<\/div>\n<\/div>\n<\/div>\n<\/div>\n<\/div>\n<div>\n<div>\n<div>\n<div>\n<div>\n<div><img decoding=\"async\" src=\"\/\/sc01.alicdn.com\/kf\/H1b6521d09772495ead74eccc19dcb548I\/225636084\/H1b6521d09772495ead74eccc19dcb548I.jpg\" data-src=\"\/\/sc01.alicdn.com\/kf\/H1b6521d09772495ead74eccc19dcb548I\/225636084\/H1b6521d09772495ead74eccc19dcb548I.jpg\" data-id=\"child-image-0\" \/><\/div>\n<div><img decoding=\"async\" src=\"\/\/sc01.alicdn.com\/kf\/Hf2692e1b39f8487aa4381c111ba52025V\/225636084\/Hf2692e1b39f8487aa4381c111ba52025V.jpg\" data-src=\"\/\/sc01.alicdn.com\/kf\/Hf2692e1b39f8487aa4381c111ba52025V\/225636084\/Hf2692e1b39f8487aa4381c111ba52025V.jpg\" data-id=\"child-image-1\" \/><\/div>\n<\/div>\n<\/div>\n<\/div>\n<\/div>\n<\/div>\n<div>\n<div data-section=\"AliMagic-0z5n3b\" data-section-title=\"Why Choose us\"><\/div>\n<\/div>\n<\/div>\n<\/div>","protected":false},"excerpt":{"rendered":"<p>\u00c1rea: 9 m2 Tela: Lona Carpa exterior \u00cdndice de impermeabilidad: 1500-2000 mm \u00cdndice de impermeabilidad inferior: &gt;3000 mm Tipo de construcci\u00f3n: Construcci\u00f3n basada en la necesidad Estilo de carpa: Tipo de refuerzo recto Temporada: Carpa de cuatro estaciones, Estructura de cuatro estaciones: Un dormitorio Nombre del producto: Yurtas de lujo con c\u00fapula de invierno a la venta, lona de tienda de yurta mongol<\/p>\n<div class=\"read-more\"><a class=\"btn btn-fill-out\" href=\"https:\/\/uoogear.com\/es\/producto\/luxury-winter-dome-yurts-for-sale-mongolian-yurt-tent-canvas-yurt\/\">Leer m\u00e1s<\/a><\/div>","protected":false},"featured_media":4360,"template":"","meta":[],"product_brand":[],"product_cat":[15],"product_tag":[],"class_list":{"0":"post-4361","1":"product","2":"type-product","3":"status-publish","4":"has-post-thumbnail","6":"product_cat-uncategorized","7":"tm-no-options","9":"first","10":"instock","11":"shipping-taxable","12":"purchasable","13":"product-type-variable"},"_links":{"self":[{"href":"https:\/\/uoogear.com\/es\/wp-json\/wp\/v2\/product\/4361","targetHints":{"allow":["GET"]}}],"collection":[{"href":"https:\/\/uoogear.com\/es\/wp-json\/wp\/v2\/product"}],"about":[{"href":"https:\/\/uoogear.com\/es\/wp-json\/wp\/v2\/types\/product"}],"wp:featuredmedia":[{"embeddable":true,"href":"https:\/\/uoogear.com\/es\/wp-json\/wp\/v2\/media\/4360"}],"wp:attachment":[{"href":"https:\/\/uoogear.com\/es\/wp-json\/wp\/v2\/media?parent=4361"}],"wp:term":[{"taxonomy":"product_brand","embeddable":true,"href":"https:\/\/uoogear.com\/es\/wp-json\/wp\/v2\/product_brand?post=4361"},{"taxonomy":"product_cat","embeddable":true,"href":"https:\/\/uoogear.com\/es\/wp-json\/wp\/v2\/product_cat?post=4361"},{"taxonomy":"product_tag","embeddable":true,"href":"https:\/\/uoogear.com\/es\/wp-json\/wp\/v2\/product_tag?post=4361"}],"curies":[{"name":"wp","href":"https:\/\/api.w.org\/{rel}","templated":true}]}}