{"id":4373,"date":"2023-11-13T12:44:58","date_gmt":"2023-11-13T12:44:58","guid":{"rendered":"https:\/\/uoogear.com\/product\/5m-canvas-tent-factory-manufacturer-bell-tent\/"},"modified":"2023-11-30T02:29:25","modified_gmt":"2023-11-30T02:29:25","slug":"5m-canvas-tent-factory-manufacturer-bell-tent","status":"publish","type":"product","link":"https:\/\/uoogear.com\/es\/producto\/5m-canvas-tent-factory-manufacturer-bell-tent\/","title":{"rendered":"Tienda de campa\u00f1a de lona de 5 m Fabricante de f\u00e1brica Tienda de campana"},"content":{"rendered":"<ul>\n<li><strong>\u00c1rea : <\/strong> 13 Metros Cuadrados<\/li>\n<li><strong>Tela : <\/strong> Lienzo<\/li>\n<li><strong>\u00cdndice de impermeabilidad de la tienda exterior: <\/strong> 1500-2000 mil\u00edmetros<\/li>\n<li><strong>\u00cdndice de impermeabilidad inferior: <\/strong> &gt;3000 mil\u00edmetros<\/li>\n<li><strong>Tipo de construcci\u00f3n : <\/strong> Construcci\u00f3n basada en la necesidad<\/li>\n<li><strong>Estilo de tienda: <\/strong> Tipo de refuerzo recto<\/li>\n<li><strong>Estaci\u00f3n : <\/strong> Tienda de campa\u00f1a de cuatro estaciones<\/li>\n<li><strong>Estructura : <\/strong> Una habitaci\u00f3n<\/li>\n<li><strong>Tama\u00f1o : <\/strong> 500*300*170\/60CM<\/li>\n<li><strong>Uso: <\/strong> Entretenimiento al aire libre<\/li>\n<li><strong>Tejido del suelo: <\/strong> Tela de PVC de 540 g.<\/li>\n<li><strong>Nombre del producto : <\/strong> Tienda de campa\u00f1a de lona de 5 m Fabricante de f\u00e1brica Tienda de campana<\/li>\n<li><strong>Palabra clave: <\/strong> Pabell\u00f3n<\/li>\n<li><strong>polacos: <\/strong> Recubierto de cobre y zinc.<\/li>\n<li><strong>\u00cdndice de impermeabilidad: <\/strong> 2000-3000 mm<\/li>\n<li><strong>Puerta : <\/strong> Puerta con cremallera y malla.<\/li>\n<li><strong>Cantidad m\u00ednima de pedido: <\/strong> 1 tienda de campana.<\/li>\n<li><strong>Servicio postventa : <\/strong> 1<\/li>\n<\/ul>\n<div>\n<div data-magic-global=\"%7B%22bizId%22%3A2634101818%2C%22pageId%22%3A5047952263%2C%22siteId%22%3A5005227190%7D\">\n<div>\n<div data-section=\"AliMagic-ip73a6\" data-section-title=\"Product Description\">Descripci\u00f3n del Producto<\/div>\n<\/div>\n<div>\n<div>\n<div>\n<div>\n<div>\n<div><img decoding=\"async\" src=\"\/\/sc01.alicdn.com\/kf\/Hc09fb0725c5547578e3f95c183da6fca9\/225636084\/Hc09fb0725c5547578e3f95c183da6fca9.jpg\" data-src=\"\/\/sc01.alicdn.com\/kf\/Hc09fb0725c5547578e3f95c183da6fca9\/225636084\/Hc09fb0725c5547578e3f95c183da6fca9.jpg\" \/><\/div>\n<\/div>\n<\/div>\n<\/div>\n<\/div>\n<\/div>\n<div>\n<div>\n<div>\n<h3><strong>Tienda de campa\u00f1a de lona de 5 m Fabricante de f\u00e1brica Tienda de campana<\/strong><\/h3>\n<div>\n<div>\n<div>\n<p>Un dise\u00f1o cl\u00e1sico y espacioso de tienda Bell, mejorado con una lona de suelo integrada de alta resistencia que proporciona un sello herm\u00e9tico alrededor de la base para mayor seguridad en climas h\u00famedos. La tienda de campa\u00f1a tiene suficiente espacio para un viaje de campamento de una familia numerosa con capacidad para cuatro colchones dobles. Con solo una cama, es realmente muy espacioso, con mucho espacio para todos tus lujos de camping, \u00a1y mucho de sobra!<\/p>\n<div><strong><span style=\"color: #c277d0;\">Caracter\u00edsticas de la tienda de campana<\/span><\/strong><br \/>\n1. La tienda de campa\u00f1a de lona est\u00e1 equipada con una lona de suelo resistente que se fija a la tienda con una cremallera. La lona del suelo est\u00e1 hecha de PVC y pesa 540 g\/m\u00b2.<br \/>\n2. Caracter\u00edstica muy popular: los lados se enrollan f\u00e1cilmente para dejar pasar el viento por debajo en los calurosos d\u00edas de verano.<br \/>\n3. Fabuloso color parecido a la arena que crea un ambiente c\u00e1lido y rom\u00e1ntico<br \/>\n4. Calidad bellamente hecha. Doble costura alrededor y puntos clave reforzados.<br \/>\n5. El material se trata para que sea a\u00fan m\u00e1s resistente al agua y al moho. El interior de la tienda nunca se siente h\u00famedo y permanece<br \/>\n6. A 1 persona le toma solo de 8 a 10 minutos lanzar<\/div>\n<\/div>\n<\/div>\n<\/div>\n<\/div>\n<\/div>\n<\/div>\n<div>\n<div data-section=\"AliMagic-zkjxn9\" data-section-title=\"Product Paramenters\">Par\u00e1metros del producto<\/div>\n<\/div>\n<div>\n<div>\n<table>\n<tbody>\n<tr>\n<td>\n<div>Nombre del \u00e1rticulo<\/div>\n<\/td>\n<td>\n<div>Pabell\u00f3n<\/div>\n<\/td>\n<td>\n<div><\/div>\n<\/td>\n<td>\n<div><\/div>\n<\/td>\n<td>\n<div><\/div>\n<\/td>\n<\/tr>\n<tr>\n<td>\n<div>Di\u00e1metro<\/div>\n<\/td>\n<td>\n<div>3m,4m,5m,6m,7m<\/div>\n<\/td>\n<td>\n<div><\/div>\n<\/td>\n<td>\n<div><\/div>\n<\/td>\n<td>\n<div><\/div>\n<\/td>\n<\/tr>\n<tr>\n<td>\n<div>Tela del techo<\/div>\n<\/td>\n<td>\n<div>Lona de algod\u00f3n de 300 g\/m\u00b2, revestimiento de PU, resistente al agua y al moho.<\/div>\n<\/td>\n<td>\n<div><\/div>\n<\/td>\n<td>\n<div><\/div>\n<\/td>\n<td>\n<div><\/div>\n<\/td>\n<\/tr>\n<tr>\n<td>\n<div>Hoja de tierra<\/div>\n<\/td>\n<td>\n<div>PVC ripstop de 540 g\/m\u00b2, impermeable, se separa de la tienda mediante una cremallera.<\/div>\n<\/td>\n<td>\n<div><\/div>\n<\/td>\n<td>\n<div><\/div>\n<\/td>\n<td>\n<div><\/div>\n<\/td>\n<\/tr>\n<tr>\n<td>\n<div>Neto<\/div>\n<\/td>\n<td>\n<div>Blanco, tanto en puerta como en ventanas.<\/div>\n<\/td>\n<td>\n<div><\/div>\n<\/td>\n<td>\n<div><\/div>\n<\/td>\n<td>\n<div><\/div>\n<\/td>\n<\/tr>\n<tr>\n<td>\n<div>polo central<\/div>\n<\/td>\n<td>\n<div>Tubo de acero galvanizado de 32 mm de di\u00e1metro, 1,2 mm de espesor, recubierto de cobre y zinc.<\/div>\n<\/td>\n<td>\n<div><\/div>\n<\/td>\n<td>\n<div><\/div>\n<\/td>\n<td>\n<div><\/div>\n<\/td>\n<\/tr>\n<tr>\n<td>\n<div>Ventana<\/div>\n<\/td>\n<td>\n<div>4 ventanas laterales y 4 ventilaciones en el \u00e1pice, con malla.<\/div>\n<\/td>\n<td>\n<div><\/div>\n<\/td>\n<td>\n<div><\/div>\n<\/td>\n<td>\n<div><\/div>\n<\/td>\n<\/tr>\n<tr>\n<td>\n<div>Puerta<\/div>\n<\/td>\n<td>\n<div>1 puerta con cremallera, puerta de malla con cremallera opcional, con solapa.<\/div>\n<\/td>\n<td>\n<div><\/div>\n<\/td>\n<td>\n<div><\/div>\n<\/td>\n<td>\n<div><\/div>\n<\/td>\n<\/tr>\n<\/tbody>\n<\/table>\n<\/div>\n<\/div>\n<div>\n<div data-section=\"AliMagic-zdt106\" data-section-title=\"Details\">Detalles<\/div>\n<\/div>\n<div>\n<div>\n<div>\n<div>\n<div>\n<div><img decoding=\"async\" src=\"\/\/sc01.alicdn.com\/kf\/Hb2cabe10c9ef4794bfa509584b13f743Q\/225636084\/Hb2cabe10c9ef4794bfa509584b13f743Q.jpg\" data-src=\"\/\/sc01.alicdn.com\/kf\/Hb2cabe10c9ef4794bfa509584b13f743Q\/225636084\/Hb2cabe10c9ef4794bfa509584b13f743Q.jpg\" \/><\/div>\n<\/div>\n<\/div>\n<\/div>\n<\/div>\n<\/div>\n<div>\n<div>\n<div>\n<div>\n<div>\n<div><img decoding=\"async\" src=\"\/\/sc01.alicdn.com\/kf\/Hea8e85c9bc9547008bcb1ccb2b3cee85b\/225636084\/Hea8e85c9bc9547008bcb1ccb2b3cee85b.jpg\" data-src=\"\/\/sc01.alicdn.com\/kf\/Hea8e85c9bc9547008bcb1ccb2b3cee85b\/225636084\/Hea8e85c9bc9547008bcb1ccb2b3cee85b.jpg\" \/><\/div>\n<\/div>\n<\/div>\n<\/div>\n<\/div>\n<\/div>\n<div>\n<div>\n<div>\n<div>\n<div>\n<div data-spm-anchor-id=\"a2700.wholesale.0.i46.5a31fe24gtMMaP\"><img decoding=\"async\" src=\"\/\/sc01.alicdn.com\/kf\/H0d2acdfd09a0449c81414d4c4087b535i\/225636084\/H0d2acdfd09a0449c81414d4c4087b535i.jpg\" data-src=\"\/\/sc01.alicdn.com\/kf\/H0d2acdfd09a0449c81414d4c4087b535i\/225636084\/H0d2acdfd09a0449c81414d4c4087b535i.jpg\" \/><\/div>\n<\/div>\n<\/div>\n<\/div>\n<\/div>\n<\/div>\n<div>\n<div data-section=\"AliMagic-ufrss4\" data-section-title=\"Customer Photos\"><\/div>\n<\/div>\n<div><\/div>\n<\/div>\n<\/div>","protected":false},"excerpt":{"rendered":"<p>\u00c1rea: 13 metros cuadrados Tela: Lona Carpa exterior \u00cdndice de impermeabilidad: 1500-2000 mm \u00cdndice de impermeabilidad inferior: &gt;3000 mm Tipo de construcci\u00f3n: Construcci\u00f3n basada en la necesidad Estilo de carpa: Tipo de refuerzo recto Temporada: Carpa de cuatro estaciones Estructura: Un dormitorio Tama\u00f1o: 500 *300*170\/60CM Uso: Entretenimiento al aire libre Tela del piso: Tela de PVC de 540 g<\/p>\n<div class=\"read-more\"><a class=\"btn btn-fill-out\" href=\"https:\/\/uoogear.com\/es\/producto\/5m-canvas-tent-factory-manufacturer-bell-tent\/\">Leer m\u00e1s<\/a><\/div>","protected":false},"featured_media":4372,"template":"","meta":[],"product_brand":[],"product_cat":[15],"product_tag":[],"class_list":{"0":"post-4373","1":"product","2":"type-product","3":"status-publish","4":"has-post-thumbnail","6":"product_cat-uncategorized","7":"tm-no-options","9":"first","10":"instock","11":"shipping-taxable","12":"purchasable","13":"product-type-variable"},"_links":{"self":[{"href":"https:\/\/uoogear.com\/es\/wp-json\/wp\/v2\/product\/4373","targetHints":{"allow":["GET"]}}],"collection":[{"href":"https:\/\/uoogear.com\/es\/wp-json\/wp\/v2\/product"}],"about":[{"href":"https:\/\/uoogear.com\/es\/wp-json\/wp\/v2\/types\/product"}],"wp:featuredmedia":[{"embeddable":true,"href":"https:\/\/uoogear.com\/es\/wp-json\/wp\/v2\/media\/4372"}],"wp:attachment":[{"href":"https:\/\/uoogear.com\/es\/wp-json\/wp\/v2\/media?parent=4373"}],"wp:term":[{"taxonomy":"product_brand","embeddable":true,"href":"https:\/\/uoogear.com\/es\/wp-json\/wp\/v2\/product_brand?post=4373"},{"taxonomy":"product_cat","embeddable":true,"href":"https:\/\/uoogear.com\/es\/wp-json\/wp\/v2\/product_cat?post=4373"},{"taxonomy":"product_tag","embeddable":true,"href":"https:\/\/uoogear.com\/es\/wp-json\/wp\/v2\/product_tag?post=4373"}],"curies":[{"name":"wp","href":"https:\/\/api.w.org\/{rel}","templated":true}]}}