{"id":4382,"date":"2023-11-13T12:46:18","date_gmt":"2023-11-13T12:46:18","guid":{"rendered":"https:\/\/uoogear.com\/product\/waterproof-glamping-camping-outdoor-3m-4m-5m-6m-cotton-canvas-bell-tent-with-awning\/"},"modified":"2023-11-30T02:30:03","modified_gmt":"2023-11-30T02:30:03","slug":"waterproof-glamping-camping-outdoor-3m-4m-5m-6m-cotton-canvas-bell-tent-with-awning","status":"publish","type":"product","link":"https:\/\/uoogear.com\/es\/producto\/waterproof-glamping-camping-outdoor-3m-4m-5m-6m-cotton-canvas-bell-tent-with-awning\/","title":{"rendered":"Tienda de campana de lona de algod\u00f3n impermeable para acampar al aire libre, glamping, 3m, 4m, 5m y 6m, con toldo"},"content":{"rendered":"<ul>\n<li><strong>\u00c1rea : <\/strong> 500*300cm<\/li>\n<li><strong>Tela : <\/strong> Lienzo<\/li>\n<li><strong>\u00cdndice de impermeabilidad de la tienda exterior: <\/strong> 1500-2000 mil\u00edmetros<\/li>\n<li><strong>\u00cdndice de impermeabilidad inferior: <\/strong> &gt;3000 mil\u00edmetros<\/li>\n<li><strong>Tipo de construcci\u00f3n : <\/strong> Construcci\u00f3n basada en la necesidad<\/li>\n<li><strong>Estilo de tienda: <\/strong> Tipo de refuerzo recto<\/li>\n<li><strong>Estaci\u00f3n : <\/strong> Tienda de campa\u00f1a de cuatro estaciones<\/li>\n<li><strong>Estructura : <\/strong> Una habitaci\u00f3n<\/li>\n<li><strong>Nombre del producto : <\/strong> Tienda de campana de lona de algod\u00f3n de 3m 4m 5m 6m con toldo<\/li>\n<li><strong>Color : <\/strong> Beige<\/li>\n<li><strong>Solicitud : <\/strong> Viajes al aire libre Senderismo Camping<\/li>\n<li><strong>Palabra clave: <\/strong> pabell\u00f3n<\/li>\n<li><strong>Caracter\u00edstica : <\/strong> Impermeable<\/li>\n<li><strong>Material : <\/strong> Lona de algod\u00f3n de 300 g\/m\u00b2.<\/li>\n<li><strong>Tama\u00f1o : <\/strong> 500*300*170\/60cm<\/li>\n<li><strong>Cantidad m\u00ednima de pedido: <\/strong> 1 pieza<\/li>\n<\/ul>\n<div>\n<div data-host=\"111218246\" data-id=\"detail_decorate_root\">\n<div data-reactroot=\"\">\n<div data-section=\"AliMagic-2h68ue\" data-section-title=\"Products Description\">Descripci\u00f3n de productos<\/div>\n<div>\n<div>\n<div>\n<div>\n<div><img decoding=\"async\" src=\"\/\/sc01.alicdn.com\/kf\/Hf36d73868dd540b595b5d4574c7a2a13M\/225636084\/Hf36d73868dd540b595b5d4574c7a2a13M.jpg\" data-src=\"\/\/sc01.alicdn.com\/kf\/Hf36d73868dd540b595b5d4574c7a2a13M\/225636084\/Hf36d73868dd540b595b5d4574c7a2a13M.jpg\" data-id=\"child-image-0\" \/><\/div>\n<\/div>\n<\/div>\n<\/div>\n<div>\n<div data-id=\"below-title\">Tienda de campana de lona de algod\u00f3n de 3m 4m 5m 6m con toldo<\/div>\n<div data-id=\"below-content\">Un dise\u00f1o cl\u00e1sico y espacioso de tienda Bell, mejorado con una lona de suelo integrada de alta resistencia que proporciona un sello herm\u00e9tico alrededor de la base para mayor seguridad en climas h\u00famedos. La tienda de campa\u00f1a de 5 metros tiene un amplio espacio para un viaje de campamento de una familia numerosa con capacidad para cuatro colchones dobles. Con solo una cama, es realmente muy espacioso, con mucho espacio para todos tus lujos de camping, \u00a1y mucho de sobra!<\/div>\n<\/div>\n<\/div>\n<div>\n<div>\n<h3 data-id=\"title0\">\u00a0 \u00a0 Caracter\u00edsticas<\/h3>\n<div>\n<div>\n<div data-id=\"paragraph0\">\n<p>\u00a0 \u00a0 1.La tienda de campa\u00f1a de lona est\u00e1 equipada con una lona de suelo resistente que se fija a la tienda con una cremallera.<\/p>\n<div>\u00a0 \u00a0 2.La lona del suelo est\u00e1 hecha de PVC y pesa 540 g\/m\u00b2.<\/div>\n<div>\u00a0 \u00a0 3. Los lados se enrollan f\u00e1cilmente para dejar pasar el viento por debajo en los calurosos d\u00edas de verano.<\/div>\n<div>\u00a0 \u00a0 4. Calidad bellamente hecha. Doble costura alrededor y puntos clave reforzados.<\/div>\n<div>\u00a0 \u00a0 5. El material se trata para que sea a\u00fan m\u00e1s resistente al agua y al moho.<\/div>\n<div>\u00a0 \u00a0 6. A 1 persona le toma solo de 5 a 8 minutos lanzarlo.<\/div>\n<\/div>\n<\/div>\n<\/div>\n<\/div>\n<\/div>\n<div data-section=\"AliMagic-j30k9w\" data-section-title=\"Specification\">Especificaci\u00f3n<\/div>\n<div>\n<table>\n<tbody>\n<tr>\n<td>\n<div>Tama\u00f1o del producto<\/div>\n<\/td>\n<td>\n<div>300*250*160\/60cm<\/div>\n<\/td>\n<td>\n<div><\/div>\n<\/td>\n<td>\n<div><\/div>\n<\/td>\n<td>\n<div><\/div>\n<\/td>\n<\/tr>\n<tr>\n<td>\n<div>Tama\u00f1o del paquete<\/div>\n<\/td>\n<td>\n<div>110*27*32cm<\/div>\n<\/td>\n<td>\n<div><\/div>\n<\/td>\n<td>\n<div><\/div>\n<\/td>\n<td>\n<div><\/div>\n<\/td>\n<\/tr>\n<tr>\n<td>\n<div>Tela<\/div>\n<\/td>\n<td>\n<div>Lona de algod\u00f3n 100% de 300 g\/m\u00b2.<\/div>\n<\/td>\n<td>\n<div><\/div>\n<\/td>\n<td>\n<div><\/div>\n<\/td>\n<td>\n<div><\/div>\n<\/td>\n<\/tr>\n<tr>\n<td>\n<div>Piso<\/div>\n<\/td>\n<td>\n<div>PVC antidesgarro de 540 g\/m\u00b2<\/div>\n<\/td>\n<td>\n<div><\/div>\n<\/td>\n<td>\n<div><\/div>\n<\/td>\n<td>\n<div><\/div>\n<\/td>\n<\/tr>\n<tr>\n<td>\n<div>Polo central<\/div>\n<\/td>\n<td>\n<div>Di\u00e1metro 32 mm, tubo de acero galvanizado, recubierto de cobre y zinc.<\/div>\n<\/td>\n<td>\n<div><\/div>\n<\/td>\n<td>\n<div><\/div>\n<\/td>\n<td>\n<div><\/div>\n<\/td>\n<\/tr>\n<tr>\n<td>\n<div>Tipo de entrada<\/div>\n<\/td>\n<td>\n<div>Un poste de marco en la puerta, di\u00e1metro 19 mm.<\/div>\n<\/td>\n<td>\n<div><\/div>\n<\/td>\n<td>\n<div><\/div>\n<\/td>\n<td>\n<div><\/div>\n<\/td>\n<\/tr>\n<tr>\n<td>\n<div>Cremalleras<\/div>\n<\/td>\n<td>\n<div>Cremallera SBS, cremalleras de doble asa<\/div>\n<\/td>\n<td>\n<div><\/div>\n<\/td>\n<td>\n<div><\/div>\n<\/td>\n<td>\n<div><\/div>\n<\/td>\n<\/tr>\n<tr>\n<td>\n<div>ventanas<\/div>\n<\/td>\n<td>\n<div>4 * ventanas con cremallera y red<\/div>\n<\/td>\n<td>\n<div><\/div>\n<\/td>\n<td>\n<div><\/div>\n<\/td>\n<td>\n<div><\/div>\n<\/td>\n<\/tr>\n<tr>\n<td>\n<div>Ventilaciones<\/div>\n<\/td>\n<td>\n<div>4 * rejillas de ventilaci\u00f3n triangulares con red<\/div>\n<\/td>\n<td>\n<div><\/div>\n<\/td>\n<td>\n<div><\/div>\n<\/td>\n<td>\n<div><\/div>\n<\/td>\n<\/tr>\n<tr>\n<td>\n<div>Puerta<\/div>\n<\/td>\n<td>\n<div>1 puerta con cremallera y malla<\/div>\n<\/td>\n<td>\n<div><\/div>\n<\/td>\n<td>\n<div><\/div>\n<\/td>\n<td>\n<div><\/div>\n<\/td>\n<\/tr>\n<tr>\n<td>\n<div>clavijas<\/div>\n<\/td>\n<td>\n<div>\u0278 6 mm 5 mm x 20 mm 24 piezas<\/div>\n<\/td>\n<td>\n<div><\/div>\n<\/td>\n<td>\n<div><\/div>\n<\/td>\n<td>\n<div><\/div>\n<\/td>\n<\/tr>\n<tr>\n<td>\n<div>Embalaje<\/div>\n<\/td>\n<td>\n<div>En bolsa de transporte y luego embalaje de cart\u00f3n<\/div>\n<\/td>\n<td>\n<div><\/div>\n<\/td>\n<td>\n<div><\/div>\n<\/td>\n<td>\n<div><\/div>\n<\/td>\n<\/tr>\n<\/tbody>\n<\/table>\n<\/div>\n<div data-section=\"AliMagic-d12cfx\" data-section-title=\"Details\">Detalles<\/div>\n<div>\n<div>\n<div>\n<div>\n<div><img decoding=\"async\" src=\"\/\/sc02.alicdn.com\/kf\/H7b5e068f5bbc40089647cddc36ee6a66e\/225636084\/H7b5e068f5bbc40089647cddc36ee6a66e.jpg\" data-src=\"\/\/sc02.alicdn.com\/kf\/H7b5e068f5bbc40089647cddc36ee6a66e\/225636084\/H7b5e068f5bbc40089647cddc36ee6a66e.jpg\" \/><\/div>\n<\/div>\n<\/div>\n<\/div>\n<\/div>\n<div>\n<div>\n<div>\n<div>\n<div><img decoding=\"async\" src=\"\/\/sc01.alicdn.com\/kf\/H0d2acdfd09a0449c81414d4c4087b535i\/225636084\/H0d2acdfd09a0449c81414d4c4087b535i.jpg\" data-src=\"\/\/sc01.alicdn.com\/kf\/H0d2acdfd09a0449c81414d4c4087b535i\/225636084\/H0d2acdfd09a0449c81414d4c4087b535i.jpg\" \/><\/div>\n<\/div>\n<\/div>\n<\/div>\n<\/div>\n<div data-section=\"AliMagic-e8f4mh\" data-section-title=\"Application\">Solicitud<\/div>\n<div>\n<div>\n<div>\n<div>\n<div><img decoding=\"async\" src=\"\/\/sc02.alicdn.com\/kf\/H2c99e2db1880498da08767acaa3c1fce6\/225636084\/H2c99e2db1880498da08767acaa3c1fce6.png\" data-src=\"\/\/sc02.alicdn.com\/kf\/H2c99e2db1880498da08767acaa3c1fce6\/225636084\/H2c99e2db1880498da08767acaa3c1fce6.png\" \/><\/div>\n<\/div>\n<\/div>\n<\/div>\n<\/div>\n<div>\n<div>\n<div>\n<div>\n<div><img decoding=\"async\" src=\"\/\/sc01.alicdn.com\/kf\/H9aa939c18c40425abdf172a611ffe8a9Q\/225636084\/H9aa939c18c40425abdf172a611ffe8a9Q.png\" data-src=\"\/\/sc01.alicdn.com\/kf\/H9aa939c18c40425abdf172a611ffe8a9Q\/225636084\/H9aa939c18c40425abdf172a611ffe8a9Q.png\" \/><\/div>\n<\/div>\n<\/div>\n<\/div>\n<\/div>\n<div data-section=\"AliMagic-b6xmjm\" data-section-title=\"Packing &amp; Delivery\"><\/div>\n<\/div>\n<\/div>\n<\/div>","protected":false},"excerpt":{"rendered":"<p>\u00c1rea: 500*300 cm Tela: Lona Carpa exterior \u00cdndice de impermeabilidad: 1500-2000 mm \u00cdndice de impermeabilidad inferior: &gt;3000 mm Tipo de construcci\u00f3n: Construcci\u00f3n basada en la necesidad Estilo de carpa: Tipo de refuerzo recto Temporada: Carpa de cuatro estaciones Estructura: Un dormitorio Nombre del producto : Tienda de campana de lona de algod\u00f3n de 3m 4m 5m 6m con toldo<\/p>\n<div class=\"read-more\"><a class=\"btn btn-fill-out\" href=\"https:\/\/uoogear.com\/es\/producto\/waterproof-glamping-camping-outdoor-3m-4m-5m-6m-cotton-canvas-bell-tent-with-awning\/\">Leer m\u00e1s<\/a><\/div>","protected":false},"featured_media":4381,"template":"","meta":[],"product_brand":[],"product_cat":[15],"product_tag":[],"class_list":{"0":"post-4382","1":"product","2":"type-product","3":"status-publish","4":"has-post-thumbnail","6":"product_cat-uncategorized","7":"tm-no-options","9":"first","10":"instock","11":"shipping-taxable","12":"purchasable","13":"product-type-variable"},"_links":{"self":[{"href":"https:\/\/uoogear.com\/es\/wp-json\/wp\/v2\/product\/4382","targetHints":{"allow":["GET"]}}],"collection":[{"href":"https:\/\/uoogear.com\/es\/wp-json\/wp\/v2\/product"}],"about":[{"href":"https:\/\/uoogear.com\/es\/wp-json\/wp\/v2\/types\/product"}],"wp:featuredmedia":[{"embeddable":true,"href":"https:\/\/uoogear.com\/es\/wp-json\/wp\/v2\/media\/4381"}],"wp:attachment":[{"href":"https:\/\/uoogear.com\/es\/wp-json\/wp\/v2\/media?parent=4382"}],"wp:term":[{"taxonomy":"product_brand","embeddable":true,"href":"https:\/\/uoogear.com\/es\/wp-json\/wp\/v2\/product_brand?post=4382"},{"taxonomy":"product_cat","embeddable":true,"href":"https:\/\/uoogear.com\/es\/wp-json\/wp\/v2\/product_cat?post=4382"},{"taxonomy":"product_tag","embeddable":true,"href":"https:\/\/uoogear.com\/es\/wp-json\/wp\/v2\/product_tag?post=4382"}],"curies":[{"name":"wp","href":"https:\/\/api.w.org\/{rel}","templated":true}]}}