{"id":4400,"date":"2023-11-13T12:48:06","date_gmt":"2023-11-13T12:48:06","guid":{"rendered":"https:\/\/uoogear.com\/product\/luxury-family-glamping-outdoor-large-canvas-heavy-duty-bell-tent-waterproofing\/"},"modified":"2023-11-30T02:30:41","modified_gmt":"2023-11-30T02:30:41","slug":"luxury-family-glamping-outdoor-large-canvas-heavy-duty-bell-tent-waterproofing","status":"publish","type":"product","link":"https:\/\/uoogear.com\/es\/producto\/luxury-family-glamping-outdoor-large-canvas-heavy-duty-bell-tent-waterproofing\/","title":{"rendered":"Impermeabilizaci\u00f3n de tienda de campana resistente de lona grande al aire libre glamping familiar de lujo"},"content":{"rendered":"<ul>\n<li><strong>\u00c1rea : <\/strong> 500*300*170cm<\/li>\n<li><strong>Tela : <\/strong> Lienzo<\/li>\n<li><strong>\u00cdndice de impermeabilidad de la tienda exterior: <\/strong> 1500-2000 mil\u00edmetros<\/li>\n<li><strong>\u00cdndice de impermeabilidad inferior: <\/strong> &gt;3000 mil\u00edmetros<\/li>\n<li><strong>Tipo de construcci\u00f3n : <\/strong> Apertura autom\u00e1tica r\u00e1pida<\/li>\n<li><strong>Estilo de tienda: <\/strong> Tipo de refuerzo recto<\/li>\n<li><strong>Estaci\u00f3n : <\/strong> Tienda de campa\u00f1a de cuatro estaciones<\/li>\n<li><strong>Estructura : <\/strong> Una habitaci\u00f3n<\/li>\n<li><strong>Nombre del producto : <\/strong> Impermeabilizaci\u00f3n de tienda de campa\u00f1a resistente de lona grande para exteriores<\/li>\n<li><strong>Palabra clave: <\/strong> impermeabilizaci\u00f3n de tiendas<\/li>\n<li><strong>Cuerpo material : <\/strong> Lona de algod\u00f3n 300 GSM, o personalizar<\/li>\n<li><strong>Material del piso: <\/strong> 540 g de PVC antidesgarro.<\/li>\n<li><strong>Polo Central: <\/strong> Di\u00e1metro 32 mm recubierto de cobre y zinc.<\/li>\n<li><strong>Garant\u00eda: <\/strong> 12 meses<\/li>\n<li><strong>Cantidad m\u00ednima de pedido: <\/strong> 1 pieza<\/li>\n<li><strong>Logotipo: <\/strong> Logotipo personalizado<\/li>\n<li><strong>Tama\u00f1o : <\/strong> Di\u00e1metro = 4m\/3m\/5m\/6m<\/li>\n<li><strong>Color : <\/strong> Beige<\/li>\n<\/ul>\n<div>\n<div data-magic-global=\"%7B%22bizId%22%3A2634101818%2C%22pageId%22%3A5052166577%2C%22siteId%22%3A5005227190%7D\">\n<div>\n<div data-section=\"AliMagic-uwn5tk\" data-section-title=\"Product Description\">Descripci\u00f3n del Producto<\/div>\n<\/div>\n<div>\n<div>\n<div>\n<div>\n<div>\n<div><img decoding=\"async\" src=\"\/\/sc02.alicdn.com\/kf\/H33b373fbc27442959ba1b930fe515803N\/225636084\/H33b373fbc27442959ba1b930fe515803N.jpg\" data-src=\"\/\/sc02.alicdn.com\/kf\/H33b373fbc27442959ba1b930fe515803N\/225636084\/H33b373fbc27442959ba1b930fe515803N.jpg\" \/><\/div>\n<\/div>\n<\/div>\n<\/div>\n<\/div>\n<\/div>\n<div>\n<div>\n<div>\n<h3><strong>Impermeabilizaci\u00f3n de tiendas<\/strong><\/h3>\n<div>\n<div>\n<div>Bell Tent est\u00e1 hecha de lona de algod\u00f3n impermeable de 300 g\/m\u00b2 con revestimiento de PU y una duradera lona de suelo con cremallera. Tienen dos postes con resorte: un poste central y un poste con estructura en A que crea un porche en la entrada. La tienda tiene salidas de aire, ventanas de malla con cremalleras y una bolsa de transporte extragrande para facilitar el embalaje. La lona de suelo con cremallera permite enrollar los laterales en un d\u00eda caluroso, lo que convierte a la tienda de campa\u00f1a en un parasol perfecto. Tambi\u00e9n hay cuatro tipos: 3 m, 4 m, 5 m y 6 m. Se pueden aceptar tama\u00f1os y colores personalizados. Nuestras telas de lona de algod\u00f3n han pasado por un tratamiento especial para ser duraderas e impermeables durante mucho tiempo.<\/div>\n<\/div>\n<\/div>\n<\/div>\n<\/div>\n<\/div>\n<div>\n<div data-section=\"AliMagic-d7l49w\" data-section-title=\"Product Paramenters\">Par\u00e1metros del producto<\/div>\n<\/div>\n<div>\n<div>\n<table>\n<tbody>\n<tr>\n<td>\n<div>Nombre del \u00e1rticulo<\/div>\n<\/td>\n<td>\n<div>Pabell\u00f3n<\/div>\n<\/td>\n<td>\n<div><\/div>\n<\/td>\n<td>\n<div><\/div>\n<\/td>\n<td>\n<div><\/div>\n<\/td>\n<\/tr>\n<tr>\n<td>\n<div>Di\u00e1metro<\/div>\n<\/td>\n<td>\n<div>3m,4m,5m,6m,7m<\/div>\n<\/td>\n<td>\n<div><\/div>\n<\/td>\n<td>\n<div><\/div>\n<\/td>\n<td>\n<div><\/div>\n<\/td>\n<\/tr>\n<tr>\n<td>\n<div>Tela del techo<\/div>\n<\/td>\n<td>\n<div>Lona de algod\u00f3n de 300 g\/m\u00b2, revestimiento de PU, resistente al agua y al moho.<\/div>\n<\/td>\n<td>\n<div><\/div>\n<\/td>\n<td>\n<div><\/div>\n<\/td>\n<td>\n<div><\/div>\n<\/td>\n<\/tr>\n<tr>\n<td>\n<div>Hoja de tierra<\/div>\n<\/td>\n<td>\n<div>PVC ripstop de 540 g\/m\u00b2, impermeable, se separa de la tienda mediante una cremallera.<\/div>\n<\/td>\n<td>\n<div><\/div>\n<\/td>\n<td>\n<div><\/div>\n<\/td>\n<td>\n<div><\/div>\n<\/td>\n<\/tr>\n<tr>\n<td>\n<div>Neto<\/div>\n<\/td>\n<td>\n<div>Blanco, tanto en puerta como en ventanas.<\/div>\n<\/td>\n<td>\n<div><\/div>\n<\/td>\n<td>\n<div><\/div>\n<\/td>\n<td>\n<div><\/div>\n<\/td>\n<\/tr>\n<tr>\n<td>\n<div>polo central<\/div>\n<\/td>\n<td>\n<div>Tubo de acero galvanizado de 32 mm de di\u00e1metro, 1,2 mm de espesor, recubierto de cobre y zinc.<\/div>\n<\/td>\n<td>\n<div><\/div>\n<\/td>\n<td>\n<div><\/div>\n<\/td>\n<td>\n<div><\/div>\n<\/td>\n<\/tr>\n<tr>\n<td>\n<div>Ventana<\/div>\n<\/td>\n<td>\n<div>4 ventanas laterales y 4 ventilaciones en el \u00e1pice, con malla.<\/div>\n<\/td>\n<td>\n<div><\/div>\n<\/td>\n<td>\n<div><\/div>\n<\/td>\n<td>\n<div><\/div>\n<\/td>\n<\/tr>\n<tr>\n<td>\n<div>Puerta<\/div>\n<\/td>\n<td>\n<div>1 puerta con cremallera, puerta de malla con cremallera opcional, con solapa.<\/div>\n<\/td>\n<td>\n<div><\/div>\n<\/td>\n<td>\n<div><\/div>\n<\/td>\n<td>\n<div><\/div>\n<\/td>\n<\/tr>\n<\/tbody>\n<\/table>\n<\/div>\n<\/div>\n<div>\n<div data-section=\"AliMagic-taxig7\" data-section-title=\"Details\">Detalles<\/div>\n<\/div>\n<div>\n<div>\n<div>\n<div>\n<div>\n<div><img decoding=\"async\" src=\"\/\/sc01.alicdn.com\/kf\/H32cb711888cb452cbe68ce4ea7703132c\/225636084\/H32cb711888cb452cbe68ce4ea7703132c.jpg\" data-src=\"\/\/sc01.alicdn.com\/kf\/H32cb711888cb452cbe68ce4ea7703132c\/225636084\/H32cb711888cb452cbe68ce4ea7703132c.jpg\" \/><\/div>\n<\/div>\n<\/div>\n<\/div>\n<\/div>\n<\/div>\n<div>\n<div>\n<div>\n<div>\n<div>\n<div><img decoding=\"async\" src=\"\/\/sc01.alicdn.com\/kf\/H08c07ce5b45b405aa86deab3064ab718V\/225636084\/H08c07ce5b45b405aa86deab3064ab718V.jpg\" data-src=\"\/\/sc01.alicdn.com\/kf\/H08c07ce5b45b405aa86deab3064ab718V\/225636084\/H08c07ce5b45b405aa86deab3064ab718V.jpg\" \/><\/div>\n<\/div>\n<\/div>\n<\/div>\n<\/div>\n<\/div>\n<div>\n<div>\n<div>\n<div>\n<div>\n<div><img decoding=\"async\" src=\"\/\/sc01.alicdn.com\/kf\/H0d2acdfd09a0449c81414d4c4087b535i\/225636084\/H0d2acdfd09a0449c81414d4c4087b535i.jpg\" data-src=\"\/\/sc01.alicdn.com\/kf\/H0d2acdfd09a0449c81414d4c4087b535i\/225636084\/H0d2acdfd09a0449c81414d4c4087b535i.jpg\" \/><\/div>\n<\/div>\n<\/div>\n<\/div>\n<\/div>\n<\/div>\n<div>\n<div data-section=\"AliMagic-680x2c\" data-section-title=\"Customer Photos\"><\/div>\n<\/div>\n<div><\/div>\n<\/div>\n<\/div>","protected":false},"excerpt":{"rendered":"<p>\u00c1rea: 500*300*170 cm Tela: Lona Carpa exterior \u00cdndice de impermeabilidad: 1500-2000 mm \u00cdndice de impermeabilidad inferior: &gt;3000 mm Tipo de construcci\u00f3n: Apertura autom\u00e1tica r\u00e1pida Estilo de carpa: Tipo de refuerzo recto Temporada: Carpa de cuatro estaciones Estructura: Un dormitorio Nombre del producto : impermeabilizaci\u00f3n de tienda de campa\u00f1a resistente de lona grande para exteriores Palabra clave : cuerpo de impermeabilizaci\u00f3n de tienda<\/p>\n<div class=\"read-more\"><a class=\"btn btn-fill-out\" href=\"https:\/\/uoogear.com\/es\/producto\/luxury-family-glamping-outdoor-large-canvas-heavy-duty-bell-tent-waterproofing\/\">Leer m\u00e1s<\/a><\/div>","protected":false},"featured_media":4399,"template":"","meta":[],"product_brand":[],"product_cat":[15],"product_tag":[],"class_list":{"0":"post-4400","1":"product","2":"type-product","3":"status-publish","4":"has-post-thumbnail","6":"product_cat-uncategorized","7":"tm-no-options","9":"first","10":"instock","11":"shipping-taxable","12":"purchasable","13":"product-type-variable"},"_links":{"self":[{"href":"https:\/\/uoogear.com\/es\/wp-json\/wp\/v2\/product\/4400","targetHints":{"allow":["GET"]}}],"collection":[{"href":"https:\/\/uoogear.com\/es\/wp-json\/wp\/v2\/product"}],"about":[{"href":"https:\/\/uoogear.com\/es\/wp-json\/wp\/v2\/types\/product"}],"wp:featuredmedia":[{"embeddable":true,"href":"https:\/\/uoogear.com\/es\/wp-json\/wp\/v2\/media\/4399"}],"wp:attachment":[{"href":"https:\/\/uoogear.com\/es\/wp-json\/wp\/v2\/media?parent=4400"}],"wp:term":[{"taxonomy":"product_brand","embeddable":true,"href":"https:\/\/uoogear.com\/es\/wp-json\/wp\/v2\/product_brand?post=4400"},{"taxonomy":"product_cat","embeddable":true,"href":"https:\/\/uoogear.com\/es\/wp-json\/wp\/v2\/product_cat?post=4400"},{"taxonomy":"product_tag","embeddable":true,"href":"https:\/\/uoogear.com\/es\/wp-json\/wp\/v2\/product_tag?post=4400"}],"curies":[{"name":"wp","href":"https:\/\/api.w.org\/{rel}","templated":true}]}}