{"id":4417,"date":"2023-11-13T12:52:12","date_gmt":"2023-11-13T12:52:12","guid":{"rendered":"https:\/\/uoogear.com\/product\/large-canvas-tents-inflatable-air-tourist-tent-from-cabin-camping-outdoor-waterproof-for-hiking-and-travelling\/"},"modified":"2023-11-30T02:31:46","modified_gmt":"2023-11-30T02:31:46","slug":"large-canvas-tents-inflatable-air-tourist-tent-from-cabin-camping-outdoor-waterproof-for-hiking-and-travelling","status":"publish","type":"product","link":"https:\/\/uoogear.com\/es\/producto\/large-canvas-tents-inflatable-air-tourist-tent-from-cabin-camping-outdoor-waterproof-for-hiking-and-travelling\/","title":{"rendered":"Tiendas de campa\u00f1a de lona grandes, tienda tur\u00edstica inflable de aire desde cabina para acampar al aire libre, impermeable para senderismo y viajes"},"content":{"rendered":"<ul>\n<li><strong>Tela : <\/strong> Oxford<\/li>\n<li><strong>\u00cdndice de impermeabilidad de la tienda exterior: <\/strong> 2000-3000 mil\u00edmetros<\/li>\n<li><strong>\u00cdndice de impermeabilidad inferior: <\/strong> 1500-2000 mil\u00edmetros<\/li>\n<li><strong>Tipo de construcci\u00f3n : <\/strong> Apertura autom\u00e1tica r\u00e1pida<\/li>\n<li><strong>Estilo de tienda: <\/strong> Clavo esmerilado tipo Trigone\/V<\/li>\n<li><strong>Estaci\u00f3n : <\/strong> Tienda de campa\u00f1a de cuatro estaciones, Tienda de campa\u00f1a de tres estaciones<\/li>\n<li><strong>Estructura : <\/strong> Una habitaci\u00f3n<\/li>\n<li><strong>Nombre del producto : <\/strong> Tienda de campa\u00f1a al aire libre<\/li>\n<li><strong>Color : <\/strong> Caqui<\/li>\n<li><strong>Uso: <\/strong> Acampar Senderismo Viajar<\/li>\n<li><strong>Tama\u00f1o : <\/strong> 300*200*200cm<\/li>\n<li><strong>Peso : <\/strong> 16 kilos<\/li>\n<li><strong>Piso : <\/strong> Oxford<\/li>\n<li><strong>Capacidad : <\/strong> 3-4 personas<\/li>\n<li><strong>El tiempo de entrega : <\/strong> 20 d\u00edas<\/li>\n<li><strong>Embalaje: <\/strong> 1 unidad\/bolsa de polietileno<\/li>\n<\/ul>\n<div>\n<div data-section=\"AliPostDhMb-uunfl\" data-section-title=\"Product Description\">\n<div>Descripci\u00f3n del Producto<\/div>\n<div>\n<p>Tiendas de campa\u00f1a de lona grandes, tienda tur\u00edstica inflable de aire desde cabina para acampar al aire libre, impermeable para senderismo y viajes<\/p>\n<\/div>\n<\/div>\n<p><strong><em>\u00a1El color y el tama\u00f1o se pueden personalizar seg\u00fan sus necesidades!<\/em><\/strong><\/p>\n<div><\/div>\n<div>Foto detallada<\/div>\n<div><\/div>\n<p><img decoding=\"async\" src=\"\/\/sc04.alicdn.com\/kf\/H63608db4db8a455a842461b944da215bA\/274217001\/H63608db4db8a455a842461b944da215bA.jpg\" alt=\"Tiendas de campa\u00f1a de lona grandes, tienda tur\u00edstica inflable de aire desde cabina para acampar al aire libre, impermeable para senderismo y viajes\" width=\"750\" height=\"504.37500000000006\" data-src=\"\/\/sc04.alicdn.com\/kf\/H63608db4db8a455a842461b944da215bA\/274217001\/H63608db4db8a455a842461b944da215bA.jpg\" data-alt=\"Large Canvas Tents Inflatable Air Tourist Tent From Cabin Camping Outdoor Waterproof For Hiking and Travelling\" \/><\/p>\n<p><img loading=\"lazy\" decoding=\"async\" src=\"\/\/sc04.alicdn.com\/kf\/H4d99fe1bb1d34ee19370ebd12d8cf8fda\/274217001\/H4d99fe1bb1d34ee19370ebd12d8cf8fda.jpeg\" alt=\"Tiendas de campa\u00f1a de lona grandes, tienda tur\u00edstica inflable de aire desde cabina para acampar al aire libre, impermeable para senderismo y viajes\" width=\"750\" height=\"750\" data-src=\"\/\/sc04.alicdn.com\/kf\/H4d99fe1bb1d34ee19370ebd12d8cf8fda\/274217001\/H4d99fe1bb1d34ee19370ebd12d8cf8fda.jpeg\" data-alt=\"Large Canvas Tents Inflatable Air Tourist Tent From Cabin Camping Outdoor Waterproof For Hiking and Travelling\" \/><img loading=\"lazy\" decoding=\"async\" src=\"\/\/sc04.alicdn.com\/kf\/H08767252a32b463ca2e68a5c7cdd225bI\/274217001\/H08767252a32b463ca2e68a5c7cdd225bI.jpeg\" alt=\"Tiendas de campa\u00f1a de lona grandes, tienda tur\u00edstica inflable de aire desde cabina para acampar al aire libre, impermeable para senderismo y viajes\" width=\"750\" height=\"750\" data-src=\"\/\/sc04.alicdn.com\/kf\/H08767252a32b463ca2e68a5c7cdd225bI\/274217001\/H08767252a32b463ca2e68a5c7cdd225bI.jpeg\" data-alt=\"Large Canvas Tents Inflatable Air Tourist Tent From Cabin Camping Outdoor Waterproof For Hiking and Travelling\" \/><img loading=\"lazy\" decoding=\"async\" src=\"\/\/sc04.alicdn.com\/kf\/Hfcc1c9d63b874da59c734e4556a927786\/274217001\/Hfcc1c9d63b874da59c734e4556a927786.jpeg\" alt=\"Tiendas de campa\u00f1a de lona grandes, tienda tur\u00edstica inflable de aire desde cabina para acampar al aire libre, impermeable para senderismo y viajes\" width=\"750\" height=\"750\" data-src=\"\/\/sc04.alicdn.com\/kf\/Hfcc1c9d63b874da59c734e4556a927786\/274217001\/Hfcc1c9d63b874da59c734e4556a927786.jpeg\" data-alt=\"Large Canvas Tents Inflatable Air Tourist Tent From Cabin Camping Outdoor Waterproof For Hiking and Travelling\" \/><img loading=\"lazy\" decoding=\"async\" src=\"\/\/sc04.alicdn.com\/kf\/Hfd119202cccb4d208dbed1da0e78e69a5\/274217001\/Hfd119202cccb4d208dbed1da0e78e69a5.jpeg\" alt=\"Tiendas de campa\u00f1a de lona grandes, tienda tur\u00edstica inflable de aire desde cabina para acampar al aire libre, impermeable para senderismo y viajes\" width=\"750\" height=\"750\" data-src=\"\/\/sc04.alicdn.com\/kf\/Hfd119202cccb4d208dbed1da0e78e69a5\/274217001\/Hfd119202cccb4d208dbed1da0e78e69a5.jpeg\" data-alt=\"Large Canvas Tents Inflatable Air Tourist Tent From Cabin Camping Outdoor Waterproof For Hiking and Travelling\" \/><img loading=\"lazy\" decoding=\"async\" src=\"\/\/sc04.alicdn.com\/kf\/Hdc0cffe4d8df4611989bcbec79772a13t\/274217001\/Hdc0cffe4d8df4611989bcbec79772a13t.jpeg\" alt=\"Tiendas de campa\u00f1a de lona grandes, tienda tur\u00edstica inflable de aire desde cabina para acampar al aire libre, impermeable para senderismo y viajes\" width=\"750\" height=\"750\" data-src=\"\/\/sc04.alicdn.com\/kf\/Hdc0cffe4d8df4611989bcbec79772a13t\/274217001\/Hdc0cffe4d8df4611989bcbec79772a13t.jpeg\" data-alt=\"Large Canvas Tents Inflatable Air Tourist Tent From Cabin Camping Outdoor Waterproof For Hiking and Travelling\" \/><img loading=\"lazy\" decoding=\"async\" src=\"\/\/sc04.alicdn.com\/kf\/H65397663cdcb40358f8a144753638848O\/274217001\/H65397663cdcb40358f8a144753638848O.jpeg\" alt=\"Tiendas de campa\u00f1a de lona grandes, tienda tur\u00edstica inflable de aire desde cabina para acampar al aire libre, impermeable para senderismo y viajes\" width=\"750\" height=\"750\" data-src=\"\/\/sc04.alicdn.com\/kf\/H65397663cdcb40358f8a144753638848O\/274217001\/H65397663cdcb40358f8a144753638848O.jpeg\" data-alt=\"Large Canvas Tents Inflatable Air Tourist Tent From Cabin Camping Outdoor Waterproof For Hiking and Travelling\" \/><\/p>\n<p>&nbsp;<\/p>\n<div data-section=\"AliPostDhMb-gmyk2\" data-section-title=\"FAQ\">\n<div><\/div>\n<\/div>\n<\/div>","protected":false},"excerpt":{"rendered":"<p>Tela: Oxford \u00cdndice de impermeabilidad de la tienda exterior: 2000-3000 mm \u00cdndice de impermeabilidad inferior: 1500-2000 mm Tipo de construcci\u00f3n: Apertura autom\u00e1tica r\u00e1pida Estilo de la tienda: Trigone\/clavo de tierra tipo V Temporada: Tienda de cuatro estaciones, Tienda de tres estaciones Estructura: Una Dormitorio Nombre del producto: Tienda de campa\u00f1a al aire libre Color: Caqui Uso: Camping Senderismo Viaje Tama\u00f1o: 300*200*200cm<\/p>\n<div class=\"read-more\"><a class=\"btn btn-fill-out\" href=\"https:\/\/uoogear.com\/es\/producto\/large-canvas-tents-inflatable-air-tourist-tent-from-cabin-camping-outdoor-waterproof-for-hiking-and-travelling\/\">Leer m\u00e1s<\/a><\/div>","protected":false},"featured_media":4416,"template":"","meta":[],"product_brand":[],"product_cat":[15],"product_tag":[],"class_list":{"0":"post-4417","1":"product","2":"type-product","3":"status-publish","4":"has-post-thumbnail","6":"product_cat-uncategorized","7":"tm-no-options","9":"first","10":"instock","11":"shipping-taxable","12":"purchasable","13":"product-type-variable"},"_links":{"self":[{"href":"https:\/\/uoogear.com\/es\/wp-json\/wp\/v2\/product\/4417","targetHints":{"allow":["GET"]}}],"collection":[{"href":"https:\/\/uoogear.com\/es\/wp-json\/wp\/v2\/product"}],"about":[{"href":"https:\/\/uoogear.com\/es\/wp-json\/wp\/v2\/types\/product"}],"wp:featuredmedia":[{"embeddable":true,"href":"https:\/\/uoogear.com\/es\/wp-json\/wp\/v2\/media\/4416"}],"wp:attachment":[{"href":"https:\/\/uoogear.com\/es\/wp-json\/wp\/v2\/media?parent=4417"}],"wp:term":[{"taxonomy":"product_brand","embeddable":true,"href":"https:\/\/uoogear.com\/es\/wp-json\/wp\/v2\/product_brand?post=4417"},{"taxonomy":"product_cat","embeddable":true,"href":"https:\/\/uoogear.com\/es\/wp-json\/wp\/v2\/product_cat?post=4417"},{"taxonomy":"product_tag","embeddable":true,"href":"https:\/\/uoogear.com\/es\/wp-json\/wp\/v2\/product_tag?post=4417"}],"curies":[{"name":"wp","href":"https:\/\/api.w.org\/{rel}","templated":true}]}}