{"id":4425,"date":"2023-11-13T12:53:29","date_gmt":"2023-11-13T12:53:29","guid":{"rendered":"https:\/\/uoogear.com\/product\/customized-waterproof-camping-accessories-tents-camping-outdoor-glamping-tent-outdoor-glamping-inflatable-tent\/"},"modified":"2023-11-30T02:28:33","modified_gmt":"2023-11-30T02:28:33","slug":"customized-waterproof-camping-accessories-tents-camping-outdoor-glamping-tent-outdoor-glamping-inflatable-tent","status":"publish","type":"product","link":"https:\/\/uoogear.com\/es\/producto\/customized-waterproof-camping-accessories-tents-camping-outdoor-glamping-tent-outdoor-glamping-inflatable-tent\/","title":{"rendered":"Accesorios de camping impermeables personalizados, tiendas de campa\u00f1a para acampar al aire libre, tienda glamping para exteriores, tienda inflable glamping"},"content":{"rendered":"<ul>\n<li><strong>Tela : <\/strong> Poli\u00e9ster<\/li>\n<li><strong>\u00cdndice de impermeabilidad de la tienda exterior: <\/strong> &gt;3000 mil\u00edmetros<\/li>\n<li><strong>\u00cdndice de impermeabilidad inferior: <\/strong> &gt;3000 mil\u00edmetros<\/li>\n<li><strong>Tipo de construcci\u00f3n : <\/strong> Apertura autom\u00e1tica r\u00e1pida<\/li>\n<li><strong>Estilo de tienda: <\/strong> Estaca para tienda de campa\u00f1a tipo tubo, tipo extendido<\/li>\n<li><strong>Estaci\u00f3n : <\/strong> Tienda de campa\u00f1a de cuatro estaciones<\/li>\n<li><strong>Estructura : <\/strong> Una habitaci\u00f3n<\/li>\n<li><strong>Nombre del producto : <\/strong> Tienda inflable para acampar al aire libre<\/li>\n<li><strong>Color : <\/strong> Blanco<\/li>\n<li><strong>Uso: <\/strong> Acampar Senderismo Viajar<\/li>\n<li><strong>Tama\u00f1o : <\/strong> 210*210*170cm<\/li>\n<li><strong>Peso : <\/strong> 12kg<\/li>\n<li><strong>Tama\u00f1o del paquete : <\/strong> 67*30*26cm<\/li>\n<li><strong>Piso : <\/strong> Oxford 200D<\/li>\n<li><strong>Capacidad : <\/strong> 3-4 personas<\/li>\n<li><strong>El tiempo de entrega : <\/strong> 20 d\u00edas<\/li>\n<\/ul>\n<div>\n<div data-section=\"AliPostDhMb-k8t1e\" data-section-title=\"Product Description\">\n<div>\n<p>Foto detallada<\/p>\n<p>&nbsp;<\/p>\n<p><img loading=\"lazy\" decoding=\"async\" class=\"alignnone size-full wp-image-5140\" src=\"https:\/\/uoogear.com\/wp-content\/uploads\/2023\/11\/H63608db4db8a455a842461b944da215bA-8.jpg\" width=\"800\" height=\"538\" alt=\"Accesorios de camping impermeables personalizados, tiendas de campa\u00f1a para acampar al aire libre, tienda glamping para exteriores, tienda inflable glamping\" srcset=\"https:\/\/uoogear.com\/wp-content\/uploads\/2023\/11\/H63608db4db8a455a842461b944da215bA-8.jpg 800w, https:\/\/uoogear.com\/wp-content\/uploads\/2023\/11\/H63608db4db8a455a842461b944da215bA-8-300x202.jpg 300w, https:\/\/uoogear.com\/wp-content\/uploads\/2023\/11\/H63608db4db8a455a842461b944da215bA-8-768x516.jpg 768w, https:\/\/uoogear.com\/wp-content\/uploads\/2023\/11\/H63608db4db8a455a842461b944da215bA-8-600x404.jpg 600w, https:\/\/uoogear.com\/wp-content\/uploads\/2023\/11\/H63608db4db8a455a842461b944da215bA-8-80x54.jpg 80w\" sizes=\"auto, (max-width: 800px) 100vw, 800px\" \/><img loading=\"lazy\" decoding=\"async\" src=\"\/\/sc04.alicdn.com\/kf\/H5cea2c7426ac4dd995ca705cbfb55bc2g\/274217001\/H5cea2c7426ac4dd995ca705cbfb55bc2g.jpg\" alt=\"Accesorios de camping impermeables personalizados, tiendas de campa\u00f1a para acampar al aire libre, tienda glamping para exteriores, tienda inflable glamping\" width=\"750\" height=\"750\" data-src=\"\/\/sc04.alicdn.com\/kf\/H5cea2c7426ac4dd995ca705cbfb55bc2g\/274217001\/H5cea2c7426ac4dd995ca705cbfb55bc2g.jpg\" data-alt=\"Customized waterproof camping accessories tents camping outdoor glamping tent outdoor glamping Inflatable tent\" \/><img loading=\"lazy\" decoding=\"async\" src=\"\/\/sc04.alicdn.com\/kf\/Hbb3afb90eb0049f28a07a8e89fac5bf7J\/274217001\/Hbb3afb90eb0049f28a07a8e89fac5bf7J.jpg\" alt=\"Accesorios de camping impermeables personalizados, tiendas de campa\u00f1a para acampar al aire libre, tienda glamping para exteriores, tienda inflable glamping\" width=\"750\" height=\"750\" data-src=\"\/\/sc04.alicdn.com\/kf\/Hbb3afb90eb0049f28a07a8e89fac5bf7J\/274217001\/Hbb3afb90eb0049f28a07a8e89fac5bf7J.jpg\" data-alt=\"Customized waterproof camping accessories tents camping outdoor glamping tent outdoor glamping Inflatable tent\" \/><img loading=\"lazy\" decoding=\"async\" src=\"\/\/sc04.alicdn.com\/kf\/H089e635b38ee41a9b58cd381cfe6d302b\/274217001\/H089e635b38ee41a9b58cd381cfe6d302b.jpg\" alt=\"Accesorios de camping impermeables personalizados, tiendas de campa\u00f1a para acampar al aire libre, tienda glamping para exteriores, tienda inflable glamping\" width=\"750\" height=\"750\" data-src=\"\/\/sc04.alicdn.com\/kf\/H089e635b38ee41a9b58cd381cfe6d302b\/274217001\/H089e635b38ee41a9b58cd381cfe6d302b.jpg\" data-alt=\"Customized waterproof camping accessories tents camping outdoor glamping tent outdoor glamping Inflatable tent\" \/><img loading=\"lazy\" decoding=\"async\" src=\"\/\/sc04.alicdn.com\/kf\/Ha94c4400b73b4596978f065573cb87cee\/274217001\/Ha94c4400b73b4596978f065573cb87cee.jpg\" alt=\"Accesorios de camping impermeables personalizados, tiendas de campa\u00f1a para acampar al aire libre, tienda glamping para exteriores, tienda inflable glamping\" width=\"750\" height=\"750\" data-src=\"\/\/sc04.alicdn.com\/kf\/Ha94c4400b73b4596978f065573cb87cee\/274217001\/Ha94c4400b73b4596978f065573cb87cee.jpg\" data-alt=\"Customized waterproof camping accessories tents camping outdoor glamping tent outdoor glamping Inflatable tent\" \/><img loading=\"lazy\" decoding=\"async\" src=\"\/\/sc04.alicdn.com\/kf\/Hded5cbfed989488a8de5e4d80cf48e097\/274217001\/Hded5cbfed989488a8de5e4d80cf48e097.jpg\" alt=\"Accesorios de camping impermeables personalizados, tiendas de campa\u00f1a para acampar al aire libre, tienda glamping para exteriores, tienda inflable glamping\" width=\"750\" height=\"750\" data-src=\"\/\/sc04.alicdn.com\/kf\/Hded5cbfed989488a8de5e4d80cf48e097\/274217001\/Hded5cbfed989488a8de5e4d80cf48e097.jpg\" data-alt=\"Customized waterproof camping accessories tents camping outdoor glamping tent outdoor glamping Inflatable tent\" \/><img loading=\"lazy\" decoding=\"async\" src=\"\/\/sc04.alicdn.com\/kf\/Haf76e7a49e694dbf8c276fb59456b6b08\/274217001\/Haf76e7a49e694dbf8c276fb59456b6b08.jpg\" alt=\"Accesorios de camping impermeables personalizados, tiendas de campa\u00f1a para acampar al aire libre, tienda glamping para exteriores, tienda inflable glamping\" width=\"750\" height=\"750\" data-src=\"\/\/sc04.alicdn.com\/kf\/Haf76e7a49e694dbf8c276fb59456b6b08\/274217001\/Haf76e7a49e694dbf8c276fb59456b6b08.jpg\" data-alt=\"Customized waterproof camping accessories tents camping outdoor glamping tent outdoor glamping Inflatable tent\" \/><\/p>\n<\/div>\n<\/div>\n<div data-section=\"AliPostDhMb-h1rt6\" data-section-title=\"FAQ\">\n<div><\/div>\n<\/div>\n<\/div>","protected":false},"excerpt":{"rendered":"<p>Tela: Poli\u00e9ster Carpa exterior \u00cdndice de impermeabilidad: &gt;3000 mm \u00cdndice de impermeabilidad inferior: &gt;3000 mm Tipo de construcci\u00f3n: Apertura autom\u00e1tica r\u00e1pida Estilo de carpa: Tipo extendido, tipo tubo Estaca de carpa Temporada: Cuatro estaciones Estructura de carpa: Un dormitorio Nombre del producto: Inflable para acampar al aire libre Color de la tienda: Blanco Uso: Camping Senderismo Tama\u00f1o de viaje<\/p>\n<div class=\"read-more\"><a class=\"btn btn-fill-out\" href=\"https:\/\/uoogear.com\/es\/producto\/customized-waterproof-camping-accessories-tents-camping-outdoor-glamping-tent-outdoor-glamping-inflatable-tent\/\">Leer m\u00e1s<\/a><\/div>","protected":false},"featured_media":4424,"template":"","meta":[],"product_brand":[],"product_cat":[15],"product_tag":[],"class_list":{"0":"post-4425","1":"product","2":"type-product","3":"status-publish","4":"has-post-thumbnail","6":"product_cat-uncategorized","7":"tm-no-options","9":"first","10":"instock","11":"shipping-taxable","12":"purchasable","13":"product-type-variable"},"_links":{"self":[{"href":"https:\/\/uoogear.com\/es\/wp-json\/wp\/v2\/product\/4425","targetHints":{"allow":["GET"]}}],"collection":[{"href":"https:\/\/uoogear.com\/es\/wp-json\/wp\/v2\/product"}],"about":[{"href":"https:\/\/uoogear.com\/es\/wp-json\/wp\/v2\/types\/product"}],"wp:featuredmedia":[{"embeddable":true,"href":"https:\/\/uoogear.com\/es\/wp-json\/wp\/v2\/media\/4424"}],"wp:attachment":[{"href":"https:\/\/uoogear.com\/es\/wp-json\/wp\/v2\/media?parent=4425"}],"wp:term":[{"taxonomy":"product_brand","embeddable":true,"href":"https:\/\/uoogear.com\/es\/wp-json\/wp\/v2\/product_brand?post=4425"},{"taxonomy":"product_cat","embeddable":true,"href":"https:\/\/uoogear.com\/es\/wp-json\/wp\/v2\/product_cat?post=4425"},{"taxonomy":"product_tag","embeddable":true,"href":"https:\/\/uoogear.com\/es\/wp-json\/wp\/v2\/product_tag?post=4425"}],"curies":[{"name":"wp","href":"https:\/\/api.w.org\/{rel}","templated":true}]}}