{"id":4433,"date":"2023-11-13T12:54:47","date_gmt":"2023-11-13T12:54:47","guid":{"rendered":"https:\/\/uoogear.com\/product\/advanced-waterproof-camping-accessories-outdoor-waterproof-glamping-tent-luxury-tents-camping-outdoor-inflatable-tent\/"},"modified":"2023-11-30T02:17:50","modified_gmt":"2023-11-30T02:17:50","slug":"advanced-waterproof-camping-accessories-outdoor-waterproof-glamping-tent-luxury-tents-camping-outdoor-inflatable-tent","status":"publish","type":"product","link":"https:\/\/uoogear.com\/es\/producto\/advanced-waterproof-camping-accessories-outdoor-waterproof-glamping-tent-luxury-tents-camping-outdoor-inflatable-tent\/","title":{"rendered":"Accesorios avanzados impermeables para acampar, tienda glamping impermeable para exteriores, tiendas de campa\u00f1a de lujo para acampar al aire libre, tienda inflable"},"content":{"rendered":"<ul>\n<li><strong>Tela : <\/strong> Algod\u00f3n<\/li>\n<li><strong>\u00cdndice de impermeabilidad de la tienda exterior: <\/strong> &gt;3000 mil\u00edmetros<\/li>\n<li><strong>\u00cdndice de impermeabilidad inferior: <\/strong> &gt;3000 mil\u00edmetros<\/li>\n<li><strong>Estilo de tienda: <\/strong> Estaca para tienda de campa\u00f1a tipo tubo, tipo extendido<\/li>\n<li><strong>Estaci\u00f3n : <\/strong> Tienda de campa\u00f1a de cuatro estaciones<\/li>\n<li><strong>Estructura : <\/strong> Una habitaci\u00f3n<\/li>\n<li><strong>Nombre del producto : <\/strong> Tienda inflable para acampar al aire libre<\/li>\n<li><strong>Color : <\/strong> Blanco<\/li>\n<li><strong>Uso: <\/strong> Acampar Senderismo Viajar<\/li>\n<li><strong>Tama\u00f1o : <\/strong> 360*360*220cm<\/li>\n<li><strong>Tama\u00f1o de embalaje : <\/strong> 95*55*65cm<\/li>\n<li><strong>Peso : <\/strong> 35,7 kilos<\/li>\n<li><strong>Piso : <\/strong> EDUCACI\u00d3N F\u00cdSICA<\/li>\n<li><strong>Capacidad : <\/strong> 6-8 personas<\/li>\n<li><strong>El tiempo de entrega : <\/strong> 20 d\u00edas<\/li>\n<\/ul>\n<div>\n<div data-section=\"AliPostDhMb-k8t1e\" data-section-title=\"Product Description\">\n<div>Descripci\u00f3n del Producto<\/div>\n<div>\n<p>Accesorios avanzados impermeables para acampar, tienda glamping impermeable para exteriores, tiendas de campa\u00f1a de lujo para acampar al aire libre, tienda inflable<\/p>\n<p>Foto detallada<\/p>\n<p>&nbsp;<\/p>\n<p><img loading=\"lazy\" decoding=\"async\" class=\"alignnone size-full wp-image-5132\" src=\"https:\/\/uoogear.com\/wp-content\/uploads\/2023\/11\/H63608db4db8a455a842461b944da215bA.jpg\" alt=\"Accesorios avanzados impermeables para acampar, tienda glamping impermeable para exteriores, tiendas de campa\u00f1a de lujo para acampar al aire libre, tienda inflable\" width=\"800\" height=\"538\" srcset=\"https:\/\/uoogear.com\/wp-content\/uploads\/2023\/11\/H63608db4db8a455a842461b944da215bA.jpg 800w, https:\/\/uoogear.com\/wp-content\/uploads\/2023\/11\/H63608db4db8a455a842461b944da215bA-300x202.jpg 300w, https:\/\/uoogear.com\/wp-content\/uploads\/2023\/11\/H63608db4db8a455a842461b944da215bA-768x516.jpg 768w, https:\/\/uoogear.com\/wp-content\/uploads\/2023\/11\/H63608db4db8a455a842461b944da215bA-600x404.jpg 600w, https:\/\/uoogear.com\/wp-content\/uploads\/2023\/11\/H63608db4db8a455a842461b944da215bA-80x54.jpg 80w\" sizes=\"auto, (max-width: 800px) 100vw, 800px\" \/><img loading=\"lazy\" decoding=\"async\" src=\"\/\/sc04.alicdn.com\/kf\/Hcced147895924c0fa738647a2327a15bV\/274217001\/Hcced147895924c0fa738647a2327a15bV.jpg\" alt=\"Accesorios avanzados impermeables para acampar, tienda glamping impermeable para exteriores, tiendas de campa\u00f1a de lujo para acampar al aire libre, tienda inflable\" width=\"750\" height=\"750\" data-src=\"\/\/sc04.alicdn.com\/kf\/Hcced147895924c0fa738647a2327a15bV\/274217001\/Hcced147895924c0fa738647a2327a15bV.jpg\" data-alt=\"Advanced waterproof camping accessories outdoor waterproof glamping tent luxury tents camping outdoor Inflatable tent\" \/><img loading=\"lazy\" decoding=\"async\" src=\"\/\/sc04.alicdn.com\/kf\/H6a9e84c5b6d14782b30a48eba680d72dj\/274217001\/H6a9e84c5b6d14782b30a48eba680d72dj.jpg\" alt=\"Accesorios avanzados impermeables para acampar, tienda glamping impermeable para exteriores, tiendas de campa\u00f1a de lujo para acampar al aire libre, tienda inflable\" width=\"750\" height=\"750\" data-src=\"\/\/sc04.alicdn.com\/kf\/H6a9e84c5b6d14782b30a48eba680d72dj\/274217001\/H6a9e84c5b6d14782b30a48eba680d72dj.jpg\" data-alt=\"Advanced waterproof camping accessories outdoor waterproof glamping tent luxury tents camping outdoor Inflatable tent\" \/><img loading=\"lazy\" decoding=\"async\" src=\"\/\/sc04.alicdn.com\/kf\/H895e44de1f4c49668d37f1069186dc60I\/274217001\/H895e44de1f4c49668d37f1069186dc60I.jpg\" alt=\"Accesorios avanzados impermeables para acampar, tienda glamping impermeable para exteriores, tiendas de campa\u00f1a de lujo para acampar al aire libre, tienda inflable\" width=\"750\" height=\"750\" data-src=\"\/\/sc04.alicdn.com\/kf\/H895e44de1f4c49668d37f1069186dc60I\/274217001\/H895e44de1f4c49668d37f1069186dc60I.jpg\" data-alt=\"Advanced waterproof camping accessories outdoor waterproof glamping tent luxury tents camping outdoor Inflatable tent\" \/><img loading=\"lazy\" decoding=\"async\" src=\"\/\/sc04.alicdn.com\/kf\/Heede9f4a89564b14b5bafafe094d8f56o\/274217001\/Heede9f4a89564b14b5bafafe094d8f56o.jpg\" alt=\"Accesorios avanzados impermeables para acampar, tienda glamping impermeable para exteriores, tiendas de campa\u00f1a de lujo para acampar al aire libre, tienda inflable\" width=\"750\" height=\"750\" data-src=\"\/\/sc04.alicdn.com\/kf\/Heede9f4a89564b14b5bafafe094d8f56o\/274217001\/Heede9f4a89564b14b5bafafe094d8f56o.jpg\" data-alt=\"Advanced waterproof camping accessories outdoor waterproof glamping tent luxury tents camping outdoor Inflatable tent\" \/><img loading=\"lazy\" decoding=\"async\" src=\"\/\/sc04.alicdn.com\/kf\/H05c734515955471ca76b4671b4b39f40d\/274217001\/H05c734515955471ca76b4671b4b39f40d.jpg\" alt=\"Accesorios avanzados impermeables para acampar, tienda glamping impermeable para exteriores, tiendas de campa\u00f1a de lujo para acampar al aire libre, tienda inflable\" width=\"750\" height=\"750\" data-src=\"\/\/sc04.alicdn.com\/kf\/H05c734515955471ca76b4671b4b39f40d\/274217001\/H05c734515955471ca76b4671b4b39f40d.jpg\" data-alt=\"Advanced waterproof camping accessories outdoor waterproof glamping tent luxury tents camping outdoor Inflatable tent\" \/><img loading=\"lazy\" decoding=\"async\" src=\"\/\/sc04.alicdn.com\/kf\/H3b795ce144d44edbaaa8e79665baa3faI\/274217001\/H3b795ce144d44edbaaa8e79665baa3faI.jpg\" alt=\"Accesorios avanzados impermeables para acampar, tienda glamping impermeable para exteriores, tiendas de campa\u00f1a de lujo para acampar al aire libre, tienda inflable\" width=\"750\" height=\"750\" data-src=\"\/\/sc04.alicdn.com\/kf\/H3b795ce144d44edbaaa8e79665baa3faI\/274217001\/H3b795ce144d44edbaaa8e79665baa3faI.jpg\" data-alt=\"Advanced waterproof camping accessories outdoor waterproof glamping tent luxury tents camping outdoor Inflatable tent\" \/><img loading=\"lazy\" decoding=\"async\" src=\"\/\/sc04.alicdn.com\/kf\/H8f2023628faa4fa1a54c9063d8ac1fd7Y\/274217001\/H8f2023628faa4fa1a54c9063d8ac1fd7Y.jpg\" alt=\"Accesorios avanzados impermeables para acampar, tienda glamping impermeable para exteriores, tiendas de campa\u00f1a de lujo para acampar al aire libre, tienda inflable\" width=\"750\" height=\"750\" data-src=\"\/\/sc04.alicdn.com\/kf\/H8f2023628faa4fa1a54c9063d8ac1fd7Y\/274217001\/H8f2023628faa4fa1a54c9063d8ac1fd7Y.jpg\" data-alt=\"Advanced waterproof camping accessories outdoor waterproof glamping tent luxury tents camping outdoor Inflatable tent\" \/><\/p>\n<\/div>\n<\/div>\n<div data-section=\"AliPostDhMb-h1rt6\" data-section-title=\"FAQ\">\n<div><\/div>\n<\/div>\n<\/div>","protected":false},"excerpt":{"rendered":"<p>Tela: Algod\u00f3n \u00cdndice de impermeabilidad de la carpa exterior: &gt;3000 mm \u00cdndice de impermeabilidad inferior: &gt;3000 mm Estilo de la carpa: tipo extendido, estaca para carpa tipo tubo Temporada: estructura de carpa para cuatro estaciones: un dormitorio Nombre del producto: carpa inflable para acampar al aire libre Color: blanco Uso: Acampar Senderismo Viajar Tama\u00f1o: 360*360*220 cm Tama\u00f1o del embalaje: 95*55*65 cm<\/p>\n<div class=\"read-more\"><a class=\"btn btn-fill-out\" href=\"https:\/\/uoogear.com\/es\/producto\/advanced-waterproof-camping-accessories-outdoor-waterproof-glamping-tent-luxury-tents-camping-outdoor-inflatable-tent\/\">Leer m\u00e1s<\/a><\/div>","protected":false},"featured_media":4432,"template":"","meta":[],"product_brand":[],"product_cat":[15],"product_tag":[],"class_list":{"0":"post-4433","1":"product","2":"type-product","3":"status-publish","4":"has-post-thumbnail","6":"product_cat-uncategorized","7":"tm-no-options","9":"first","10":"instock","11":"shipping-taxable","12":"purchasable","13":"product-type-variable"},"_links":{"self":[{"href":"https:\/\/uoogear.com\/es\/wp-json\/wp\/v2\/product\/4433","targetHints":{"allow":["GET"]}}],"collection":[{"href":"https:\/\/uoogear.com\/es\/wp-json\/wp\/v2\/product"}],"about":[{"href":"https:\/\/uoogear.com\/es\/wp-json\/wp\/v2\/types\/product"}],"wp:featuredmedia":[{"embeddable":true,"href":"https:\/\/uoogear.com\/es\/wp-json\/wp\/v2\/media\/4432"}],"wp:attachment":[{"href":"https:\/\/uoogear.com\/es\/wp-json\/wp\/v2\/media?parent=4433"}],"wp:term":[{"taxonomy":"product_brand","embeddable":true,"href":"https:\/\/uoogear.com\/es\/wp-json\/wp\/v2\/product_brand?post=4433"},{"taxonomy":"product_cat","embeddable":true,"href":"https:\/\/uoogear.com\/es\/wp-json\/wp\/v2\/product_cat?post=4433"},{"taxonomy":"product_tag","embeddable":true,"href":"https:\/\/uoogear.com\/es\/wp-json\/wp\/v2\/product_tag?post=4433"}],"curies":[{"name":"wp","href":"https:\/\/api.w.org\/{rel}","templated":true}]}}