{"id":4455,"date":"2023-11-13T12:57:35","date_gmt":"2023-11-13T12:57:35","guid":{"rendered":"https:\/\/uoogear.com\/product\/advanced-big-inflatable-camping-equipment-outdoor-waterproof-camping-glamping-tent-outdoor-glamping-inflatable-tent\/"},"modified":"2023-11-30T02:21:48","modified_gmt":"2023-11-30T02:21:48","slug":"advanced-big-inflatable-camping-equipment-outdoor-waterproof-camping-glamping-tent-outdoor-glamping-inflatable-tent","status":"publish","type":"product","link":"https:\/\/uoogear.com\/es\/producto\/advanced-big-inflatable-camping-equipment-outdoor-waterproof-camping-glamping-tent-outdoor-glamping-inflatable-tent\/","title":{"rendered":"Equipo de camping inflable grande avanzado, tienda de campa\u00f1a impermeable para exteriores, tienda de campa\u00f1a glamping para exteriores"},"content":{"rendered":"<ul>\n<li><strong>Tela : <\/strong> Algod\u00f3n<\/li>\n<li><strong>\u00cdndice de impermeabilidad de la tienda exterior: <\/strong> 2000-3000 mil\u00edmetros, &gt;3000 mil\u00edmetros<\/li>\n<li><strong>\u00cdndice de impermeabilidad inferior: <\/strong> &gt;3000 mil\u00edmetros<\/li>\n<li><strong>Estilo de tienda: <\/strong> Estaca para tienda de campa\u00f1a tipo tubo, tipo extendido<\/li>\n<li><strong>Estaci\u00f3n : <\/strong> Tienda de campa\u00f1a de cuatro estaciones<\/li>\n<li><strong>Estructura : <\/strong> Una habitaci\u00f3n<\/li>\n<li><strong>Nombre del producto : <\/strong> Tienda inflable para acampar al aire libre<\/li>\n<li><strong>Color : <\/strong> Blanco<\/li>\n<li><strong>Uso: <\/strong> Acampar Senderismo Viajar<\/li>\n<li><strong>Tama\u00f1o : <\/strong> 320*250*220cm<\/li>\n<li><strong>Tama\u00f1o de embalaje : <\/strong> 80*45*40cm<\/li>\n<li><strong>Peso : <\/strong> 30kg<\/li>\n<li><strong>Piso : <\/strong> 210 g de algod\u00f3n<\/li>\n<li><strong>Capacidad : <\/strong> 3-4 personas<\/li>\n<li><strong>El tiempo de entrega : <\/strong> 20 d\u00edas<\/li>\n<\/ul>\n<div>\n<div data-section=\"AliPostDhMb-k8t1e\" data-section-title=\"Product Description\">\n<div>\n<p>&nbsp;<\/p>\n<p>Foto detallada<\/p>\n<p>&nbsp;<\/p>\n<p><img loading=\"lazy\" decoding=\"async\" class=\"alignnone size-full wp-image-5137\" src=\"https:\/\/uoogear.com\/wp-content\/uploads\/2023\/11\/H63608db4db8a455a842461b944da215bA-5.jpg\" width=\"800\" height=\"538\" alt=\"Equipo de camping inflable grande avanzado, tienda de campa\u00f1a impermeable para exteriores, tienda de campa\u00f1a glamping para exteriores\" srcset=\"https:\/\/uoogear.com\/wp-content\/uploads\/2023\/11\/H63608db4db8a455a842461b944da215bA-5.jpg 800w, https:\/\/uoogear.com\/wp-content\/uploads\/2023\/11\/H63608db4db8a455a842461b944da215bA-5-300x202.jpg 300w, https:\/\/uoogear.com\/wp-content\/uploads\/2023\/11\/H63608db4db8a455a842461b944da215bA-5-768x516.jpg 768w, https:\/\/uoogear.com\/wp-content\/uploads\/2023\/11\/H63608db4db8a455a842461b944da215bA-5-600x404.jpg 600w, https:\/\/uoogear.com\/wp-content\/uploads\/2023\/11\/H63608db4db8a455a842461b944da215bA-5-80x54.jpg 80w\" sizes=\"auto, (max-width: 800px) 100vw, 800px\" \/><img loading=\"lazy\" decoding=\"async\" src=\"\/\/sc04.alicdn.com\/kf\/H29833dcd1a46454db318414d9546f2c6O\/274217001\/H29833dcd1a46454db318414d9546f2c6O.jpg\" alt=\"Equipo de camping inflable grande avanzado, tienda de campa\u00f1a impermeable para exteriores, tienda de campa\u00f1a glamping para exteriores\" width=\"750\" height=\"750\" data-src=\"\/\/sc04.alicdn.com\/kf\/H29833dcd1a46454db318414d9546f2c6O\/274217001\/H29833dcd1a46454db318414d9546f2c6O.jpg\" data-alt=\"Advanced big inflatable camping equipment outdoor waterproof camping glamping tent outdoor glamping Inflatable tent\" \/><img loading=\"lazy\" decoding=\"async\" src=\"\/\/sc04.alicdn.com\/kf\/Hf3e95b5bdcc04ade92ce10549a1553dbl\/274217001\/Hf3e95b5bdcc04ade92ce10549a1553dbl.jpg\" alt=\"Equipo de camping inflable grande avanzado, tienda de campa\u00f1a impermeable para exteriores, tienda de campa\u00f1a glamping para exteriores\" width=\"750\" height=\"750\" data-src=\"\/\/sc04.alicdn.com\/kf\/Hf3e95b5bdcc04ade92ce10549a1553dbl\/274217001\/Hf3e95b5bdcc04ade92ce10549a1553dbl.jpg\" data-alt=\"Advanced big inflatable camping equipment outdoor waterproof camping glamping tent outdoor glamping Inflatable tent\" \/><img loading=\"lazy\" decoding=\"async\" src=\"\/\/sc04.alicdn.com\/kf\/H93e3cb144f784318925b6bd2d96f01675\/274217001\/H93e3cb144f784318925b6bd2d96f01675.jpg\" alt=\"Equipo de camping inflable grande avanzado, tienda de campa\u00f1a impermeable para exteriores, tienda de campa\u00f1a glamping para exteriores\" width=\"750\" height=\"750\" data-src=\"\/\/sc04.alicdn.com\/kf\/H93e3cb144f784318925b6bd2d96f01675\/274217001\/H93e3cb144f784318925b6bd2d96f01675.jpg\" data-alt=\"Advanced big inflatable camping equipment outdoor waterproof camping glamping tent outdoor glamping Inflatable tent\" \/><img loading=\"lazy\" decoding=\"async\" src=\"\/\/sc04.alicdn.com\/kf\/Hfd243fcd276047cfbd79db6400d93d813\/274217001\/Hfd243fcd276047cfbd79db6400d93d813.jpg\" alt=\"Equipo de camping inflable grande avanzado, tienda de campa\u00f1a impermeable para exteriores, tienda de campa\u00f1a glamping para exteriores\" width=\"750\" height=\"750\" data-src=\"\/\/sc04.alicdn.com\/kf\/Hfd243fcd276047cfbd79db6400d93d813\/274217001\/Hfd243fcd276047cfbd79db6400d93d813.jpg\" data-alt=\"Advanced big inflatable camping equipment outdoor waterproof camping glamping tent outdoor glamping Inflatable tent\" \/><img loading=\"lazy\" decoding=\"async\" src=\"\/\/sc04.alicdn.com\/kf\/H0990557c3f364ff584a750f915fbfbc3B\/274217001\/H0990557c3f364ff584a750f915fbfbc3B.jpg\" alt=\"Equipo de camping inflable grande avanzado, tienda de campa\u00f1a impermeable para exteriores, tienda de campa\u00f1a glamping para exteriores\" width=\"750\" height=\"750\" data-src=\"\/\/sc04.alicdn.com\/kf\/H0990557c3f364ff584a750f915fbfbc3B\/274217001\/H0990557c3f364ff584a750f915fbfbc3B.jpg\" data-alt=\"Advanced big inflatable camping equipment outdoor waterproof camping glamping tent outdoor glamping Inflatable tent\" \/><img loading=\"lazy\" decoding=\"async\" src=\"\/\/sc04.alicdn.com\/kf\/H144601bd93d0427ebcfc685adb798e5e4\/274217001\/H144601bd93d0427ebcfc685adb798e5e4.jpg\" alt=\"Equipo de camping inflable grande avanzado, tienda de campa\u00f1a impermeable para exteriores, tienda de campa\u00f1a glamping para exteriores\" width=\"750\" height=\"750\" data-src=\"\/\/sc04.alicdn.com\/kf\/H144601bd93d0427ebcfc685adb798e5e4\/274217001\/H144601bd93d0427ebcfc685adb798e5e4.jpg\" data-alt=\"Advanced big inflatable camping equipment outdoor waterproof camping glamping tent outdoor glamping Inflatable tent\" \/><img loading=\"lazy\" decoding=\"async\" src=\"\/\/sc04.alicdn.com\/kf\/Hdc25b634ec104f5e9bc9913505d4f1a03\/274217001\/Hdc25b634ec104f5e9bc9913505d4f1a03.jpg\" alt=\"Equipo de camping inflable grande avanzado, tienda de campa\u00f1a impermeable para exteriores, tienda de campa\u00f1a glamping para exteriores\" width=\"750\" height=\"750\" data-src=\"\/\/sc04.alicdn.com\/kf\/Hdc25b634ec104f5e9bc9913505d4f1a03\/274217001\/Hdc25b634ec104f5e9bc9913505d4f1a03.jpg\" data-alt=\"Advanced big inflatable camping equipment outdoor waterproof camping glamping tent outdoor glamping Inflatable tent\" \/><img loading=\"lazy\" decoding=\"async\" src=\"\/\/sc04.alicdn.com\/kf\/H3f4ab9387757474fb8282c5100100293X\/274217001\/H3f4ab9387757474fb8282c5100100293X.jpg\" alt=\"Equipo de camping inflable grande avanzado, tienda de campa\u00f1a impermeable para exteriores, tienda de campa\u00f1a glamping para exteriores\" width=\"750\" height=\"750\" data-src=\"\/\/sc04.alicdn.com\/kf\/H3f4ab9387757474fb8282c5100100293X\/274217001\/H3f4ab9387757474fb8282c5100100293X.jpg\" data-alt=\"Advanced big inflatable camping equipment outdoor waterproof camping glamping tent outdoor glamping Inflatable tent\" \/><img loading=\"lazy\" decoding=\"async\" src=\"\/\/sc04.alicdn.com\/kf\/H84ae1f0d3cda4168bcf01e5cf74e49e7X\/274217001\/H84ae1f0d3cda4168bcf01e5cf74e49e7X.jpg\" alt=\"Equipo de camping inflable grande avanzado, tienda de campa\u00f1a impermeable para exteriores, tienda de campa\u00f1a glamping para exteriores\" width=\"750\" height=\"750\" data-src=\"\/\/sc04.alicdn.com\/kf\/H84ae1f0d3cda4168bcf01e5cf74e49e7X\/274217001\/H84ae1f0d3cda4168bcf01e5cf74e49e7X.jpg\" data-alt=\"Advanced big inflatable camping equipment outdoor waterproof camping glamping tent outdoor glamping Inflatable tent\" \/><img loading=\"lazy\" decoding=\"async\" src=\"\/\/sc04.alicdn.com\/kf\/Ha620e22c89ad4377bca68d260c063b76b\/274217001\/Ha620e22c89ad4377bca68d260c063b76b.jpg\" alt=\"Equipo de camping inflable grande avanzado, tienda de campa\u00f1a impermeable para exteriores, tienda de campa\u00f1a glamping para exteriores\" width=\"750\" height=\"750\" data-src=\"\/\/sc04.alicdn.com\/kf\/Ha620e22c89ad4377bca68d260c063b76b\/274217001\/Ha620e22c89ad4377bca68d260c063b76b.jpg\" data-alt=\"Advanced big inflatable camping equipment outdoor waterproof camping glamping tent outdoor glamping Inflatable tent\" \/><\/p>\n<\/div>\n<\/div>\n<div data-section=\"AliPostDhMb-h1rt6\" data-section-title=\"FAQ\">\n<div><\/div>\n<\/div>\n<\/div>","protected":false},"excerpt":{"rendered":"<p>Tela: Algod\u00f3n \u00cdndice de impermeabilidad de la tienda exterior: 2000-3000 mm, &gt;3000 mm \u00cdndice de impermeabilidad inferior: &gt;3000 mm Estilo de la tienda: tipo extendido, estaca para tienda tipo tubo Temporada: estructura de la tienda para cuatro estaciones: un dormitorio Nombre del producto: tienda inflable para acampar al aire libre Color: Blanco Uso: Acampar Senderismo Viajar Tama\u00f1o: 320 * 250 * 220 cm Tama\u00f1o del embalaje<\/p>\n<div class=\"read-more\"><a class=\"btn btn-fill-out\" href=\"https:\/\/uoogear.com\/es\/producto\/advanced-big-inflatable-camping-equipment-outdoor-waterproof-camping-glamping-tent-outdoor-glamping-inflatable-tent\/\">Leer m\u00e1s<\/a><\/div>","protected":false},"featured_media":4454,"template":"","meta":[],"product_brand":[],"product_cat":[15],"product_tag":[],"class_list":{"0":"post-4455","1":"product","2":"type-product","3":"status-publish","4":"has-post-thumbnail","6":"product_cat-uncategorized","7":"tm-no-options","9":"first","10":"instock","11":"shipping-taxable","12":"purchasable","13":"product-type-variable"},"_links":{"self":[{"href":"https:\/\/uoogear.com\/es\/wp-json\/wp\/v2\/product\/4455","targetHints":{"allow":["GET"]}}],"collection":[{"href":"https:\/\/uoogear.com\/es\/wp-json\/wp\/v2\/product"}],"about":[{"href":"https:\/\/uoogear.com\/es\/wp-json\/wp\/v2\/types\/product"}],"wp:featuredmedia":[{"embeddable":true,"href":"https:\/\/uoogear.com\/es\/wp-json\/wp\/v2\/media\/4454"}],"wp:attachment":[{"href":"https:\/\/uoogear.com\/es\/wp-json\/wp\/v2\/media?parent=4455"}],"wp:term":[{"taxonomy":"product_brand","embeddable":true,"href":"https:\/\/uoogear.com\/es\/wp-json\/wp\/v2\/product_brand?post=4455"},{"taxonomy":"product_cat","embeddable":true,"href":"https:\/\/uoogear.com\/es\/wp-json\/wp\/v2\/product_cat?post=4455"},{"taxonomy":"product_tag","embeddable":true,"href":"https:\/\/uoogear.com\/es\/wp-json\/wp\/v2\/product_tag?post=4455"}],"curies":[{"name":"wp","href":"https:\/\/api.w.org\/{rel}","templated":true}]}}