{"id":4463,"date":"2023-11-13T12:58:19","date_gmt":"2023-11-13T12:58:19","guid":{"rendered":"https:\/\/uoogear.com\/product\/2023-custom-multi-persons-camping-tent-waterproof-inflatable-house-air-big-tent-outdoor-inflatable-camping-house-tent\/"},"modified":"2023-11-30T02:24:45","modified_gmt":"2023-11-30T02:24:45","slug":"2023-custom-multi-persons-camping-tent-waterproof-inflatable-house-air-big-tent-outdoor-inflatable-camping-house-tent","status":"publish","type":"product","link":"https:\/\/uoogear.com\/es\/producto\/2023-custom-multi-persons-camping-tent-waterproof-inflatable-house-air-big-tent-outdoor-inflatable-camping-house-tent\/","title":{"rendered":"Tienda de campa\u00f1a personalizada para varias personas, casa inflable impermeable, tienda grande de aire, tienda de campa\u00f1a inflable para exteriores, 2023"},"content":{"rendered":"<ul>\n<li><strong>Tela : <\/strong> Algod\u00f3n<\/li>\n<li><strong>\u00cdndice de impermeabilidad de la tienda exterior: <\/strong> 1500-2000 mil\u00edmetros<\/li>\n<li><strong>\u00cdndice de impermeabilidad inferior: <\/strong> 1000-1500 mil\u00edmetros<\/li>\n<li><strong>Tipo de construcci\u00f3n : <\/strong> Construcci\u00f3n basada en la necesidad<\/li>\n<li><strong>Estilo de tienda: <\/strong> Clavo esmerilado tipo Trigone\/V<\/li>\n<li><strong>Estaci\u00f3n : <\/strong> Tienda de campa\u00f1a de cuatro estaciones, Tienda de campa\u00f1a de tres estaciones<\/li>\n<li><strong>Estructura : <\/strong> Dos dormitorios y una sala de estar<\/li>\n<li><strong>Nombre del producto : <\/strong> Tienda de campa\u00f1a al aire libre<\/li>\n<li><strong>Color : <\/strong> Caqui<\/li>\n<li><strong>Uso: <\/strong> Acampar Senderismo Viajar<\/li>\n<li><strong>Tama\u00f1o : <\/strong> 300*400*200cm<\/li>\n<li><strong>Tama\u00f1o de embalaje : <\/strong> 82*49*49cm<\/li>\n<li><strong>Peso : <\/strong> 22-28kg<\/li>\n<li><strong>Piso : <\/strong> Oxford<\/li>\n<li><strong>Capacidad : <\/strong> 5-8 personas<\/li>\n<li><strong>El tiempo de entrega : <\/strong> 20 d\u00edas<\/li>\n<\/ul>\n<div>\n<div data-section=\"AliPostDhMb-uunfl\" data-section-title=\"Product Description\">\n<div>Descripci\u00f3n del Producto<\/div>\n<div>\n<p>Yumuq Camping al aire libre inflable de lona Glamping, tienda familiar de aire de poli\u00e9ster de lujo personalizada<\/p>\n<\/div>\n<\/div>\n<p><strong><em>\u00a1El color y el tama\u00f1o se pueden personalizar seg\u00fan sus necesidades!<\/em><\/strong><\/p>\n<div><\/div>\n<div>Foto detallada<\/div>\n<div><\/div>\n<p><img decoding=\"async\" src=\"\/\/sc04.alicdn.com\/kf\/H63608db4db8a455a842461b944da215bA\/274217001\/H63608db4db8a455a842461b944da215bA.jpg\" alt=\"Tienda de campa\u00f1a personalizada para varias personas, casa inflable impermeable, tienda grande de aire, tienda de campa\u00f1a inflable para exteriores, 2023\" width=\"750\" height=\"504.37500000000006\" data-src=\"\/\/sc04.alicdn.com\/kf\/H63608db4db8a455a842461b944da215bA\/274217001\/H63608db4db8a455a842461b944da215bA.jpg\" data-alt=\"2023 custom Multi Persons camping Tent Waterproof Inflatable House Air Big Tent Outdoor Inflatable Camping house Tent\" \/><\/p>\n<p><img loading=\"lazy\" decoding=\"async\" src=\"\/\/sc04.alicdn.com\/kf\/H5dcbbff427a5469d925586926dd4912bW\/274217001\/H5dcbbff427a5469d925586926dd4912bW.jpeg\" alt=\"Tienda de campa\u00f1a personalizada para varias personas, casa inflable impermeable, tienda grande de aire, tienda de campa\u00f1a inflable para exteriores, 2023\" width=\"750\" height=\"750\" data-src=\"\/\/sc04.alicdn.com\/kf\/H5dcbbff427a5469d925586926dd4912bW\/274217001\/H5dcbbff427a5469d925586926dd4912bW.jpeg\" data-alt=\"2023 custom Multi Persons camping Tent Waterproof Inflatable House Air Big Tent Outdoor Inflatable Camping house Tent\" \/><img loading=\"lazy\" decoding=\"async\" src=\"\/\/sc04.alicdn.com\/kf\/Hed8105f88d484031ae976d70c8b812f71\/274217001\/Hed8105f88d484031ae976d70c8b812f71.jpg\" alt=\"Tienda de campa\u00f1a personalizada para varias personas, casa inflable impermeable, tienda grande de aire, tienda de campa\u00f1a inflable para exteriores, 2023\" width=\"750\" height=\"750\" data-src=\"\/\/sc04.alicdn.com\/kf\/Hed8105f88d484031ae976d70c8b812f71\/274217001\/Hed8105f88d484031ae976d70c8b812f71.jpg\" data-alt=\"2023 custom Multi Persons camping Tent Waterproof Inflatable House Air Big Tent Outdoor Inflatable Camping house Tent\" \/><img loading=\"lazy\" decoding=\"async\" src=\"\/\/sc04.alicdn.com\/kf\/Had4cea96d17d42958641889201d33021D\/274217001\/Had4cea96d17d42958641889201d33021D.jpg\" alt=\"Tienda de campa\u00f1a personalizada para varias personas, casa inflable impermeable, tienda grande de aire, tienda de campa\u00f1a inflable para exteriores, 2023\" width=\"750\" height=\"750\" data-src=\"\/\/sc04.alicdn.com\/kf\/Had4cea96d17d42958641889201d33021D\/274217001\/Had4cea96d17d42958641889201d33021D.jpg\" data-alt=\"2023 custom Multi Persons camping Tent Waterproof Inflatable House Air Big Tent Outdoor Inflatable Camping house Tent\" \/><img loading=\"lazy\" decoding=\"async\" src=\"\/\/sc04.alicdn.com\/kf\/H8afdede805034cfbb06b5324a772071aW\/274217001\/H8afdede805034cfbb06b5324a772071aW.jpeg\" alt=\"Tienda de campa\u00f1a personalizada para varias personas, casa inflable impermeable, tienda grande de aire, tienda de campa\u00f1a inflable para exteriores, 2023\" width=\"750\" height=\"750\" data-src=\"\/\/sc04.alicdn.com\/kf\/H8afdede805034cfbb06b5324a772071aW\/274217001\/H8afdede805034cfbb06b5324a772071aW.jpeg\" data-alt=\"2023 custom Multi Persons camping Tent Waterproof Inflatable House Air Big Tent Outdoor Inflatable Camping house Tent\" \/><img loading=\"lazy\" decoding=\"async\" src=\"\/\/sc04.alicdn.com\/kf\/Hdadcd0df211d4a8e9358691e729c94649\/274217001\/Hdadcd0df211d4a8e9358691e729c94649.jpeg\" alt=\"Tienda de campa\u00f1a personalizada para varias personas, casa inflable impermeable, tienda grande de aire, tienda de campa\u00f1a inflable para exteriores, 2023\" width=\"750\" height=\"750\" data-src=\"\/\/sc04.alicdn.com\/kf\/Hdadcd0df211d4a8e9358691e729c94649\/274217001\/Hdadcd0df211d4a8e9358691e729c94649.jpeg\" data-alt=\"2023 custom Multi Persons camping Tent Waterproof Inflatable House Air Big Tent Outdoor Inflatable Camping house Tent\" \/><img loading=\"lazy\" decoding=\"async\" src=\"\/\/sc04.alicdn.com\/kf\/H8800695004764415bf5c88da8af9fcb8O\/274217001\/H8800695004764415bf5c88da8af9fcb8O.jpg\" alt=\"Tienda de campa\u00f1a personalizada para varias personas, casa inflable impermeable, tienda grande de aire, tienda de campa\u00f1a inflable para exteriores, 2023\" width=\"750\" height=\"750\" data-src=\"\/\/sc04.alicdn.com\/kf\/H8800695004764415bf5c88da8af9fcb8O\/274217001\/H8800695004764415bf5c88da8af9fcb8O.jpg\" data-alt=\"2023 custom Multi Persons camping Tent Waterproof Inflatable House Air Big Tent Outdoor Inflatable Camping house Tent\" \/><\/p>\n<p>&nbsp;<\/p>\n<div data-section=\"AliPostDhMb-gmyk2\" data-section-title=\"FAQ\">\n<div><\/div>\n<\/div>\n<\/div>","protected":false},"excerpt":{"rendered":"<p>Tela: Algod\u00f3n \u00cdndice de impermeabilidad de la tienda exterior: 1500-2000 mm \u00cdndice de impermeabilidad inferior: 1000-1500 mm Tipo de construcci\u00f3n: Construcci\u00f3n basada en la necesidad Estilo de la tienda: Trigone\/clavo de tierra tipo V Temporada: Tienda de cuatro estaciones, Estructura de la tienda de tres estaciones: Dos dormitorios y una sala de estar Nombre del producto: Tienda de campa\u00f1a para exteriores Color: Caqui Uso: Camping<\/p>\n<div class=\"read-more\"><a class=\"btn btn-fill-out\" href=\"https:\/\/uoogear.com\/es\/producto\/2023-custom-multi-persons-camping-tent-waterproof-inflatable-house-air-big-tent-outdoor-inflatable-camping-house-tent\/\">Leer m\u00e1s<\/a><\/div>","protected":false},"featured_media":4462,"template":"","meta":[],"product_brand":[],"product_cat":[15],"product_tag":[],"class_list":{"0":"post-4463","1":"product","2":"type-product","3":"status-publish","4":"has-post-thumbnail","6":"product_cat-uncategorized","7":"tm-no-options","9":"first","10":"instock","11":"shipping-taxable","12":"purchasable","13":"product-type-variable"},"_links":{"self":[{"href":"https:\/\/uoogear.com\/es\/wp-json\/wp\/v2\/product\/4463","targetHints":{"allow":["GET"]}}],"collection":[{"href":"https:\/\/uoogear.com\/es\/wp-json\/wp\/v2\/product"}],"about":[{"href":"https:\/\/uoogear.com\/es\/wp-json\/wp\/v2\/types\/product"}],"wp:featuredmedia":[{"embeddable":true,"href":"https:\/\/uoogear.com\/es\/wp-json\/wp\/v2\/media\/4462"}],"wp:attachment":[{"href":"https:\/\/uoogear.com\/es\/wp-json\/wp\/v2\/media?parent=4463"}],"wp:term":[{"taxonomy":"product_brand","embeddable":true,"href":"https:\/\/uoogear.com\/es\/wp-json\/wp\/v2\/product_brand?post=4463"},{"taxonomy":"product_cat","embeddable":true,"href":"https:\/\/uoogear.com\/es\/wp-json\/wp\/v2\/product_cat?post=4463"},{"taxonomy":"product_tag","embeddable":true,"href":"https:\/\/uoogear.com\/es\/wp-json\/wp\/v2\/product_tag?post=4463"}],"curies":[{"name":"wp","href":"https:\/\/api.w.org\/{rel}","templated":true}]}}