{"id":4472,"date":"2023-11-13T12:59:37","date_gmt":"2023-11-13T12:59:37","guid":{"rendered":"https:\/\/uoogear.com\/product\/advanced-camping-accessories-big-inflatable-tent-waterproof-camping-glamping-outdoor-equipment-camping-inflatable-tent\/"},"modified":"2023-11-30T02:22:01","modified_gmt":"2023-11-30T02:22:01","slug":"advanced-camping-accessories-big-inflatable-tent-waterproof-camping-glamping-outdoor-equipment-camping-inflatable-tent","status":"publish","type":"product","link":"https:\/\/uoogear.com\/es\/producto\/advanced-camping-accessories-big-inflatable-tent-waterproof-camping-glamping-outdoor-equipment-camping-inflatable-tent\/","title":{"rendered":"Accesorios avanzados para acampar, tienda inflable grande, impermeable, equipo para acampar al aire libre, tienda inflable para acampar"},"content":{"rendered":"<ul>\n<li><strong>Tela : <\/strong> Algod\u00f3n<\/li>\n<li><strong>\u00cdndice de impermeabilidad de la tienda exterior: <\/strong> &gt;3000 mil\u00edmetros<\/li>\n<li><strong>\u00cdndice de impermeabilidad inferior: <\/strong> &gt;3000 mil\u00edmetros<\/li>\n<li><strong>Estilo de tienda: <\/strong> Estaca para tienda de campa\u00f1a tipo tubo, tipo extendido<\/li>\n<li><strong>Estaci\u00f3n : <\/strong> Tienda de campa\u00f1a de cuatro estaciones<\/li>\n<li><strong>Estructura : <\/strong> Una habitaci\u00f3n<\/li>\n<li><strong>Nombre del producto : <\/strong> Tienda inflable para acampar al aire libre<\/li>\n<li><strong>Color : <\/strong> Blanco<\/li>\n<li><strong>Uso: <\/strong> Acampar Senderismo Viajar<\/li>\n<li><strong>Tama\u00f1o : <\/strong> 500*500*245cm<\/li>\n<li><strong>Peso : <\/strong> 44kg<\/li>\n<li><strong>Piso : <\/strong> Oxford 300D<\/li>\n<li><strong>Capacidad : <\/strong> 5-8 personas<\/li>\n<li><strong>El tiempo de entrega : <\/strong> 20 d\u00edas<\/li>\n<\/ul>\n<div>\n<div data-section=\"AliPostDhMb-k8t1e\" data-section-title=\"Product Description\">\n<div>\n<p>Foto detallada<\/p>\n<p>&nbsp;<\/p>\n<p><img loading=\"lazy\" decoding=\"async\" class=\"alignnone size-full wp-image-5138\" src=\"https:\/\/uoogear.com\/wp-content\/uploads\/2023\/11\/H63608db4db8a455a842461b944da215bA-6.jpg\" width=\"800\" height=\"538\" alt=\"Accesorios avanzados para acampar, tienda inflable grande, impermeable, equipo para acampar al aire libre, tienda inflable para acampar\" srcset=\"https:\/\/uoogear.com\/wp-content\/uploads\/2023\/11\/H63608db4db8a455a842461b944da215bA-6.jpg 800w, https:\/\/uoogear.com\/wp-content\/uploads\/2023\/11\/H63608db4db8a455a842461b944da215bA-6-300x202.jpg 300w, https:\/\/uoogear.com\/wp-content\/uploads\/2023\/11\/H63608db4db8a455a842461b944da215bA-6-768x516.jpg 768w, https:\/\/uoogear.com\/wp-content\/uploads\/2023\/11\/H63608db4db8a455a842461b944da215bA-6-600x404.jpg 600w, https:\/\/uoogear.com\/wp-content\/uploads\/2023\/11\/H63608db4db8a455a842461b944da215bA-6-80x54.jpg 80w\" sizes=\"auto, (max-width: 800px) 100vw, 800px\" \/><img loading=\"lazy\" decoding=\"async\" src=\"\/\/sc04.alicdn.com\/kf\/H78c32d0ab3fb4bf19b471994338a6c6fI\/274217001\/H78c32d0ab3fb4bf19b471994338a6c6fI.jpg\" alt=\"Accesorios avanzados para acampar, tienda inflable grande, impermeable, equipo para acampar al aire libre, tienda inflable para acampar\" width=\"750\" height=\"750\" data-src=\"\/\/sc04.alicdn.com\/kf\/H78c32d0ab3fb4bf19b471994338a6c6fI\/274217001\/H78c32d0ab3fb4bf19b471994338a6c6fI.jpg\" data-alt=\"Advanced camping accessories big inflatable tent waterproof camping glamping outdoor equipment camping Inflatable tent\" \/><img loading=\"lazy\" decoding=\"async\" src=\"\/\/sc04.alicdn.com\/kf\/H0941fcfc2ef041b0a07c5ed893273dcaX\/274217001\/H0941fcfc2ef041b0a07c5ed893273dcaX.jpg\" alt=\"Accesorios avanzados para acampar, tienda inflable grande, impermeable, equipo para acampar al aire libre, tienda inflable para acampar\" width=\"750\" height=\"750\" data-src=\"\/\/sc04.alicdn.com\/kf\/H0941fcfc2ef041b0a07c5ed893273dcaX\/274217001\/H0941fcfc2ef041b0a07c5ed893273dcaX.jpg\" data-alt=\"Advanced camping accessories big inflatable tent waterproof camping glamping outdoor equipment camping Inflatable tent\" \/><img loading=\"lazy\" decoding=\"async\" src=\"\/\/sc04.alicdn.com\/kf\/H00e7be78e1e348e49574bdd7a14fadf62\/274217001\/H00e7be78e1e348e49574bdd7a14fadf62.jpg\" alt=\"Accesorios avanzados para acampar, tienda inflable grande, impermeable, equipo para acampar al aire libre, tienda inflable para acampar\" width=\"750\" height=\"750\" data-src=\"\/\/sc04.alicdn.com\/kf\/H00e7be78e1e348e49574bdd7a14fadf62\/274217001\/H00e7be78e1e348e49574bdd7a14fadf62.jpg\" data-alt=\"Advanced camping accessories big inflatable tent waterproof camping glamping outdoor equipment camping Inflatable tent\" \/><img loading=\"lazy\" decoding=\"async\" src=\"\/\/sc04.alicdn.com\/kf\/H4d014a72a1a84c72af9c61ef598d9edeY\/274217001\/H4d014a72a1a84c72af9c61ef598d9edeY.jpg\" alt=\"Accesorios avanzados para acampar, tienda inflable grande, impermeable, equipo para acampar al aire libre, tienda inflable para acampar\" width=\"750\" height=\"750\" data-src=\"\/\/sc04.alicdn.com\/kf\/H4d014a72a1a84c72af9c61ef598d9edeY\/274217001\/H4d014a72a1a84c72af9c61ef598d9edeY.jpg\" data-alt=\"Advanced camping accessories big inflatable tent waterproof camping glamping outdoor equipment camping Inflatable tent\" \/><img loading=\"lazy\" decoding=\"async\" src=\"\/\/sc04.alicdn.com\/kf\/H7b8bd740267e4621b6c0334e3977b3d5O\/274217001\/H7b8bd740267e4621b6c0334e3977b3d5O.jpg\" alt=\"Accesorios avanzados para acampar, tienda inflable grande, impermeable, equipo para acampar al aire libre, tienda inflable para acampar\" width=\"750\" height=\"750\" data-src=\"\/\/sc04.alicdn.com\/kf\/H7b8bd740267e4621b6c0334e3977b3d5O\/274217001\/H7b8bd740267e4621b6c0334e3977b3d5O.jpg\" data-alt=\"Advanced camping accessories big inflatable tent waterproof camping glamping outdoor equipment camping Inflatable tent\" \/><img loading=\"lazy\" decoding=\"async\" src=\"\/\/sc04.alicdn.com\/kf\/H8c1ac1780f3d47b180533c50343a16b6o\/274217001\/H8c1ac1780f3d47b180533c50343a16b6o.jpg\" alt=\"Accesorios avanzados para acampar, tienda inflable grande, impermeable, equipo para acampar al aire libre, tienda inflable para acampar\" width=\"750\" height=\"750\" data-src=\"\/\/sc04.alicdn.com\/kf\/H8c1ac1780f3d47b180533c50343a16b6o\/274217001\/H8c1ac1780f3d47b180533c50343a16b6o.jpg\" data-alt=\"Advanced camping accessories big inflatable tent waterproof camping glamping outdoor equipment camping Inflatable tent\" \/><\/p>\n<\/div>\n<\/div>\n<div data-section=\"AliPostDhMb-h1rt6\" data-section-title=\"FAQ\">\n<div><\/div>\n<\/div>\n<\/div>","protected":false},"excerpt":{"rendered":"<p>Tela: Algod\u00f3n \u00cdndice de impermeabilidad de la carpa exterior: &gt;3000 mm \u00cdndice de impermeabilidad inferior: &gt;3000 mm Estilo de la carpa: tipo extendido, estaca para carpa tipo tubo Temporada: estructura de carpa para cuatro estaciones: un dormitorio Nombre del producto: carpa inflable para acampar al aire libre Color: blanco Uso: Acampar Senderismo Viajar Tama\u00f1o: 500*500*245 cm Peso: 44 kg Piso<\/p>\n<div class=\"read-more\"><a class=\"btn btn-fill-out\" href=\"https:\/\/uoogear.com\/es\/producto\/advanced-camping-accessories-big-inflatable-tent-waterproof-camping-glamping-outdoor-equipment-camping-inflatable-tent\/\">Leer m\u00e1s<\/a><\/div>","protected":false},"featured_media":4471,"template":"","meta":[],"product_brand":[],"product_cat":[15],"product_tag":[],"class_list":{"0":"post-4472","1":"product","2":"type-product","3":"status-publish","4":"has-post-thumbnail","6":"product_cat-uncategorized","7":"tm-no-options","9":"first","10":"instock","11":"shipping-taxable","12":"purchasable","13":"product-type-variable"},"_links":{"self":[{"href":"https:\/\/uoogear.com\/es\/wp-json\/wp\/v2\/product\/4472","targetHints":{"allow":["GET"]}}],"collection":[{"href":"https:\/\/uoogear.com\/es\/wp-json\/wp\/v2\/product"}],"about":[{"href":"https:\/\/uoogear.com\/es\/wp-json\/wp\/v2\/types\/product"}],"wp:featuredmedia":[{"embeddable":true,"href":"https:\/\/uoogear.com\/es\/wp-json\/wp\/v2\/media\/4471"}],"wp:attachment":[{"href":"https:\/\/uoogear.com\/es\/wp-json\/wp\/v2\/media?parent=4472"}],"wp:term":[{"taxonomy":"product_brand","embeddable":true,"href":"https:\/\/uoogear.com\/es\/wp-json\/wp\/v2\/product_brand?post=4472"},{"taxonomy":"product_cat","embeddable":true,"href":"https:\/\/uoogear.com\/es\/wp-json\/wp\/v2\/product_cat?post=4472"},{"taxonomy":"product_tag","embeddable":true,"href":"https:\/\/uoogear.com\/es\/wp-json\/wp\/v2\/product_tag?post=4472"}],"curies":[{"name":"wp","href":"https:\/\/api.w.org\/{rel}","templated":true}]}}