{"id":4480,"date":"2023-11-13T13:00:23","date_gmt":"2023-11-13T13:00:23","guid":{"rendered":"https:\/\/uoogear.com\/product\/waterproof-outdoor-camping-indian-tent\/"},"modified":"2023-11-30T02:22:11","modified_gmt":"2023-11-30T02:22:11","slug":"waterproof-outdoor-camping-indian-tent","status":"publish","type":"product","link":"https:\/\/uoogear.com\/es\/producto\/waterproof-outdoor-camping-indian-tent\/","title":{"rendered":"Tienda india impermeable para acampar al aire libre"},"content":{"rendered":"<ul>\n<li><strong>Tela : <\/strong> Oxford<\/li>\n<li><strong>\u00cdndice de impermeabilidad de la tienda exterior: <\/strong> 2000-3000 mil\u00edmetros<\/li>\n<li><strong>\u00cdndice de impermeabilidad inferior: <\/strong> 2000-3000 mil\u00edmetros<\/li>\n<li><strong>Tipo de construcci\u00f3n : <\/strong> Apertura autom\u00e1tica r\u00e1pida<\/li>\n<li><strong>Estilo de tienda: <\/strong> Estaca para tienda de campa\u00f1a tipo tubo, tipo extendido<\/li>\n<li><strong>Estaci\u00f3n : <\/strong> Tienda de campa\u00f1a de cuatro estaciones<\/li>\n<li><strong>Estructura : <\/strong> Una habitaci\u00f3n<\/li>\n<li><strong>Nombre del producto : <\/strong> Tienda inflable para acampar al aire libre<\/li>\n<li><strong>Color : <\/strong> Arroz blanco<\/li>\n<li><strong>Uso: <\/strong> Acampar Senderismo Viajar<\/li>\n<li><strong>Tama\u00f1o : <\/strong> 220*220*200cm<\/li>\n<li><strong>Peso : <\/strong> 7 kilos<\/li>\n<li><strong>Estilo : <\/strong> indio<\/li>\n<li><strong>Piso : <\/strong> Oxford 210D o 300D<\/li>\n<li><strong>Capacidad : <\/strong> 2-3 personas<\/li>\n<li><strong>El tiempo de entrega : <\/strong> 20 d\u00edas<\/li>\n<\/ul>\n<div>\n<div data-section=\"AliPostDhMb-k8t1e\" data-section-title=\"Product Description\">\n<div>Descripci\u00f3n del Producto<\/div>\n<div data-spm-anchor-id=\"a2700.details.0.i81.4bd15228ohSD8t\">\n<p><img loading=\"lazy\" decoding=\"async\" src=\"\/\/sc04.alicdn.com\/kf\/Hc527bc8d712a4840854044400c213ff4Z\/274217001\/Hc527bc8d712a4840854044400c213ff4Z.jpg\" alt=\"Tienda india impermeable para acampar al aire libre\" width=\"750\" height=\"750\" data-src=\"\/\/sc04.alicdn.com\/kf\/Hc527bc8d712a4840854044400c213ff4Z\/274217001\/Hc527bc8d712a4840854044400c213ff4Z.jpg\" data-alt=\"Waterproof Outdoor Camping Indian Tent\" \/><img loading=\"lazy\" decoding=\"async\" src=\"\/\/sc04.alicdn.com\/kf\/Hb9694f348f524ebb9ab07fe374f94b6fl\/274217001\/Hb9694f348f524ebb9ab07fe374f94b6fl.jpg\" alt=\"Tienda india impermeable para acampar al aire libre\" width=\"750\" height=\"750\" data-src=\"\/\/sc04.alicdn.com\/kf\/Hb9694f348f524ebb9ab07fe374f94b6fl\/274217001\/Hb9694f348f524ebb9ab07fe374f94b6fl.jpg\" data-alt=\"Waterproof Outdoor Camping Indian Tent\" \/><img loading=\"lazy\" decoding=\"async\" src=\"\/\/sc04.alicdn.com\/kf\/H9e92dc4f16be405ebd3a2132fb68a4517\/274217001\/H9e92dc4f16be405ebd3a2132fb68a4517.jpg\" alt=\"Tienda india impermeable para acampar al aire libre\" width=\"750\" height=\"750\" data-src=\"\/\/sc04.alicdn.com\/kf\/H9e92dc4f16be405ebd3a2132fb68a4517\/274217001\/H9e92dc4f16be405ebd3a2132fb68a4517.jpg\" data-alt=\"Waterproof Outdoor Camping Indian Tent\" \/><img loading=\"lazy\" decoding=\"async\" src=\"\/\/sc04.alicdn.com\/kf\/Hd28bafc6bd0a423c89345658813cfce85\/274217001\/Hd28bafc6bd0a423c89345658813cfce85.jpg\" alt=\"Tienda india impermeable para acampar al aire libre\" width=\"750\" height=\"750\" data-src=\"\/\/sc04.alicdn.com\/kf\/Hd28bafc6bd0a423c89345658813cfce85\/274217001\/Hd28bafc6bd0a423c89345658813cfce85.jpg\" data-alt=\"Waterproof Outdoor Camping Indian Tent\" \/><\/p>\n<p>&nbsp;<\/p>\n<p>&nbsp;<\/p>\n<p>&nbsp;<\/p>\n<\/div>\n<\/div>\n<div data-section=\"AliPostDhMb-h1rt6\" data-section-title=\"FAQ\">\n<div><\/div>\n<\/div>\n<\/div>","protected":false},"excerpt":{"rendered":"<p>Tela: Oxford \u00cdndice de impermeabilidad de la tienda exterior: 2000-3000 mm \u00cdndice de impermeabilidad inferior: 2000-3000 mm Tipo de construcci\u00f3n: Apertura autom\u00e1tica r\u00e1pida Estilo de la tienda: Tipo extendido, tipo tubo Estaca de la tienda Temporada: Estructura de la tienda de cuatro estaciones: Un dormitorio Nombre del producto: Exterior Tienda inflable para acampar Color: blanco arroz Uso: acampar senderismo viajar<\/p>\n<div class=\"read-more\"><a class=\"btn btn-fill-out\" href=\"https:\/\/uoogear.com\/es\/producto\/waterproof-outdoor-camping-indian-tent\/\">Leer m\u00e1s<\/a><\/div>","protected":false},"featured_media":4479,"template":"","meta":[],"product_brand":[],"product_cat":[15],"product_tag":[],"class_list":{"0":"post-4480","1":"product","2":"type-product","3":"status-publish","4":"has-post-thumbnail","6":"product_cat-uncategorized","7":"tm-no-options","9":"first","10":"instock","11":"shipping-taxable","12":"purchasable","13":"product-type-variable"},"_links":{"self":[{"href":"https:\/\/uoogear.com\/es\/wp-json\/wp\/v2\/product\/4480","targetHints":{"allow":["GET"]}}],"collection":[{"href":"https:\/\/uoogear.com\/es\/wp-json\/wp\/v2\/product"}],"about":[{"href":"https:\/\/uoogear.com\/es\/wp-json\/wp\/v2\/types\/product"}],"wp:featuredmedia":[{"embeddable":true,"href":"https:\/\/uoogear.com\/es\/wp-json\/wp\/v2\/media\/4479"}],"wp:attachment":[{"href":"https:\/\/uoogear.com\/es\/wp-json\/wp\/v2\/media?parent=4480"}],"wp:term":[{"taxonomy":"product_brand","embeddable":true,"href":"https:\/\/uoogear.com\/es\/wp-json\/wp\/v2\/product_brand?post=4480"},{"taxonomy":"product_cat","embeddable":true,"href":"https:\/\/uoogear.com\/es\/wp-json\/wp\/v2\/product_cat?post=4480"},{"taxonomy":"product_tag","embeddable":true,"href":"https:\/\/uoogear.com\/es\/wp-json\/wp\/v2\/product_tag?post=4480"}],"curies":[{"name":"wp","href":"https:\/\/api.w.org\/{rel}","templated":true}]}}