{"id":4489,"date":"2023-11-14T01:54:49","date_gmt":"2023-11-14T01:54:49","guid":{"rendered":"https:\/\/uoogear.com\/product\/waterproof-inflatable-outdoor-air-tent-inflatable-camping-tent\/"},"modified":"2023-11-30T02:22:55","modified_gmt":"2023-11-30T02:22:55","slug":"waterproof-inflatable-outdoor-air-tent-inflatable-camping-tent","status":"publish","type":"product","link":"https:\/\/uoogear.com\/es\/producto\/waterproof-inflatable-outdoor-air-tent-inflatable-camping-tent\/","title":{"rendered":"Tienda de campa\u00f1a inflable impermeable para exteriores, tienda de campa\u00f1a inflable"},"content":{"rendered":"<ul>\n<li><strong>\u00c1rea : <\/strong> 300*210<\/li>\n<li><strong>Tela : <\/strong> PVC+tela de algod\u00f3n+malla de poli\u00e9ster<\/li>\n<li><strong>\u00cdndice de impermeabilidad de la tienda exterior: <\/strong> &lt;1000mm<\/li>\n<li><strong>\u00cdndice de impermeabilidad inferior: <\/strong> &gt;3000 mil\u00edmetros<\/li>\n<li><strong>Tipo de construcci\u00f3n : <\/strong> Construcci\u00f3n basada en la necesidad<\/li>\n<li><strong>Estilo de tienda: <\/strong> Estaca de tienda tipo tubo<\/li>\n<li><strong>Estaci\u00f3n : <\/strong> Tienda de campa\u00f1a de cuatro estaciones<\/li>\n<li><strong>Estructura : <\/strong> Dos dormitorios y una sala de estar<\/li>\n<li><strong>Nombre del producto : <\/strong> tienda de aire inflable para acampar<\/li>\n<li><strong>Uso: <\/strong> Entretenimiento al aire libre<\/li>\n<li><strong>Estilo : <\/strong> Moderno<\/li>\n<li><strong>Color : <\/strong> Color personalizado<\/li>\n<li><strong>Solicitud : <\/strong> Viajes al aire libre Camping<\/li>\n<li><strong>Tama\u00f1o : <\/strong> Tama\u00f1o personalizado<\/li>\n<li><strong>Cantidad m\u00ednima de pedido: <\/strong> 1 pieza<\/li>\n<li><strong>Material : <\/strong> CLORURO DE POLIVINILO<\/li>\n<li><strong>Accesorios : <\/strong> Bomba+ bolsa de transporte+ estacas+ cuerdas<\/li>\n<li><strong>Caracter\u00edstica : <\/strong> Impermeable<\/li>\n<\/ul>\n<div>\n<div data-magic-global=\"%7B%22bizId%22%3A2212793521237%2C%22pageId%22%3A21189012037%2C%22siteId%22%3A10003212050%7D\">\n<div>\n<div data-section=\"AliMagic-db1sq7\" data-section-title=\"Products Description\">Descripci\u00f3n de productos<\/div>\n<\/div>\n<div>\n<div>\n<div><img decoding=\"async\" src=\"\/\/sc04.alicdn.com\/kf\/H43725afd3bec4530b9a0eefa40fd24c1h\/255148517\/H43725afd3bec4530b9a0eefa40fd24c1h.jpg\" data-src=\"\/\/sc04.alicdn.com\/kf\/H43725afd3bec4530b9a0eefa40fd24c1h\/255148517\/H43725afd3bec4530b9a0eefa40fd24c1h.jpg\" \/><\/div>\n<div><img decoding=\"async\" src=\"\/\/sc04.alicdn.com\/kf\/H0a8bb24f51674da1b39a98e1b20f54d4U\/255148517\/H0a8bb24f51674da1b39a98e1b20f54d4U.png\" data-src=\"\/\/sc04.alicdn.com\/kf\/H0a8bb24f51674da1b39a98e1b20f54d4U\/255148517\/H0a8bb24f51674da1b39a98e1b20f54d4U.png\" \/><\/div>\n<div><img decoding=\"async\" src=\"\/\/sc04.alicdn.com\/kf\/Hce4ac1a48012484b9242af5cdb11ab57o\/255148517\/Hce4ac1a48012484b9242af5cdb11ab57o.png\" data-src=\"\/\/sc04.alicdn.com\/kf\/Hce4ac1a48012484b9242af5cdb11ab57o\/255148517\/Hce4ac1a48012484b9242af5cdb11ab57o.png\" \/><\/div>\n<div><img decoding=\"async\" src=\"\/\/sc04.alicdn.com\/kf\/H78f6e94460b64fc18a1668d323a652cbM\/255148517\/H78f6e94460b64fc18a1668d323a652cbM.jpg\" data-src=\"\/\/sc04.alicdn.com\/kf\/H78f6e94460b64fc18a1668d323a652cbM\/255148517\/H78f6e94460b64fc18a1668d323a652cbM.jpg\" \/><\/div>\n<div><img decoding=\"async\" src=\"\/\/sc04.alicdn.com\/kf\/H6483226daf0141e9a1df7a4c0b1eb5262\/255148517\/H6483226daf0141e9a1df7a4c0b1eb5262.jpg\" data-src=\"\/\/sc04.alicdn.com\/kf\/H6483226daf0141e9a1df7a4c0b1eb5262\/255148517\/H6483226daf0141e9a1df7a4c0b1eb5262.jpg\" \/><\/div>\n<div><img decoding=\"async\" src=\"\/\/sc04.alicdn.com\/kf\/H2c7b3387715a439cb11fc7d53fc3c2d3E\/255148517\/H2c7b3387715a439cb11fc7d53fc3c2d3E.jpg\" data-src=\"\/\/sc04.alicdn.com\/kf\/H2c7b3387715a439cb11fc7d53fc3c2d3E\/255148517\/H2c7b3387715a439cb11fc7d53fc3c2d3E.jpg\" \/><\/div>\n<\/div>\n<\/div>\n<div><\/div>\n<div>\n<div>\n<div>\n<div>\n<div><\/div>\n<\/div>\n<\/div>\n<\/div>\n<\/div>\n<\/div>\n<\/div>","protected":false},"excerpt":{"rendered":"<p>\u00c1rea: 300*210 Tela: PVC+tela de algod\u00f3n+ malla de poli\u00e9ster \u00cdndice de impermeabilidad exterior de la tienda: &lt;1000 mm \u00cdndice de impermeabilidad inferior: &gt;3000 mm Tipo de construcci\u00f3n: Construcci\u00f3n basada en la necesidad Estilo de la tienda: Estaca de tienda tipo tubo Temporada: Estructura de la tienda de cuatro estaciones: Dos dormitorios y una sala de estar Nombre del producto: tienda de campa\u00f1a inflable para acampar<\/p>\n<div class=\"read-more\"><a class=\"btn btn-fill-out\" href=\"https:\/\/uoogear.com\/es\/producto\/waterproof-inflatable-outdoor-air-tent-inflatable-camping-tent\/\">Leer m\u00e1s<\/a><\/div>","protected":false},"featured_media":4488,"template":"","meta":[],"product_brand":[],"product_cat":[15],"product_tag":[],"class_list":{"0":"post-4489","1":"product","2":"type-product","3":"status-publish","4":"has-post-thumbnail","6":"product_cat-uncategorized","7":"tm-no-options","9":"first","10":"instock","11":"shipping-taxable","12":"purchasable","13":"product-type-variable"},"_links":{"self":[{"href":"https:\/\/uoogear.com\/es\/wp-json\/wp\/v2\/product\/4489","targetHints":{"allow":["GET"]}}],"collection":[{"href":"https:\/\/uoogear.com\/es\/wp-json\/wp\/v2\/product"}],"about":[{"href":"https:\/\/uoogear.com\/es\/wp-json\/wp\/v2\/types\/product"}],"wp:featuredmedia":[{"embeddable":true,"href":"https:\/\/uoogear.com\/es\/wp-json\/wp\/v2\/media\/4488"}],"wp:attachment":[{"href":"https:\/\/uoogear.com\/es\/wp-json\/wp\/v2\/media?parent=4489"}],"wp:term":[{"taxonomy":"product_brand","embeddable":true,"href":"https:\/\/uoogear.com\/es\/wp-json\/wp\/v2\/product_brand?post=4489"},{"taxonomy":"product_cat","embeddable":true,"href":"https:\/\/uoogear.com\/es\/wp-json\/wp\/v2\/product_cat?post=4489"},{"taxonomy":"product_tag","embeddable":true,"href":"https:\/\/uoogear.com\/es\/wp-json\/wp\/v2\/product_tag?post=4489"}],"curies":[{"name":"wp","href":"https:\/\/api.w.org\/{rel}","templated":true}]}}