{"id":4498,"date":"2023-11-14T01:57:26","date_gmt":"2023-11-14T01:57:26","guid":{"rendered":"https:\/\/uoogear.com\/product\/high-quality-customized-logo-outdoor-camp-family-air-camping-tent-large-inflatable-tent\/"},"modified":"2023-11-30T02:23:24","modified_gmt":"2023-11-30T02:23:24","slug":"high-quality-customized-logo-outdoor-camp-family-air-camping-tent-large-inflatable-tent","status":"publish","type":"product","link":"https:\/\/uoogear.com\/es\/producto\/high-quality-customized-logo-outdoor-camp-family-air-camping-tent-large-inflatable-tent\/","title":{"rendered":"Tienda de campa\u00f1a inflable grande con logotipo personalizado de alta calidad, tienda de campa\u00f1a familiar para campamento al aire libre"},"content":{"rendered":"<ul>\n<li><strong>Tela : <\/strong> Poli\u00e9ster<\/li>\n<li><strong>\u00cdndice de impermeabilidad de la tienda exterior: <\/strong> 1000-1500 mil\u00edmetros<\/li>\n<li><strong>\u00cdndice de impermeabilidad inferior: <\/strong> 1000-1500 mil\u00edmetros<\/li>\n<li><strong>Tipo de construcci\u00f3n : <\/strong> Apertura autom\u00e1tica r\u00e1pida<\/li>\n<li><strong>Estilo de tienda: <\/strong> Estaca de tienda tipo tubo<\/li>\n<li><strong>Estaci\u00f3n : <\/strong> Tienda de campa\u00f1a de cuatro estaciones<\/li>\n<li><strong>Estructura : <\/strong> Un dormitorio y una sala de estar<\/li>\n<li><strong>Nombre del producto : <\/strong> Tienda de campa\u00f1a inflable<\/li>\n<li><strong>Uso: <\/strong> Entretenimiento al aire libre<\/li>\n<li><strong>Estilo : <\/strong> Moderno<\/li>\n<li><strong>Color : <\/strong> Color Arena Dorada<\/li>\n<li><strong>Solicitud : <\/strong> Viajes al aire libre Camping<\/li>\n<li><strong>Tama\u00f1o : <\/strong> 520&#215;400<\/li>\n<li><strong>Cantidad m\u00ednima de pedido: <\/strong> 1 pieza<\/li>\n<li><strong>Material : <\/strong> CLORURO DE POLIVINILO<\/li>\n<li><strong>Accesorios : <\/strong> Bomba+ bolsa de transporte+ estacas+ cuerdas<\/li>\n<li><strong>Caracter\u00edstica : <\/strong> Impermeable<\/li>\n<\/ul>\n<div>\n<div data-magic-global=\"%7B%22bizId%22%3A2212793521237%2C%22pageId%22%3A21196441129%2C%22siteId%22%3A10003212050%7D\">\n<div>\n<div data-section=\"AliMagic-lt2ehm\" data-section-title=\"Products Description\">Descripci\u00f3n de productos<\/div>\n<\/div>\n<div>\n<div>\n<table>\n<tbody>\n<tr>\n<td>\n<div><span style=\"color: #000000; font-family: Arial;\"><span data-spm-anchor-id=\"a2700.custom-template.0.i133.65b03333DKbf22\"><strong>nombre del producto<\/strong><\/span><\/span><\/div>\n<\/td>\n<td>\n<div>Tienda de campa\u00f1a grande<\/div>\n<\/td>\n<\/tr>\n<tr>\n<td>\n<div><span style=\"color: #000000; font-family: Arial;\"><strong>Cantidad m\u00ednima de pedido OEM<\/strong><\/span><\/div>\n<\/td>\n<td>\n<div><span style=\"font-family: Arial;\"><span data-spm-anchor-id=\"a2700.custom-template.0.i131.65b03333DKbf22\">Aceptar muestra personalizada\/1 juego<\/span><\/span><\/div>\n<\/td>\n<\/tr>\n<tr>\n<td>\n<div><span style=\"color: #000000; font-family: Arial;\"><strong>Color color<\/strong><\/span><\/div>\n<\/td>\n<td>\n<div><span style=\"font-family: Arial;\"><span data-spm-anchor-id=\"a2700.custom-template.0.i132.65b03333DKbf22\">Como imagen, aceptar personalizado<\/span><\/span><\/div>\n<\/td>\n<\/tr>\n<tr>\n<td>\n<div><span style=\"color: #000000; font-family: Arial;\"><span data-spm-anchor-id=\"a2700.custom-template.0.i158.65b03333DKbf22\"><strong>Capacidad<\/strong><\/span><\/span><\/div>\n<\/td>\n<td>\n<div><span style=\"font-family: Arial;\">2\/3\/4\/5\/6\/7\/8 personas (capacidad personalizada)<\/span><\/div>\n<\/td>\n<\/tr>\n<tr>\n<td>\n<div><strong>Tama\u00f1o<\/strong><\/div>\n<\/td>\n<td>\n<div>Puede elegir el tama\u00f1o de los productos disponibles en el mercado, aceptar tama\u00f1os personalizados<\/div>\n<\/td>\n<\/tr>\n<tr>\n<td>\n<div>\n<div><strong>Caracter\u00edstica<\/strong><\/div>\n<\/div>\n<\/td>\n<td>\n<div><span style=\"font-family: Arial;\">Resistente a los rayos UV y a la lluvia, transpirable, evita espacios espl\u00e9ndidos y grandes, estructura estable, buen rendimiento de ventilaci\u00f3n, amplia aplicaci\u00f3n, tama\u00f1o peque\u00f1o, f\u00e1cil de transportar, configuraci\u00f3n, f\u00e1cil apertura emergente, autom\u00e1tico, c\u00f3modo<\/span><\/div>\n<\/td>\n<\/tr>\n<\/tbody>\n<\/table>\n<\/div>\n<\/div>\n<div>\n<div data-section=\"AliMagic-3dgtn4\" data-section-title=\"Details Images\">Detalles Im\u00e1genes<\/div>\n<\/div>\n<div>\n<div>\n<div><img decoding=\"async\" src=\"\/\/sc04.alicdn.com\/kf\/Hbe21446ef4374ec2b8e3aff588088202z\/255148517\/Hbe21446ef4374ec2b8e3aff588088202z.jpg\" data-src=\"\/\/sc04.alicdn.com\/kf\/Hbe21446ef4374ec2b8e3aff588088202z\/255148517\/Hbe21446ef4374ec2b8e3aff588088202z.jpg\" \/><\/div>\n<div><img decoding=\"async\" src=\"\/\/sc04.alicdn.com\/kf\/Hbabff50c70374a838c8e37339136b3cfi\/255148517\/Hbabff50c70374a838c8e37339136b3cfi.jpg\" data-src=\"\/\/sc04.alicdn.com\/kf\/Hbabff50c70374a838c8e37339136b3cfi\/255148517\/Hbabff50c70374a838c8e37339136b3cfi.jpg\" \/><\/div>\n<div><img decoding=\"async\" src=\"\/\/sc04.alicdn.com\/kf\/H703b92f9b0594bff9aa3d8acbaa8718ep\/255148517\/H703b92f9b0594bff9aa3d8acbaa8718ep.jpg\" data-src=\"\/\/sc04.alicdn.com\/kf\/H703b92f9b0594bff9aa3d8acbaa8718ep\/255148517\/H703b92f9b0594bff9aa3d8acbaa8718ep.jpg\" \/><\/div>\n<div><img decoding=\"async\" src=\"\/\/sc04.alicdn.com\/kf\/H6f8fc31559574b67ac153ffb9619273dS\/255148517\/H6f8fc31559574b67ac153ffb9619273dS.jpg\" data-src=\"\/\/sc04.alicdn.com\/kf\/H6f8fc31559574b67ac153ffb9619273dS\/255148517\/H6f8fc31559574b67ac153ffb9619273dS.jpg\" \/><\/div>\n<\/div>\n<\/div>\n<div><\/div>\n<div>\n<div>\n<div>\n<div>\n<div><\/div>\n<\/div>\n<\/div>\n<\/div>\n<\/div>\n<\/div>\n<\/div>","protected":false},"excerpt":{"rendered":"<p>Tela: Poli\u00e9ster Carpa exterior \u00cdndice de impermeabilidad: 1000-1500 mm \u00cdndice de impermeabilidad inferior: 1000-1500 mm Tipo de construcci\u00f3n: Apertura autom\u00e1tica r\u00e1pida Estilo de carpa: Estaca de carpa tipo tubo Temporada: Estructura de carpa para cuatro estaciones: Un dormitorio y una sala de estar Nombre del producto: Tienda de campa\u00f1a inflable Uso: Entretenimiento al aire libre Estilo: Color moderno<\/p>\n<div class=\"read-more\"><a class=\"btn btn-fill-out\" href=\"https:\/\/uoogear.com\/es\/producto\/high-quality-customized-logo-outdoor-camp-family-air-camping-tent-large-inflatable-tent\/\">Leer m\u00e1s<\/a><\/div>","protected":false},"featured_media":4497,"template":"","meta":[],"product_brand":[],"product_cat":[15],"product_tag":[],"class_list":{"0":"post-4498","1":"product","2":"type-product","3":"status-publish","4":"has-post-thumbnail","6":"product_cat-uncategorized","7":"tm-no-options","9":"first","10":"instock","11":"shipping-taxable","12":"purchasable","13":"product-type-variable"},"_links":{"self":[{"href":"https:\/\/uoogear.com\/es\/wp-json\/wp\/v2\/product\/4498","targetHints":{"allow":["GET"]}}],"collection":[{"href":"https:\/\/uoogear.com\/es\/wp-json\/wp\/v2\/product"}],"about":[{"href":"https:\/\/uoogear.com\/es\/wp-json\/wp\/v2\/types\/product"}],"wp:featuredmedia":[{"embeddable":true,"href":"https:\/\/uoogear.com\/es\/wp-json\/wp\/v2\/media\/4497"}],"wp:attachment":[{"href":"https:\/\/uoogear.com\/es\/wp-json\/wp\/v2\/media?parent=4498"}],"wp:term":[{"taxonomy":"product_brand","embeddable":true,"href":"https:\/\/uoogear.com\/es\/wp-json\/wp\/v2\/product_brand?post=4498"},{"taxonomy":"product_cat","embeddable":true,"href":"https:\/\/uoogear.com\/es\/wp-json\/wp\/v2\/product_cat?post=4498"},{"taxonomy":"product_tag","embeddable":true,"href":"https:\/\/uoogear.com\/es\/wp-json\/wp\/v2\/product_tag?post=4498"}],"curies":[{"name":"wp","href":"https:\/\/api.w.org\/{rel}","templated":true}]}}