{"id":4525,"date":"2023-11-14T02:01:10","date_gmt":"2023-11-14T02:01:10","guid":{"rendered":"https:\/\/uoogear.com\/product\/high-quality-outdoor-waterproof-inflatable-tent-outdoor-camping\/"},"modified":"2023-11-30T02:24:29","modified_gmt":"2023-11-30T02:24:29","slug":"high-quality-outdoor-waterproof-inflatable-tent-outdoor-camping","status":"publish","type":"product","link":"https:\/\/uoogear.com\/es\/producto\/high-quality-outdoor-waterproof-inflatable-tent-outdoor-camping\/","title":{"rendered":"Tienda inflable impermeable al aire libre de alta calidad para acampar al aire libre"},"content":{"rendered":"<ul>\n<li><strong>\u00c1rea : <\/strong> 300cmx210cmx200cm \/ 250cmx180cmx180cm<\/li>\n<li><strong>Tela : <\/strong> PVC+tela de algod\u00f3n+malla de poli\u00e9ster<\/li>\n<li><strong>\u00cdndice de impermeabilidad de la tienda exterior: <\/strong> &gt;3000 mil\u00edmetros<\/li>\n<li><strong>\u00cdndice de impermeabilidad inferior: <\/strong> &gt;3000 mil\u00edmetros<\/li>\n<li><strong>Tipo de construcci\u00f3n : <\/strong> Construcci\u00f3n basada en la necesidad<\/li>\n<li><strong>Estilo de tienda: <\/strong> Estaca de tienda tipo tubo<\/li>\n<li><strong>Estaci\u00f3n : <\/strong> Tienda de campa\u00f1a de cuatro estaciones<\/li>\n<li><strong>Estructura : <\/strong> Un dormitorio y una sala de estar<\/li>\n<li><strong>Nombre del producto : <\/strong> tienda inflable tienda de aire<\/li>\n<li><strong>Uso: <\/strong> Entretenimiento al aire libre<\/li>\n<li><strong>Estilo : <\/strong> Moderno<\/li>\n<li><strong>Color : <\/strong> Color Arena Dorada<\/li>\n<li><strong>Solicitud : <\/strong> Viajes al aire libre Camping<\/li>\n<li><strong>Tama\u00f1o : <\/strong> 300cmx210cmx200cm \/ 250cmx180cmx180cm<\/li>\n<li><strong>Cantidad m\u00ednima de pedido: <\/strong> 1 pieza<\/li>\n<li><strong>Material : <\/strong> CLORURO DE POLIVINILO<\/li>\n<li><strong>Accesorios : <\/strong> Bomba+ bolsa de transporte+ estacas+ cuerdas<\/li>\n<li><strong>Caracter\u00edstica : <\/strong> Impermeable<\/li>\n<\/ul>\n<div>\n<div data-magic-global=\"%7B%22bizId%22%3A2212793521237%2C%22pageId%22%3A21199933883%2C%22siteId%22%3A10003212050%7D\">\n<div>\n<div data-section=\"AliMagic-tarf63\" data-section-title=\"Products Description\">Descripci\u00f3n de productos<\/div>\n<\/div>\n<div>\n<div>\n<div><img decoding=\"async\" src=\"\/\/sc04.alicdn.com\/kf\/H8ec188c83b96483f9fbaf685d7bc7fe1I\/255148517\/H8ec188c83b96483f9fbaf685d7bc7fe1I.jpg\" data-src=\"\/\/sc04.alicdn.com\/kf\/H8ec188c83b96483f9fbaf685d7bc7fe1I\/255148517\/H8ec188c83b96483f9fbaf685d7bc7fe1I.jpg\" \/><\/div>\n<div><img decoding=\"async\" src=\"\/\/sc04.alicdn.com\/kf\/H87ed69d73ee0441893570a4b36096b0fD\/255148517\/H87ed69d73ee0441893570a4b36096b0fD.jpg\" data-src=\"\/\/sc04.alicdn.com\/kf\/H87ed69d73ee0441893570a4b36096b0fD\/255148517\/H87ed69d73ee0441893570a4b36096b0fD.jpg\" \/><\/div>\n<div><img decoding=\"async\" src=\"\/\/sc04.alicdn.com\/kf\/H9a27e33591dc4f3a915df9e02ccf989bk\/255148517\/H9a27e33591dc4f3a915df9e02ccf989bk.jpg\" data-src=\"\/\/sc04.alicdn.com\/kf\/H9a27e33591dc4f3a915df9e02ccf989bk\/255148517\/H9a27e33591dc4f3a915df9e02ccf989bk.jpg\" \/><\/div>\n<div><img decoding=\"async\" src=\"\/\/sc04.alicdn.com\/kf\/Hd192c14ec4e94d2ab78785ab09d480aaP\/255148517\/Hd192c14ec4e94d2ab78785ab09d480aaP.jpg\" data-src=\"\/\/sc04.alicdn.com\/kf\/Hd192c14ec4e94d2ab78785ab09d480aaP\/255148517\/Hd192c14ec4e94d2ab78785ab09d480aaP.jpg\" \/><\/div>\n<div><img decoding=\"async\" src=\"\/\/sc04.alicdn.com\/kf\/Hf55c29374e44478db53923ddb0d1d95bn\/255148517\/Hf55c29374e44478db53923ddb0d1d95bn.jpg\" data-src=\"\/\/sc04.alicdn.com\/kf\/Hf55c29374e44478db53923ddb0d1d95bn\/255148517\/Hf55c29374e44478db53923ddb0d1d95bn.jpg\" \/><\/div>\n<div><img decoding=\"async\" src=\"\/\/sc04.alicdn.com\/kf\/H78152f2f5f2744aeafe44263694d4430R\/255148517\/H78152f2f5f2744aeafe44263694d4430R.jpg\" data-src=\"\/\/sc04.alicdn.com\/kf\/H78152f2f5f2744aeafe44263694d4430R\/255148517\/H78152f2f5f2744aeafe44263694d4430R.jpg\" \/><\/div>\n<div><img decoding=\"async\" src=\"\/\/sc04.alicdn.com\/kf\/H37ced19d4cda450aaa56ff7ac9fe961ee\/255148517\/H37ced19d4cda450aaa56ff7ac9fe961ee.jpg\" data-src=\"\/\/sc04.alicdn.com\/kf\/H37ced19d4cda450aaa56ff7ac9fe961ee\/255148517\/H37ced19d4cda450aaa56ff7ac9fe961ee.jpg\" \/><\/div>\n<\/div>\n<\/div>\n<div><\/div>\n<div>\n<div>\n<div>\n<div>\n<div><\/div>\n<\/div>\n<\/div>\n<\/div>\n<\/div>\n<\/div>\n<\/div>","protected":false},"excerpt":{"rendered":"<p>\u00c1rea: 300 cm x 210 cm x 200 cm \/ 250 cm x 180 cm x 180 cm Tejido: PVC+tela de algod\u00f3n+ malla de poli\u00e9ster \u00cdndice de impermeabilidad exterior de la tienda: &gt;3000 mm \u00cdndice de impermeabilidad inferior: &gt;3000 mm Tipo de construcci\u00f3n: construcci\u00f3n basada en la necesidad Estilo de la tienda: estaca de tienda tipo tubo Temporada: estructura de tienda de cuatro estaciones: Un dormitorio y una sala de estar Nombre del producto: tienda inflable<\/p>\n<div class=\"read-more\"><a class=\"btn btn-fill-out\" href=\"https:\/\/uoogear.com\/es\/producto\/high-quality-outdoor-waterproof-inflatable-tent-outdoor-camping\/\">Leer m\u00e1s<\/a><\/div>","protected":false},"featured_media":4524,"template":"","meta":[],"product_brand":[],"product_cat":[15],"product_tag":[],"class_list":{"0":"post-4525","1":"product","2":"type-product","3":"status-publish","4":"has-post-thumbnail","6":"product_cat-uncategorized","7":"tm-no-options","9":"first","10":"instock","11":"shipping-taxable","12":"purchasable","13":"product-type-variable"},"_links":{"self":[{"href":"https:\/\/uoogear.com\/es\/wp-json\/wp\/v2\/product\/4525","targetHints":{"allow":["GET"]}}],"collection":[{"href":"https:\/\/uoogear.com\/es\/wp-json\/wp\/v2\/product"}],"about":[{"href":"https:\/\/uoogear.com\/es\/wp-json\/wp\/v2\/types\/product"}],"wp:featuredmedia":[{"embeddable":true,"href":"https:\/\/uoogear.com\/es\/wp-json\/wp\/v2\/media\/4524"}],"wp:attachment":[{"href":"https:\/\/uoogear.com\/es\/wp-json\/wp\/v2\/media?parent=4525"}],"wp:term":[{"taxonomy":"product_brand","embeddable":true,"href":"https:\/\/uoogear.com\/es\/wp-json\/wp\/v2\/product_brand?post=4525"},{"taxonomy":"product_cat","embeddable":true,"href":"https:\/\/uoogear.com\/es\/wp-json\/wp\/v2\/product_cat?post=4525"},{"taxonomy":"product_tag","embeddable":true,"href":"https:\/\/uoogear.com\/es\/wp-json\/wp\/v2\/product_tag?post=4525"}],"curies":[{"name":"wp","href":"https:\/\/api.w.org\/{rel}","templated":true}]}}