{"id":4587,"date":"2023-11-14T02:07:44","date_gmt":"2023-11-14T02:07:44","guid":{"rendered":"https:\/\/uoogear.com\/product\/two-rooms-arab-inflatables-air-tent-outdoor-waterproof-inflatable-camping-tents\/"},"modified":"2023-11-30T02:40:29","modified_gmt":"2023-11-30T02:40:29","slug":"two-rooms-arab-inflatables-air-tent-outdoor-waterproof-inflatable-camping-tents","status":"publish","type":"product","link":"https:\/\/uoogear.com\/es\/producto\/two-rooms-arab-inflatables-air-tent-outdoor-waterproof-inflatable-camping-tents\/","title":{"rendered":"Tienda de campa\u00f1a inflable \u00e1rabe de dos habitaciones, tienda de campa\u00f1a inflable impermeable para exteriores"},"content":{"rendered":"<ul>\n<li><strong>\u00c1rea : <\/strong> 3\u33a1-36m\u00b2<\/li>\n<li><strong>Tela : <\/strong> Poli\u00e9ster<\/li>\n<li><strong>\u00cdndice de impermeabilidad de la tienda exterior: <\/strong> &gt;3000 mil\u00edmetros<\/li>\n<li><strong>\u00cdndice de impermeabilidad inferior: <\/strong> &gt;3000 mil\u00edmetros<\/li>\n<li><strong>Estilo de tienda: <\/strong> Tipo extendido<\/li>\n<li><strong>Estaci\u00f3n : <\/strong> Tienda de campa\u00f1a de cuatro estaciones<\/li>\n<li><strong>Estructura : <\/strong> Un dormitorio y una sala de estar<\/li>\n<li><strong>Palabra clave: <\/strong> Tienda de campa\u00f1a inflable<\/li>\n<li><strong>Cantidad m\u00ednima de pedido: <\/strong> 1 juego<\/li>\n<li><strong>Accesorios : <\/strong> bomba de mano, clavijas, cuerdas de viento<\/li>\n<li><strong>Logotipo: <\/strong> personalizado<\/li>\n<li><strong>Tama\u00f1o : <\/strong> 3\u33a1-36m\u00b2<\/li>\n<li><strong>Material : <\/strong> poli\u00e9ster algod\u00f3n + pvc<\/li>\n<li><strong>OEM\/ODM: <\/strong> Personalizado aceptable<\/li>\n<li><strong>Capacidad : <\/strong> 8+ personas<\/li>\n<li><strong>Nombre del producto : <\/strong> Tienda de campa\u00f1a inflable<\/li>\n<li><strong>Funci\u00f3n : <\/strong> Protecci\u00f3n solar contra la lluvia<\/li>\n<\/ul>\n<div>\n<div data-magic-global=\"%7B%22bizId%22%3A2212793521237%2C%22pageId%22%3A21264043875%2C%22siteId%22%3A10003212050%7D\">\n<div>\n<div data-section=\"AliMagic-9pc9gb\" data-section-title=\"Products Description\">Descripci\u00f3n de productos<\/div>\n<\/div>\n<div>\n<div>\n<div><img decoding=\"async\" src=\"\/\/sc04.alicdn.com\/kf\/He4c3298ed6eb4e39bb6b5339319bad064\/255148517\/He4c3298ed6eb4e39bb6b5339319bad064.jpg\" data-src=\"\/\/sc04.alicdn.com\/kf\/He4c3298ed6eb4e39bb6b5339319bad064\/255148517\/He4c3298ed6eb4e39bb6b5339319bad064.jpg\" \/><\/div>\n<div><img decoding=\"async\" src=\"\/\/sc04.alicdn.com\/kf\/Hb9f73be253b34358b75bcfd954e38b10I\/255148517\/Hb9f73be253b34358b75bcfd954e38b10I.jpg\" data-src=\"\/\/sc04.alicdn.com\/kf\/Hb9f73be253b34358b75bcfd954e38b10I\/255148517\/Hb9f73be253b34358b75bcfd954e38b10I.jpg\" \/><\/div>\n<div><img decoding=\"async\" src=\"\/\/sc04.alicdn.com\/kf\/Haa267fa913844c3fa1eed088e7d3f307T\/255148517\/Haa267fa913844c3fa1eed088e7d3f307T.jpg\" data-src=\"\/\/sc04.alicdn.com\/kf\/Haa267fa913844c3fa1eed088e7d3f307T\/255148517\/Haa267fa913844c3fa1eed088e7d3f307T.jpg\" \/><\/div>\n<div><img decoding=\"async\" src=\"\/\/sc04.alicdn.com\/kf\/H57b182cfc711464cbd92b3593e5d45f9o\/255148517\/H57b182cfc711464cbd92b3593e5d45f9o.jpg\" data-src=\"\/\/sc04.alicdn.com\/kf\/H57b182cfc711464cbd92b3593e5d45f9o\/255148517\/H57b182cfc711464cbd92b3593e5d45f9o.jpg\" \/><\/div>\n<div><img decoding=\"async\" src=\"\/\/sc04.alicdn.com\/kf\/Hd791823f62134271bc0090dce2af6524C\/255148517\/Hd791823f62134271bc0090dce2af6524C.jpg\" data-src=\"\/\/sc04.alicdn.com\/kf\/Hd791823f62134271bc0090dce2af6524C\/255148517\/Hd791823f62134271bc0090dce2af6524C.jpg\" \/><\/div>\n<div><img decoding=\"async\" src=\"\/\/sc04.alicdn.com\/kf\/H32545585c7004bd6808990c88d472837F\/255148517\/H32545585c7004bd6808990c88d472837F.jpg\" data-src=\"\/\/sc04.alicdn.com\/kf\/H32545585c7004bd6808990c88d472837F\/255148517\/H32545585c7004bd6808990c88d472837F.jpg\" \/><\/div>\n<\/div>\n<\/div>\n<div><\/div>\n<div>\n<div>\n<div>\n<div>\n<div><\/div>\n<\/div>\n<\/div>\n<\/div>\n<\/div>\n<\/div>\n<\/div>","protected":false},"excerpt":{"rendered":"<p>\u00c1rea: 3\u33a1-36m\u00b2 Tela: Poli\u00e9ster Carpa exterior \u00cdndice de impermeabilidad: &gt;3000 mm \u00cdndice de impermeabilidad inferior: &gt;3000 mm Estilo de carpa: Tipo extendido Temporada: Carpa para cuatro estaciones Estructura: Un dormitorio y una sala de estar Palabra clave: Tienda de campa\u00f1a inflable MOQ: 1 juego de accesorios: bomba manual, clavijas, cuerdas de viento Logotipo: personalizado Tama\u00f1o:<\/p>\n<div class=\"read-more\"><a class=\"btn btn-fill-out\" href=\"https:\/\/uoogear.com\/es\/producto\/two-rooms-arab-inflatables-air-tent-outdoor-waterproof-inflatable-camping-tents\/\">Leer m\u00e1s<\/a><\/div>","protected":false},"featured_media":4586,"template":"","meta":[],"product_brand":[],"product_cat":[15],"product_tag":[],"class_list":{"0":"post-4587","1":"product","2":"type-product","3":"status-publish","4":"has-post-thumbnail","6":"product_cat-uncategorized","7":"tm-no-options","9":"first","10":"instock","11":"shipping-taxable","12":"purchasable","13":"product-type-variable"},"_links":{"self":[{"href":"https:\/\/uoogear.com\/es\/wp-json\/wp\/v2\/product\/4587","targetHints":{"allow":["GET"]}}],"collection":[{"href":"https:\/\/uoogear.com\/es\/wp-json\/wp\/v2\/product"}],"about":[{"href":"https:\/\/uoogear.com\/es\/wp-json\/wp\/v2\/types\/product"}],"wp:featuredmedia":[{"embeddable":true,"href":"https:\/\/uoogear.com\/es\/wp-json\/wp\/v2\/media\/4586"}],"wp:attachment":[{"href":"https:\/\/uoogear.com\/es\/wp-json\/wp\/v2\/media?parent=4587"}],"wp:term":[{"taxonomy":"product_brand","embeddable":true,"href":"https:\/\/uoogear.com\/es\/wp-json\/wp\/v2\/product_brand?post=4587"},{"taxonomy":"product_cat","embeddable":true,"href":"https:\/\/uoogear.com\/es\/wp-json\/wp\/v2\/product_cat?post=4587"},{"taxonomy":"product_tag","embeddable":true,"href":"https:\/\/uoogear.com\/es\/wp-json\/wp\/v2\/product_tag?post=4587"}],"curies":[{"name":"wp","href":"https:\/\/api.w.org\/{rel}","templated":true}]}}